{"id":584,"date":"2024-04-19T10:54:04","date_gmt":"2024-04-19T10:54:04","guid":{"rendered":"https:\/\/help.unhcr.org\/serbia\/data-protection\/"},"modified":"2024-05-22T13:17:05","modified_gmt":"2024-05-22T13:17:05","slug":"data-protection","status":"publish","type":"page","link":"https:\/\/help.unhcr.org\/serbia\/fr\/data-protection\/","title":{"rendered":"Protection des donn\u00e9es"},"content":{"rendered":"\n<p>Les informations et donn\u00e9es que vous divulguez au personnel du HCR et \u00e0 ses partenaires sont consid\u00e9r\u00e9es comme confidentielles et sont utilis\u00e9es avec prudence, sous r\u00e9serve de votre consentement \u00e9clair\u00e9. Il ne sera partag\u00e9 ni avec les autorit\u00e9s ni avec toute autre partie sans votre autorisation explicite. C&rsquo;est pourquoi il vous sera demand\u00e9 de signer un consentement \u00e9crit acceptant de partager vos donn\u00e9es personnelles avec le HCR.<\/p>\n","protected":false},"excerpt":{"rendered":"<p>Les informations et donn\u00e9es que vous divulguez au personnel du HCR et \u00e0 ses partenaires sont consid\u00e9r\u00e9es comme confidentielles et sont utilis\u00e9es avec prudence, sous r\u00e9serve de votre consentement \u00e9clair\u00e9. Il ne sera partag\u00e9 ni avec les autorit\u00e9s ni avec toute autre partie sans votre autorisation explicite. C&rsquo;est pourquoi il vous sera demand\u00e9 de signer [&hellip;]<\/p>\n","protected":false},"author":283,"featured_media":0,"parent":0,"menu_order":0,"comment_status":"closed","ping_status":"closed","template":"","meta":{"_acf_changed":false,"footnotes":""},"class_list":["post-584","page","type-page","status-publish","hentry"],"acf":[],"_links":{"self":[{"href":"https:\/\/help.unhcr.org\/serbia\/fr\/wp-json\/wp\/v2\/pages\/584","targetHints":{"allow":["GET"]}}],"collection":[{"href":"https:\/\/help.unhcr.org\/serbia\/fr\/wp-json\/wp\/v2\/pages"}],"about":[{"href":"https:\/\/help.unhcr.org\/serbia\/fr\/wp-json\/wp\/v2\/types\/page"}],"author":[{"embeddable":true,"href":"https:\/\/help.unhcr.org\/serbia\/fr\/wp-json\/wp\/v2\/users\/283"}],"replies":[{"embeddable":true,"href":"https:\/\/help.unhcr.org\/serbia\/fr\/wp-json\/wp\/v2\/comments?post=584"}],"version-history":[{"count":1,"href":"https:\/\/help.unhcr.org\/serbia\/fr\/wp-json\/wp\/v2\/pages\/584\/revisions"}],"predecessor-version":[{"id":591,"href":"https:\/\/help.unhcr.org\/serbia\/fr\/wp-json\/wp\/v2\/pages\/584\/revisions\/591"}],"wp:attachment":[{"href":"https:\/\/help.unhcr.org\/serbia\/fr\/wp-json\/wp\/v2\/media?parent=584"}],"curies":[{"name":"wp","href":"https:\/\/api.w.org\/{rel}","templated":true}]}}