{"id":582,"date":"2019-10-30T15:00:41","date_gmt":"2019-10-30T15:00:41","guid":{"rendered":"https:\/\/help.unhcr.org\/serbia\/special-procedures\/"},"modified":"2024-05-22T13:08:38","modified_gmt":"2024-05-22T13:08:38","slug":"special-procedures","status":"publish","type":"page","link":"https:\/\/help.unhcr.org\/serbia\/fr\/special-procedures\/","title":{"rendered":"Proc\u00e9dures sp\u00e9ciales"},"content":{"rendered":"<h2>Retour volontaire assist\u00e9 et r\u00e9int\u00e9gration<\/h2>\n<p>Le programme d\u2019aide au retour volontaire et \u00e0 la r\u00e9int\u00e9gration (AVRR) aide les migrants \u00e0 retourner volontairement dans leur pays d\u2019origine ou dans des pays tiers o\u00f9 ils ont leur r\u00e9sidence permanente.<\/p>\n<p>L&rsquo;aide au retour volontaire et \u00e0 la r\u00e9int\u00e9gration est un service de gestion des migrations propos\u00e9 aux migrants et aux gouvernements par <a href=\"https:\/\/serbia.iom.int\/\">l&rsquo;Organisation internationale pour les migrations (OIM)<\/a>. Il vise le retour et la r\u00e9int\u00e9gration ordonn\u00e9s, humains et rentables des migrants, qui ne peuvent ou ne veulent pas rester dans les pays d\u2019accueil\/de transit, et qui souhaitent retourner volontairement dans leur pays d\u2019origine. Le programme de retour volontaire est men\u00e9 en \u00e9troite coop\u00e9ration avec les institutions gouvernementales et les communaut\u00e9s de migrants.<\/p>\n<p>Pour plus d\u2019informations sur la proc\u00e9dure <a href=\"https:\/\/serbia.iom.int\/assisted-voluntary-return-and-reintegration\">AVRR<\/a>, voir le lien.<\/p>\n<h2><strong>Recherche des familles \u2013 Croix-Rouge et Croissant-Rouge<\/strong><\/h2>\n<p>La <a href=\"https:\/\/www.redcross.org.rs\/en\/\">Croix-Rouge de Serbie<\/a>, en collaboration avec le Comit\u00e9 international de la Croix-Rouge (<a href=\"https:\/\/www.icrc.org\/en\/where-we-work\/europe-central-asia\/serbia\">CICR<\/a>) et les Soci\u00e9t\u00e9s nationales de la Croix-Rouge et du Croissant-Rouge \u00e0 l&rsquo;\u00e9tranger, aide les gens en Serbie \u00e0 rechercher des membres de leur famille dans un autre pays.<\/p>\n<p>Pour plus d\u2019informations sur les proc\u00e9dures de recherche de famille, voir<a href=\"https:\/\/familylinks.icrc.org\/en\/Pages\/Countries\/Serbia.aspx\"> ici<\/a>.<\/p>\n","protected":false},"excerpt":{"rendered":"<p>Retour volontaire assist\u00e9 et r\u00e9int\u00e9gration Le programme d\u2019aide au retour volontaire et \u00e0 la r\u00e9int\u00e9gration (AVRR) aide les migrants \u00e0 retourner volontairement dans leur pays d\u2019origine ou dans des pays tiers o\u00f9 ils ont leur r\u00e9sidence permanente. L&rsquo;aide au retour volontaire et \u00e0 la r\u00e9int\u00e9gration est un service de gestion des migrations propos\u00e9 aux migrants [&hellip;]<\/p>\n","protected":false},"author":283,"featured_media":0,"parent":0,"menu_order":5,"comment_status":"closed","ping_status":"closed","template":"","meta":{"_acf_changed":false,"footnotes":""},"class_list":["post-582","page","type-page","status-publish","hentry"],"acf":[],"_links":{"self":[{"href":"https:\/\/help.unhcr.org\/serbia\/fr\/wp-json\/wp\/v2\/pages\/582","targetHints":{"allow":["GET"]}}],"collection":[{"href":"https:\/\/help.unhcr.org\/serbia\/fr\/wp-json\/wp\/v2\/pages"}],"about":[{"href":"https:\/\/help.unhcr.org\/serbia\/fr\/wp-json\/wp\/v2\/types\/page"}],"author":[{"embeddable":true,"href":"https:\/\/help.unhcr.org\/serbia\/fr\/wp-json\/wp\/v2\/users\/283"}],"replies":[{"embeddable":true,"href":"https:\/\/help.unhcr.org\/serbia\/fr\/wp-json\/wp\/v2\/comments?post=582"}],"version-history":[{"count":1,"href":"https:\/\/help.unhcr.org\/serbia\/fr\/wp-json\/wp\/v2\/pages\/582\/revisions"}],"predecessor-version":[{"id":583,"href":"https:\/\/help.unhcr.org\/serbia\/fr\/wp-json\/wp\/v2\/pages\/582\/revisions\/583"}],"wp:attachment":[{"href":"https:\/\/help.unhcr.org\/serbia\/fr\/wp-json\/wp\/v2\/media?parent=582"}],"curies":[{"name":"wp","href":"https:\/\/api.w.org\/{rel}","templated":true}]}}