{"id":580,"date":"2022-04-29T07:27:30","date_gmt":"2022-04-29T07:27:30","guid":{"rendered":"https:\/\/help.unhcr.org\/serbia\/important-advice\/"},"modified":"2024-05-22T13:06:43","modified_gmt":"2024-05-22T13:06:43","slug":"important-advice","status":"publish","type":"page","link":"https:\/\/help.unhcr.org\/serbia\/fr\/important-advice\/","title":{"rendered":"Informations destin\u00e9es aux personnes fuyant l&rsquo;Ukraine"},"content":{"rendered":"\n<p class=\"has-white-color has-text-color has-background has-link-color wp-elements-e985c9df9c074f96dc54d67c6a86217e\" style=\"background-color:#0072bc\">Le gouvernement serbe accorde une protection temporaire \u00e0 toutes les personnes fuyant l&rsquo;Ukraine, y compris les membres de leur famille, qui r\u00e9sidaient l\u00e9galement en Ukraine. La protection temporaire de toutes les personnes fuyant l&rsquo;Ukraine a \u00e9t\u00e9 prolong\u00e9e jusqu&rsquo;au 18 mars 2025.<\/p>\n\n\n\n<p>Le gouvernement serbe accorde une protection temporaire \u00e0 toutes les personnes fuyant l&rsquo;Ukraine, y compris les membres de leur famille, qui r\u00e9sidaient l\u00e9galement en Ukraine. La protection temporaire de toutes les personnes fuyant l&rsquo;Ukraine a \u00e9t\u00e9 prolong\u00e9e jusqu&rsquo;au 18 mars 2025.<\/p>\n\n\n\n<p>Ceci s&rsquo;applique aux:<\/p>\n\n\n\n<ul class=\"wp-block-list\">\n<li>Citoyens ukrainiens et membres de leur famille r\u00e9sidant en Ukraine ;<\/li>\n\n\n\n<li>Demandeurs d&rsquo;asile, apatrides et ressortissants \u00e9trangers qui ont obtenu l&rsquo;asile ou une protection nationale \u00e9quivalente, ainsi que les membres de leur famille qui r\u00e9sidaient l\u00e9galement en Ukraine ;<\/li>\n\n\n\n<li>Ressortissants \u00e9trangers, en s\u00e9jour permanent ou temporaire en Ukraine, qui ne peuvent pas retourner en toute s\u00e9curit\u00e9 dans leur pays d&rsquo;origine.<\/li>\n<\/ul>\n\n\n\n<p>Si vous venez d&rsquo;Ukraine et avez besoin d&rsquo;un h\u00e9bergement, le Commissariat serbe aux r\u00e9fugi\u00e9s et aux migrations peut vous le fournir dans le centre destin\u00e9 aux ressortissants ukrainiens. Dans ce centre, vous recevrez des informations, de la nourriture, des soins de sant\u00e9, des v\u00eatements, des chaussures, des kits d&rsquo;hygi\u00e8ne, des activit\u00e9s \u00e9ducatives et professionnelles, une \u00e9ducation pour vos enfants, une connexion Internet, un soutien psychologique et un acc\u00e8s \u00e0 d&rsquo;autres droits et services.<\/p>\n\n\n\n<p><strong>Commissariat aux r\u00e9fugi\u00e9s et aux migrations de la R\u00e9publique de Serbie<\/strong><\/p>\n\n\n\n<p><strong>T\u00e9l\u00e9phone:<\/strong> +381 (0) 64 828 3171<br><strong>E-mail<\/strong>: <a href=\"mailto:kirsteam.ukraine@kirs.gov.rs\">kirsteam.ukraine@kirs.gov.rs<\/a><\/p>\n\n\n\n<p>Si vous vivez dans un logement priv\u00e9 et que vous avez des questions ou avez besoin d&rsquo;informations, vous pouvez vous adresser au Curateur pour les r\u00e9fugi\u00e9s et les migrations de la commune o\u00f9 vous vous \u00eates enregistr\u00e9s. Le Curateur vous donnera toutes les informations pertinentes.<\/p>\n\n\n\n<p><\/p>\n","protected":false},"excerpt":{"rendered":"<p>Le gouvernement serbe accorde une protection temporaire \u00e0 toutes les personnes fuyant l&rsquo;Ukraine, y compris les membres de leur famille, qui r\u00e9sidaient l\u00e9galement en Ukraine. La protection temporaire de toutes les personnes fuyant l&rsquo;Ukraine a \u00e9t\u00e9 prolong\u00e9e jusqu&rsquo;au 18 mars 2025. Le gouvernement serbe accorde une protection temporaire \u00e0 toutes les personnes fuyant l&rsquo;Ukraine, y [&hellip;]<\/p>\n","protected":false},"author":283,"featured_media":0,"parent":0,"menu_order":0,"comment_status":"closed","ping_status":"closed","template":"","meta":{"_acf_changed":false,"footnotes":""},"class_list":["post-580","page","type-page","status-publish","hentry"],"acf":[],"_links":{"self":[{"href":"https:\/\/help.unhcr.org\/serbia\/fr\/wp-json\/wp\/v2\/pages\/580","targetHints":{"allow":["GET"]}}],"collection":[{"href":"https:\/\/help.unhcr.org\/serbia\/fr\/wp-json\/wp\/v2\/pages"}],"about":[{"href":"https:\/\/help.unhcr.org\/serbia\/fr\/wp-json\/wp\/v2\/types\/page"}],"author":[{"embeddable":true,"href":"https:\/\/help.unhcr.org\/serbia\/fr\/wp-json\/wp\/v2\/users\/283"}],"replies":[{"embeddable":true,"href":"https:\/\/help.unhcr.org\/serbia\/fr\/wp-json\/wp\/v2\/comments?post=580"}],"version-history":[{"count":1,"href":"https:\/\/help.unhcr.org\/serbia\/fr\/wp-json\/wp\/v2\/pages\/580\/revisions"}],"predecessor-version":[{"id":581,"href":"https:\/\/help.unhcr.org\/serbia\/fr\/wp-json\/wp\/v2\/pages\/580\/revisions\/581"}],"wp:attachment":[{"href":"https:\/\/help.unhcr.org\/serbia\/fr\/wp-json\/wp\/v2\/media?parent=580"}],"curies":[{"name":"wp","href":"https:\/\/api.w.org\/{rel}","templated":true}]}}