{"id":567,"date":"2024-04-19T09:49:57","date_gmt":"2024-04-19T09:49:57","guid":{"rendered":"https:\/\/help.unhcr.org\/serbia\/children-and-youth\/"},"modified":"2024-05-22T13:05:37","modified_gmt":"2024-05-22T13:05:37","slug":"children-and-youth","status":"publish","type":"page","link":"https:\/\/help.unhcr.org\/serbia\/fr\/children-and-youth\/","title":{"rendered":"Enfants et jeunes"},"content":{"rendered":"\n<p class=\"has-white-color has-text-color has-background has-link-color wp-elements-90df1c40832818252a05eba968438adf\" style=\"background-color:#0072bc\">La protection de l\u2019enfance est une composante tr\u00e8s importante du mandat plus large de protection du HCR. Le HCR s\u2019efforce de garantir que les enfants relevant de sa comp\u00e9tence ont acc\u00e8s aux syst\u00e8mes nationaux de protection de l\u2019enfance en coop\u00e9ration et en coordination avec le syst\u00e8me g\u00e9r\u00e9 par le gouvernement et les acteurs non gouvernementaux. Si vous avez moins de 18 ans et \u00eates seul, demandez de l&rsquo;aide dans les centres d&rsquo;asile ou d&rsquo;accueil et vous serez orient\u00e9 vers une assistance et des services qui pourront vous aider.<\/p>\n\n\n\n<div data-wp-interactive=\"core\/file\" class=\"wp-block-file\"><object data-wp-bind--hidden=\"!state.hasPdfPreview\" hidden class=\"wp-block-file__embed\" data=\"https:\/\/help.unhcr.org\/serbia\/wp-content\/uploads\/sites\/45\/2024\/05\/Parenting-advices-protecting-children-during-a-crisis_French.pdf\" type=\"application\/pdf\" style=\"width:100%;height:600px\" aria-label=\"Embed of Parenting-advices-protecting-children-during-a-crisis_French.\"><\/object><a id=\"wp-block-file--media-08db05e3-83ea-4ba7-9d2f-16fb01642edc\" href=\"https:\/\/help.unhcr.org\/serbia\/wp-content\/uploads\/sites\/45\/2024\/05\/Parenting-advices-protecting-children-during-a-crisis_French.pdf\">Parenting-advices-protecting-children-during-a-crisis_French<\/a><a href=\"https:\/\/help.unhcr.org\/serbia\/wp-content\/uploads\/sites\/45\/2024\/05\/Parenting-advices-protecting-children-during-a-crisis_French.pdf\" class=\"wp-block-file__button wp-element-button\" download aria-describedby=\"wp-block-file--media-08db05e3-83ea-4ba7-9d2f-16fb01642edc\">Download<\/a><\/div>\n\n\n\n<p><\/p>\n\n\n\n<p class=\"has-text-color has-link-color has-medium-font-size wp-elements-84b85c3d896b511a35ad63e735f81184\" style=\"color:#0072bc\"><strong><strong>Cliquez ci-dessous pour plus d&rsquo;informations:<\/strong><\/strong><\/p>\n","protected":false},"excerpt":{"rendered":"<p>La protection de l\u2019enfance est une composante tr\u00e8s importante du mandat plus large de protection du HCR. Le HCR s\u2019efforce de garantir que les enfants relevant de sa comp\u00e9tence ont acc\u00e8s aux syst\u00e8mes nationaux de protection de l\u2019enfance en coop\u00e9ration et en coordination avec le syst\u00e8me g\u00e9r\u00e9 par le gouvernement et les acteurs non gouvernementaux. [&hellip;]<\/p>\n","protected":false},"author":283,"featured_media":0,"parent":0,"menu_order":0,"comment_status":"closed","ping_status":"closed","template":"page-templates\/sectioned.php","meta":{"_acf_changed":false,"footnotes":""},"class_list":["post-567","page","type-page","status-publish","hentry"],"acf":[],"_links":{"self":[{"href":"https:\/\/help.unhcr.org\/serbia\/fr\/wp-json\/wp\/v2\/pages\/567","targetHints":{"allow":["GET"]}}],"collection":[{"href":"https:\/\/help.unhcr.org\/serbia\/fr\/wp-json\/wp\/v2\/pages"}],"about":[{"href":"https:\/\/help.unhcr.org\/serbia\/fr\/wp-json\/wp\/v2\/types\/page"}],"author":[{"embeddable":true,"href":"https:\/\/help.unhcr.org\/serbia\/fr\/wp-json\/wp\/v2\/users\/283"}],"replies":[{"embeddable":true,"href":"https:\/\/help.unhcr.org\/serbia\/fr\/wp-json\/wp\/v2\/comments?post=567"}],"version-history":[{"count":2,"href":"https:\/\/help.unhcr.org\/serbia\/fr\/wp-json\/wp\/v2\/pages\/567\/revisions"}],"predecessor-version":[{"id":579,"href":"https:\/\/help.unhcr.org\/serbia\/fr\/wp-json\/wp\/v2\/pages\/567\/revisions\/579"}],"wp:attachment":[{"href":"https:\/\/help.unhcr.org\/serbia\/fr\/wp-json\/wp\/v2\/media?parent=567"}],"curies":[{"name":"wp","href":"https:\/\/api.w.org\/{rel}","templated":true}]}}