{"id":544,"date":"2019-10-30T14:18:25","date_gmt":"2019-10-30T14:18:25","guid":{"rendered":"https:\/\/help.unhcr.org\/serbia\/applying-for-asylum-in-serbia-2\/"},"modified":"2024-07-03T07:18:00","modified_gmt":"2024-07-03T07:18:00","slug":"applying-for-asylum-in-serbia-2","status":"publish","type":"page","link":"https:\/\/help.unhcr.org\/serbia\/fr\/applying-for-asylum-in-serbia-2\/","title":{"rendered":"Asile et protection"},"content":{"rendered":"\n<div class=\"wp-block-columns is-layout-flex wp-container-core-columns-is-layout-9d6595d7 wp-block-columns-is-layout-flex\">\n<div class=\"wp-block-column is-layout-flow wp-block-column-is-layout-flow\" style=\"flex-basis:66.66%\">\n<p class=\"has-text-color has-background has-link-color wp-elements-1149e3b445f8196d980cfb451c8d0c5b\" style=\"color:#faeb00;background-color:#0072bc;font-size:22px\"><strong>Qu\u2019est-ce que l\u2019asile ?<\/strong><\/p>\n\n\n\n<p class=\"has-white-color has-text-color has-background has-link-color has-medium-font-size wp-elements-5e3b1062dbf4a2d4efd537820ed70507\" style=\"background-color:#0072bc\">L&rsquo;asile est une forme de protection qui permet \u00e0 un individu\/\u00e0 une famille craignant d&rsquo;\u00eatre pers\u00e9cut\u00e9 ou menac\u00e9 dans son pays d&rsquo;origine de rester en R\u00e9publique de Serbie et de jouir des droits y aff\u00e9rents. En vertu de la loi serbe, les personnes qui fuient leur pays parce qu&rsquo;elles craignent d&rsquo;\u00eatre pers\u00e9cut\u00e9es ou en danger peuvent demander l&rsquo;asile.<\/p>\n<\/div>\n\n\n\n<div class=\"wp-block-column is-layout-flow wp-block-column-is-layout-flow\" style=\"flex-basis:33.33%\">\n<figure data-wp-context=\"{&quot;imageId&quot;:&quot;69ebf75fad120&quot;}\" data-wp-interactive=\"core\/image\" class=\"wp-block-image size-large wp-lightbox-container\"><img loading=\"lazy\" decoding=\"async\" width=\"723\" height=\"1024\" data-wp-class--hide=\"state.isContentHidden\" data-wp-class--show=\"state.isContentVisible\" data-wp-init=\"callbacks.setButtonStyles\" data-wp-on-async--click=\"actions.showLightbox\" data-wp-on-async--load=\"callbacks.setButtonStyles\" data-wp-on-async-window--resize=\"callbacks.setButtonStyles\" src=\"https:\/\/help.unhcr.org\/serbia\/wp-content\/uploads\/sites\/45\/2024\/05\/Screenshot-2024-05-22-at-14.37.19-723x1024.png\" alt=\"\" class=\"wp-image-555\" srcset=\"https:\/\/help.unhcr.org\/serbia\/wp-content\/uploads\/sites\/45\/2024\/05\/Screenshot-2024-05-22-at-14.37.19-723x1024.png 723w, https:\/\/help.unhcr.org\/serbia\/wp-content\/uploads\/sites\/45\/2024\/05\/Screenshot-2024-05-22-at-14.37.19-212x300.png 212w, https:\/\/help.unhcr.org\/serbia\/wp-content\/uploads\/sites\/45\/2024\/05\/Screenshot-2024-05-22-at-14.37.19-768x1088.png 768w, https:\/\/help.unhcr.org\/serbia\/wp-content\/uploads\/sites\/45\/2024\/05\/Screenshot-2024-05-22-at-14.37.19-1084x1536.png 1084w, https:\/\/help.unhcr.org\/serbia\/wp-content\/uploads\/sites\/45\/2024\/05\/Screenshot-2024-05-22-at-14.37.19.png 1160w\" sizes=\"auto, (max-width: 723px) 100vw, 723px\" \/><button\n\t\t\tclass=\"lightbox-trigger\"\n\t\t\ttype=\"button\"\n\t\t\taria-haspopup=\"dialog\"\n\t\t\taria-label=\"Enlarge\"\n\t\t\tdata-wp-init=\"callbacks.initTriggerButton\"\n\t\t\tdata-wp-on-async--click=\"actions.showLightbox\"\n\t\t\tdata-wp-style--right=\"state.imageButtonRight\"\n\t\t\tdata-wp-style--top=\"state.imageButtonTop\"\n\t\t>\n\t\t\t<svg xmlns=\"http:\/\/www.w3.org\/2000\/svg\" width=\"12\" height=\"12\" fill=\"none\" viewBox=\"0 0 12 12\">\n\t\t\t\t<path fill=\"#fff\" d=\"M2 0a2 2 0 0 0-2 2v2h1.5V2a.5.5 0 0 1 .5-.5h2V0H2Zm2 10.5H2a.5.5 0 0 1-.5-.5V8H0v2a2 2 0 0 0 2 2h2v-1.5ZM8 12v-1.5h2a.5.5 0 0 0 .5-.5V8H12v2a2 2 0 0 1-2 2H8Zm2-12a2 2 0 0 1 2 2v2h-1.5V2a.5.5 0 0 0-.5-.5H8V0h2Z\" \/>\n\t\t\t<\/svg>\n\t\t<\/button><\/figure>\n<\/div>\n<\/div>\n\n\n\n<hr class=\"wp-block-separator has-alpha-channel-opacity is-style-default\" \/>\n\n\n\n<p class=\"has-vivid-cyan-blue-color has-text-color has-link-color has-medium-font-size wp-elements-dfada64dd7a3c861532b2e57dce1d70c\"><strong><strong>Cliquez ci-dessous pour plus d\u2019informations sur l\u2019asile et la protection en Serbie :<\/strong><\/strong><\/p>\n","protected":false},"excerpt":{"rendered":"<p>Qu\u2019est-ce que l\u2019asile ? L&rsquo;asile est une forme de protection qui permet \u00e0 un individu\/\u00e0 une famille craignant d&rsquo;\u00eatre pers\u00e9cut\u00e9 ou menac\u00e9 dans son pays d&rsquo;origine de rester en R\u00e9publique de Serbie et de jouir des droits y aff\u00e9rents. En vertu de la loi serbe, les personnes qui fuient leur pays parce qu&rsquo;elles craignent d&rsquo;\u00eatre [&hellip;]<\/p>\n","protected":false},"author":283,"featured_media":0,"parent":0,"menu_order":4,"comment_status":"closed","ping_status":"closed","template":"page-templates\/sectioned.php","meta":{"_acf_changed":false,"footnotes":""},"class_list":["post-544","page","type-page","status-publish","hentry"],"acf":[],"_links":{"self":[{"href":"https:\/\/help.unhcr.org\/serbia\/fr\/wp-json\/wp\/v2\/pages\/544","targetHints":{"allow":["GET"]}}],"collection":[{"href":"https:\/\/help.unhcr.org\/serbia\/fr\/wp-json\/wp\/v2\/pages"}],"about":[{"href":"https:\/\/help.unhcr.org\/serbia\/fr\/wp-json\/wp\/v2\/types\/page"}],"author":[{"embeddable":true,"href":"https:\/\/help.unhcr.org\/serbia\/fr\/wp-json\/wp\/v2\/users\/283"}],"replies":[{"embeddable":true,"href":"https:\/\/help.unhcr.org\/serbia\/fr\/wp-json\/wp\/v2\/comments?post=544"}],"version-history":[{"count":3,"href":"https:\/\/help.unhcr.org\/serbia\/fr\/wp-json\/wp\/v2\/pages\/544\/revisions"}],"predecessor-version":[{"id":848,"href":"https:\/\/help.unhcr.org\/serbia\/fr\/wp-json\/wp\/v2\/pages\/544\/revisions\/848"}],"wp:attachment":[{"href":"https:\/\/help.unhcr.org\/serbia\/fr\/wp-json\/wp\/v2\/media?parent=544"}],"curies":[{"name":"wp","href":"https:\/\/api.w.org\/{rel}","templated":true}]}}