{"id":536,"date":"2024-04-19T09:22:13","date_gmt":"2024-04-19T09:22:13","guid":{"rendered":"https:\/\/help.unhcr.org\/serbia\/experiencing-violence-need-help\/"},"modified":"2025-05-08T09:44:36","modified_gmt":"2025-05-08T09:44:36","slug":"experiencing-violence-need-help","status":"publish","type":"page","link":"https:\/\/help.unhcr.org\/serbia\/fr\/experiencing-violence-need-help\/","title":{"rendered":"?\u00a0 Avez-vous \u00e9t\u00e9 victime de violence? Avez-vous besoin d&rsquo;aide?"},"content":{"rendered":"\n<div class=\"wp-block-columns is-layout-flex wp-container-core-columns-is-layout-9d6595d7 wp-block-columns-is-layout-flex\">\n<div class=\"wp-block-column is-layout-flow wp-block-column-is-layout-flow\">\n<div class=\"wp-block-columns is-layout-flex wp-container-core-columns-is-layout-9d6595d7 wp-block-columns-is-layout-flex\">\n<div class=\"wp-block-column has-white-color has-text-color has-background has-link-color wp-elements-b980cbecdcd02cac3b93d0e245d0b938 is-layout-flow wp-block-column-is-layout-flow\" style=\"background-color:#0072bc\">\n<p><span style=\"text-decoration: underline\"><strong>Police<\/strong>&nbsp;<\/span><br><\/p>\n\n\n\n<p><strong>Num\u00e9ro de t\u00e9l\u00e9phone d&rsquo;urgence: 192<\/strong><\/p>\n\n\n\n<p><strong>Num\u00e9ros de t\u00e9l\u00e9phone<\/strong>: +381 (0) 11 247 10 19; +381 (0) 64 724 10 19<br><strong>E-mail: <\/strong><a href=\"mailto:ukp@mup.gov.rs\">ukp@mup.gov.rs<\/a><\/p>\n<\/div>\n\n\n\n<div class=\"wp-block-column is-layout-flow wp-block-column-is-layout-flow\">\n<p class=\"has-white-color has-text-color has-background has-link-color wp-elements-74fc206160b7919543eb812118c90140\" style=\"background-color:#0072bc\"><strong>Centre de protection des victimes de la traite des \u00eatres humains<\/strong><br><br><strong>Num\u00e9ro de t\u00e9l\u00e9phone :<\/strong> +381 (0) 63 610 590<br><strong>E-mail:<\/strong> <a href=\"mailto:centar@centarzztlj.rs\">centar@centarzztlj.rs<br><\/a><strong>Site web<\/strong>: <a href=\"https:\/\/centarzztlj.rs\/informacije-za-zrtve\/\">http:\/\/centarzztlj.rs\/informacije-za-zrtve\/<\/a><\/p>\n<\/div>\n<\/div>\n\n\n\n<hr class=\"wp-block-separator has-alpha-channel-opacity is-style-default\"\/>\n\n\n\n<div class=\"wp-block-columns is-layout-flex wp-container-core-columns-is-layout-9d6595d7 wp-block-columns-is-layout-flex\">\n<div class=\"wp-block-column is-layout-flow wp-block-column-is-layout-flow\">\n<p class=\"has-white-color has-text-color has-background has-link-color wp-elements-ba1e9a6f1e4d04208dbf727b2fd17052\" style=\"background-color:#0072bc\"><strong><span style=\"text-decoration: underline\"><strong>IDEAS \u2013 Aide juridique gratuite<\/strong><\/span><\/strong><br>Si vous vous trouvez dans un a\u00e9roport de Serbie, vous pouvez acc\u00e9der \u00e0 une aide juridique gratuite et demander l&rsquo;asile en contactant IDEAS qui est l&rsquo;organisation partenaire du HCR. Il existe \u00e9galement \u00e0 l&rsquo;a\u00e9roport des affiches contenant des informations sur l&rsquo;aide juridique ainsi que leurs coordonn\u00e9es.&nbsp;<br><br><strong>Num\u00e9ro de t\u00e9l\u00e9phone<\/strong>: + 381 (0) 69 565 7254<br><strong>E-mail<\/strong>: legalaid@ideje.rs<br><strong>Site web<\/strong>: https:\/\/ideje.rs\/kontakt-2\/<\/p>\n<\/div>\n\n\n\n<div class=\"wp-block-column is-layout-flow wp-block-column-is-layout-flow\">\n<p class=\"has-white-color has-text-color has-background has-link-color wp-elements-486feb0b2520c81215085f6a6be07305\" style=\"background-color:#0072bc\"><strong><span style=\"text-decoration: underline\">Astra<\/span><\/strong><br>ASTRA est une ONG locale d\u00e9di\u00e9e \u00e0 l&rsquo;\u00e9radication de toutes les formes de traite des \u00eatres humains. ASTRA soutient toutes les cat\u00e9gories de survivants \u2013 femmes, enfants et hommes, notamment par une assistance directe aux victimes. ASTRA assiste les survivants de la traite et fournit des informations sur la pr\u00e9vention de la traite.<br><br><strong>Num\u00e9ro de t\u00e9l\u00e9phone:<\/strong> +381 (0) 11 785 0000<br><strong>E-mail:<\/strong> <a href=\"mailto:sos@astra.rs\">sos@astra.rs<br><\/a><strong>Site web: <\/strong><a href=\"https:\/\/astra.rs\/en\/report-the-case\/\">https:\/\/astra.rs\/en\/report-the-case\/<\/a><\/p>\n<\/div>\n<\/div>\n\n\n\n<hr class=\"wp-block-separator has-alpha-channel-opacity\"\/>\n\n\n\n<div class=\"wp-block-columns is-layout-flex wp-container-core-columns-is-layout-9d6595d7 wp-block-columns-is-layout-flex\">\n<div class=\"wp-block-column has-white-color has-text-color has-background has-link-color wp-elements-c06ff59159dc218f4953109551806f22 is-layout-flow wp-block-column-is-layout-flow\" style=\"background-color:#0072bc\">\n<p><strong><span style=\"text-decoration: underline\">Atina<\/span><\/strong><\/p>\n\n\n\n<p>Atina est une association de lutte contre la traite des \u00eatres humains et toutes formes de violences bas\u00e9es sur le genre. Elle aide \u00e0 r\u00e9pondre aux besoins fondamentaux (y compris le logement), agit comme m\u00e9diateur dans l&rsquo;exercice des droits correspondants (y compris l&rsquo;aide \u00e0 l&rsquo;obtention de documents personnels, la coop\u00e9ration avec les institutions comp\u00e9tentes, l&rsquo;inscription scolaire et l&rsquo;aide \u00e0 l&#8217;emploi), fournit une assistance psychosociale, juridique et m\u00e9dicale, une m\u00e9diation familiale et des services de consultation, et travaille au r\u00e9tablissement complet et \u00e0 l&rsquo;int\u00e9gration des survivants.<\/p>\n\n\n\n<p><br><strong>Num\u00e9ro de t\u00e9l\u00e9phone:<\/strong> +381 (0) 61 63 84 071<br><strong>E-mail<\/strong>: <a href=\"mailto:office@atina.org.rs\">office@atina.org.rs<\/a><a href=\"mailto:office@atina.org.rs\"><br><\/a><strong>Site web: <\/strong><a href=\"http:\/\/www.atina.org.rs\/en\">http:\/\/www.atina.org.rs\/en<\/a><\/p>\n<\/div>\n\n\n\n<div class=\"wp-block-column is-layout-flow wp-block-column-is-layout-flow\"><\/div>\n<\/div>\n<\/div>\n<\/div>\n\n\n\n<p>Ceux qui ont subi des violences ou des traumatismes peuvent demander de l&rsquo;aide au Commissariat serbe aux r\u00e9fugi\u00e9s et aux migrations s&rsquo;ils s\u00e9journent dans des \u00e9tablissements \u00e9tatiques, ou \u00e0 la police, aux services sociaux, aux ONG ou \u00e0 d&rsquo;autres prestataires de services s&rsquo;ils r\u00e9sident ailleurs. Ces organisations les mettront ensuite en contact avec le soutien n\u00e9cessaire en mati\u00e8re de sant\u00e9, juridique, psychosocial et de s\u00e9curit\u00e9.<\/p>\n","protected":false},"excerpt":{"rendered":"<p>Police&nbsp; Num\u00e9ro de t\u00e9l\u00e9phone d&rsquo;urgence: 192 Num\u00e9ros de t\u00e9l\u00e9phone: +381 (0) 11 247 10 19; +381 (0) 64 724 10 19E-mail: ukp@mup.gov.rs Centre de protection des victimes de la traite des \u00eatres humains Num\u00e9ro de t\u00e9l\u00e9phone : +381 (0) 63 610 590E-mail: centar@centarzztlj.rsSite web: http:\/\/centarzztlj.rs\/informacije-za-zrtve\/ IDEAS \u2013 Aide juridique gratuiteSi vous vous trouvez dans un [&hellip;]<\/p>\n","protected":false},"author":283,"featured_media":0,"parent":0,"menu_order":0,"comment_status":"closed","ping_status":"closed","template":"page-templates\/listing_page.php","meta":{"_acf_changed":false,"footnotes":""},"class_list":["post-536","page","type-page","status-publish","hentry"],"acf":[],"_links":{"self":[{"href":"https:\/\/help.unhcr.org\/serbia\/fr\/wp-json\/wp\/v2\/pages\/536","targetHints":{"allow":["GET"]}}],"collection":[{"href":"https:\/\/help.unhcr.org\/serbia\/fr\/wp-json\/wp\/v2\/pages"}],"about":[{"href":"https:\/\/help.unhcr.org\/serbia\/fr\/wp-json\/wp\/v2\/types\/page"}],"author":[{"embeddable":true,"href":"https:\/\/help.unhcr.org\/serbia\/fr\/wp-json\/wp\/v2\/users\/283"}],"replies":[{"embeddable":true,"href":"https:\/\/help.unhcr.org\/serbia\/fr\/wp-json\/wp\/v2\/comments?post=536"}],"version-history":[{"count":5,"href":"https:\/\/help.unhcr.org\/serbia\/fr\/wp-json\/wp\/v2\/pages\/536\/revisions"}],"predecessor-version":[{"id":1265,"href":"https:\/\/help.unhcr.org\/serbia\/fr\/wp-json\/wp\/v2\/pages\/536\/revisions\/1265"}],"wp:attachment":[{"href":"https:\/\/help.unhcr.org\/serbia\/fr\/wp-json\/wp\/v2\/media?parent=536"}],"curies":[{"name":"wp","href":"https:\/\/api.w.org\/{rel}","templated":true}]}}