{"id":528,"date":"2024-04-19T10:49:20","date_gmt":"2024-04-19T10:49:20","guid":{"rendered":"https:\/\/help.unhcr.org\/serbia\/contact-us\/"},"modified":"2025-05-16T10:13:06","modified_gmt":"2025-05-16T10:13:06","slug":"contact-us","status":"publish","type":"page","link":"https:\/\/help.unhcr.org\/serbia\/fr\/contact-us\/","title":{"rendered":"Contactez-nous"},"content":{"rendered":"\n<div class=\"wp-block-columns is-layout-flex wp-container-core-columns-is-layout-9d6595d7 wp-block-columns-is-layout-flex\">\n<div class=\"wp-block-column has-white-color has-text-color has-background has-link-color wp-elements-989623094403849a053939113dfa8358 is-layout-flow wp-block-column-is-layout-flow\" style=\"background-color:#0072bc\">\n<p class=\"has-white-color has-text-color has-link-color has-medium-font-size wp-elements-6cd3451e86c0dc76b19e36aefd5197a1\"><strong>UNHCR Serbia<\/strong><\/p>\n\n\n\n<p><strong><strong>Adresse<\/strong><\/strong>: 64 Bulevar Zorana \u0110in\u0111i\u0107a, 11070 Belgrade, Serbia&nbsp;<\/p>\n\n\n\n<p><strong><strong>T\u00e9l\u00e9phone<\/strong><\/strong>: +381 11 41 55 427<br><strong>E-mail<\/strong>: <a href=\"mailto:srbbe@unhcr.org\">srbbe@unhcr.org<\/a>&nbsp;<\/p>\n\n\n\n<ul class=\"wp-block-social-links is-layout-flex wp-block-social-links-is-layout-flex\"><li class=\"wp-social-link wp-social-link-facebook  wp-block-social-link\"><a href=\"https:\/\/www.facebook.com\/unhcrserbia\/\u00a0\" class=\"wp-block-social-link-anchor\"><svg width=\"24\" height=\"24\" viewBox=\"0 0 24 24\" version=\"1.1\" xmlns=\"http:\/\/www.w3.org\/2000\/svg\" aria-hidden=\"true\" focusable=\"false\"><path d=\"M12 2C6.5 2 2 6.5 2 12c0 5 3.7 9.1 8.4 9.9v-7H7.9V12h2.5V9.8c0-2.5 1.5-3.9 3.8-3.9 1.1 0 2.2.2 2.2.2v2.5h-1.3c-1.2 0-1.6.8-1.6 1.6V12h2.8l-.4 2.9h-2.3v7C18.3 21.1 22 17 22 12c0-5.5-4.5-10-10-10z\"><\/path><\/svg><span class=\"wp-block-social-link-label screen-reader-text\">Facebook<\/span><\/a><\/li>\n\n<li class=\"wp-social-link wp-social-link-instagram  wp-block-social-link\"><a href=\"https:\/\/www.instagram.com\/unhcrserbia\/?hl=en\" class=\"wp-block-social-link-anchor\"><svg width=\"24\" height=\"24\" viewBox=\"0 0 24 24\" version=\"1.1\" xmlns=\"http:\/\/www.w3.org\/2000\/svg\" aria-hidden=\"true\" focusable=\"false\"><path d=\"M12,4.622c2.403,0,2.688,0.009,3.637,0.052c0.877,0.04,1.354,0.187,1.671,0.31c0.42,0.163,0.72,0.358,1.035,0.673 c0.315,0.315,0.51,0.615,0.673,1.035c0.123,0.317,0.27,0.794,0.31,1.671c0.043,0.949,0.052,1.234,0.052,3.637 s-0.009,2.688-0.052,3.637c-0.04,0.877-0.187,1.354-0.31,1.671c-0.163,0.42-0.358,0.72-0.673,1.035 c-0.315,0.315-0.615,0.51-1.035,0.673c-0.317,0.123-0.794,0.27-1.671,0.31c-0.949,0.043-1.233,0.052-3.637,0.052 s-2.688-0.009-3.637-0.052c-0.877-0.04-1.354-0.187-1.671-0.31c-0.42-0.163-0.72-0.358-1.035-0.673 c-0.315-0.315-0.51-0.615-0.673-1.035c-0.123-0.317-0.27-0.794-0.31-1.671C4.631,14.688,4.622,14.403,4.622,12 s0.009-2.688,0.052-3.637c0.04-0.877,0.187-1.354,0.31-1.671c0.163-0.42,0.358-0.72,0.673-1.035 c0.315-0.315,0.615-0.51,1.035-0.673c0.317-0.123,0.794-0.27,1.671-0.31C9.312,4.631,9.597,4.622,12,4.622 M12,3 C9.556,3,9.249,3.01,8.289,3.054C7.331,3.098,6.677,3.25,6.105,3.472C5.513,3.702,5.011,4.01,4.511,4.511 c-0.5,0.5-0.808,1.002-1.038,1.594C3.25,6.677,3.098,7.331,3.054,8.289C3.01,9.249,3,9.556,3,12c0,2.444,0.01,2.751,0.054,3.711 c0.044,0.958,0.196,1.612,0.418,2.185c0.23,0.592,0.538,1.094,1.038,1.594c0.5,0.5,1.002,0.808,1.594,1.038 c0.572,0.222,1.227,0.375,2.185,0.418C9.249,20.99,9.556,21,12,21s2.751-0.01,3.711-0.054c0.958-0.044,1.612-0.196,2.185-0.418 c0.592-0.23,1.094-0.538,1.594-1.038c0.5-0.5,0.808-1.002,1.038-1.594c0.222-0.572,0.375-1.227,0.418-2.185 C20.99,14.751,21,14.444,21,12s-0.01-2.751-0.054-3.711c-0.044-0.958-0.196-1.612-0.418-2.185c-0.23-0.592-0.538-1.094-1.038-1.594 c-0.5-0.5-1.002-0.808-1.594-1.038c-0.572-0.222-1.227-0.375-2.185-0.418C14.751,3.01,14.444,3,12,3L12,3z M12,7.378 c-2.552,0-4.622,2.069-4.622,4.622S9.448,16.622,12,16.622s4.622-2.069,4.622-4.622S14.552,7.378,12,7.378z M12,15 c-1.657,0-3-1.343-3-3s1.343-3,3-3s3,1.343,3,3S13.657,15,12,15z M16.804,6.116c-0.596,0-1.08,0.484-1.08,1.08 s0.484,1.08,1.08,1.08c0.596,0,1.08-0.484,1.08-1.08S17.401,6.116,16.804,6.116z\"><\/path><\/svg><span class=\"wp-block-social-link-label screen-reader-text\">Instagram<\/span><\/a><\/li>\n\n<li class=\"wp-social-link wp-social-link-x  wp-block-social-link\"><a href=\"https:\/\/twitter.com\/UNHCRSerbia\u00a0\" class=\"wp-block-social-link-anchor\"><svg width=\"24\" height=\"24\" viewBox=\"0 0 24 24\" version=\"1.1\" xmlns=\"http:\/\/www.w3.org\/2000\/svg\" aria-hidden=\"true\" focusable=\"false\"><path d=\"M13.982 10.622 20.54 3h-1.554l-5.693 6.618L8.745 3H3.5l6.876 10.007L3.5 21h1.554l6.012-6.989L15.868 21h5.245l-7.131-10.378Zm-2.128 2.474-.697-.997-5.543-7.93H8l4.474 6.4.697.996 5.815 8.318h-2.387l-4.745-6.787Z\" \/><\/svg><span class=\"wp-block-social-link-label screen-reader-text\">X<\/span><\/a><\/li>\n\n<li class=\"wp-social-link wp-social-link-linkedin  wp-block-social-link\"><a href=\"https:\/\/www.linkedin.com\/company\/unhcr-serbia\/\" class=\"wp-block-social-link-anchor\"><svg width=\"24\" height=\"24\" viewBox=\"0 0 24 24\" version=\"1.1\" xmlns=\"http:\/\/www.w3.org\/2000\/svg\" aria-hidden=\"true\" focusable=\"false\"><path d=\"M19.7,3H4.3C3.582,3,3,3.582,3,4.3v15.4C3,20.418,3.582,21,4.3,21h15.4c0.718,0,1.3-0.582,1.3-1.3V4.3 C21,3.582,20.418,3,19.7,3z M8.339,18.338H5.667v-8.59h2.672V18.338z M7.004,8.574c-0.857,0-1.549-0.694-1.549-1.548 c0-0.855,0.691-1.548,1.549-1.548c0.854,0,1.547,0.694,1.547,1.548C8.551,7.881,7.858,8.574,7.004,8.574z M18.339,18.338h-2.669 v-4.177c0-0.996-0.017-2.278-1.387-2.278c-1.389,0-1.601,1.086-1.601,2.206v4.249h-2.667v-8.59h2.559v1.174h0.037 c0.356-0.675,1.227-1.387,2.526-1.387c2.703,0,3.203,1.779,3.203,4.092V18.338z\"><\/path><\/svg><span class=\"wp-block-social-link-label screen-reader-text\">LinkedIn<\/span><\/a><\/li>\n\n<li class=\"wp-social-link wp-social-link-youtube  wp-block-social-link\"><a href=\"https:\/\/www.youtube.com\/channel\/UCGivL75wlvoUItudXWjOkSA\" class=\"wp-block-social-link-anchor\"><svg width=\"24\" height=\"24\" viewBox=\"0 0 24 24\" version=\"1.1\" xmlns=\"http:\/\/www.w3.org\/2000\/svg\" aria-hidden=\"true\" focusable=\"false\"><path d=\"M21.8,8.001c0,0-0.195-1.378-0.795-1.985c-0.76-0.797-1.613-0.801-2.004-0.847c-2.799-0.202-6.997-0.202-6.997-0.202 h-0.009c0,0-4.198,0-6.997,0.202C4.608,5.216,3.756,5.22,2.995,6.016C2.395,6.623,2.2,8.001,2.2,8.001S2,9.62,2,11.238v1.517 c0,1.618,0.2,3.237,0.2,3.237s0.195,1.378,0.795,1.985c0.761,0.797,1.76,0.771,2.205,0.855c1.6,0.153,6.8,0.201,6.8,0.201 s4.203-0.006,7.001-0.209c0.391-0.047,1.243-0.051,2.004-0.847c0.6-0.607,0.795-1.985,0.795-1.985s0.2-1.618,0.2-3.237v-1.517 C22,9.62,21.8,8.001,21.8,8.001z M9.935,14.594l-0.001-5.62l5.404,2.82L9.935,14.594z\"><\/path><\/svg><span class=\"wp-block-social-link-label screen-reader-text\">YouTube<\/span><\/a><\/li><\/ul>\n<\/div>\n\n\n\n<div class=\"wp-block-column is-layout-flow wp-block-column-is-layout-flow\">\n<figure class=\"wp-block-image size-large\"><img loading=\"lazy\" decoding=\"async\" width=\"1024\" height=\"668\" src=\"https:\/\/help.unhcr.org\/serbia\/wp-content\/uploads\/sites\/45\/2025\/05\/UNHCR-partners-in-Serbia-2025-1024x668.png\" alt=\"\" class=\"wp-image-1282\" srcset=\"https:\/\/help.unhcr.org\/serbia\/wp-content\/uploads\/sites\/45\/2025\/05\/UNHCR-partners-in-Serbia-2025-1024x668.png 1024w, https:\/\/help.unhcr.org\/serbia\/wp-content\/uploads\/sites\/45\/2025\/05\/UNHCR-partners-in-Serbia-2025-300x196.png 300w, https:\/\/help.unhcr.org\/serbia\/wp-content\/uploads\/sites\/45\/2025\/05\/UNHCR-partners-in-Serbia-2025-768x501.png 768w, https:\/\/help.unhcr.org\/serbia\/wp-content\/uploads\/sites\/45\/2025\/05\/UNHCR-partners-in-Serbia-2025.png 1194w\" sizes=\"auto, (max-width: 1024px) 100vw, 1024px\" \/><figcaption class=\"wp-element-caption\"><a href=\"https:\/\/www.unhcr.org\/rs\/wp-content\/uploads\/sites\/40\/2025\/05\/UNHCR-Partners-in-Serbia-2025-ENG-3.pdf\" target=\"_blank\" rel=\"noreferrer noopener\">UNHCR Partners in Serbia<\/a><\/figcaption><\/figure>\n<\/div>\n<\/div>\n\n\n\n<p><\/p>\n\n\n\n<p>Le HCR travaille avec des partenaires qui fournissent une assistance et des services sur l&rsquo;ensemble du territoire de la Serbie :<\/p>\n\n\n\n<p class=\"has-text-align-left has-large-font-size\"><strong>Partners in Belgrade:<\/strong><\/p>\n\n\n\n<div class=\"wp-block-columns has-white-color has-text-color has-link-color wp-elements-01c318fe46b8d8eaf90dd8b60b74f189 is-layout-flex wp-container-core-columns-is-layout-9d6595d7 wp-block-columns-is-layout-flex\">\n<div class=\"wp-block-column has-background is-layout-flow wp-block-column-is-layout-flow\" style=\"background-color:#0072bc\">\n<p class=\"has-text-align-left has-white-color has-text-color has-background has-link-color wp-elements-b484c9edd832847657ede5a0ba4f20f7\" style=\"background-color:#0072bc\"><strong>Pour des conseils juridiques et une repr\u00e9sentation dans les proc\u00e9dures d\u2019asile:<\/strong><br><br><strong>Centre de recherche et de d\u00e9veloppement social \u2013 IDEAS<\/strong><br><br><strong><strong>Num\u00e9ro de t\u00e9l\u00e9phone:<\/strong>&nbsp;<\/strong>+381 (0) 69 565 7254<br><strong>E-mail:<\/strong><br>&nbsp;<a href=\"mailto:nikola.kovacevic@ideje.rs\">nikola.kovacevic@ideje.rs<\/a>;&nbsp;<a href=\"mailto:legalaid@ideje.rs\">legalaid@ideje.rs<\/a>&nbsp;<\/p>\n\n\n\n<p><strong>Adresse<\/strong>: 10\/4 Toma\u0161a Je\u017ea, 11111 Belgrade, Serbia<br><strong>Heures d&rsquo;ouverture: <\/strong>09:00-17:00, Mon-Fri (conseil juridique, repr\u00e9sentation l\u00e9gale, extradition, d\u00e9tention, int\u00e9gration)<br><strong>Site web:<\/strong> <a href=\"http:\/\/www.ideje.rs\/\">www.ideje.rs<\/a><a href=\"http:\/\/www.ideje.rs\/\"><br><\/a><strong>R\u00e9seaux sociaux:<\/strong> <a href=\"https:\/\/www.facebook.com\/ideje.rs\">https:\/\/www.facebook.com\/ideje.rs<\/a>; <a href=\"https:\/\/www.instagram.com\/ideascentar\">https:\/\/www.instagram.com\/ideascentar<\/a><br><\/p>\n<\/div>\n\n\n\n<div class=\"wp-block-column has-background is-layout-flow wp-block-column-is-layout-flow\" style=\"background-color:#0072bc\">\n<p class=\"has-text-align-center\"><em><strong><strong>Pour les services d\u2019assistance, d\u2019int\u00e9gration et pour les informations g\u00e9n\u00e9rales :<\/strong><\/strong><\/em><\/p>\n\n\n\n<p><strong>Centre de r\u00e9ponse aux crises et de politique &#8211; CRPC<\/strong><\/p>\n\n\n\n<p><strong><strong>Num\u00e9ro de t\u00e9l\u00e9phone:<\/strong><\/strong>&nbsp;+381 (0) 60 0991 634&nbsp;&nbsp;<\/p>\n\n\n\n<p><strong>E-mail:<\/strong>&nbsp;<a href=\"mailto:office@crpc.rs\">office@crpc.rs<\/a><br><strong>Adresse:<\/strong> 33 Orfelinova St., 11030 Belgrade, Serbia<br><strong>Heures d&rsquo;ouverture:<\/strong> 09:00-17:00, Mon-Fri<br><strong>Site web:<\/strong> <a href=\"https:\/\/www.crpc.rs\/\">https:\/\/www.crpc.rs\/<br><\/a><strong>R\u00e9seaux sociaux:<\/strong> <a href=\"https:\/\/www.facebook.com\/CRPCngo\/\">https:\/\/www.facebook.com\/CRPCngo\/<\/a><\/p>\n<\/div>\n<\/div>\n\n\n\n<p><\/p>\n\n\n\n<div class=\"wp-block-columns is-layout-flex wp-container-core-columns-is-layout-9d6595d7 wp-block-columns-is-layout-flex\">\n<div class=\"wp-block-column has-white-color has-text-color has-background has-link-color wp-elements-a10408e97a75b3ed45de31e51d5df508 is-layout-flow wp-block-column-is-layout-flow\" style=\"background-color:#0072bc\">\n<p class=\"has-text-align-center\"><strong><em><strong>Pour un soutien psychologique\/psychosocial:<\/strong><\/em><\/strong><\/p>\n\n\n\n<p><strong><strong>R\u00e9seau d&rsquo;aide internationale &#8211; IAN<\/strong><\/strong><\/p>\n\n\n\n<p><strong>Num\u00e9ro de t\u00e9l\u00e9phone: <\/strong>+381 (0) 63 389 729<br><strong>E-mail:<\/strong> <a href=\"mailto:office@ian.org.rs\">office@ian.org.rs<\/a><a href=\"mailto:office@ian.org.rs\"><br><\/a><strong>Adresse:<\/strong> 8\/2 Dr Aleksandra Kosti\u0107a, 11102 Belgrade, Serbia<br><strong>Heures d&rsquo;ouverture:<\/strong> 09:00-17:00, Mon-Fri<\/p>\n\n\n\n<p><strong>Site web:<\/strong> <a href=\"http:\/\/www.ian.org.rs\/\">www.ian.org.rs<\/a><a href=\"http:\/\/www.ian.org.rs\/\"><br><\/a><strong>R\u00e9seaux sociaux:<\/strong> <a href=\"https:\/\/www.facebook.com\/profile.php?id=100064678182712\">https:\/\/www.facebook.com\/profile.php?id=100064678182712<\/a>; <a href=\"https:\/\/www.instagram.com\/iancrtv\/?hl=en\">https:\/\/www.instagram.com\/iancrtv\/?hl=en<\/a><\/p>\n<\/div>\n\n\n\n<div class=\"wp-block-column is-layout-flow wp-block-column-is-layout-flow\"><\/div>\n<\/div>\n\n\n\n<hr class=\"wp-block-separator has-alpha-channel-opacity\"\/>\n\n\n\n<p class=\"has-large-font-size\"><strong><strong>Sud de la Serbie<\/strong><\/strong>:<\/p>\n\n\n\n<div class=\"wp-block-columns is-layout-flex wp-container-core-columns-is-layout-9d6595d7 wp-block-columns-is-layout-flex\">\n<div class=\"wp-block-column has-white-color has-text-color has-background has-link-color wp-elements-dcc50198f9029c74a1d4b7af8f2fedff is-layout-flow wp-block-column-is-layout-flow\" style=\"background-color:#0072bc\">\n<p><strong>Sigma Plus<\/strong><\/p>\n\n\n\n<p>Sigma Plus se concentre sur l&rsquo;identification et l&rsquo;orientation des personnes ayant des besoins sp\u00e9cifiques, organise des cours de langue serbe et soutient l&rsquo;inclusion dans les centres d&rsquo;asile du sud du pays.<\/p>\n\n\n\n<p><strong>Num\u00e9ro de t\u00e9l\u00e9phone:<\/strong> +381 (0) 63 474 964<br><strong>E-mail<\/strong>: <a href=\"mailto:office@nvosigmaplus.org.rs\">office@nvosigmaplus.org.rs<br><\/a><strong>Adresse:<\/strong> 4\/44 Zetska St., 18108 Ni\u0161, Serbia<br><strong>Heures d&rsquo;ouverture<\/strong>: 09:00-15:00, Mon-Fri<br><strong>Site Web:<\/strong> <a href=\"https:\/\/nvosigmaplus.org.rs\/\">www.nvosigmaplus.org.rs<\/a> ; \u00a0<a href=\"http:\/\/www.nvosigmaplus-learning.org.rs\/\">www.nvosigmaplus-learning.org.rs<br><\/a><strong>R\u00e9seaux sociaux:<\/strong> <a href=\"https:\/\/www.facebook.com\/NGOSigmaPlus\">https:\/\/www.facebook.com\/NGOSigmaPlus<\/a><\/p>\n\n\n\n<p><strong><strong>REMARQUE : \u00c0 VOTRE ARRIV\u00c9E AU CENTRE D&rsquo;ACCUEIL DE PRE\u0160EVO, VEUILLEZ CONTACTER LE PERSONNEL DU COMMISSARIAT POUR LES R\u00c9FUGI\u00c9S ET LES MIGRATIONS ET LE HCR \u00c0 L&rsquo;INT\u00c9RIEUR DU CENTRE.<\/strong><\/strong><\/p>\n<\/div>\n<\/div>\n\n\n\n<p class=\"has-text-color has-link-color has-medium-font-size wp-elements-f3b5253465addf2d2c098e708c77c63f\" style=\"color:#0072bc\"><strong>Cliquez ci-dessous pour plus d&rsquo;informations :<\/strong><\/p>\n","protected":false},"excerpt":{"rendered":"<p>UNHCR Serbia Adresse: 64 Bulevar Zorana \u0110in\u0111i\u0107a, 11070 Belgrade, Serbia&nbsp; T\u00e9l\u00e9phone: +381 11 41 55 427E-mail: srbbe@unhcr.org&nbsp; Le HCR travaille avec des partenaires qui fournissent une assistance et des services sur l&rsquo;ensemble du territoire de la Serbie : Partners in Belgrade: Pour des conseils juridiques et une repr\u00e9sentation dans les proc\u00e9dures d\u2019asile: Centre de recherche [&hellip;]<\/p>\n","protected":false},"author":283,"featured_media":0,"parent":0,"menu_order":0,"comment_status":"closed","ping_status":"closed","template":"page-templates\/sectioned.php","meta":{"_acf_changed":false,"footnotes":""},"class_list":["post-528","page","type-page","status-publish","hentry"],"acf":[],"_links":{"self":[{"href":"https:\/\/help.unhcr.org\/serbia\/fr\/wp-json\/wp\/v2\/pages\/528","targetHints":{"allow":["GET"]}}],"collection":[{"href":"https:\/\/help.unhcr.org\/serbia\/fr\/wp-json\/wp\/v2\/pages"}],"about":[{"href":"https:\/\/help.unhcr.org\/serbia\/fr\/wp-json\/wp\/v2\/types\/page"}],"author":[{"embeddable":true,"href":"https:\/\/help.unhcr.org\/serbia\/fr\/wp-json\/wp\/v2\/users\/283"}],"replies":[{"embeddable":true,"href":"https:\/\/help.unhcr.org\/serbia\/fr\/wp-json\/wp\/v2\/comments?post=528"}],"version-history":[{"count":9,"href":"https:\/\/help.unhcr.org\/serbia\/fr\/wp-json\/wp\/v2\/pages\/528\/revisions"}],"predecessor-version":[{"id":1384,"href":"https:\/\/help.unhcr.org\/serbia\/fr\/wp-json\/wp\/v2\/pages\/528\/revisions\/1384"}],"wp:attachment":[{"href":"https:\/\/help.unhcr.org\/serbia\/fr\/wp-json\/wp\/v2\/media?parent=528"}],"curies":[{"name":"wp","href":"https:\/\/api.w.org\/{rel}","templated":true}]}}