{"id":522,"date":"2019-10-30T11:02:36","date_gmt":"2019-10-30T11:02:36","guid":{"rendered":"https:\/\/help.unhcr.org\/serbia\/welcome\/"},"modified":"2025-02-20T17:11:26","modified_gmt":"2025-02-20T17:11:26","slug":"welcome","status":"publish","type":"page","link":"https:\/\/help.unhcr.org\/serbia\/fr\/","title":{"rendered":"Page d\u2019accueil"},"content":{"rendered":"\n<p class=\"has-text-align-center has-white-color has-text-color has-background has-link-color wp-elements-5c1be257d600853607e4a0dab9a90bb1\" style=\"background-color:#0072bc\">Le site web <a href=\"https:\/\/help.unhcr.org\/serbia\/\">help.unhcr.org\/serbia<\/a>, destin\u00e9 aux r\u00e9fugi\u00e9s et aux demandeurs d&rsquo;asile en R\u00e9publique de Serbie, est un endroit o\u00f9 vous trouverez des r\u00e9ponses concises sur les questions les plus critiques li\u00e9es \u00e0 votre situation.<\/p>\n\n\n\n<figure class=\"wp-block-image size-large\"><img loading=\"lazy\" decoding=\"async\" width=\"1024\" height=\"520\" src=\"https:\/\/help.unhcr.org\/serbia\/wp-content\/uploads\/sites\/45\/2025\/02\/Blue-chatbot-banner-1024x520.png\" alt=\"\" class=\"wp-image-1230\" srcset=\"https:\/\/help.unhcr.org\/serbia\/wp-content\/uploads\/sites\/45\/2025\/02\/Blue-chatbot-banner-1024x520.png 1024w, https:\/\/help.unhcr.org\/serbia\/wp-content\/uploads\/sites\/45\/2025\/02\/Blue-chatbot-banner-300x152.png 300w, https:\/\/help.unhcr.org\/serbia\/wp-content\/uploads\/sites\/45\/2025\/02\/Blue-chatbot-banner-768x390.png 768w, https:\/\/help.unhcr.org\/serbia\/wp-content\/uploads\/sites\/45\/2025\/02\/Blue-chatbot-banner-1536x780.png 1536w, https:\/\/help.unhcr.org\/serbia\/wp-content\/uploads\/sites\/45\/2025\/02\/Blue-chatbot-banner-2048x1040.png 2048w\" sizes=\"auto, (max-width: 1024px) 100vw, 1024px\" \/><\/figure>\n\n\n\n<hr class=\"wp-block-separator has-alpha-channel-opacity\" \/>\n\n\n\n<div class=\"wp-block-columns is-layout-flex wp-container-core-columns-is-layout-9d6595d7 wp-block-columns-is-layout-flex\">\n<div class=\"wp-block-column has-white-color has-text-color has-background has-link-color wp-elements-9d2ba74cf3d6710dbdb89d4532f6da28 is-layout-flow wp-block-column-is-layout-flow\" style=\"background-color:#0072bc\"><div class=\"wp-block-image\">\n<figure class=\"aligncenter size-full is-resized\"><a href=\"help.unhcr.org\/serbia\/fr\/applying-for-asylum-in-serbia-2\/\"><img loading=\"lazy\" decoding=\"async\" width=\"625\" height=\"625\" src=\"https:\/\/help.unhcr.org\/serbia\/wp-content\/uploads\/sites\/45\/2024\/04\/Artboard-1-1.png\" alt=\"\" class=\"wp-image-368\" style=\"width:126px\" srcset=\"https:\/\/help.unhcr.org\/serbia\/wp-content\/uploads\/sites\/45\/2024\/04\/Artboard-1-1.png 625w, https:\/\/help.unhcr.org\/serbia\/wp-content\/uploads\/sites\/45\/2024\/04\/Artboard-1-1-300x300.png 300w, https:\/\/help.unhcr.org\/serbia\/wp-content\/uploads\/sites\/45\/2024\/04\/Artboard-1-1-150x150.png 150w\" sizes=\"auto, (max-width: 625px) 100vw, 625px\" \/><\/a><\/figure><\/div>\n\n\n<p><\/p>\n\n\n\n<p><\/p>\n\n\n\n<div class=\"wp-block-buttons is-content-justification-center is-layout-flex wp-container-core-buttons-is-layout-16018d1d wp-block-buttons-is-layout-flex\">\n<div class=\"wp-block-button\"><a class=\"wp-block-button__link has-white-background-color has-background has-text-align-center wp-element-button\" href=\"https:\/\/help.unhcr.org\/serbia\/fr\/applying-for-asylum-in-serbia-2\/\"><strong><strong>Asile et protection<\/strong><\/strong><\/a><\/div>\n<\/div>\n<\/div>\n\n\n\n<div class=\"wp-block-column has-white-color has-text-color has-background has-link-color wp-elements-86b153a3889ad818d1a8bb49734a49b4 is-layout-flow wp-block-column-is-layout-flow\" style=\"background-color:#0072bc\"><div class=\"wp-block-image\">\n<figure class=\"aligncenter size-full is-resized\"><a href=\"https:\/\/help.unhcr.org\/serbia\/fr\/living-in-serbia\/\"><img loading=\"lazy\" decoding=\"async\" width=\"626\" height=\"625\" src=\"https:\/\/help.unhcr.org\/serbia\/wp-content\/uploads\/sites\/45\/2024\/04\/Artboard-2.png\" alt=\"\" class=\"wp-image-370\" style=\"width:126px\" srcset=\"https:\/\/help.unhcr.org\/serbia\/wp-content\/uploads\/sites\/45\/2024\/04\/Artboard-2.png 626w, https:\/\/help.unhcr.org\/serbia\/wp-content\/uploads\/sites\/45\/2024\/04\/Artboard-2-300x300.png 300w, https:\/\/help.unhcr.org\/serbia\/wp-content\/uploads\/sites\/45\/2024\/04\/Artboard-2-150x150.png 150w\" sizes=\"auto, (max-width: 626px) 100vw, 626px\" \/><\/a><\/figure><\/div>\n\n\n<p><\/p>\n\n\n\n<p><\/p>\n\n\n\n<div class=\"wp-block-buttons is-content-justification-center is-layout-flex wp-container-core-buttons-is-layout-16018d1d wp-block-buttons-is-layout-flex\">\n<div class=\"wp-block-button\"><a class=\"wp-block-button__link has-white-background-color has-background wp-element-button\" href=\"https:\/\/help.unhcr.org\/serbia\/fr\/living-in-serbia\/\"><strong><strong>Vivre en Serbie<\/strong><\/strong><\/a><\/div>\n<\/div>\n<\/div>\n\n\n\n<div class=\"wp-block-column has-white-color has-text-color has-background has-link-color wp-elements-872abf43a145cd0d8e6c79cd033fd959 is-layout-flow wp-block-column-is-layout-flow\" style=\"background-color:#0072bc\"><div class=\"wp-block-image\">\n<figure class=\"aligncenter size-full is-resized\"><a href=\"https:\/\/help.unhcr.org\/serbia\/fr\/children-and-youth\/\"><img loading=\"lazy\" decoding=\"async\" width=\"626\" height=\"625\" src=\"https:\/\/help.unhcr.org\/serbia\/wp-content\/uploads\/sites\/45\/2024\/04\/Artboard-3.png\" alt=\"\" class=\"wp-image-372\" style=\"width:126px\" srcset=\"https:\/\/help.unhcr.org\/serbia\/wp-content\/uploads\/sites\/45\/2024\/04\/Artboard-3.png 626w, https:\/\/help.unhcr.org\/serbia\/wp-content\/uploads\/sites\/45\/2024\/04\/Artboard-3-300x300.png 300w, https:\/\/help.unhcr.org\/serbia\/wp-content\/uploads\/sites\/45\/2024\/04\/Artboard-3-150x150.png 150w\" sizes=\"auto, (max-width: 626px) 100vw, 626px\" \/><\/a><\/figure><\/div>\n\n\n<p><\/p>\n\n\n\n<p><\/p>\n\n\n\n<div class=\"wp-block-buttons is-content-justification-center is-layout-flex wp-container-core-buttons-is-layout-16018d1d wp-block-buttons-is-layout-flex\">\n<div class=\"wp-block-button\"><a class=\"wp-block-button__link has-white-background-color has-background wp-element-button\" href=\"https:\/\/help.unhcr.org\/serbia\/fr\/children-and-youth\/\"><strong><strong>Enfants et jeunes<\/strong><\/strong><\/a><\/div>\n<\/div>\n<\/div>\n<\/div>\n\n\n\n<hr class=\"wp-block-separator has-alpha-channel-opacity is-style-dots\" \/>\n\n\n\n<div class=\"wp-block-columns is-layout-flex wp-container-core-columns-is-layout-9d6595d7 wp-block-columns-is-layout-flex\">\n<div class=\"wp-block-column has-white-color has-text-color has-background has-link-color wp-elements-bcefd9583e28716387789bec22738606 is-layout-flow wp-block-column-is-layout-flow\" style=\"background-color:#0072bc\"><div class=\"wp-block-image\">\n<figure class=\"aligncenter size-full is-resized\"><a href=\"https:\/\/help.unhcr.org\/serbia\/fr\/important-advice\/\"><img loading=\"lazy\" decoding=\"async\" width=\"625\" height=\"625\" src=\"https:\/\/help.unhcr.org\/serbia\/wp-content\/uploads\/sites\/45\/2024\/04\/Artboard-4.png\" alt=\"\" class=\"wp-image-374\" style=\"width:126px\" srcset=\"https:\/\/help.unhcr.org\/serbia\/wp-content\/uploads\/sites\/45\/2024\/04\/Artboard-4.png 625w, https:\/\/help.unhcr.org\/serbia\/wp-content\/uploads\/sites\/45\/2024\/04\/Artboard-4-300x300.png 300w, https:\/\/help.unhcr.org\/serbia\/wp-content\/uploads\/sites\/45\/2024\/04\/Artboard-4-150x150.png 150w\" sizes=\"auto, (max-width: 625px) 100vw, 625px\" \/><\/a><\/figure><\/div>\n\n\n<p><\/p>\n\n\n\n<p><\/p>\n\n\n\n<div class=\"wp-block-buttons is-content-justification-center is-layout-flex wp-container-core-buttons-is-layout-16018d1d wp-block-buttons-is-layout-flex\">\n<div class=\"wp-block-button\"><a class=\"wp-block-button__link has-white-background-color has-background wp-element-button\" href=\"https:\/\/help.unhcr.org\/serbia\/fr\/important-advice\/\"><strong><strong>Pour les personnes fuyant l&rsquo;Ukraine<\/strong><\/strong><\/a><\/div>\n<\/div>\n<\/div>\n\n\n\n<div class=\"wp-block-column has-white-color has-text-color has-background has-link-color wp-elements-c8dee641affe1833f11314d21ae6145d is-layout-flow wp-block-column-is-layout-flow\" style=\"background-color:#0072bc\"><div class=\"wp-block-image\">\n<figure class=\"aligncenter size-full is-resized\"><a href=\"https:\/\/help.unhcr.org\/serbia\/fr\/special-procedures\/\"><img loading=\"lazy\" decoding=\"async\" width=\"626\" height=\"625\" src=\"https:\/\/help.unhcr.org\/serbia\/wp-content\/uploads\/sites\/45\/2024\/04\/Artboard-6.png\" alt=\"\" class=\"wp-image-376\" style=\"width:126px\" srcset=\"https:\/\/help.unhcr.org\/serbia\/wp-content\/uploads\/sites\/45\/2024\/04\/Artboard-6.png 626w, https:\/\/help.unhcr.org\/serbia\/wp-content\/uploads\/sites\/45\/2024\/04\/Artboard-6-300x300.png 300w, https:\/\/help.unhcr.org\/serbia\/wp-content\/uploads\/sites\/45\/2024\/04\/Artboard-6-150x150.png 150w\" sizes=\"auto, (max-width: 626px) 100vw, 626px\" \/><\/a><\/figure><\/div>\n\n\n<p><\/p>\n\n\n\n<p><\/p>\n\n\n\n<div class=\"wp-block-buttons is-content-justification-center is-layout-flex wp-container-core-buttons-is-layout-16018d1d wp-block-buttons-is-layout-flex\">\n<div class=\"wp-block-button\"><a class=\"wp-block-button__link has-white-background-color has-background wp-element-button\" href=\"https:\/\/help.unhcr.org\/serbia\/fr\/special-procedures\/\"><strong><strong>Proc\u00e9dures sp\u00e9ciales<\/strong><\/strong><\/a><\/div>\n<\/div>\n<\/div>\n\n\n\n<div class=\"wp-block-column has-white-color has-text-color has-background has-link-color wp-elements-fb1f0902a34631df2d0fde9c21a62e5f is-layout-flow wp-block-column-is-layout-flow\" style=\"background-color:#0072bc\"><div class=\"wp-block-image\">\n<figure class=\"aligncenter size-full is-resized\"><a href=\"https:\/\/help.unhcr.org\/serbia\/fr\/contact-us\/\"><img loading=\"lazy\" decoding=\"async\" width=\"626\" height=\"625\" src=\"https:\/\/help.unhcr.org\/serbia\/wp-content\/uploads\/sites\/45\/2024\/04\/Artboard-8-1.png\" alt=\"\" class=\"wp-image-451\" style=\"width:126px\" srcset=\"https:\/\/help.unhcr.org\/serbia\/wp-content\/uploads\/sites\/45\/2024\/04\/Artboard-8-1.png 626w, https:\/\/help.unhcr.org\/serbia\/wp-content\/uploads\/sites\/45\/2024\/04\/Artboard-8-1-300x300.png 300w, https:\/\/help.unhcr.org\/serbia\/wp-content\/uploads\/sites\/45\/2024\/04\/Artboard-8-1-150x150.png 150w\" sizes=\"auto, (max-width: 626px) 100vw, 626px\" \/><\/a><\/figure><\/div>\n\n\n<p><\/p>\n\n\n\n<p><\/p>\n\n\n\n<div class=\"wp-block-buttons is-content-justification-center is-layout-flex wp-container-core-buttons-is-layout-16018d1d wp-block-buttons-is-layout-flex\">\n<div class=\"wp-block-button\"><a class=\"wp-block-button__link has-white-background-color has-background wp-element-button\" href=\"https:\/\/help.unhcr.org\/serbia\/fr\/contact-us\/\"><strong>Contactez-nous<\/strong><\/a><\/div>\n<\/div>\n<\/div>\n<\/div>\n","protected":false},"excerpt":{"rendered":"<p>Le site web help.unhcr.org\/serbia, destin\u00e9 aux r\u00e9fugi\u00e9s et aux demandeurs d&rsquo;asile en R\u00e9publique de Serbie, est un endroit o\u00f9 vous trouverez des r\u00e9ponses concises sur les questions les plus critiques li\u00e9es \u00e0 votre situation.<\/p>\n","protected":false},"author":1,"featured_media":0,"parent":0,"menu_order":0,"comment_status":"closed","ping_status":"closed","template":"page-templates\/listing_page.php","meta":{"_acf_changed":false,"footnotes":""},"class_list":["post-522","page","type-page","status-publish","hentry"],"acf":[],"_links":{"self":[{"href":"https:\/\/help.unhcr.org\/serbia\/fr\/wp-json\/wp\/v2\/pages\/522","targetHints":{"allow":["GET"]}}],"collection":[{"href":"https:\/\/help.unhcr.org\/serbia\/fr\/wp-json\/wp\/v2\/pages"}],"about":[{"href":"https:\/\/help.unhcr.org\/serbia\/fr\/wp-json\/wp\/v2\/types\/page"}],"author":[{"embeddable":true,"href":"https:\/\/help.unhcr.org\/serbia\/fr\/wp-json\/wp\/v2\/users\/1"}],"replies":[{"embeddable":true,"href":"https:\/\/help.unhcr.org\/serbia\/fr\/wp-json\/wp\/v2\/comments?post=522"}],"version-history":[{"count":9,"href":"https:\/\/help.unhcr.org\/serbia\/fr\/wp-json\/wp\/v2\/pages\/522\/revisions"}],"predecessor-version":[{"id":1238,"href":"https:\/\/help.unhcr.org\/serbia\/fr\/wp-json\/wp\/v2\/pages\/522\/revisions\/1238"}],"wp:attachment":[{"href":"https:\/\/help.unhcr.org\/serbia\/fr\/wp-json\/wp\/v2\/media?parent=522"}],"curies":[{"name":"wp","href":"https:\/\/api.w.org\/{rel}","templated":true}]}}