{"id":619,"date":"2019-10-30T15:00:41","date_gmt":"2019-10-30T15:00:41","guid":{"rendered":"https:\/\/help.unhcr.org\/serbia\/special-procedures\/"},"modified":"2024-05-26T23:47:29","modified_gmt":"2024-05-26T23:47:29","slug":"special-procedures","status":"publish","type":"page","link":"https:\/\/help.unhcr.org\/serbia\/es\/special-procedures\/","title":{"rendered":"Procedimientos Especiales"},"content":{"rendered":"<h2>Retorno Voluntario Asistido y Reintegraci\u00f3n<\/h2>\n<p>El programa de Retorno Voluntario Asistido y Reintegraci\u00f3n (AVRR) apoya a los migrantes para que regresen voluntariamente a sus pa\u00edses de origen o a terceros pa\u00edses donde tengan residencia permanente.<\/p>\n<p>El Retorno Voluntario Asistido y la Reintegraci\u00f3n es un servicio de gesti\u00f3n de la migraci\u00f3n ofrecido a migrantes y gobiernos por la Organizaci\u00f3n Internacional para las Migraciones <a href=\"https:\/\/serbia.iom.int\/\">International Organisation for Migration (IOM)<\/a>. Su objetivo es lograr el retorno y la reintegraci\u00f3n ordenados, humanos y rentables de los migrantes, que no pueden o no quieren permanecer en los pa\u00edses de acogida o de tr\u00e1nsito, y que desean regresar voluntariamente a sus pa\u00edses de origen. El programa de retorno voluntario se lleva a cabo en estrecha cooperaci\u00f3n con instituciones gubernamentales y comunidades de inmigrantes.<\/p>\n<p>Para obtener m\u00e1s informaci\u00f3n sobre el procedimiento AVRR, consulte <a href=\"https:\/\/serbia.iom.int\/assisted-voluntary-return-and-reintegration\">link<\/a>.<\/p>\n<h2><strong>Localizaci\u00f3n de familiares \u2013 Cruz Roja y Media Luna Roja<\/strong><\/h2>\n<p>La Cruz Roja de Serbia <a href=\"https:\/\/www.redcross.org.rs\/en\/\">Red Cross of Serbia<\/a>, junto con el Comit\u00e9 Internacional de la Cruz Roja (<a href=\"https:\/\/www.icrc.org\/en\/where-we-work\/europe-central-asia\/serbia\">ICRC),<\/a> y las Sociedades Nacionales de la Cruz Roja y de la Media Luna Roja en el extranjero, ayudan a las personas en Serbia a buscar familiares en otro pa\u00eds.<\/p>\n<p>Para obtener m\u00e1s informaci\u00f3n sobre los procedimientos de localizaci\u00f3n de familiares, consulte <a href=\"https:\/\/familylinks.icrc.org\/en\/Pages\/Countries\/Serbia.aspx\">here<\/a>.<\/p>\n","protected":false},"excerpt":{"rendered":"<p>Retorno Voluntario Asistido y Reintegraci\u00f3n El programa de Retorno Voluntario Asistido y Reintegraci\u00f3n (AVRR) apoya a los migrantes para que regresen voluntariamente a sus pa\u00edses de origen o a terceros pa\u00edses donde tengan residencia permanente. El Retorno Voluntario Asistido y la Reintegraci\u00f3n es un servicio de gesti\u00f3n de la migraci\u00f3n ofrecido a migrantes y gobiernos [&hellip;]<\/p>\n","protected":false},"author":1,"featured_media":0,"parent":0,"menu_order":5,"comment_status":"closed","ping_status":"closed","template":"","meta":{"_acf_changed":false,"footnotes":""},"class_list":["post-619","page","type-page","status-publish","hentry"],"acf":[],"_links":{"self":[{"href":"https:\/\/help.unhcr.org\/serbia\/es\/wp-json\/wp\/v2\/pages\/619","targetHints":{"allow":["GET"]}}],"collection":[{"href":"https:\/\/help.unhcr.org\/serbia\/es\/wp-json\/wp\/v2\/pages"}],"about":[{"href":"https:\/\/help.unhcr.org\/serbia\/es\/wp-json\/wp\/v2\/types\/page"}],"author":[{"embeddable":true,"href":"https:\/\/help.unhcr.org\/serbia\/es\/wp-json\/wp\/v2\/users\/1"}],"replies":[{"embeddable":true,"href":"https:\/\/help.unhcr.org\/serbia\/es\/wp-json\/wp\/v2\/comments?post=619"}],"version-history":[{"count":1,"href":"https:\/\/help.unhcr.org\/serbia\/es\/wp-json\/wp\/v2\/pages\/619\/revisions"}],"predecessor-version":[{"id":641,"href":"https:\/\/help.unhcr.org\/serbia\/es\/wp-json\/wp\/v2\/pages\/619\/revisions\/641"}],"wp:attachment":[{"href":"https:\/\/help.unhcr.org\/serbia\/es\/wp-json\/wp\/v2\/media?parent=619"}],"curies":[{"name":"wp","href":"https:\/\/api.w.org\/{rel}","templated":true}]}}