{"id":617,"date":"2019-10-30T14:18:25","date_gmt":"2019-10-30T14:18:25","guid":{"rendered":"https:\/\/help.unhcr.org\/serbia\/applying-for-asylum-in-serbia-2\/"},"modified":"2024-07-03T07:17:01","modified_gmt":"2024-07-03T07:17:01","slug":"applying-for-asylum-in-serbia-2","status":"publish","type":"page","link":"https:\/\/help.unhcr.org\/serbia\/es\/applying-for-asylum-in-serbia-2\/","title":{"rendered":"Asilo y protecci\u00f3n"},"content":{"rendered":"\n<div class=\"wp-block-columns is-layout-flex wp-container-core-columns-is-layout-9d6595d7 wp-block-columns-is-layout-flex\">\n<div class=\"wp-block-column is-layout-flow wp-block-column-is-layout-flow\" style=\"flex-basis:66.66%\">\n<p class=\"has-text-color has-background has-link-color wp-elements-9d551ce57de20ec3c1809b187c21cbd9\" style=\"color:#faeb00;background-color:#0072bc;font-size:22px\"><strong>\u00bfQu\u00e9 es asilo?<\/strong><\/p>\n\n\n\n<p class=\"has-white-color has-text-color has-background has-link-color has-medium-font-size wp-elements-466a0cf97858827a7be9284eecb59172\" style=\"background-color:#0072bc\">El asilo es una forma de protecci\u00f3n que permite a una persona o familia que teme persecuci\u00f3n o peligro en el pa\u00eds de origen permanecer en la Rep\u00fablica de Serbia y disfrutar de los derechos conexos. Seg\u00fan la Ley serbia, las personas que huyen de sus pa\u00edses por temor a persecuci\u00f3n o peligro pueden solicitar asilo.<\/p>\n<\/div>\n\n\n\n<div class=\"wp-block-column is-layout-flow wp-block-column-is-layout-flow\" style=\"flex-basis:33.33%\">\n<figure data-wp-context=\"{&quot;imageId&quot;:&quot;69d0542c0f4c7&quot;}\" data-wp-interactive=\"core\/image\" class=\"wp-block-image size-large is-resized wp-lightbox-container\"><img loading=\"lazy\" decoding=\"async\" width=\"722\" height=\"1024\" data-wp-class--hide=\"state.isContentHidden\" data-wp-class--show=\"state.isContentVisible\" data-wp-init=\"callbacks.setButtonStyles\" data-wp-on-async--click=\"actions.showLightbox\" data-wp-on-async--load=\"callbacks.setButtonStyles\" data-wp-on-async-window--resize=\"callbacks.setButtonStyles\" src=\"https:\/\/help.unhcr.org\/serbia\/wp-content\/uploads\/sites\/45\/2024\/05\/Screenshot-2024-05-27-at-01.23.07-722x1024.png\" alt=\"\" class=\"wp-image-627\" style=\"width:277px;height:auto\" srcset=\"https:\/\/help.unhcr.org\/serbia\/wp-content\/uploads\/sites\/45\/2024\/05\/Screenshot-2024-05-27-at-01.23.07-722x1024.png 722w, https:\/\/help.unhcr.org\/serbia\/wp-content\/uploads\/sites\/45\/2024\/05\/Screenshot-2024-05-27-at-01.23.07-211x300.png 211w, https:\/\/help.unhcr.org\/serbia\/wp-content\/uploads\/sites\/45\/2024\/05\/Screenshot-2024-05-27-at-01.23.07-768x1090.png 768w, https:\/\/help.unhcr.org\/serbia\/wp-content\/uploads\/sites\/45\/2024\/05\/Screenshot-2024-05-27-at-01.23.07-1082x1536.png 1082w, https:\/\/help.unhcr.org\/serbia\/wp-content\/uploads\/sites\/45\/2024\/05\/Screenshot-2024-05-27-at-01.23.07.png 1126w\" sizes=\"auto, (max-width: 722px) 100vw, 722px\" \/><button\n\t\t\tclass=\"lightbox-trigger\"\n\t\t\ttype=\"button\"\n\t\t\taria-haspopup=\"dialog\"\n\t\t\taria-label=\"Enlarge\"\n\t\t\tdata-wp-init=\"callbacks.initTriggerButton\"\n\t\t\tdata-wp-on-async--click=\"actions.showLightbox\"\n\t\t\tdata-wp-style--right=\"state.imageButtonRight\"\n\t\t\tdata-wp-style--top=\"state.imageButtonTop\"\n\t\t>\n\t\t\t<svg xmlns=\"http:\/\/www.w3.org\/2000\/svg\" width=\"12\" height=\"12\" fill=\"none\" viewBox=\"0 0 12 12\">\n\t\t\t\t<path fill=\"#fff\" d=\"M2 0a2 2 0 0 0-2 2v2h1.5V2a.5.5 0 0 1 .5-.5h2V0H2Zm2 10.5H2a.5.5 0 0 1-.5-.5V8H0v2a2 2 0 0 0 2 2h2v-1.5ZM8 12v-1.5h2a.5.5 0 0 0 .5-.5V8H12v2a2 2 0 0 1-2 2H8Zm2-12a2 2 0 0 1 2 2v2h-1.5V2a.5.5 0 0 0-.5-.5H8V0h2Z\" \/>\n\t\t\t<\/svg>\n\t\t<\/button><\/figure>\n<\/div>\n<\/div>\n\n\n\n<hr class=\"wp-block-separator has-alpha-channel-opacity is-style-default\" \/>\n\n\n\n<p class=\"has-vivid-cyan-blue-color has-text-color has-link-color has-medium-font-size wp-elements-5ce38e855706edb146bfb927be90c1c7\"><strong><strong>Haga clic a continuaci\u00f3n para obtener m\u00e1s informaci\u00f3n sobre asilo y protecci\u00f3n en Serbia<\/strong>:<\/strong><\/p>\n","protected":false},"excerpt":{"rendered":"<p>\u00bfQu\u00e9 es asilo? El asilo es una forma de protecci\u00f3n que permite a una persona o familia que teme persecuci\u00f3n o peligro en el pa\u00eds de origen permanecer en la Rep\u00fablica de Serbia y disfrutar de los derechos conexos. Seg\u00fan la Ley serbia, las personas que huyen de sus pa\u00edses por temor a persecuci\u00f3n o [&hellip;]<\/p>\n","protected":false},"author":283,"featured_media":0,"parent":0,"menu_order":4,"comment_status":"closed","ping_status":"closed","template":"page-templates\/sectioned.php","meta":{"_acf_changed":false,"footnotes":""},"class_list":["post-617","page","type-page","status-publish","hentry"],"acf":[],"_links":{"self":[{"href":"https:\/\/help.unhcr.org\/serbia\/es\/wp-json\/wp\/v2\/pages\/617","targetHints":{"allow":["GET"]}}],"collection":[{"href":"https:\/\/help.unhcr.org\/serbia\/es\/wp-json\/wp\/v2\/pages"}],"about":[{"href":"https:\/\/help.unhcr.org\/serbia\/es\/wp-json\/wp\/v2\/types\/page"}],"author":[{"embeddable":true,"href":"https:\/\/help.unhcr.org\/serbia\/es\/wp-json\/wp\/v2\/users\/283"}],"replies":[{"embeddable":true,"href":"https:\/\/help.unhcr.org\/serbia\/es\/wp-json\/wp\/v2\/comments?post=617"}],"version-history":[{"count":3,"href":"https:\/\/help.unhcr.org\/serbia\/es\/wp-json\/wp\/v2\/pages\/617\/revisions"}],"predecessor-version":[{"id":847,"href":"https:\/\/help.unhcr.org\/serbia\/es\/wp-json\/wp\/v2\/pages\/617\/revisions\/847"}],"wp:attachment":[{"href":"https:\/\/help.unhcr.org\/serbia\/es\/wp-json\/wp\/v2\/media?parent=617"}],"curies":[{"name":"wp","href":"https:\/\/api.w.org\/{rel}","templated":true}]}}