{"id":616,"date":"2024-04-19T09:44:24","date_gmt":"2024-04-19T09:44:24","guid":{"rendered":"https:\/\/help.unhcr.org\/serbia\/living-in-serbia\/"},"modified":"2025-08-12T13:13:53","modified_gmt":"2025-08-12T13:13:53","slug":"living-in-serbia","status":"publish","type":"page","link":"https:\/\/help.unhcr.org\/serbia\/es\/living-in-serbia\/","title":{"rendered":"Vivir en Serbia"},"content":{"rendered":"\n<div class=\"wp-block-columns is-layout-flex wp-container-core-columns-is-layout-9d6595d7 wp-block-columns-is-layout-flex\">\n<div class=\"wp-block-column is-layout-flow wp-block-column-is-layout-flow\">\n<p class=\"has-text-color has-link-color has-medium-font-size wp-elements-181a3415700cbe30ba3e3f15db27035a\" style=\"color:#0072bc\"><strong><strong>Haga clic a continuaci\u00f3n para obtener m\u00e1s informaci\u00f3n sobre asilo y protecci\u00f3n en Serbia:<\/strong><\/strong><\/p>\n<\/div>\n<\/div>\n","protected":false},"excerpt":{"rendered":"<p>Haga clic a continuaci\u00f3n para obtener m\u00e1s informaci\u00f3n sobre asilo y protecci\u00f3n en Serbia:<\/p>\n","protected":false},"author":283,"featured_media":0,"parent":0,"menu_order":0,"comment_status":"closed","ping_status":"closed","template":"page-templates\/sectioned.php","meta":{"_acf_changed":false,"footnotes":""},"class_list":["post-616","page","type-page","status-publish","hentry"],"acf":[],"_links":{"self":[{"href":"https:\/\/help.unhcr.org\/serbia\/es\/wp-json\/wp\/v2\/pages\/616","targetHints":{"allow":["GET"]}}],"collection":[{"href":"https:\/\/help.unhcr.org\/serbia\/es\/wp-json\/wp\/v2\/pages"}],"about":[{"href":"https:\/\/help.unhcr.org\/serbia\/es\/wp-json\/wp\/v2\/types\/page"}],"author":[{"embeddable":true,"href":"https:\/\/help.unhcr.org\/serbia\/es\/wp-json\/wp\/v2\/users\/283"}],"replies":[{"embeddable":true,"href":"https:\/\/help.unhcr.org\/serbia\/es\/wp-json\/wp\/v2\/comments?post=616"}],"version-history":[{"count":6,"href":"https:\/\/help.unhcr.org\/serbia\/es\/wp-json\/wp\/v2\/pages\/616\/revisions"}],"predecessor-version":[{"id":1401,"href":"https:\/\/help.unhcr.org\/serbia\/es\/wp-json\/wp\/v2\/pages\/616\/revisions\/1401"}],"wp:attachment":[{"href":"https:\/\/help.unhcr.org\/serbia\/es\/wp-json\/wp\/v2\/media?parent=616"}],"curies":[{"name":"wp","href":"https:\/\/api.w.org\/{rel}","templated":true}]}}