{"id":615,"date":"2022-04-29T07:27:30","date_gmt":"2022-04-29T07:27:30","guid":{"rendered":"https:\/\/help.unhcr.org\/serbia\/important-advice\/"},"modified":"2024-05-26T23:46:27","modified_gmt":"2024-05-26T23:46:27","slug":"important-advice","status":"publish","type":"page","link":"https:\/\/help.unhcr.org\/serbia\/es\/important-advice\/","title":{"rendered":"Informaci\u00f3n para personas que huyen de Ucrania"},"content":{"rendered":"\n<p class=\"has-white-color has-text-color has-background has-link-color wp-elements-3ab1f458166ab85b867b5f9bc325f3ae\" style=\"background-color:#0072bc\">El Gobierno serbio concede protecci\u00f3n temporal a todas las personas que huyen de Ucrania, incluidos sus familiares, que ten\u00edan residencia legal en Ucrania. La protecci\u00f3n temporal para todas las personas que huyen de Ucrania se ha ampliado hasta el 18 de marzo de 2025.<\/p>\n\n\n\n<p>Esto aplica a:<\/p>\n\n\n\n<ul class=\"wp-block-list\">\n<li>Ciudadanos de Ucrania y sus familiares que residen en Ucrania;<\/li>\n\n\n\n<li>Solicitantes de asilo, ap\u00e1tridas y ciudadanos extranjeros a quienes se les ha concedido asilo o protecci\u00f3n nacional equivalente, y sus familiares que ten\u00edan residencia legal en Ucrania;<\/li>\n\n\n\n<li>Ciudadanos extranjeros, con estancia permanente o temporal en Ucrania, que no puedan regresar de forma segura a su pa\u00eds de origen.<\/li>\n<\/ul>\n\n\n\n<p>Si viene de Ucrania y necesita alojamiento, el Comisariado Serbio para Refugiados y Migraciones puede proporcion\u00e1rselo en el centro designado para los nacionales de Ucrania. En este centro recibir\u00e1 informaci\u00f3n, alimentaci\u00f3n, atenci\u00f3n sanitaria, ropa, calzado, packs de higiene, actividades educativas y laborales, educaci\u00f3n para sus hijos, conexi\u00f3n a Internet, apoyo psicol\u00f3gico, y acceso a otros derechos y servicios.<\/p>\n\n\n\n<p><strong>Comisariado para Refugiados y Migraciones de la Rep\u00fablica de Serbia<\/strong><\/p>\n\n\n\n<p><strong>N\u00famero de tel\u00e9fono:<\/strong> +381 (0) 64 828 3171<br><strong>Correo electr\u00f3nico<\/strong>: <a href=\"mailto:kirsteam.ukraine@kirs.gov.rs\">kirsteam.ukraine@kirs.gov.rs<\/a><\/p>\n\n\n\n<p>Si vive en un alojamiento privado y tiene dudas o necesita informaci\u00f3n, puede contactar con el S\u00edndico de Refugiados y Migraciones del municipio donde se registre. El Fideicomisario le dar\u00e1 toda la informaci\u00f3n relevante.<\/p>\n\n\n\n<p><\/p>\n","protected":false},"excerpt":{"rendered":"<p>El Gobierno serbio concede protecci\u00f3n temporal a todas las personas que huyen de Ucrania, incluidos sus familiares, que ten\u00edan residencia legal en Ucrania. La protecci\u00f3n temporal para todas las personas que huyen de Ucrania se ha ampliado hasta el 18 de marzo de 2025. Esto aplica a: Si viene de Ucrania y necesita alojamiento, el [&hellip;]<\/p>\n","protected":false},"author":283,"featured_media":0,"parent":0,"menu_order":0,"comment_status":"closed","ping_status":"closed","template":"","meta":{"_acf_changed":false,"footnotes":""},"class_list":["post-615","page","type-page","status-publish","hentry"],"acf":[],"_links":{"self":[{"href":"https:\/\/help.unhcr.org\/serbia\/es\/wp-json\/wp\/v2\/pages\/615","targetHints":{"allow":["GET"]}}],"collection":[{"href":"https:\/\/help.unhcr.org\/serbia\/es\/wp-json\/wp\/v2\/pages"}],"about":[{"href":"https:\/\/help.unhcr.org\/serbia\/es\/wp-json\/wp\/v2\/types\/page"}],"author":[{"embeddable":true,"href":"https:\/\/help.unhcr.org\/serbia\/es\/wp-json\/wp\/v2\/users\/283"}],"replies":[{"embeddable":true,"href":"https:\/\/help.unhcr.org\/serbia\/es\/wp-json\/wp\/v2\/comments?post=615"}],"version-history":[{"count":1,"href":"https:\/\/help.unhcr.org\/serbia\/es\/wp-json\/wp\/v2\/pages\/615\/revisions"}],"predecessor-version":[{"id":640,"href":"https:\/\/help.unhcr.org\/serbia\/es\/wp-json\/wp\/v2\/pages\/615\/revisions\/640"}],"wp:attachment":[{"href":"https:\/\/help.unhcr.org\/serbia\/es\/wp-json\/wp\/v2\/media?parent=615"}],"curies":[{"name":"wp","href":"https:\/\/api.w.org\/{rel}","templated":true}]}}