{"id":614,"date":"2024-04-19T11:28:58","date_gmt":"2024-04-19T11:28:58","guid":{"rendered":"https:\/\/help.unhcr.org\/serbia\/faq\/"},"modified":"2024-07-03T07:13:05","modified_gmt":"2024-07-03T07:13:05","slug":"faq","status":"publish","type":"page","link":"https:\/\/help.unhcr.org\/serbia\/es\/faq\/","title":{"rendered":"Preguntas y respuestas frecuentes"},"content":{"rendered":"\n<p class=\"has-text-color has-link-color has-medium-font-size wp-elements-b91f6407c3d49a28cd4d0b3a68a9f482\" style=\"color:#0072bc\"><strong><strong>Haga clic a continuaci\u00f3n para obtener m\u00e1s informaci\u00f3n<\/strong><\/strong>:<\/p>\n","protected":false},"excerpt":{"rendered":"<p>Haga clic a continuaci\u00f3n para obtener m\u00e1s informaci\u00f3n:<\/p>\n","protected":false},"author":283,"featured_media":0,"parent":0,"menu_order":0,"comment_status":"closed","ping_status":"closed","template":"page-templates\/sectioned.php","meta":{"_acf_changed":false,"footnotes":""},"class_list":["post-614","page","type-page","status-publish","hentry"],"acf":[],"_links":{"self":[{"href":"https:\/\/help.unhcr.org\/serbia\/es\/wp-json\/wp\/v2\/pages\/614","targetHints":{"allow":["GET"]}}],"collection":[{"href":"https:\/\/help.unhcr.org\/serbia\/es\/wp-json\/wp\/v2\/pages"}],"about":[{"href":"https:\/\/help.unhcr.org\/serbia\/es\/wp-json\/wp\/v2\/types\/page"}],"author":[{"embeddable":true,"href":"https:\/\/help.unhcr.org\/serbia\/es\/wp-json\/wp\/v2\/users\/283"}],"replies":[{"embeddable":true,"href":"https:\/\/help.unhcr.org\/serbia\/es\/wp-json\/wp\/v2\/comments?post=614"}],"version-history":[{"count":2,"href":"https:\/\/help.unhcr.org\/serbia\/es\/wp-json\/wp\/v2\/pages\/614\/revisions"}],"predecessor-version":[{"id":843,"href":"https:\/\/help.unhcr.org\/serbia\/es\/wp-json\/wp\/v2\/pages\/614\/revisions\/843"}],"wp:attachment":[{"href":"https:\/\/help.unhcr.org\/serbia\/es\/wp-json\/wp\/v2\/media?parent=614"}],"curies":[{"name":"wp","href":"https:\/\/api.w.org\/{rel}","templated":true}]}}