{"id":613,"date":"2024-04-19T09:22:13","date_gmt":"2024-04-19T09:22:13","guid":{"rendered":"https:\/\/help.unhcr.org\/serbia\/experiencing-violence-need-help\/"},"modified":"2025-05-08T09:43:32","modified_gmt":"2025-05-08T09:43:32","slug":"experiencing-violence-need-help","status":"publish","type":"page","link":"https:\/\/help.unhcr.org\/serbia\/es\/experiencing-violence-need-help\/","title":{"rendered":"?\u00a0 \u00bfExperimenta violencia? \u00bfNecesita ayuda?"},"content":{"rendered":"\n<div class=\"wp-block-columns is-layout-flex wp-container-core-columns-is-layout-9d6595d7 wp-block-columns-is-layout-flex\">\n<div class=\"wp-block-column is-layout-flow wp-block-column-is-layout-flow\">\n<div class=\"wp-block-columns is-layout-flex wp-container-core-columns-is-layout-9d6595d7 wp-block-columns-is-layout-flex\">\n<div class=\"wp-block-column has-white-color has-text-color has-background has-link-color wp-elements-f1421e7975be6bbee5c0c951316e5867 is-layout-flow wp-block-column-is-layout-flow\" style=\"background-color:#0072bc\">\n<p><strong><span style=\"text-decoration: underline\">Polic\u00eda<\/span><\/strong><br><strong>N\u00famero de tel\u00e9fono de emergencia: 192<\/strong><\/p>\n\n\n\n<p><strong>N\u00fameros de tel\u00e9fono<\/strong>: +381 (0) 11 247 10 19; +381 (0) 64 724 10 19<br><strong>Correo electr\u00f3nico: <\/strong><a href=\"mailto:ukp@mup.gov.rs\">ukp@mup.gov.rs<\/a><\/p>\n<\/div>\n\n\n\n<div class=\"wp-block-column has-white-color has-text-color has-background has-link-color wp-elements-1cc32ea1536d41f4a29074a099b7460c is-layout-flow wp-block-column-is-layout-flow\" style=\"background-color:#0072bc\">\n<p><span style=\"text-decoration: underline\"><strong>Centro de Protecci\u00f3n para V\u00edctimas de Trata de Personas<\/strong><br><\/span><strong>N\u00famero de tel\u00e9fono:<\/strong> +381 (0) 63 610 590<br><strong>Correo electr\u00f3nico:<\/strong> <a href=\"mailto:centar@centarzztlj.rs%20%0b\">centar@centarzztlj.rs<br><\/a><strong>P\u00e1gina web<\/strong>: <a href=\"https:\/\/centarzztlj.rs\/informacije-za-zrtve\/\">http:\/\/centarzztlj.rs\/informacije-za-zrtve\/<\/a><\/p>\n<\/div>\n<\/div>\n\n\n\n<hr class=\"wp-block-separator has-alpha-channel-opacity is-style-default\"\/>\n\n\n\n<div class=\"wp-block-columns is-layout-flex wp-container-core-columns-is-layout-9d6595d7 wp-block-columns-is-layout-flex\">\n<div class=\"wp-block-column has-white-color has-text-color has-background has-link-color wp-elements-7037a1d8409633220a4cb57a630a8451 is-layout-flow wp-block-column-is-layout-flow\" style=\"background-color:#0072bc\">\n<p><strong><span style=\"text-decoration: underline\">IDEAS \u2013 Asistencia jur\u00eddica gratuita<br><\/span><\/strong><br>Si se encuentra en un aeropuerto de Serbia, puede acceder a la asistencia jur\u00eddica gratuita, y solicitar asilo poni\u00e9ndose en contacto con la organizaci\u00f3n asociada del ACNUR, IDEAS. Tambi\u00e9n hay carteles con informaci\u00f3n sobre la asistencia jur\u00eddica y los datos de contacto en el aeropuerto.<br><br><strong>N\u00famero de tel\u00e9fono<\/strong>: + 381 (0) 69 565 7254<br><strong>Correo electr\u00f3nico<\/strong>: <a href=\"mailto:legalaid@ideje.rs\">legalaid@ideje.rs<\/a><br><strong>P\u00e1gina web<\/strong>: <a href=\"https:\/\/ideje.rs\/kontakt-2\/\">https:\/\/ideje.rs\/kontakt-2\/<\/a> &nbsp;<\/p>\n<\/div>\n\n\n\n<div class=\"wp-block-column has-white-color has-text-color has-background has-link-color wp-elements-899b5dfcb12a0c282aa931b60b836500 is-layout-flow wp-block-column-is-layout-flow\" style=\"background-color:#0072bc\">\n<p><strong><span style=\"text-decoration: underline\">Astra<\/span><\/strong><\/p>\n\n\n\n<p>ASTRA es una ONG local dedicada a la erradicaci\u00f3n de todas las formas de trata de seres humanos. ASTRA apoya a todas las categor\u00edas de sobrevivientes: mujeres, ni\u00f1os y hombres, incluso mediante la asistencia directa a las v\u00edctimas. ASTRA ayuda a los supervivientes de la trata, y proporciona informaci\u00f3n sobre la prevenci\u00f3n de la trata.<\/p>\n\n\n\n<p><br><strong>N\u00famero de tel\u00e9fono:<\/strong> +381 (0) 11 785 0000<br><strong>Correo electr\u00f3nico<\/strong><strong>:<\/strong> <a href=\"mailto:sos@astra.rs\">sos@astra.rs<br><\/a><strong>P\u00e1gina web: <\/strong><a href=\"https:\/\/astra.rs\/en\/report-the-case\/\">https:\/\/astra.rs\/en\/report-the-case\/<\/a><\/p>\n<\/div>\n<\/div>\n\n\n\n<hr class=\"wp-block-separator has-alpha-channel-opacity\"\/>\n<\/div>\n<\/div>\n\n\n\n<div class=\"wp-block-columns is-layout-flex wp-container-core-columns-is-layout-9d6595d7 wp-block-columns-is-layout-flex\">\n<div class=\"wp-block-column has-white-color has-text-color has-background has-link-color wp-elements-7bdfdf813e84d9e6d3866482375db2c4 is-layout-flow wp-block-column-is-layout-flow\" style=\"background-color:#0072bc\">\n<p><strong><span style=\"text-decoration: underline\">Atina<\/span>&nbsp;<\/strong>&nbsp;<\/p>\n\n\n\n<p>Atina es una asociaci\u00f3n para luchar contra la trata de seres humanos y todas las formas de violencia de g\u00e9nero. Ayuda a satisfacer las necesidades b\u00e1sicas (incluido el alojamiento), intercede en el ejercicio de los derechos correspondientes (incluida la ayuda para la obtenci\u00f3n de los documentos personales; la cooperaci\u00f3n con las instituciones pertinentes; la inscripci\u00f3n escolar, y la ayuda en el empleo); proporciona la asistencia psicosocial, jur\u00eddica y m\u00e9dica, la mediaci\u00f3n familiar y los servicios de consulta, y trabaja en la plena recuperaci\u00f3n e integraci\u00f3n de los supervivientes.<br><br><strong>N\u00famero de tel\u00e9fono:<\/strong> +381 (0) 61 63 84 071<br><strong>Correo electr\u00f3nico<\/strong>: <a href=\"mailto:office@atina.org.rs\">office@atina.org.rs<br><\/a><strong>P\u00e1gina web: <\/strong><a href=\"http:\/\/www.atina.org.rs\/en\">http:\/\/www.atina.org.rs\/en<\/a><\/p>\n<\/div>\n\n\n\n<div class=\"wp-block-column is-layout-flow wp-block-column-is-layout-flow\"><\/div>\n<\/div>\n\n\n\n<p>Quienes han sufrido violencia o trauma pueden buscar ayuda del Comisariado de Refugiados y Migraci\u00f3n de Serbia si se alojan en las instalaciones gubernamentales, o de la polic\u00eda, los servicios sociales, las ONG u otros proveedores de servicios si residen en otro lugar. Luego, estas organizaciones los conectar\u00e1n con el apoyo necesario para cuestiones de salud, legales, psicosociales, y de seguridad.<\/p>\n","protected":false},"excerpt":{"rendered":"<p>Polic\u00edaN\u00famero de tel\u00e9fono de emergencia: 192 N\u00fameros de tel\u00e9fono: +381 (0) 11 247 10 19; +381 (0) 64 724 10 19Correo electr\u00f3nico: ukp@mup.gov.rs Centro de Protecci\u00f3n para V\u00edctimas de Trata de PersonasN\u00famero de tel\u00e9fono: +381 (0) 63 610 590Correo electr\u00f3nico: centar@centarzztlj.rsP\u00e1gina web: http:\/\/centarzztlj.rs\/informacije-za-zrtve\/ IDEAS \u2013 Asistencia jur\u00eddica gratuitaSi se encuentra en un aeropuerto de Serbia, [&hellip;]<\/p>\n","protected":false},"author":283,"featured_media":0,"parent":0,"menu_order":0,"comment_status":"closed","ping_status":"closed","template":"page-templates\/listing_page.php","meta":{"_acf_changed":false,"footnotes":""},"class_list":["post-613","page","type-page","status-publish","hentry"],"acf":[],"_links":{"self":[{"href":"https:\/\/help.unhcr.org\/serbia\/es\/wp-json\/wp\/v2\/pages\/613","targetHints":{"allow":["GET"]}}],"collection":[{"href":"https:\/\/help.unhcr.org\/serbia\/es\/wp-json\/wp\/v2\/pages"}],"about":[{"href":"https:\/\/help.unhcr.org\/serbia\/es\/wp-json\/wp\/v2\/types\/page"}],"author":[{"embeddable":true,"href":"https:\/\/help.unhcr.org\/serbia\/es\/wp-json\/wp\/v2\/users\/283"}],"replies":[{"embeddable":true,"href":"https:\/\/help.unhcr.org\/serbia\/es\/wp-json\/wp\/v2\/comments?post=613"}],"version-history":[{"count":3,"href":"https:\/\/help.unhcr.org\/serbia\/es\/wp-json\/wp\/v2\/pages\/613\/revisions"}],"predecessor-version":[{"id":1263,"href":"https:\/\/help.unhcr.org\/serbia\/es\/wp-json\/wp\/v2\/pages\/613\/revisions\/1263"}],"wp:attachment":[{"href":"https:\/\/help.unhcr.org\/serbia\/es\/wp-json\/wp\/v2\/media?parent=613"}],"curies":[{"name":"wp","href":"https:\/\/api.w.org\/{rel}","templated":true}]}}