{"id":612,"date":"2024-04-19T10:54:04","date_gmt":"2024-04-19T10:54:04","guid":{"rendered":"https:\/\/help.unhcr.org\/serbia\/data-protection\/"},"modified":"2024-05-26T23:48:33","modified_gmt":"2024-05-26T23:48:33","slug":"data-protection","status":"publish","type":"page","link":"https:\/\/help.unhcr.org\/serbia\/es\/data-protection\/","title":{"rendered":"Protecci\u00f3n de Datos"},"content":{"rendered":"\n<p>La informaci\u00f3n y los datos que usted revela al personal de ACNUR y sus socios se consideran confidenciales y se utilizan con precauci\u00f3n, dependiendo de su consentimiento informado. No se compartir\u00e1 ni con las autoridades ni con ninguna otra parte sin su permiso expl\u00edcito. Es por eso que se le pedir\u00e1 que firme un consentimiento por escrito aceptando compartir sus datos personales con ACNUR.<\/p>\n","protected":false},"excerpt":{"rendered":"<p>La informaci\u00f3n y los datos que usted revela al personal de ACNUR y sus socios se consideran confidenciales y se utilizan con precauci\u00f3n, dependiendo de su consentimiento informado. No se compartir\u00e1 ni con las autoridades ni con ninguna otra parte sin su permiso expl\u00edcito. Es por eso que se le pedir\u00e1 que firme un consentimiento [&hellip;]<\/p>\n","protected":false},"author":283,"featured_media":0,"parent":0,"menu_order":0,"comment_status":"closed","ping_status":"closed","template":"","meta":{"_acf_changed":false,"footnotes":""},"class_list":["post-612","page","type-page","status-publish","hentry"],"acf":[],"_links":{"self":[{"href":"https:\/\/help.unhcr.org\/serbia\/es\/wp-json\/wp\/v2\/pages\/612","targetHints":{"allow":["GET"]}}],"collection":[{"href":"https:\/\/help.unhcr.org\/serbia\/es\/wp-json\/wp\/v2\/pages"}],"about":[{"href":"https:\/\/help.unhcr.org\/serbia\/es\/wp-json\/wp\/v2\/types\/page"}],"author":[{"embeddable":true,"href":"https:\/\/help.unhcr.org\/serbia\/es\/wp-json\/wp\/v2\/users\/283"}],"replies":[{"embeddable":true,"href":"https:\/\/help.unhcr.org\/serbia\/es\/wp-json\/wp\/v2\/comments?post=612"}],"version-history":[{"count":1,"href":"https:\/\/help.unhcr.org\/serbia\/es\/wp-json\/wp\/v2\/pages\/612\/revisions"}],"predecessor-version":[{"id":642,"href":"https:\/\/help.unhcr.org\/serbia\/es\/wp-json\/wp\/v2\/pages\/612\/revisions\/642"}],"wp:attachment":[{"href":"https:\/\/help.unhcr.org\/serbia\/es\/wp-json\/wp\/v2\/media?parent=612"}],"curies":[{"name":"wp","href":"https:\/\/api.w.org\/{rel}","templated":true}]}}