{"id":608,"date":"2024-04-19T09:49:57","date_gmt":"2024-04-19T09:49:57","guid":{"rendered":"https:\/\/help.unhcr.org\/serbia\/children-and-youth\/"},"modified":"2024-05-26T23:45:44","modified_gmt":"2024-05-26T23:45:44","slug":"children-and-youth","status":"publish","type":"page","link":"https:\/\/help.unhcr.org\/serbia\/es\/children-and-youth\/","title":{"rendered":"Ni\u00f1os y J\u00f3venes"},"content":{"rendered":"\n<p class=\"has-white-color has-text-color has-background has-link-color wp-elements-e26370e4dd37ea42efe81c3a4b0cc2be\" style=\"background-color:#0072bc\">La protecci\u00f3n infantil es un componente muy importante del mandato m\u00e1s amplio de protecci\u00f3n del ACNUR. ACNUR se esfuerza por garantizar que los ni\u00f1os de su competencia tengan acceso a los sistemas nacionales de protecci\u00f3n infantil en cooperaci\u00f3n y coordinaci\u00f3n con el sistema administrado por el gobierno y actores no gubernamentales. Si eres menor de 18 a\u00f1os y est\u00e1s solo, busca ayuda en los centros de asilo o de acogida y te derivar\u00e1n a asistencia y servicios que puedan ayudarte.<\/p>\n\n\n\n<div data-wp-interactive=\"core\/file\" class=\"wp-block-file\"><object data-wp-bind--hidden=\"!state.hasPdfPreview\" hidden class=\"wp-block-file__embed\" data=\"https:\/\/help.unhcr.org\/serbia\/wp-content\/uploads\/sites\/45\/2024\/04\/Parenting-advices-protecting-children-during-a-crisis_ENG-1.pdf\" type=\"application\/pdf\" style=\"width:100%;height:600px\" aria-label=\"Embed of Parenting-advices-protecting-children-during-a-crisis_ENG-1.\"><\/object><a id=\"wp-block-file--media-a90cb422-0179-4d5a-8362-9078e008567a\" href=\"https:\/\/help.unhcr.org\/serbia\/wp-content\/uploads\/sites\/45\/2024\/04\/Parenting-advices-protecting-children-during-a-crisis_ENG-1.pdf\">Parenting-advices-protecting-children-during-a-crisis_ENG-1<\/a><a href=\"https:\/\/help.unhcr.org\/serbia\/wp-content\/uploads\/sites\/45\/2024\/04\/Parenting-advices-protecting-children-during-a-crisis_ENG-1.pdf\" class=\"wp-block-file__button wp-element-button\" download aria-describedby=\"wp-block-file--media-a90cb422-0179-4d5a-8362-9078e008567a\">Download<\/a><\/div>\n\n\n\n<p><\/p>\n\n\n\n<p class=\"has-text-color has-link-color has-medium-font-size wp-elements-ddc53bc7b2219608acb607b13812327e\" style=\"color:#0072bc\"><strong><strong>Haga clic a continuaci\u00f3n para obtener m\u00e1s informaci\u00f3n:<\/strong><\/strong><\/p>\n","protected":false},"excerpt":{"rendered":"<p>La protecci\u00f3n infantil es un componente muy importante del mandato m\u00e1s amplio de protecci\u00f3n del ACNUR. ACNUR se esfuerza por garantizar que los ni\u00f1os de su competencia tengan acceso a los sistemas nacionales de protecci\u00f3n infantil en cooperaci\u00f3n y coordinaci\u00f3n con el sistema administrado por el gobierno y actores no gubernamentales. Si eres menor de [&hellip;]<\/p>\n","protected":false},"author":283,"featured_media":0,"parent":0,"menu_order":0,"comment_status":"closed","ping_status":"closed","template":"page-templates\/sectioned.php","meta":{"_acf_changed":false,"footnotes":""},"class_list":["post-608","page","type-page","status-publish","hentry"],"acf":[],"_links":{"self":[{"href":"https:\/\/help.unhcr.org\/serbia\/es\/wp-json\/wp\/v2\/pages\/608","targetHints":{"allow":["GET"]}}],"collection":[{"href":"https:\/\/help.unhcr.org\/serbia\/es\/wp-json\/wp\/v2\/pages"}],"about":[{"href":"https:\/\/help.unhcr.org\/serbia\/es\/wp-json\/wp\/v2\/types\/page"}],"author":[{"embeddable":true,"href":"https:\/\/help.unhcr.org\/serbia\/es\/wp-json\/wp\/v2\/users\/283"}],"replies":[{"embeddable":true,"href":"https:\/\/help.unhcr.org\/serbia\/es\/wp-json\/wp\/v2\/comments?post=608"}],"version-history":[{"count":1,"href":"https:\/\/help.unhcr.org\/serbia\/es\/wp-json\/wp\/v2\/pages\/608\/revisions"}],"predecessor-version":[{"id":639,"href":"https:\/\/help.unhcr.org\/serbia\/es\/wp-json\/wp\/v2\/pages\/608\/revisions\/639"}],"wp:attachment":[{"href":"https:\/\/help.unhcr.org\/serbia\/es\/wp-json\/wp\/v2\/media?parent=608"}],"curies":[{"name":"wp","href":"https:\/\/api.w.org\/{rel}","templated":true}]}}