{"id":606,"date":"2019-10-30T11:02:36","date_gmt":"2019-10-30T11:02:36","guid":{"rendered":"https:\/\/help.unhcr.org\/serbia\/welcome\/"},"modified":"2025-02-20T17:12:18","modified_gmt":"2025-02-20T17:12:18","slug":"welcome","status":"publish","type":"page","link":"https:\/\/help.unhcr.org\/serbia\/es\/","title":{"rendered":"P\u00e1gina de bienvenida"},"content":{"rendered":"\n<p class=\"has-text-align-center has-white-color has-text-color has-background has-link-color wp-elements-748fab67210fb1410143027df9674b8b\" style=\"background-color:#0072bc\">La p\u00e1gina web<a href=\"http:\/\/help.unhcr.org\/serbia\/es\"> <span style=\"text-decoration: underline\">help.unhcr.org\/serbia\/es<\/span><\/a> para refugiados y solicitantes de asilo en la Rep\u00fablica de Serbia, es un lugar donde encontrar\u00e1 respuestas concisas sobre las cuestiones m\u00e1s cr\u00edticas relacionadas con su situaci\u00f3n.<\/p>\n\n\n\n<figure class=\"wp-block-image size-large\"><img loading=\"lazy\" decoding=\"async\" width=\"1024\" height=\"520\" src=\"https:\/\/help.unhcr.org\/serbia\/wp-content\/uploads\/sites\/45\/2025\/02\/Blue-chatbot-banner-1024x520.png\" alt=\"\" class=\"wp-image-1233\" srcset=\"https:\/\/help.unhcr.org\/serbia\/wp-content\/uploads\/sites\/45\/2025\/02\/Blue-chatbot-banner-1024x520.png 1024w, https:\/\/help.unhcr.org\/serbia\/wp-content\/uploads\/sites\/45\/2025\/02\/Blue-chatbot-banner-300x152.png 300w, https:\/\/help.unhcr.org\/serbia\/wp-content\/uploads\/sites\/45\/2025\/02\/Blue-chatbot-banner-768x390.png 768w, https:\/\/help.unhcr.org\/serbia\/wp-content\/uploads\/sites\/45\/2025\/02\/Blue-chatbot-banner-1536x780.png 1536w, https:\/\/help.unhcr.org\/serbia\/wp-content\/uploads\/sites\/45\/2025\/02\/Blue-chatbot-banner-2048x1040.png 2048w\" sizes=\"auto, (max-width: 1024px) 100vw, 1024px\" \/><\/figure>\n\n\n\n<hr class=\"wp-block-separator has-alpha-channel-opacity\" \/>\n\n\n\n<div class=\"wp-block-columns is-layout-flex wp-container-core-columns-is-layout-9d6595d7 wp-block-columns-is-layout-flex\">\n<div class=\"wp-block-column has-white-color has-text-color has-background has-link-color wp-elements-6671903c9e2ad53d34302e5d68c080c2 is-layout-flow wp-block-column-is-layout-flow\" style=\"background-color:#0072bc\"><div class=\"wp-block-image\">\n<figure class=\"aligncenter size-full is-resized\"><a href=\"https:\/\/help.unhcr.org\/serbia\/es\/applying-for-asylum-in-serbia\/\"><img loading=\"lazy\" decoding=\"async\" width=\"625\" height=\"625\" src=\"https:\/\/help.unhcr.org\/serbia\/wp-content\/uploads\/sites\/45\/2024\/04\/Artboard-1-1.png\" alt=\"\" class=\"wp-image-368\" style=\"width:126px\" srcset=\"https:\/\/help.unhcr.org\/serbia\/wp-content\/uploads\/sites\/45\/2024\/04\/Artboard-1-1.png 625w, https:\/\/help.unhcr.org\/serbia\/wp-content\/uploads\/sites\/45\/2024\/04\/Artboard-1-1-300x300.png 300w, https:\/\/help.unhcr.org\/serbia\/wp-content\/uploads\/sites\/45\/2024\/04\/Artboard-1-1-150x150.png 150w\" sizes=\"auto, (max-width: 625px) 100vw, 625px\" \/><\/a><\/figure><\/div>\n\n\n<p><\/p>\n\n\n\n<p><\/p>\n\n\n\n<div class=\"wp-block-buttons is-content-justification-center is-layout-flex wp-container-core-buttons-is-layout-16018d1d wp-block-buttons-is-layout-flex\">\n<div class=\"wp-block-button\"><a class=\"wp-block-button__link has-white-background-color has-background has-text-align-center wp-element-button\" href=\"https:\/\/help.unhcr.org\/serbia\/es\/applying-for-asylum-in-serbia-2\/\"><strong><strong>Asilo y protecci\u00f3n<\/strong><\/strong><\/a><\/div>\n<\/div>\n<\/div>\n\n\n\n<div class=\"wp-block-column has-white-color has-text-color has-background has-link-color wp-elements-9c1a8538cb4ec4d5fff69f1bd39444e7 is-layout-flow wp-block-column-is-layout-flow\" style=\"background-color:#0072bc\"><div class=\"wp-block-image\">\n<figure class=\"aligncenter size-full is-resized\"><a href=\"https:\/\/help.unhcr.org\/serbia\/es\/living-in-serbia\/\"><img loading=\"lazy\" decoding=\"async\" width=\"626\" height=\"625\" src=\"https:\/\/help.unhcr.org\/serbia\/wp-content\/uploads\/sites\/45\/2024\/04\/Artboard-2.png\" alt=\"\" class=\"wp-image-370\" style=\"width:126px\" srcset=\"https:\/\/help.unhcr.org\/serbia\/wp-content\/uploads\/sites\/45\/2024\/04\/Artboard-2.png 626w, https:\/\/help.unhcr.org\/serbia\/wp-content\/uploads\/sites\/45\/2024\/04\/Artboard-2-300x300.png 300w, https:\/\/help.unhcr.org\/serbia\/wp-content\/uploads\/sites\/45\/2024\/04\/Artboard-2-150x150.png 150w\" sizes=\"auto, (max-width: 626px) 100vw, 626px\" \/><\/a><\/figure><\/div>\n\n\n<p><\/p>\n\n\n\n<p><\/p>\n\n\n\n<div class=\"wp-block-buttons is-content-justification-center is-layout-flex wp-container-core-buttons-is-layout-16018d1d wp-block-buttons-is-layout-flex\">\n<div class=\"wp-block-button\"><a class=\"wp-block-button__link has-white-background-color has-background wp-element-button\" href=\"https:\/\/help.unhcr.org\/serbia\/es\/living-in-serbia\/\"><strong><strong>Vivir en Serbia<\/strong><\/strong><\/a><\/div>\n<\/div>\n<\/div>\n\n\n\n<div class=\"wp-block-column has-white-color has-text-color has-background has-link-color wp-elements-81dcb424e6f0dca4f6147e8dd58443af is-layout-flow wp-block-column-is-layout-flow\" style=\"background-color:#0072bc\"><div class=\"wp-block-image\">\n<figure class=\"aligncenter size-full is-resized\"><a href=\"https:\/\/help.unhcr.org\/serbia\/es\/children-and-youth\/\"><img loading=\"lazy\" decoding=\"async\" width=\"626\" height=\"625\" src=\"https:\/\/help.unhcr.org\/serbia\/wp-content\/uploads\/sites\/45\/2024\/04\/Artboard-3.png\" alt=\"\" class=\"wp-image-372\" style=\"width:126px\" srcset=\"https:\/\/help.unhcr.org\/serbia\/wp-content\/uploads\/sites\/45\/2024\/04\/Artboard-3.png 626w, https:\/\/help.unhcr.org\/serbia\/wp-content\/uploads\/sites\/45\/2024\/04\/Artboard-3-300x300.png 300w, https:\/\/help.unhcr.org\/serbia\/wp-content\/uploads\/sites\/45\/2024\/04\/Artboard-3-150x150.png 150w\" sizes=\"auto, (max-width: 626px) 100vw, 626px\" \/><\/a><\/figure><\/div>\n\n\n<p><\/p>\n\n\n\n<p><\/p>\n\n\n\n<div class=\"wp-block-buttons is-content-justification-center is-layout-flex wp-container-core-buttons-is-layout-16018d1d wp-block-buttons-is-layout-flex\">\n<div class=\"wp-block-button\"><a class=\"wp-block-button__link has-white-background-color has-background wp-element-button\" href=\"https:\/\/help.unhcr.org\/serbia\/es\/children-and-youth\/\"><strong><strong>Ni\u00f1os y J\u00f3venes<\/strong><\/strong><\/a><\/div>\n<\/div>\n<\/div>\n<\/div>\n\n\n\n<hr class=\"wp-block-separator has-alpha-channel-opacity is-style-dots\" \/>\n\n\n\n<div class=\"wp-block-columns is-layout-flex wp-container-core-columns-is-layout-9d6595d7 wp-block-columns-is-layout-flex\">\n<div class=\"wp-block-column has-white-color has-text-color has-background has-link-color wp-elements-1912d945386ebedeaf33cad2342ed8a0 is-layout-flow wp-block-column-is-layout-flow\" style=\"background-color:#0072bc\"><div class=\"wp-block-image\">\n<figure class=\"aligncenter size-full is-resized\"><a href=\"https:\/\/help.unhcr.org\/serbia\/es\/important-advice\/\"><img loading=\"lazy\" decoding=\"async\" width=\"625\" height=\"625\" src=\"https:\/\/help.unhcr.org\/serbia\/wp-content\/uploads\/sites\/45\/2024\/04\/Artboard-4.png\" alt=\"\" class=\"wp-image-374\" style=\"width:126px\" srcset=\"https:\/\/help.unhcr.org\/serbia\/wp-content\/uploads\/sites\/45\/2024\/04\/Artboard-4.png 625w, https:\/\/help.unhcr.org\/serbia\/wp-content\/uploads\/sites\/45\/2024\/04\/Artboard-4-300x300.png 300w, https:\/\/help.unhcr.org\/serbia\/wp-content\/uploads\/sites\/45\/2024\/04\/Artboard-4-150x150.png 150w\" sizes=\"auto, (max-width: 625px) 100vw, 625px\" \/><\/a><\/figure><\/div>\n\n\n<p><\/p>\n\n\n\n<p><\/p>\n\n\n\n<div class=\"wp-block-buttons is-content-justification-center is-layout-flex wp-container-core-buttons-is-layout-16018d1d wp-block-buttons-is-layout-flex\">\n<div class=\"wp-block-button\"><a class=\"wp-block-button__link has-white-background-color has-background wp-element-button\" href=\"https:\/\/help.unhcr.org\/serbia\/es\/important-advice\/\"><strong><strong>Informaci\u00f3n para personas que huyen de Ucrania<\/strong><\/strong><\/a><\/div>\n<\/div>\n<\/div>\n\n\n\n<div class=\"wp-block-column has-white-color has-text-color has-background has-link-color wp-elements-6347414b9ef0c97dfdc989599da92ae5 is-layout-flow wp-block-column-is-layout-flow\" style=\"background-color:#0072bc\"><div class=\"wp-block-image\">\n<figure class=\"aligncenter size-full is-resized\"><a href=\"https:\/\/help.unhcr.org\/serbia\/es\/special-procedures\/\"><img loading=\"lazy\" decoding=\"async\" width=\"626\" height=\"625\" src=\"https:\/\/help.unhcr.org\/serbia\/wp-content\/uploads\/sites\/45\/2024\/04\/Artboard-6.png\" alt=\"\" class=\"wp-image-376\" style=\"width:126px\" srcset=\"https:\/\/help.unhcr.org\/serbia\/wp-content\/uploads\/sites\/45\/2024\/04\/Artboard-6.png 626w, https:\/\/help.unhcr.org\/serbia\/wp-content\/uploads\/sites\/45\/2024\/04\/Artboard-6-300x300.png 300w, https:\/\/help.unhcr.org\/serbia\/wp-content\/uploads\/sites\/45\/2024\/04\/Artboard-6-150x150.png 150w\" sizes=\"auto, (max-width: 626px) 100vw, 626px\" \/><\/a><\/figure><\/div>\n\n\n<p><\/p>\n\n\n\n<p><\/p>\n\n\n\n<div class=\"wp-block-buttons is-content-justification-center is-layout-flex wp-container-core-buttons-is-layout-16018d1d wp-block-buttons-is-layout-flex\">\n<div class=\"wp-block-button\"><a class=\"wp-block-button__link has-white-background-color has-background wp-element-button\" href=\"https:\/\/help.unhcr.org\/serbia\/es\/special-procedures\/\"><strong><strong>Procedimientos Especiales<\/strong><\/strong><\/a><\/div>\n<\/div>\n<\/div>\n\n\n\n<div class=\"wp-block-column has-white-color has-text-color has-background has-link-color wp-elements-283cf46a429fe931356bab1d65d9efc3 is-layout-flow wp-block-column-is-layout-flow\" style=\"background-color:#0072bc\"><div class=\"wp-block-image\">\n<figure class=\"aligncenter size-full is-resized\"><a href=\"https:\/\/help.unhcr.org\/serbia\/es\/contact-us\/\"><img loading=\"lazy\" decoding=\"async\" width=\"626\" height=\"625\" src=\"https:\/\/help.unhcr.org\/serbia\/wp-content\/uploads\/sites\/45\/2024\/04\/Artboard-8-1.png\" alt=\"\" class=\"wp-image-451\" style=\"width:126px\" srcset=\"https:\/\/help.unhcr.org\/serbia\/wp-content\/uploads\/sites\/45\/2024\/04\/Artboard-8-1.png 626w, https:\/\/help.unhcr.org\/serbia\/wp-content\/uploads\/sites\/45\/2024\/04\/Artboard-8-1-300x300.png 300w, https:\/\/help.unhcr.org\/serbia\/wp-content\/uploads\/sites\/45\/2024\/04\/Artboard-8-1-150x150.png 150w\" sizes=\"auto, (max-width: 626px) 100vw, 626px\" \/><\/a><\/figure><\/div>\n\n\n<p><\/p>\n\n\n\n<p><\/p>\n\n\n\n<div class=\"wp-block-buttons is-content-justification-center is-layout-flex wp-container-core-buttons-is-layout-16018d1d wp-block-buttons-is-layout-flex\">\n<div class=\"wp-block-button\"><a class=\"wp-block-button__link has-white-background-color has-background wp-element-button\" href=\"https:\/\/help.unhcr.org\/serbia\/es\/contact-us\/\"><strong>Contacto<\/strong><\/a><\/div>\n<\/div>\n<\/div>\n<\/div>\n","protected":false},"excerpt":{"rendered":"<p>La p\u00e1gina web help.unhcr.org\/serbia\/es para refugiados y solicitantes de asilo en la Rep\u00fablica de Serbia, es un lugar donde encontrar\u00e1 respuestas concisas sobre las cuestiones m\u00e1s cr\u00edticas relacionadas con su situaci\u00f3n.<\/p>\n","protected":false},"author":1,"featured_media":0,"parent":0,"menu_order":0,"comment_status":"closed","ping_status":"closed","template":"page-templates\/listing_page.php","meta":{"_acf_changed":false,"footnotes":""},"class_list":["post-606","page","type-page","status-publish","hentry"],"acf":[],"_links":{"self":[{"href":"https:\/\/help.unhcr.org\/serbia\/es\/wp-json\/wp\/v2\/pages\/606","targetHints":{"allow":["GET"]}}],"collection":[{"href":"https:\/\/help.unhcr.org\/serbia\/es\/wp-json\/wp\/v2\/pages"}],"about":[{"href":"https:\/\/help.unhcr.org\/serbia\/es\/wp-json\/wp\/v2\/types\/page"}],"author":[{"embeddable":true,"href":"https:\/\/help.unhcr.org\/serbia\/es\/wp-json\/wp\/v2\/users\/1"}],"replies":[{"embeddable":true,"href":"https:\/\/help.unhcr.org\/serbia\/es\/wp-json\/wp\/v2\/comments?post=606"}],"version-history":[{"count":6,"href":"https:\/\/help.unhcr.org\/serbia\/es\/wp-json\/wp\/v2\/pages\/606\/revisions"}],"predecessor-version":[{"id":1241,"href":"https:\/\/help.unhcr.org\/serbia\/es\/wp-json\/wp\/v2\/pages\/606\/revisions\/1241"}],"wp:attachment":[{"href":"https:\/\/help.unhcr.org\/serbia\/es\/wp-json\/wp\/v2\/media?parent=606"}],"curies":[{"name":"wp","href":"https:\/\/api.w.org\/{rel}","templated":true}]}}