{"id":679,"date":"2024-04-19T10:49:20","date_gmt":"2024-04-19T10:49:20","guid":{"rendered":"https:\/\/help.unhcr.org\/serbia\/contact-us\/"},"modified":"2025-05-12T09:33:23","modified_gmt":"2025-05-12T09:33:23","slug":"contact-us","status":"publish","type":"page","link":"https:\/\/help.unhcr.org\/serbia\/ar\/contact-us\/","title":{"rendered":"\u0627\u062a\u0635\u0644 \u0628\u0646\u0627"},"content":{"rendered":"\n<div class=\"wp-block-columns is-layout-flex wp-container-core-columns-is-layout-9d6595d7 wp-block-columns-is-layout-flex\">\n<div class=\"wp-block-column has-white-color has-text-color has-background has-link-color wp-elements-b29f09c2f9aa77e29db5c9fe20aed1ef is-layout-flow wp-block-column-is-layout-flow\" style=\"background-color:#0072bc\">\n<p class=\"has-white-color has-text-color has-link-color has-medium-font-size wp-elements-72179eefdcd09810be81f6c3f42ade9d\"><strong>\u0627\u0644\u0645\u0641\u0648\u0636\u064a\u0629 \u0635\u0631\u0628\u064a\u0627<\/strong><\/p>\n\n\n\n<p>&nbsp;&nbsp;&nbsp;&nbsp;&nbsp;&nbsp;&nbsp;&nbsp; \u0627\u0644\u0639\u0646\u0648\u0627\u0646: Bulevar Zorana \u0110in\u0111i\u0107a 64 (\u0634\u0627\u0631\u0639 \u0632\u0648\u0631\u0627\u0646\u0627 \u062c\u0646\u062f\u064a\u062a\u0634\u0627)\u060c \u0628\u0644\u063a\u0631\u0627\u062f\u060c \u0635\u0631\u0628\u064a\u0627<\/p>\n\n\n\n<p>&nbsp;&nbsp;&nbsp;&nbsp;&nbsp;&nbsp;&nbsp;&nbsp; \u0627\u0644\u0647\u0627\u062a\u0641: 427 55 41 11 381<\/p>\n\n\n\n<p>&nbsp;&nbsp;&nbsp;&nbsp;&nbsp;&nbsp;&nbsp;&nbsp; \u0627\u0644\u0628\u0631\u064a\u062f \u0627\u0644\u0625\u0644\u0643\u062a\u0631\u0648\u0646\u064a: <a href=\"mailto:srbbe@unhcr.org\">srbbe@unhcr.org<\/a>&nbsp;<\/p>\n\n\n\n<p><strong>&nbsp;&nbsp;&nbsp;&nbsp;&nbsp;&nbsp;&nbsp;&nbsp; \u0645\u0646\u0635\u0627\u062a \u0627\u0644\u0648\u064a\u0628 \u0627\u0644\u062e\u0627\u0635\u0629 \u0628\u0627\u0644\u0645\u0641\u0648\u0636\u064a\u0629 \u0641\u064a \u0635\u0631\u0628\u064a\u0627:<\/strong><\/p>\n\n\n\n<p>\u0645\u0648\u0642\u0639 \u0627\u0644\u0645\u0641\u0648\u0636\u064a\u0629 \u0627\u0644\u0633\u0627\u0645\u064a\u0629 \u0644\u0644\u0623\u0645\u0645 \u0627\u0644\u0645\u062a\u062d\u062f\u0629 \u0644\u0634\u0624\u0648\u0646 \u0627\u0644\u0644\u0627\u062c\u0626\u064a\u0646 \u0641\u064a \u0635\u0631\u0628\u064a\u0627: <a href=\"http:\/\/www.unhcr.rs\/\">www.unhcr.rs<\/a><\/p>\n\n\n\n<ul class=\"wp-block-social-links is-layout-flex wp-block-social-links-is-layout-flex\"><li class=\"wp-social-link wp-social-link-facebook  wp-block-social-link\"><a href=\"https:\/\/www.facebook.com\/unhcrserbia\/\u00a0\" class=\"wp-block-social-link-anchor\"><svg width=\"24\" height=\"24\" viewBox=\"0 0 24 24\" version=\"1.1\" xmlns=\"http:\/\/www.w3.org\/2000\/svg\" aria-hidden=\"true\" focusable=\"false\"><path d=\"M12 2C6.5 2 2 6.5 2 12c0 5 3.7 9.1 8.4 9.9v-7H7.9V12h2.5V9.8c0-2.5 1.5-3.9 3.8-3.9 1.1 0 2.2.2 2.2.2v2.5h-1.3c-1.2 0-1.6.8-1.6 1.6V12h2.8l-.4 2.9h-2.3v7C18.3 21.1 22 17 22 12c0-5.5-4.5-10-10-10z\"><\/path><\/svg><span class=\"wp-block-social-link-label screen-reader-text\">Facebook<\/span><\/a><\/li>\n\n<li class=\"wp-social-link wp-social-link-instagram  wp-block-social-link\"><a href=\"https:\/\/www.instagram.com\/unhcrserbia\/?hl=en\" class=\"wp-block-social-link-anchor\"><svg width=\"24\" height=\"24\" viewBox=\"0 0 24 24\" version=\"1.1\" xmlns=\"http:\/\/www.w3.org\/2000\/svg\" aria-hidden=\"true\" focusable=\"false\"><path d=\"M12,4.622c2.403,0,2.688,0.009,3.637,0.052c0.877,0.04,1.354,0.187,1.671,0.31c0.42,0.163,0.72,0.358,1.035,0.673 c0.315,0.315,0.51,0.615,0.673,1.035c0.123,0.317,0.27,0.794,0.31,1.671c0.043,0.949,0.052,1.234,0.052,3.637 s-0.009,2.688-0.052,3.637c-0.04,0.877-0.187,1.354-0.31,1.671c-0.163,0.42-0.358,0.72-0.673,1.035 c-0.315,0.315-0.615,0.51-1.035,0.673c-0.317,0.123-0.794,0.27-1.671,0.31c-0.949,0.043-1.233,0.052-3.637,0.052 s-2.688-0.009-3.637-0.052c-0.877-0.04-1.354-0.187-1.671-0.31c-0.42-0.163-0.72-0.358-1.035-0.673 c-0.315-0.315-0.51-0.615-0.673-1.035c-0.123-0.317-0.27-0.794-0.31-1.671C4.631,14.688,4.622,14.403,4.622,12 s0.009-2.688,0.052-3.637c0.04-0.877,0.187-1.354,0.31-1.671c0.163-0.42,0.358-0.72,0.673-1.035 c0.315-0.315,0.615-0.51,1.035-0.673c0.317-0.123,0.794-0.27,1.671-0.31C9.312,4.631,9.597,4.622,12,4.622 M12,3 C9.556,3,9.249,3.01,8.289,3.054C7.331,3.098,6.677,3.25,6.105,3.472C5.513,3.702,5.011,4.01,4.511,4.511 c-0.5,0.5-0.808,1.002-1.038,1.594C3.25,6.677,3.098,7.331,3.054,8.289C3.01,9.249,3,9.556,3,12c0,2.444,0.01,2.751,0.054,3.711 c0.044,0.958,0.196,1.612,0.418,2.185c0.23,0.592,0.538,1.094,1.038,1.594c0.5,0.5,1.002,0.808,1.594,1.038 c0.572,0.222,1.227,0.375,2.185,0.418C9.249,20.99,9.556,21,12,21s2.751-0.01,3.711-0.054c0.958-0.044,1.612-0.196,2.185-0.418 c0.592-0.23,1.094-0.538,1.594-1.038c0.5-0.5,0.808-1.002,1.038-1.594c0.222-0.572,0.375-1.227,0.418-2.185 C20.99,14.751,21,14.444,21,12s-0.01-2.751-0.054-3.711c-0.044-0.958-0.196-1.612-0.418-2.185c-0.23-0.592-0.538-1.094-1.038-1.594 c-0.5-0.5-1.002-0.808-1.594-1.038c-0.572-0.222-1.227-0.375-2.185-0.418C14.751,3.01,14.444,3,12,3L12,3z M12,7.378 c-2.552,0-4.622,2.069-4.622,4.622S9.448,16.622,12,16.622s4.622-2.069,4.622-4.622S14.552,7.378,12,7.378z M12,15 c-1.657,0-3-1.343-3-3s1.343-3,3-3s3,1.343,3,3S13.657,15,12,15z M16.804,6.116c-0.596,0-1.08,0.484-1.08,1.08 s0.484,1.08,1.08,1.08c0.596,0,1.08-0.484,1.08-1.08S17.401,6.116,16.804,6.116z\"><\/path><\/svg><span class=\"wp-block-social-link-label screen-reader-text\">Instagram<\/span><\/a><\/li>\n\n<li class=\"wp-social-link wp-social-link-x  wp-block-social-link\"><a href=\"https:\/\/twitter.com\/UNHCRSerbia\u00a0\" class=\"wp-block-social-link-anchor\"><svg width=\"24\" height=\"24\" viewBox=\"0 0 24 24\" version=\"1.1\" xmlns=\"http:\/\/www.w3.org\/2000\/svg\" aria-hidden=\"true\" focusable=\"false\"><path d=\"M13.982 10.622 20.54 3h-1.554l-5.693 6.618L8.745 3H3.5l6.876 10.007L3.5 21h1.554l6.012-6.989L15.868 21h5.245l-7.131-10.378Zm-2.128 2.474-.697-.997-5.543-7.93H8l4.474 6.4.697.996 5.815 8.318h-2.387l-4.745-6.787Z\" \/><\/svg><span class=\"wp-block-social-link-label screen-reader-text\">X<\/span><\/a><\/li>\n\n<li class=\"wp-social-link wp-social-link-linkedin  wp-block-social-link\"><a href=\"https:\/\/www.linkedin.com\/company\/unhcr-serbia\/\" class=\"wp-block-social-link-anchor\"><svg width=\"24\" height=\"24\" viewBox=\"0 0 24 24\" version=\"1.1\" xmlns=\"http:\/\/www.w3.org\/2000\/svg\" aria-hidden=\"true\" focusable=\"false\"><path d=\"M19.7,3H4.3C3.582,3,3,3.582,3,4.3v15.4C3,20.418,3.582,21,4.3,21h15.4c0.718,0,1.3-0.582,1.3-1.3V4.3 C21,3.582,20.418,3,19.7,3z M8.339,18.338H5.667v-8.59h2.672V18.338z M7.004,8.574c-0.857,0-1.549-0.694-1.549-1.548 c0-0.855,0.691-1.548,1.549-1.548c0.854,0,1.547,0.694,1.547,1.548C8.551,7.881,7.858,8.574,7.004,8.574z M18.339,18.338h-2.669 v-4.177c0-0.996-0.017-2.278-1.387-2.278c-1.389,0-1.601,1.086-1.601,2.206v4.249h-2.667v-8.59h2.559v1.174h0.037 c0.356-0.675,1.227-1.387,2.526-1.387c2.703,0,3.203,1.779,3.203,4.092V18.338z\"><\/path><\/svg><span class=\"wp-block-social-link-label screen-reader-text\">LinkedIn<\/span><\/a><\/li>\n\n<li class=\"wp-social-link wp-social-link-youtube  wp-block-social-link\"><a href=\"https:\/\/www.youtube.com\/channel\/UCGivL75wlvoUItudXWjOkSA\" class=\"wp-block-social-link-anchor\"><svg width=\"24\" height=\"24\" viewBox=\"0 0 24 24\" version=\"1.1\" xmlns=\"http:\/\/www.w3.org\/2000\/svg\" aria-hidden=\"true\" focusable=\"false\"><path d=\"M21.8,8.001c0,0-0.195-1.378-0.795-1.985c-0.76-0.797-1.613-0.801-2.004-0.847c-2.799-0.202-6.997-0.202-6.997-0.202 h-0.009c0,0-4.198,0-6.997,0.202C4.608,5.216,3.756,5.22,2.995,6.016C2.395,6.623,2.2,8.001,2.2,8.001S2,9.62,2,11.238v1.517 c0,1.618,0.2,3.237,0.2,3.237s0.195,1.378,0.795,1.985c0.761,0.797,1.76,0.771,2.205,0.855c1.6,0.153,6.8,0.201,6.8,0.201 s4.203-0.006,7.001-0.209c0.391-0.047,1.243-0.051,2.004-0.847c0.6-0.607,0.795-1.985,0.795-1.985s0.2-1.618,0.2-3.237v-1.517 C22,9.62,21.8,8.001,21.8,8.001z M9.935,14.594l-0.001-5.62l5.404,2.82L9.935,14.594z\"><\/path><\/svg><span class=\"wp-block-social-link-label screen-reader-text\">YouTube<\/span><\/a><\/li><\/ul>\n<\/div>\n\n\n\n<div class=\"wp-block-column is-layout-flow wp-block-column-is-layout-flow\">\n<figure class=\"wp-block-image size-large\"><img loading=\"lazy\" decoding=\"async\" width=\"1024\" height=\"668\" src=\"https:\/\/help.unhcr.org\/serbia\/wp-content\/uploads\/sites\/45\/2025\/05\/UNHCR-partners-in-Serbia-2025-2-1024x668.png\" alt=\"\" class=\"wp-image-1300\" srcset=\"https:\/\/help.unhcr.org\/serbia\/wp-content\/uploads\/sites\/45\/2025\/05\/UNHCR-partners-in-Serbia-2025-2-1024x668.png 1024w, https:\/\/help.unhcr.org\/serbia\/wp-content\/uploads\/sites\/45\/2025\/05\/UNHCR-partners-in-Serbia-2025-2-300x196.png 300w, https:\/\/help.unhcr.org\/serbia\/wp-content\/uploads\/sites\/45\/2025\/05\/UNHCR-partners-in-Serbia-2025-2-768x501.png 768w, https:\/\/help.unhcr.org\/serbia\/wp-content\/uploads\/sites\/45\/2025\/05\/UNHCR-partners-in-Serbia-2025-2.png 1194w\" sizes=\"auto, (max-width: 1024px) 100vw, 1024px\" \/><figcaption class=\"wp-element-caption\"><a href=\"https:\/\/www.unhcr.org\/rs\/wp-content\/uploads\/sites\/40\/2025\/05\/UNHCR-Partners-in-Serbia-2025-ENG-3.pdf\" target=\"_blank\" rel=\"noreferrer noopener\">UNHCR Partners in Serbia<\/a><\/figcaption><\/figure>\n<\/div>\n<\/div>\n\n\n\n<p><\/p>\n\n\n\n<p><strong>\u0634\u0631\u0643\u0627\u0621 \u0627\u0644\u0645\u0641\u0648\u0636\u064a\u0629 \u0627\u0644\u0633\u0627\u0645\u064a\u0629 \u0644\u0644\u0623\u0645\u0645 \u0627\u0644\u0645\u062a\u062d\u062f\u0629 \u0644\u0634\u0624\u0648\u0646 \u0627\u0644\u0644\u0627\u062c\u0626\u064a\u0646 &nbsp;\u0641\u064a \u0635\u0631\u0628\u064a\u0627<\/strong> \u062a\u0639\u0645\u0644 \u0627\u0644\u0645\u0641\u0648\u0636\u064a\u0629 \u0645\u0639 \u0627\u0644\u0634\u0631\u0643\u0627\u0621 \u0627\u0644\u0630\u064a\u0646 \u064a\u0642\u062f\u0645\u0648\u0646 \u0627\u0644\u0645\u0633\u0627\u0639\u062f\u0629 \u0648\u0627\u0644\u062e\u062f\u0645\u0627\u062a \u0639\u0644\u0649 \u0643\u0627\u0645\u0644 \u0623\u0631\u0627\u0636\u064a \u0635\u0631\u0628\u064a\u0627: <strong>&nbsp;<\/strong><\/p>\n\n\n\n<p class=\"has-text-align-left has-large-font-size\"><strong><strong>\u0628\u0644\u063a\u0631\u0627\u062f<\/strong><\/strong><\/p>\n\n\n\n<div class=\"wp-block-columns has-white-color has-text-color has-link-color wp-elements-3f7a6d1269f2ed7a7a8cf7218f1d8b09 is-layout-flex wp-container-core-columns-is-layout-9d6595d7 wp-block-columns-is-layout-flex\">\n<div class=\"wp-block-column has-background is-layout-flow wp-block-column-is-layout-flow\" style=\"background-color:#0072bc\">\n<p class=\"has-text-align-left has-white-color has-text-color has-background has-link-color wp-elements-5a23f00620d3962078a2f3f36277572f\" style=\"background-color:#0072bc\"><em><strong>\u0644\u0644\u062d\u0635\u0648\u0644 \u0639\u0644\u0649 \u0627\u0644\u0627\u0633\u062a\u0634\u0627\u0631\u0629 \u0627\u0644\u0642\u0627\u0646\u0648\u0646\u064a\u0629 \u0648\u0627\u0644\u062a\u0645\u062b\u064a\u0644 \u0641\u064a \u0625\u062c\u0631\u0627\u0621\u0627\u062a \u0627\u0644\u0644\u062c\u0648\u0621:<br><\/strong><\/em><br><strong>\u0645\u0631\u0643\u0632 \u0627\u0644\u0628\u062d\u0648\u062b \u0648\u0627\u0644\u062a\u0646\u0645\u064a\u0629 \u0627\u0644\u0627\u062c\u062a\u0645\u0627\u0639\u064a\u0629 \u2013 IDEAS<\/strong><\/p>\n\n\n\n<p>\u0627\u0644\u0647\u0627\u062a\u0641: 7254 565 69 (0) 381<\/p>\n\n\n\n<p><strong>\u0627\u0644\u0628\u0631\u064a\u062f \u0627\u0644\u0625\u0644\u0643\u062a\u0631\u0648\u0646\u064a<\/strong><strong>:<\/strong>&nbsp;&nbsp; <a href=\"mailto:nikola.kovacevic@ideje.rs\">nikola.kovacevic@ideje.rs<\/a> &nbsp; <a href=\"mailto:Legalaid@ideje.rs\">Legalaid@ideje.rs<\/a> &nbsp;&nbsp;<\/p>\n\n\n\n<p><strong>\u0627\u0644\u0639\u0646\u0648\u0627\u0646:<\/strong> Toma\u0161a Je\u017ea 4\/10 (\u062a\u0648\u0645\u0627\u0634\u0627 \u064a\u064a\u062c\u0627)\u060c 11111\u060c \u0628\u0644\u063a\u0631\u0627\u062f\u060c \u0635\u0631\u0628\u064a\u0627<\/p>\n\n\n\n<p><strong>\u0633\u0627\u0639\u0627\u062a \u0627\u0644\u0639\u0645\u0644<\/strong><strong>:<\/strong> 09:00-17:00\u060c \u0645\u0646 \u0627\u0644\u0625\u062b\u0646\u064a\u0646 \u0625\u0644\u0649 \u0627\u0644\u062c\u0645\u0639\u0629 (\u0627\u0633\u062a\u0634\u0627\u0631\u0627\u062a \u0642\u0627\u0646\u0648\u0646\u064a\u0629\u060c \u062a\u0645\u062b\u064a\u0644 \u0642\u0627\u0646\u0648\u0646\u064a\u060c \u062a\u0631\u062d\u064a\u0644\u060c \u0627\u062d\u062a\u062c\u0627\u0632\u060c \u0627\u0646\u062f\u0645\u0627\u062c )<\/p>\n\n\n\n<p><strong>\u0627\u0644\u0645\u0648\u0642\u0639 \u0627\u0644\u0625\u0644\u0643\u062a\u0631\u0648\u0646\u064a: <\/strong><a href=\"http:\/\/www.ideje.rs\/\">www.ideje.rs<\/a> &nbsp;<\/p>\n\n\n\n<p><strong>\u0648\u0633\u0627\u0626\u0644 \u0627\u0644\u062a\u0648\u0627\u0635\u0644 \u0627\u0644\u0627\u062c\u062a\u0645\u0627\u0639\u064a:<\/strong> <a href=\"https:\/\/www.facebook.com\/ideje.rs\">https:\/\/www.facebook.com\/ideje.rs<\/a><a href=\"https:\/\/www.facebook.com\/ideje.rs\u061b\">\u061b<\/a> &nbsp;<a href=\"https:\/\/www.instagram.com\/ideascentar\">https:\/\/www.instagram.com\/ideascenta<\/a><\/p>\n<\/div>\n\n\n\n<div class=\"wp-block-column has-background is-layout-flow wp-block-column-is-layout-flow\" style=\"background-color:#0072bc\">\n<p class=\"has-text-align-center\"><strong><em>&nbsp;<strong>\u0644\u0644\u062d\u0635\u0648\u0644 \u0639\u0644\u0649 \u062e\u062f\u0645\u0627\u062a \u0627\u0644\u062f\u0639\u0645 \u0648\u0627\u0644\u062a\u0643\u0627\u0645\u0644 \u0648\u0627\u0644\u0645\u0639\u0644\u0648\u0645\u0627\u062a \u0627\u0644\u0639\u0627\u0645\u0629:<\/strong><\/em><\/strong><\/p>\n\n\n\n<p><strong>\u0645\u0631\u0643\u0632 \u0627\u0644\u0627\u0633\u062a\u062c\u0627\u0628\u0629 \u0644\u0644\u0623\u0632\u0645\u0627\u062a \u0648\u0627\u0644\u0633\u064a\u0627\u0633\u0627\u062a <\/strong><strong>&#8211; <\/strong><strong>CRPC<\/strong><\/p>\n\n\n\n<p><strong>\u0631\u0642\u0645 \u0627\u0644\u0647\u0627\u062a\u0641<\/strong><strong>:<\/strong>634 0991 60 (0) 381+<\/p>\n\n\n\n<p><strong>&nbsp;<\/strong><strong>\u0627\u0644\u0628\u0631\u064a\u062f \u0627\u0644\u0625\u0644\u0643\u062a\u0631\u0648\u0646\u064a<\/strong><strong>:<\/strong>&nbsp;&nbsp; <a href=\"mailto:office@crpc.rs\">office@crpc.rs<\/a><\/p>\n\n\n\n<p><strong>&nbsp;<\/strong><strong>\u0627\u0644\u0639\u0646\u0648\u0627\u0646<\/strong><strong>: <\/strong>Orfelinova 33 (\u0634\u0627\u0631\u0639 \u0623\u0648\u0631\u0641\u064a\u0644\u064a\u0646\u0648\u0641\u0627) \u060c 11030 \u0628\u0644\u063a\u0631\u0627\u062f\u060c \u0635\u0631\u0628\u064a\u0627<\/p>\n\n\n\n<p><strong>\u0633\u0627\u0639\u0627\u062a \u0627\u0644\u0639\u0645\u0644<\/strong><strong>:<\/strong> 09:00-17:00\u060c \u0645\u0646 \u0627\u0644\u0625\u062b\u0646\u064a\u0646 \u0625\u0644\u0649 \u0627\u0644\u062c\u0645\u0639\u0629<\/p>\n\n\n\n<p>&nbsp;<strong>\u0645\u0648\u0642\u0639 <\/strong><strong>\u0627\u0644\u0625\u0644\u0643\u062a\u0631\u0648\u0646\u064a:<\/strong> <a href=\"https:\/\/www.crpc.rs\/\">https:\/\/www.crpc.rs\/<\/a>&nbsp;&nbsp;<\/p>\n\n\n\n<p><strong>\u0648\u0633\u0627\u0626\u0644 \u0627\u0644\u062a\u0648\u0627\u0635\u0644 \u0627\u0644\u0627\u062c\u062a\u0645\u0627\u0639\u064a<\/strong><strong>:<\/strong> <a href=\"https:\/\/www.facebook.com\/CRPCngo\">https:\/\/www.facebook.com\/CRPCngo<\/a>&nbsp;<\/p>\n<\/div>\n<\/div>\n\n\n\n<p><\/p>\n\n\n\n<div class=\"wp-block-columns is-layout-flex wp-container-core-columns-is-layout-9d6595d7 wp-block-columns-is-layout-flex\">\n<div class=\"wp-block-column has-white-color has-text-color has-background has-link-color wp-elements-cccacf3e418ef5edf9f41e1ec2b5c035 is-layout-flow wp-block-column-is-layout-flow\" style=\"background-color:#0072bc\">\n<p class=\"has-text-align-center\"><strong><em>\u0644\u0644\u062f\u0639\u0645 \u0627\u0644\u0646\u0641\u0633\u064a\/\u0627\u0644\u0646\u0641\u0633\u064a \u0627\u0644\u0627\u062c\u062a\u0645\u0627\u0639\u064a:<\/em><\/strong><\/p>\n\n\n\n<p><strong>&nbsp;\u0634\u0628\u0643\u0629 \u0627\u0644\u0645\u0633\u0627\u0639\u062f\u0627\u062a \u0627\u0644\u062f\u0648\u0644\u064a\u0629 \u2013 IAN<\/strong><\/p>\n\n\n\n<p>\u0631\u0642\u0645 \u0627\u0644\u0647\u0627\u062a\u0641: 729 389 63 (0) 381+<\/p>\n\n\n\n<p>\u0627\u0644\u0628\u0631\u064a\u062f \u0627\u0644\u0625\u0644\u0643\u062a\u0631\u0648\u0646\u064a: <a href=\"mailto:office@ian.org.rs\">office@ian.org.rs<\/a> &nbsp;<\/p>\n\n\n\n<p>\u0627\u0644\u0639\u0646\u0648\u0627\u0646:Doktora Aleksandra Kosti\u0107a 8\/2 ( \u062f \u0623\u0644\u0643\u0633\u0627\u0646\u062f\u0631\u0627 \u0643\u0648\u0633\u062a\u064a\u062a\u0634\u0631\u0627)\u060c 11102 \u0628\u0644\u063a\u0631\u0627\u062f\u060c \u0635\u0631\u0628\u064a\u0627<\/p>\n\n\n\n<p>\u0633\u0627\u0639\u0627\u062a \u0627\u0644\u0639\u0645\u0644: 09:00-17:00\u060c \u0645\u0646 \u0627\u0644\u0625\u062b\u0646\u064a\u0646 \u0625\u0644\u0649 \u0627\u0644\u062c\u0645\u0639\u0629<\/p>\n\n\n\n<p>\u0645\u0648\u0642\u0639 \u0627\u0644\u0648\u064a\u0628:<a href=\"http:\/\/www.ian.org.rs\/\">http:\/\/www.ian.org.rs<\/a>&nbsp;<\/p>\n\n\n\n<p>\u0648\u0633\u0627\u0626\u0644 \u0627\u0644\u062a\u0648\u0627\u0635\u0644 \u0627\u0644\u0627\u062c\u062a\u0645\u0627\u0639\u064a:&nbsp; <a href=\"https:\/\/www.facebook.com\/profile.php?id=100064678182712\">https:\/\/www.facebook.com\/profile.php?id=100064678182712<\/a> ;&nbsp; <a href=\"https:\/\/www.instagram.com\/iancrtv\/?hl=ar\">https:\/\/www.instagram.com\/iancrtv\/?hl=ar<\/a><\/p>\n<\/div>\n\n\n\n<div class=\"wp-block-column is-layout-flow wp-block-column-is-layout-flow\"><\/div>\n<\/div>\n\n\n\n<hr class=\"wp-block-separator has-alpha-channel-opacity\" \/>\n\n\n\n<p class=\"has-large-font-size\"><strong><strong>\u062c\u0646\u0648\u0628 \u0635\u0631\u0628\u0627<\/strong><\/strong><\/p>\n\n\n\n<div class=\"wp-block-columns is-layout-flex wp-container-core-columns-is-layout-9d6595d7 wp-block-columns-is-layout-flex\">\n<div class=\"wp-block-column has-white-color has-text-color has-background has-link-color wp-elements-034fa57bd80516c98c00a80539d6c174 is-layout-flow wp-block-column-is-layout-flow\" style=\"background-color:#0072bc\">\n<p><strong>Sigma Plus<\/strong><\/p>\n\n\n\n<p>\u062a\u0631\u0643\u0632 \u0645\u0646\u0638\u0645\u0629 Sigma Plus \u0639\u0644\u0649 \u062a\u062d\u062f\u064a\u062f \u0648\u0625\u062d\u0627\u0644\u0629 \u0627\u0644\u0623\u0634\u062e\u0627\u0635 \u0630\u0648\u064a \u0627\u0644\u0627\u062d\u062a\u064a\u0627\u062c\u0627\u062a \u0627\u0644\u062e\u0627\u0635\u0629\u060c \u0648\u062a\u0646\u0638\u0645 \u062f\u0631\u0648\u0633 \u0627\u0644\u0644\u063a\u0629 \u0627\u0644\u0635\u0631\u0628\u064a\u0629\u060c \u0648\u062a\u062f\u0639\u0645 \u0627\u0644\u0625\u0646\u062f\u0645\u0627\u062c \u0641\u064a \u0645\u0631\u0627\u0643\u0632 \u0627\u0644\u0644\u062c\u0648\u0621 \u0641\u064a \u062c\u0646\u0648\u0628 \u0627\u0644\u0628\u0644\u0627\u062f.<\/p>\n\n\n\n<p><strong>\u0631\u0642\u0645 \u0627\u0644\u0647\u0627\u062a\u0641<\/strong><strong>:<\/strong> 964 474 63 (0) 381+<\/p>\n\n\n\n<p><strong>\u0627\u0644\u0628\u0631\u064a\u062f \u0627\u0644\u0625\u0644\u0643\u062a\u0631\u0648\u0646\u064a<\/strong><strong>:<\/strong> <a href=\"mailto:office@nvosigmaplus.org.rs\">office@nvosigmaplus.org.rs<\/a> &nbsp;<\/p>\n\n\n\n<p><strong>\u0627\u0644\u0639\u0646\u0648\u0627\u0646<\/strong><strong>:<\/strong> 4\/44 Zetska (\u0634\u0627\u0631\u0639 \u0632\u064a\u062a\u0633\u0643\u0627)\u060c 18108 \u0646\u064a\u0634\u060c \u0635\u0631\u0628\u064a\u0627<\/p>\n\n\n\n<p><strong>\u0633\u0627\u0639\u0627\u062a \u0627\u0644\u0639\u0645\u0644<\/strong><strong>: <\/strong>09:00-15:00\u060c \u0645\u0646 \u0627\u0644\u0625\u062b\u0646\u064a\u0646 \u0625\u0644\u0649 \u0627\u0644\u062c\u0645\u0639\u0629<\/p>\n\n\n\n<p><strong>\u0627\u0644\u0645\u0648\u0642\u0639 \u0627\u0644\u0625\u0644\u0643\u062a\u0631\u0648\u0646\u064a<\/strong><strong>:<\/strong> <a href=\"http:\/\/www.nvosigmaplus.org.rs\/\">www.nvosigmaplus.org.rs<\/a> \u061b <a href=\"http:\/\/www.nvosigmaplus-learning.org.rs\/\">www.nvosigmaplus-learning.org.rs<\/a>&nbsp;<\/p>\n\n\n\n<p><strong>\u0648\u0633\u0627\u0626\u0644 \u0627\u0644\u062a\u0648\u0627\u0635\u0644 \u0627\u0644\u0627\u062c\u062a\u0645\u0627\u0639\u064a<\/strong><strong>:<\/strong>&nbsp; <a href=\"http:\/\/www.facebook.com\/nvosigmaplus\">www.facebook.com\/nvosigmaplus<\/a><\/p>\n\n\n\n<p><\/p>\n\n\n\n<p><strong><strong>\u0645\u0644\u0627\u062d\u0638\u0629: \u0639\u0646\u062f \u0648\u0635\u0648\u0644\u0643 \u0625\u0644\u0649 \u0645\u0631\u0643\u0632 \u0627\u0644\u0627\u0633\u062a\u0642\u0628\u0627\u0644 \u0641\u064a \u0628\u0631\u064a\u0634\u064a\u0641\u0648\u060c \u064a\u0631\u062c\u0649 \u0627\u0644\u0627\u062a\u0635\u0627\u0644 \u0628\u0645\u0648\u0638\u0641\u064a \u0645\u0641\u0648\u0636\u064a\u0629 \u0627\u0644\u0644\u0627\u062c\u0626\u064a\u0646 \u0648\u0627\u0644\u0647\u062c\u0631\u0629 \u0648\u0627\u0644\u0645\u0641\u0648\u0636\u064a\u0629 \u0627\u0644\u0633\u0627\u0645\u064a\u0629 \u0644\u0644\u0623\u0645\u0645 \u0627\u0644\u0645\u062a\u062d\u062f\u0629 \u0644\u0634\u0624\u0648\u0646 \u0627\u0644\u0644\u0627\u062c\u0626\u064a\u0646&nbsp;\u062f\u0627\u062e\u0644 \u0627\u0644\u0645\u0631\u0643\u0632.&nbsp;<\/strong><\/strong><\/p>\n<\/div>\n<\/div>\n\n\n\n<p class=\"has-text-color has-link-color has-medium-font-size wp-elements-eb32a1a6e44fe21a6799cf9c14b3c955\" style=\"color:#0072bc\">\u0627\u0646\u0642\u0631 \u0623\u062f\u0646\u0627\u0647 \u0644\u0644\u062d\u0635\u0648\u0644 \u0639\u0644\u0649 \u0645\u0632\u064a\u062f \u0645\u0646 \u0627\u0644\u0645\u0639\u0644\u0648\u0645\u0627\u062a:<\/p>\n","protected":false},"excerpt":{"rendered":"<p>\u0627\u0644\u0645\u0641\u0648\u0636\u064a\u0629 \u0635\u0631\u0628\u064a\u0627 &nbsp;&nbsp;&nbsp;&nbsp;&nbsp;&nbsp;&nbsp;&nbsp; \u0627\u0644\u0639\u0646\u0648\u0627\u0646: Bulevar Zorana \u0110in\u0111i\u0107a 64 (\u0634\u0627\u0631\u0639 \u0632\u0648\u0631\u0627\u0646\u0627 \u062c\u0646\u062f\u064a\u062a\u0634\u0627)\u060c \u0628\u0644\u063a\u0631\u0627\u062f\u060c \u0635\u0631\u0628\u064a\u0627 &nbsp;&nbsp;&nbsp;&nbsp;&nbsp;&nbsp;&nbsp;&nbsp; \u0627\u0644\u0647\u0627\u062a\u0641: 427 55 41 11 381 &nbsp;&nbsp;&nbsp;&nbsp;&nbsp;&nbsp;&nbsp;&nbsp; \u0627\u0644\u0628\u0631\u064a\u062f \u0627\u0644\u0625\u0644\u0643\u062a\u0631\u0648\u0646\u064a: srbbe@unhcr.org&nbsp; &nbsp;&nbsp;&nbsp;&nbsp;&nbsp;&nbsp;&nbsp;&nbsp; \u0645\u0646\u0635\u0627\u062a \u0627\u0644\u0648\u064a\u0628 \u0627\u0644\u062e\u0627\u0635\u0629 \u0628\u0627\u0644\u0645\u0641\u0648\u0636\u064a\u0629 \u0641\u064a \u0635\u0631\u0628\u064a\u0627: \u0645\u0648\u0642\u0639 \u0627\u0644\u0645\u0641\u0648\u0636\u064a\u0629 \u0627\u0644\u0633\u0627\u0645\u064a\u0629 \u0644\u0644\u0623\u0645\u0645 \u0627\u0644\u0645\u062a\u062d\u062f\u0629 \u0644\u0634\u0624\u0648\u0646 \u0627\u0644\u0644\u0627\u062c\u0626\u064a\u0646 \u0641\u064a \u0635\u0631\u0628\u064a\u0627: www.unhcr.rs \u0634\u0631\u0643\u0627\u0621 \u0627\u0644\u0645\u0641\u0648\u0636\u064a\u0629 \u0627\u0644\u0633\u0627\u0645\u064a\u0629 \u0644\u0644\u0623\u0645\u0645 \u0627\u0644\u0645\u062a\u062d\u062f\u0629 \u0644\u0634\u0624\u0648\u0646 \u0627\u0644\u0644\u0627\u062c\u0626\u064a\u0646 &nbsp;\u0641\u064a \u0635\u0631\u0628\u064a\u0627 \u062a\u0639\u0645\u0644 \u0627\u0644\u0645\u0641\u0648\u0636\u064a\u0629 \u0645\u0639 \u0627\u0644\u0634\u0631\u0643\u0627\u0621 \u0627\u0644\u0630\u064a\u0646 [&hellip;]<\/p>\n","protected":false},"author":283,"featured_media":0,"parent":0,"menu_order":0,"comment_status":"closed","ping_status":"closed","template":"page-templates\/sectioned.php","meta":{"_acf_changed":false,"footnotes":""},"class_list":["post-679","page","type-page","status-publish","hentry"],"acf":[],"_links":{"self":[{"href":"https:\/\/help.unhcr.org\/serbia\/ar\/wp-json\/wp\/v2\/pages\/679","targetHints":{"allow":["GET"]}}],"collection":[{"href":"https:\/\/help.unhcr.org\/serbia\/ar\/wp-json\/wp\/v2\/pages"}],"about":[{"href":"https:\/\/help.unhcr.org\/serbia\/ar\/wp-json\/wp\/v2\/types\/page"}],"author":[{"embeddable":true,"href":"https:\/\/help.unhcr.org\/serbia\/ar\/wp-json\/wp\/v2\/users\/283"}],"replies":[{"embeddable":true,"href":"https:\/\/help.unhcr.org\/serbia\/ar\/wp-json\/wp\/v2\/comments?post=679"}],"version-history":[{"count":10,"href":"https:\/\/help.unhcr.org\/serbia\/ar\/wp-json\/wp\/v2\/pages\/679\/revisions"}],"predecessor-version":[{"id":1355,"href":"https:\/\/help.unhcr.org\/serbia\/ar\/wp-json\/wp\/v2\/pages\/679\/revisions\/1355"}],"wp:attachment":[{"href":"https:\/\/help.unhcr.org\/serbia\/ar\/wp-json\/wp\/v2\/media?parent=679"}],"curies":[{"name":"wp","href":"https:\/\/api.w.org\/{rel}","templated":true}]}}