{"id":282,"date":"2023-05-30T17:44:15","date_gmt":"2023-05-30T17:44:15","guid":{"rendered":"https:\/\/help.unhcr.org\/senegal\/?page_id=282"},"modified":"2023-05-30T17:47:14","modified_gmt":"2023-05-30T17:47:14","slug":"education","status":"publish","type":"page","link":"https:\/\/help.unhcr.org\/senegal\/education\/","title":{"rendered":"Education"},"content":{"rendered":"\n<h3 class=\"wp-block-heading\">Au Senegal, l\u2019\u00e9ducation primaire est obligatoire et gratuite dans les \u00e9coles publiques (\u00e0 part les frais de fourniture, de mat\u00e9riel et autres) pour les enfants \u00e2g\u00e9s de 6 \u00e0 16 ans.<\/h3>\n\n\n\n<p>Les r\u00e9fugi\u00e9s et demandeurs d\u2019asile peuvent acc\u00e9der \u00e0 l\u2019\u00e9cole publique dans les m\u00eames conditions que les Senegalais.<\/p>\n\n\n\n<p>Pour les r\u00e9fugi\u00e9s et demandeurs d\u2019asile pri\u00e8re de se rapprocher du <strong>Green Village foundation (<\/strong><strong>GVF) <\/strong>pour toutes les facilitations n\u00e9cessaires. Il sera n\u00e9cessaire de pr\u00e9senter la carte d\u2019identit\u00e9 de r\u00e9fugi\u00e9 et un acte de naissance lors de l\u2019inscription \u00e0 l\u2019\u00e9cole et pour les dossiers d\u2019examen scolaire.&nbsp;<\/p>\n\n\n\n<p>\u27a1\ufe0f<strong>Green Village foundation (GVF) :<\/strong><\/p>\n\n\n\n<div class=\"wp-block-group has-background\" style=\"background-color:#abb7c230\"><div class=\"wp-block-group__inner-container is-layout-constrained wp-block-group-is-layout-constrained\">\n<p><strong>Bureau d\u2019Orientation Social (BOS)<\/strong><\/p>\n\n\n\n<ul class=\"wp-block-list\">\n<li><strong>Adresse&nbsp;<\/strong>: Villa 7B BP 16917 Dakar, Point E (devant la piscine olympique)<\/li>\n\n\n\n<li><strong>Horaires&nbsp;:<\/strong>&nbsp;du lundi au jeudi vendredi de 8h \u00e0 17h; vendredi de 8h \u00e0 14h.<\/li>\n\n\n\n<li><strong>Tel&nbsp;<\/strong>:&nbsp;&nbsp;<strong>+221 33 825 63 66<\/strong>.<\/li>\n<\/ul>\n<\/div><\/div>\n\n\n\n<p>Egalement, \u00e0 travers le projet DAFI, le HCR avec son partenaire GVF soutien et accompagne les \u00e9tudiants r\u00e9fugi\u00e9s b\u00e9n\u00e9ficiaires de la bourse DAFI \u00e0 poursuivre leurs \u00e9tudes sup\u00e9rieures dans les universit\u00e9s publiques et priv\u00e9es de leur choix leur permettant d\u2019avoir des dipl\u00f4mes de qualit\u00e9 et comp\u00e9titif sur le march\u00e9 de l\u2019emploi renfor\u00e7ant ainsi leur autonomisation et r\u00e9silience.<\/p>\n\n\n\n<p>Selon les lois senegalais, les b\u00e9n\u00e9ficiaires du statut de r\u00e9fugi\u00e9 re\u00e7oivent les m\u00eames traitements que les nationaux en ce qui concerne l\u2019acc\u00e8s \u00e0 l\u2019\u00e9ducation, les bourses, le droit au travail et les avantages sociaux.<\/p>\n\n\n\n<p>Sur la base de ce principe, les \u00e9tudiants DAFI, re\u00e7oivent les m\u00eames traitements relatifs aux conditions d\u2019acc\u00e8s dans les \u00e9tablissements universitaires public et priv\u00e9s que les nationaux.<\/p>\n\n\n\n<p>Le minist\u00e8re de l\u2019Enseignement Sup\u00e9rieur et de la Recherche Scientifique (MESRS), l\u2019Union Africaine, FOAD-AUF, le Centre Bioforce de Dakar et le Projet Couloir Universitaire vers la France (UNIV\u2019R) offrent aussi des possibilit\u00e9s de bourse aux r\u00e9fugi\u00e9s.<\/p>\n\n\n\n<h3 class=\"wp-block-heading has-white-color has-text-color has-background\" style=\"background-color:#0072bc\"><strong>Comment les contacter?<\/strong><\/h3>\n\n\n\n<p>Point focal \u00e9ducation&nbsp;: &nbsp;+33 825 63 66.<\/p>\n\n\n\n<p>\u27a1\ufe0f<strong>Green Village Foundation (GVF)&nbsp;:<\/strong><\/p>\n\n\n\n<div class=\"wp-block-group has-background\" style=\"background-color:#abb7c230\"><div class=\"wp-block-group__inner-container is-layout-constrained wp-block-group-is-layout-constrained\">\n<p><strong>Bureau d\u2019Orientation Social (BOS)<\/strong><\/p>\n\n\n\n<ul class=\"wp-block-list\">\n<li><strong>Adresse&nbsp;<\/strong>: Villa 7B BP 16917 Dakar, Point E (devant la piscine olympique)<\/li>\n\n\n\n<li><strong>Horaires&nbsp;:<\/strong>&nbsp;du lundi au jeudi vendredi de 8h \u00e0 17h; vendredi de 8h \u00e0 14h.<\/li>\n\n\n\n<li><strong>Tel&nbsp;<\/strong>:&nbsp;<strong>+221 33 825 63 66<\/strong>.<\/li>\n<\/ul>\n<\/div><\/div>\n\n\n\n<p>\u27a1\ufe0f De plus, la <a href=\"https:\/\/services.unhcr.org\/opportunities\/?utm_source=help.unhcr.org&amp;utm_medium=referral&amp;utm_campaign=HQ_HE_EN_oppviahelp#_ga=2.111488196.1382367108.1660115049-1480060403.1632748525\"><strong>UNHCR Opportunities<\/strong><\/a> plateforme vous aide \u00e0 trouver des programmes universitaires ou de bourses d&rsquo;\u00e9tudes accr\u00e9dit\u00e9s v\u00e9rifi\u00e9s par le HCR pour vous permettre de poursuivre des \u00e9tudes avanc\u00e9es, des comp\u00e9tences et un d\u00e9veloppement professionnel.<\/p>\n","protected":false},"excerpt":{"rendered":"<p>Au Senegal, l\u2019\u00e9ducation primaire est obligatoire et gratuite dans les \u00e9coles publiques (\u00e0 part les frais de fourniture, de mat\u00e9riel et autres) pour les enfants \u00e2g\u00e9s de 6 \u00e0 16 ans. Les r\u00e9fugi\u00e9s et demandeurs d\u2019asile peuvent acc\u00e9der \u00e0 l\u2019\u00e9cole publique dans les m\u00eames conditions que les Senegalais. Pour les r\u00e9fugi\u00e9s et demandeurs d\u2019asile pri\u00e8re [&hellip;]<\/p>\n","protected":false},"author":214,"featured_media":0,"parent":0,"menu_order":0,"comment_status":"closed","ping_status":"closed","template":"","meta":{"_acf_changed":false,"footnotes":""},"class_list":["post-282","page","type-page","status-publish","hentry"],"acf":[],"_links":{"self":[{"href":"https:\/\/help.unhcr.org\/senegal\/wp-json\/wp\/v2\/pages\/282","targetHints":{"allow":["GET"]}}],"collection":[{"href":"https:\/\/help.unhcr.org\/senegal\/wp-json\/wp\/v2\/pages"}],"about":[{"href":"https:\/\/help.unhcr.org\/senegal\/wp-json\/wp\/v2\/types\/page"}],"author":[{"embeddable":true,"href":"https:\/\/help.unhcr.org\/senegal\/wp-json\/wp\/v2\/users\/214"}],"replies":[{"embeddable":true,"href":"https:\/\/help.unhcr.org\/senegal\/wp-json\/wp\/v2\/comments?post=282"}],"version-history":[{"count":3,"href":"https:\/\/help.unhcr.org\/senegal\/wp-json\/wp\/v2\/pages\/282\/revisions"}],"predecessor-version":[{"id":285,"href":"https:\/\/help.unhcr.org\/senegal\/wp-json\/wp\/v2\/pages\/282\/revisions\/285"}],"wp:attachment":[{"href":"https:\/\/help.unhcr.org\/senegal\/wp-json\/wp\/v2\/media?parent=282"}],"curies":[{"name":"wp","href":"https:\/\/api.w.org\/{rel}","templated":true}]}}