{"id":279,"date":"2023-05-30T17:38:31","date_gmt":"2023-05-30T17:38:31","guid":{"rendered":"https:\/\/help.unhcr.org\/senegal\/?page_id=279"},"modified":"2023-05-30T17:38:32","modified_gmt":"2023-05-30T17:38:32","slug":"sante","status":"publish","type":"page","link":"https:\/\/help.unhcr.org\/senegal\/sante\/","title":{"rendered":"Sant\u00e9"},"content":{"rendered":"\n<h3 class=\"wp-block-heading\">Si vous etes reconnu comme un refugie au Senegal, vous avez la droit aux services <strong>publique<\/strong> de sant\u00e9 au Senegal dont la m\u00eame mani\u00e8re que les nationaux.&nbsp;<\/h3>\n\n\n\n<p>Toutefois, elle constitue la condition de base pour tout r\u00e9fugi\u00e9 qui souhaite b\u00e9n\u00e9ficier de l\u2019assistance m\u00e9dicale du HCR, (extr\u00eame urgence) ainsi que toute autre assistance.<\/p>\n\n\n\n<p>Les demandeurs d\u2019asile n\u2019ont pas le droit a access des services sante.&nbsp;<\/p>\n\n\n\n<p>Le partenaire de <strong>Green Village Foundation (GVF<\/strong>) n\u2019a pas un programme de prise en charge de sante. N\u00e9anmoins, ils pourraient faire le r\u00e9f\u00e9rencement de votre dossier aux partenaires op\u00e9rationnelles la <strong>CARITAS ou au CROIX ROUGE.\u00a0<\/strong><\/p>\n\n\n\n<h3 class=\"wp-block-heading has-white-color has-text-color has-background\" style=\"background-color:#0072bc\"><strong>Quelles sont les r\u00e8gles actuelles concernant le Coronavirus (COVID-19)&nbsp;au Senegal?<\/strong><\/h3>\n\n\n\n<p>Le respect des mesures barri\u00e8res dont le port du masque est obligatoire dans tous les espaces publics, les lieux de travail, publics et priv\u00e9s, les transports et les commerces.<\/p>\n\n\n\n<p>Les fronti\u00e8res a\u00e9riennes sont \u00e0 nouveau ouvertes et les vols internationaux ont repris selon un protocole sanitaire d\u00e9fini.<\/p>\n","protected":false},"excerpt":{"rendered":"<p>Si vous etes reconnu comme un refugie au Senegal, vous avez la droit aux services publique de sant\u00e9 au Senegal dont la m\u00eame mani\u00e8re que les nationaux.&nbsp; Toutefois, elle constitue la condition de base pour tout r\u00e9fugi\u00e9 qui souhaite b\u00e9n\u00e9ficier de l\u2019assistance m\u00e9dicale du HCR, (extr\u00eame urgence) ainsi que toute autre assistance. Les demandeurs d\u2019asile [&hellip;]<\/p>\n","protected":false},"author":214,"featured_media":0,"parent":0,"menu_order":0,"comment_status":"closed","ping_status":"closed","template":"","meta":{"_acf_changed":false,"footnotes":""},"class_list":["post-279","page","type-page","status-publish","hentry"],"acf":[],"_links":{"self":[{"href":"https:\/\/help.unhcr.org\/senegal\/wp-json\/wp\/v2\/pages\/279","targetHints":{"allow":["GET"]}}],"collection":[{"href":"https:\/\/help.unhcr.org\/senegal\/wp-json\/wp\/v2\/pages"}],"about":[{"href":"https:\/\/help.unhcr.org\/senegal\/wp-json\/wp\/v2\/types\/page"}],"author":[{"embeddable":true,"href":"https:\/\/help.unhcr.org\/senegal\/wp-json\/wp\/v2\/users\/214"}],"replies":[{"embeddable":true,"href":"https:\/\/help.unhcr.org\/senegal\/wp-json\/wp\/v2\/comments?post=279"}],"version-history":[{"count":2,"href":"https:\/\/help.unhcr.org\/senegal\/wp-json\/wp\/v2\/pages\/279\/revisions"}],"predecessor-version":[{"id":281,"href":"https:\/\/help.unhcr.org\/senegal\/wp-json\/wp\/v2\/pages\/279\/revisions\/281"}],"wp:attachment":[{"href":"https:\/\/help.unhcr.org\/senegal\/wp-json\/wp\/v2\/media?parent=279"}],"curies":[{"name":"wp","href":"https:\/\/api.w.org\/{rel}","templated":true}]}}