{"id":128,"date":"2021-10-26T12:42:47","date_gmt":"2021-10-26T12:42:47","guid":{"rendered":"https:\/\/help.unhcr.org\/senegal\/?page_id=128"},"modified":"2023-05-30T16:08:31","modified_gmt":"2023-05-30T16:08:31","slug":"droits","status":"publish","type":"page","link":"https:\/\/help.unhcr.org\/senegal\/droits\/","title":{"rendered":"Droits et devoirs des r\u00e9fugi\u00e9s et demandeurs d\u2019asile"},"content":{"rendered":"\n<p>Les r\u00e9fugi\u00e9s et demandeurs d\u2019asiles sont soumis aux m\u00eames droits et obligations au S\u00e9n\u00e9gal.<\/p>\n\n\n\n<h3 class=\"wp-block-heading\"> \u27a1\ufe0f <strong>Type de droits des r\u00e9fugi\u00e9s et demandeurs d\u2019asile :<\/strong><\/h3>\n\n\n\n<ul class=\"wp-block-list\">\n<li><strong>Droit \u00e0 l\u2019asile&nbsp;:<\/strong> le droit reconnu \u00e0 toute personne, en proie \u00e0 la pers\u00e9cution et qui fuit son pays, de demander et de b\u00e9n\u00e9ficier de l\u2019asile dans un autre pays, en lieu et place de la protection nationale d\u00e9faillante.<\/li>\n<\/ul>\n\n\n\n<ul class=\"wp-block-list\">\n<li><strong>Non Refoulement<\/strong> : Il s\u2019agit de l\u2019interdiction de renvoyer une personne vers un pays o\u00f9 elle encourt des menaces sur sa vie ou sa libert\u00e9 ;<\/li>\n<\/ul>\n\n\n\n<ul class=\"wp-block-list\">\n<li><strong>Non-Discrimination :<\/strong> Cette principe se base sur la D\u00e9claration Universelle des Droits de l\u2019Homme qui affirme (Art. 1) que les hommes naissent libres et \u00e9gaux en droits. Cette principe s\u2019applique \u00e9galement dans la Convention de Gen\u00e8ve de 1951 relative au statut des r\u00e9fugi\u00e9s (Art. 3).<\/li>\n<\/ul>\n\n\n\n<ul class=\"wp-block-list\">\n<li><strong>Non p\u00e9nalisation pour l\u2019entr\u00e9e irr\u00e9guli\u00e8re <\/strong>&nbsp;: Le r\u00e9fugi\u00e9 ne doit pas \u00eatre p\u00e9nalis\u00e9 pour \u00eatre une entr\u00e9e ou leur s\u00e9jour irr\u00e9guliers (Art. 31 Conv. De 1951).<\/li>\n<\/ul>\n\n\n\n<ul class=\"wp-block-list\">\n<li><strong>Droit \u00e0 des documents :<\/strong> La protection commence par la d\u00e9livrance de documents au r\u00e9fugi\u00e9 pour faire la preuve de son statut de r\u00e9fugi\u00e9, attester de la protection qui lui est accord\u00e9e en tant que tel et lui permettre l\u2019exercice et la jouissance des droits attach\u00e9s \u00e0 son statut de r\u00e9fugi\u00e9.<\/li>\n<\/ul>\n\n\n\n<hr class=\"wp-block-separator has-alpha-channel-opacity\"\/>\n\n\n\n<h3 class=\"wp-block-heading\"> \u27a1\ufe0f <strong>Devoirs des r\u00e9fugi\u00e9s et demandeurs d\u2019asile<\/strong>:<\/h3>\n\n\n\n<p>Les r\u00e9fugi\u00e9s et les demandeurs d\u2019asile sont tenus de respecter les lois et r\u00e8glements, ainsi que les mesures prises pour maintenir l\u2019ordre public au S\u00e9n\u00e9gal.<\/p>\n","protected":false},"excerpt":{"rendered":"<p>Les r\u00e9fugi\u00e9s et demandeurs d\u2019asiles sont soumis aux m\u00eames droits et obligations au S\u00e9n\u00e9gal. \u27a1\ufe0f Type de droits des r\u00e9fugi\u00e9s et demandeurs d\u2019asile : \u27a1\ufe0f Devoirs des r\u00e9fugi\u00e9s et demandeurs d\u2019asile: Les r\u00e9fugi\u00e9s et les demandeurs d\u2019asile sont tenus de respecter les lois et r\u00e8glements, ainsi que les mesures prises pour maintenir l\u2019ordre public au [&hellip;]<\/p>\n","protected":false},"author":1,"featured_media":0,"parent":0,"menu_order":0,"comment_status":"closed","ping_status":"closed","template":"","meta":{"_acf_changed":false,"footnotes":""},"class_list":["post-128","page","type-page","status-publish","hentry"],"acf":[],"_links":{"self":[{"href":"https:\/\/help.unhcr.org\/senegal\/wp-json\/wp\/v2\/pages\/128","targetHints":{"allow":["GET"]}}],"collection":[{"href":"https:\/\/help.unhcr.org\/senegal\/wp-json\/wp\/v2\/pages"}],"about":[{"href":"https:\/\/help.unhcr.org\/senegal\/wp-json\/wp\/v2\/types\/page"}],"author":[{"embeddable":true,"href":"https:\/\/help.unhcr.org\/senegal\/wp-json\/wp\/v2\/users\/1"}],"replies":[{"embeddable":true,"href":"https:\/\/help.unhcr.org\/senegal\/wp-json\/wp\/v2\/comments?post=128"}],"version-history":[{"count":7,"href":"https:\/\/help.unhcr.org\/senegal\/wp-json\/wp\/v2\/pages\/128\/revisions"}],"predecessor-version":[{"id":256,"href":"https:\/\/help.unhcr.org\/senegal\/wp-json\/wp\/v2\/pages\/128\/revisions\/256"}],"wp:attachment":[{"href":"https:\/\/help.unhcr.org\/senegal\/wp-json\/wp\/v2\/media?parent=128"}],"curies":[{"name":"wp","href":"https:\/\/api.w.org\/{rel}","templated":true}]}}