{"id":852,"date":"2022-10-27T23:00:22","date_gmt":"2022-10-27T23:00:22","guid":{"rendered":"https:\/\/help.unhcr.org\/russia\/asyluminrussia\/refusal\/"},"modified":"2023-10-09T14:27:51","modified_gmt":"2023-10-09T14:27:51","slug":"refusal","status":"publish","type":"page","link":"https:\/\/help.unhcr.org\/russia\/fr\/asyluminrussia\/refusal\/","title":{"rendered":"Proc\u00e9dure d\u2019appel des d\u00e9cisions de refus"},"content":{"rendered":"\n<p>Si votre demande sur le fond de vous reconna\u00eetre en tant que r\u00e9fugi\u00e9 ou de vous accorder l&rsquo; asile temporaire a \u00e9t\u00e9 rejet\u00e9e, la notification de la d\u00e9cision prise vous sera d\u00e9livr\u00e9e. Vous avez \u00e9galement le droit de recevoir une d\u00e9cision motiv\u00e9e avec les raisons du refus indiqu\u00e9es, que vous pouvez contester aupr\u00e8s d&rsquo;une autorit\u00e9 sup\u00e9rieure &#8211; la Direction g\u00e9n\u00e9rale des migrations du Minist\u00e8re de l&rsquo;int\u00e9rieur de la Russie (GUVM MVD de la Russie) ou en justice dans un d\u00e9lai d&rsquo;un mois \u00e0 compter de la date de r\u00e9ception de la notification.<\/p>\n\n\n\n<p>L&rsquo;attestation d&rsquo;examen sur le fond de la demande de reconnaissance du statut de r\u00e9fugi\u00e9 et l&rsquo;attestation d&rsquo;examen de la demande d&rsquo;asile temporaire peuvent \u00eatre prorog\u00e9es pour la dur\u00e9e du recours. Afin de prolonger le certificat ou l&rsquo;attestation, vous devez fournir des pi\u00e8ces justificatives du recours. Si vous ne respectez pas le d\u00e9lai d&rsquo;appel, votre s\u00e9jour sur le territoire de la F\u00e9d\u00e9ration de Russie sera consid\u00e9r\u00e9 comme ill\u00e9gal et vous pourrez faire l&rsquo;objet d&rsquo;une amende, d&rsquo;une d\u00e9tention, d&rsquo;une d\u00e9portation ou d&rsquo;une expulsion. Si, \u00e0 n&rsquo;importe quel stade du recours, la d\u00e9cision est prise en votre faveur, votre dossier sera renvoy\u00e9 au service territorial du Minist\u00e8re de l\u2019Int\u00e9rieur de la Russie pour r\u00e9examen.<\/p>\n","protected":false},"excerpt":{"rendered":"<p>Si votre demande sur le fond de vous reconna\u00eetre en tant que r\u00e9fugi\u00e9 ou de vous accorder l&rsquo; asile temporaire a \u00e9t\u00e9 rejet\u00e9e, la notification de la d\u00e9cision prise vous sera d\u00e9livr\u00e9e. Vous avez \u00e9galement le droit de recevoir une d\u00e9cision motiv\u00e9e avec les raisons du refus indiqu\u00e9es, que vous pouvez contester aupr\u00e8s d&rsquo;une autorit\u00e9 [&hellip;]<\/p>\n","protected":false},"author":150,"featured_media":0,"parent":831,"menu_order":1,"comment_status":"closed","ping_status":"closed","template":"","meta":{"_acf_changed":false,"footnotes":""},"class_list":["post-852","page","type-page","status-publish","hentry"],"acf":[],"_links":{"self":[{"href":"https:\/\/help.unhcr.org\/russia\/fr\/wp-json\/wp\/v2\/pages\/852","targetHints":{"allow":["GET"]}}],"collection":[{"href":"https:\/\/help.unhcr.org\/russia\/fr\/wp-json\/wp\/v2\/pages"}],"about":[{"href":"https:\/\/help.unhcr.org\/russia\/fr\/wp-json\/wp\/v2\/types\/page"}],"author":[{"embeddable":true,"href":"https:\/\/help.unhcr.org\/russia\/fr\/wp-json\/wp\/v2\/users\/150"}],"replies":[{"embeddable":true,"href":"https:\/\/help.unhcr.org\/russia\/fr\/wp-json\/wp\/v2\/comments?post=852"}],"version-history":[{"count":1,"href":"https:\/\/help.unhcr.org\/russia\/fr\/wp-json\/wp\/v2\/pages\/852\/revisions"}],"predecessor-version":[{"id":853,"href":"https:\/\/help.unhcr.org\/russia\/fr\/wp-json\/wp\/v2\/pages\/852\/revisions\/853"}],"up":[{"embeddable":true,"href":"https:\/\/help.unhcr.org\/russia\/fr\/wp-json\/wp\/v2\/pages\/831"}],"wp:attachment":[{"href":"https:\/\/help.unhcr.org\/russia\/fr\/wp-json\/wp\/v2\/media?parent=852"}],"curies":[{"name":"wp","href":"https:\/\/api.w.org\/{rel}","templated":true}]}}