{"id":831,"date":"2021-01-07T09:45:58","date_gmt":"2021-01-07T09:45:58","guid":{"rendered":"https:\/\/help.unhcr.org\/russia\/asyluminrussia\/"},"modified":"2023-10-09T15:34:30","modified_gmt":"2023-10-09T15:34:30","slug":"asyluminrussia","status":"publish","type":"page","link":"https:\/\/help.unhcr.org\/russia\/fr\/asyluminrussia\/","title":{"rendered":"Asile en Russie"},"content":{"rendered":"\n<h3 class=\"wp-block-heading\"><strong><strong>Qu&rsquo;est-ce qu&rsquo;un r\u00e9fugi\u00e9?<\/strong><\/strong><\/h3>\n\n\n\n<p>Selon la l\u00e9gislation russe et la Convention de 1951 relative au statut des r\u00e9fugi\u00e9s, un <strong>r\u00e9fugi\u00e9 <\/strong>est une personne qui se trouve hors de son pays et qui craint d&rsquo;y retourner en raison d&rsquo;un risque de pers\u00e9cution du fait de sa race, de sa religion, de sa nationalit\u00e9, de son appartenance \u00e0 un certain groupe social ou de ses opinions politiques.<\/p>\n\n\n\n<p>Si vous appartenez \u00e0 cette cat\u00e9gorie, vous avez le droit de demander aux autorit\u00e9s de la F\u00e9d\u00e9ration de Russie la reconnaissance du statut de r\u00e9fugi\u00e9 sur le territoire de la F\u00e9d\u00e9ration de Russie.<\/p>\n\n\n\n<p>Si vous ne remplissez pas les conditions requises pour obtenir le statut de r\u00e9fugi\u00e9, mais que vous ne pouvez pas retourner dans votre pays en raison d&rsquo;hostilit\u00e9s, de craintes de violence ou pour d&rsquo;autres raisons humaines, telles que des probl\u00e8mes de sant\u00e9, vous pouvez demander l&rsquo;<strong>asile temporaire <\/strong>aux autorit\u00e9s de la F\u00e9d\u00e9ration de Russie.<\/p>\n","protected":false},"excerpt":{"rendered":"<p>Qu&rsquo;est-ce qu&rsquo;un r\u00e9fugi\u00e9? Selon la l\u00e9gislation russe et la Convention de 1951 relative au statut des r\u00e9fugi\u00e9s, un r\u00e9fugi\u00e9 est une personne qui se trouve hors de son pays et qui craint d&rsquo;y retourner en raison d&rsquo;un risque de pers\u00e9cution du fait de sa race, de sa religion, de sa nationalit\u00e9, de son appartenance \u00e0 [&hellip;]<\/p>\n","protected":false},"author":150,"featured_media":0,"parent":0,"menu_order":10,"comment_status":"closed","ping_status":"closed","template":"page-templates\/listing_page.php","meta":{"_acf_changed":false,"footnotes":""},"class_list":["post-831","page","type-page","status-publish","hentry"],"acf":[],"_links":{"self":[{"href":"https:\/\/help.unhcr.org\/russia\/fr\/wp-json\/wp\/v2\/pages\/831","targetHints":{"allow":["GET"]}}],"collection":[{"href":"https:\/\/help.unhcr.org\/russia\/fr\/wp-json\/wp\/v2\/pages"}],"about":[{"href":"https:\/\/help.unhcr.org\/russia\/fr\/wp-json\/wp\/v2\/types\/page"}],"author":[{"embeddable":true,"href":"https:\/\/help.unhcr.org\/russia\/fr\/wp-json\/wp\/v2\/users\/150"}],"replies":[{"embeddable":true,"href":"https:\/\/help.unhcr.org\/russia\/fr\/wp-json\/wp\/v2\/comments?post=831"}],"version-history":[{"count":1,"href":"https:\/\/help.unhcr.org\/russia\/fr\/wp-json\/wp\/v2\/pages\/831\/revisions"}],"predecessor-version":[{"id":833,"href":"https:\/\/help.unhcr.org\/russia\/fr\/wp-json\/wp\/v2\/pages\/831\/revisions\/833"}],"wp:attachment":[{"href":"https:\/\/help.unhcr.org\/russia\/fr\/wp-json\/wp\/v2\/media?parent=831"}],"curies":[{"name":"wp","href":"https:\/\/api.w.org\/{rel}","templated":true}]}}