{"id":827,"date":"2021-02-03T08:11:31","date_gmt":"2021-02-03T08:11:31","guid":{"rendered":"https:\/\/help.unhcr.org\/russia\/stateless\/"},"modified":"2023-10-09T15:34:17","modified_gmt":"2023-10-09T15:34:17","slug":"stateless","status":"publish","type":"page","link":"https:\/\/help.unhcr.org\/russia\/fr\/stateless\/","title":{"rendered":"Assistance aux apatrides"},"content":{"rendered":"\n<p>Un apatride est une personne qui n&rsquo;est pas consid\u00e9r\u00e9e comme un ressortissant d&rsquo;un \u00c9tat en vertu de sa l\u00e9gislation. <\/p>\n\n\n\n<ul class=\"wp-block-list\">\n<li>La proc\u00e9dure de r\u00e9solution de la situation juridique des LBG doit commencer par une proc\u00e9dure d&rsquo;identification. \u00c0 cette fin, il est n\u00e9cessaire de pr\u00e9senter <a href=\"https:\/\/vnl-migrant.ru\/images\/ukr\/forma-zajavlenija-ob-ust.-lichnosti.pdf\">une demande<\/a> par \u00e9crit \u00e0 la subdivision du Minist\u00e8re de l&rsquo;int\u00e9rieur de la Russie au lieu de r\u00e9sidence actuel. Une attestation de r\u00e9ception de la demande est d\u00e9livr\u00e9e. La dur\u00e9e de la proc\u00e9dure est de 3 mois (peut \u00eatre prolong\u00e9e de 3 mois). D&rsquo;apr\u00e8s les r\u00e9sultats, une conclusion sur l&rsquo;identification est r\u00e9dig\u00e9e et une copie est d\u00e9livr\u00e9e au demandeur sur demande.<\/li>\n<\/ul>\n\n\n\n<ul class=\"wp-block-list\">\n<li>Certificat d&rsquo;identit\u00e9 temporaire d&rsquo;un apatride dans la F\u00e9d\u00e9ration de Russie (en russe: VUL LBG) &#8211; document d\u00e9livr\u00e9 \u00e0 un apatride pour confirmer son identit\u00e9 et son s\u00e9jour temporaire dans la F\u00e9d\u00e9ration de Russie. <a href=\"https:\/\/vnl-migrant.ru\/images\/ukr\/zajavlenie-na-vydachu-vrem-udost-lichn-lbg.pdf\">La demande<\/a> est soumise \u00e0 l&rsquo;autorit\u00e9 territoriale de l&rsquo;organe f\u00e9d\u00e9ral du pouvoir ex\u00e9cutif dans le domaine des affaires int\u00e9rieures une fois la proc\u00e9dure d&rsquo;identification achev\u00e9e (pour les personnes d\u00e9tenues dans une institution sp\u00e9ciale &#8211; par l&rsquo;interm\u00e9diaire de l&rsquo;administration de l&rsquo;institution). La demande doit \u00eatre accompagn\u00e9e d&rsquo;une conclusion sur l&rsquo;\u00e9tablissement de l&rsquo;identit\u00e9. D\u00e9lai de d\u00e9livrance du document : dans un d\u00e9lai de dix jours ouvrables \u00e0 compter de la date d&rsquo;introduction de la demande de d\u00e9livrance. Le certificat est d\u00e9livr\u00e9 pour une dur\u00e9e de 10 ans.<\/li>\n<\/ul>\n\n\n\n<ul class=\"wp-block-list\">\n<li>Le VUL LBG donne le droit d&rsquo;exercer des activit\u00e9s professionnelles sans permis de travail ni brevet et de demander un permis de s\u00e9jour temporaire sans recevoir de quota, ainsi que d&rsquo;utiliser les possibilit\u00e9s d&rsquo;int\u00e9gration juridique ult\u00e9rieure, y compris l&rsquo;obtention de la citoyennet\u00e9 russe.<\/li>\n<\/ul>\n\n\n\n<p><em>Si vous n&rsquo;avez pas de passeport valide et qu&rsquo;aucun \u00c9tat ne vous reconna\u00eet comme son citoyen, les organisations partenaires du HCR peuvent vous fournir des conseils juridiques pour vous aider \u00e0 r\u00e9gulariser votre statut. Vous pouvez contacter l&rsquo;une d&rsquo;entre elles pour obtenir des conseils juridiques. Les contacts sont disponibles via ce <\/em><a href=\"https:\/\/help.unhcr.org\/russia\/seekhelp\/unhcrpartners\/\"><em>lien<\/em><\/a><em>.<\/em><\/p>\n","protected":false},"excerpt":{"rendered":"<p>Un apatride est une personne qui n&rsquo;est pas consid\u00e9r\u00e9e comme un ressortissant d&rsquo;un \u00c9tat en vertu de sa l\u00e9gislation. Si vous n&rsquo;avez pas de passeport valide et qu&rsquo;aucun \u00c9tat ne vous reconna\u00eet comme son citoyen, les organisations partenaires du HCR peuvent vous fournir des conseils juridiques pour vous aider \u00e0 r\u00e9gulariser votre statut. Vous pouvez [&hellip;]<\/p>\n","protected":false},"author":150,"featured_media":0,"parent":0,"menu_order":40,"comment_status":"closed","ping_status":"closed","template":"","meta":{"_acf_changed":false,"footnotes":""},"class_list":["post-827","page","type-page","status-publish","hentry"],"acf":[],"_links":{"self":[{"href":"https:\/\/help.unhcr.org\/russia\/fr\/wp-json\/wp\/v2\/pages\/827","targetHints":{"allow":["GET"]}}],"collection":[{"href":"https:\/\/help.unhcr.org\/russia\/fr\/wp-json\/wp\/v2\/pages"}],"about":[{"href":"https:\/\/help.unhcr.org\/russia\/fr\/wp-json\/wp\/v2\/types\/page"}],"author":[{"embeddable":true,"href":"https:\/\/help.unhcr.org\/russia\/fr\/wp-json\/wp\/v2\/users\/150"}],"replies":[{"embeddable":true,"href":"https:\/\/help.unhcr.org\/russia\/fr\/wp-json\/wp\/v2\/comments?post=827"}],"version-history":[{"count":1,"href":"https:\/\/help.unhcr.org\/russia\/fr\/wp-json\/wp\/v2\/pages\/827\/revisions"}],"predecessor-version":[{"id":829,"href":"https:\/\/help.unhcr.org\/russia\/fr\/wp-json\/wp\/v2\/pages\/827\/revisions\/829"}],"wp:attachment":[{"href":"https:\/\/help.unhcr.org\/russia\/fr\/wp-json\/wp\/v2\/media?parent=827"}],"curies":[{"name":"wp","href":"https:\/\/api.w.org\/{rel}","templated":true}]}}