{"id":814,"date":"2021-01-07T05:55:53","date_gmt":"2021-01-07T05:55:53","guid":{"rendered":"https:\/\/help.unhcr.org\/russia\/outrouver\/unhcrpartners\/"},"modified":"2026-02-09T12:29:37","modified_gmt":"2026-02-09T12:29:37","slug":"unhcrpartners","status":"publish","type":"page","link":"https:\/\/help.unhcr.org\/russia\/fr\/outrouver\/unhcrpartners\/","title":{"rendered":"Partenaires du HCR"},"content":{"rendered":"\n<h3 class=\"wp-block-heading\"><strong><mark style=\"background-color:#faeb00\" class=\"has-inline-color\">Nous vous rappelons que le HCR et ses partenaires fournissent tous leurs services gratuitement.<\/mark><\/strong><\/h3>\n\n\n\n<h3 class=\"wp-block-heading\">Si vous avez connaissance de cas d&rsquo;extorsion d&rsquo;argent pour des services fournis, veuillez nous en informer \u00e0 l&rsquo;adresse \u00e9lectronique suivante : <a href=\"mailto:rusmo@unhcr.org\">rusmo@unhcr.org<\/a>.<br><br><br><strong>Comit\u00e9 d&rsquo;Assistance Civique<\/strong><\/h3>\n\n\n\n<p>Conseils sur l&rsquo;asile, l&rsquo;int\u00e9gration et l&rsquo;acc\u00e8s aux droits et aux services.<\/p>\n\n\n\n<p><strong>Adresse :<\/strong> Moscou, Olimpiysky Avenue, 22<\/p>\n\n\n\n<p><strong>Heures d&rsquo;ouverture :<\/strong> Lun, mer, ven de 10:00 \u00e0 17:00.<\/p>\n\n\n\n<p><strong>Ligne d&rsquo;assistance t\u00e9l\u00e9phonique :<\/strong> +7 (985) 310-08-26<\/p>\n\n\n\n<p><strong>(Farsi)<\/strong> +7 (967) 021-34-64<\/p>\n\n\n\n<p><strong>Courriel :<\/strong> <a href=\"mailto:info@refugee.ru\">info@refugee.ru<\/a><\/p>\n\n\n\n<p><strong>Site web :<\/strong> <a href=\"https:\/\/refugee.ru\/\">refugee.ru<\/a><\/p>\n\n\n\n<hr class=\"wp-block-separator has-alpha-channel-opacity\" \/>\n\n\n\n<p class=\"has-medium-font-size\"><strong>Fondation caritative Paix et Progr\u00e8s<\/strong><\/p>\n\n\n\n<p>Assistance juridique aux demandeurs d&rsquo;asile, aux r\u00e9fugi\u00e9s et aux apatrides.<\/p>\n\n\n\n<p>Pour toute question concernant l&rsquo;obtention d&rsquo;une aide juridique \u00e0 Moscou et l&rsquo;assistance disponible dans d&rsquo;autres r\u00e9gions, veuillez contacter:<\/p>\n\n\n\n<p><strong>Adresse :<\/strong> Moscou, Olimpiysky Avenue, 22<\/p>\n\n\n\n<p><strong>Heures d&rsquo;ouverture<\/strong>: Lun, mer, ven de 10:00 \u00e0 17:00.<\/p>\n\n\n\n<p><strong>Num\u00e9ro d&rsquo;appel :<\/strong> +7 (985) 310-08-26<\/p>\n\n\n\n<hr class=\"wp-block-separator has-css-opacity\" \/>\n\n\n\n<h3 class=\"wp-block-heading\"><strong>Croix-Rouge russe<\/strong><\/h3>\n\n\n\n<p><strong>Centre d&rsquo;accueil public de la Croix-Rouge russe<\/strong><\/p>\n\n\n\n<p>Information, soutien juridique et psychosocial, aide humanitaire de base, centre de formation pour les enfants r\u00e9fugi\u00e9s et migrants.<\/p>\n\n\n\n<p><strong>Adresse :<\/strong> Moscou, Leninsky Avenue, 35<\/p>\n\n\n\n<p><strong>Heures d&rsquo;ouverture :<\/strong> de 10h00 \u00e0 18h00 (sauf le week-end)<\/p>\n\n\n\n<p><strong>T\u00e9l.:<\/strong> +7 (499) 126-75-71 ext. 9968<\/p>\n\n\n\n<p><strong>Ligne directe :<\/strong> +7 800 234 07 07<\/p>\n\n\n\n<p><strong>Courriel :<\/strong> <a href=\"mailto:help@redcross.ru\">help@redcross.ru<\/a><\/p>\n\n\n\n<p><strong>Site web :<\/strong> <a href=\"http:\/\/www.redcross.ru\/\">www.redcross.ru<\/a><\/p>\n\n\n\n<p>Pour toute question relative \u00e0 la recherche et au r\u00e9tablissement des liens familiaux, vous pouvez remplir le formulaire de <a href=\"https:\/\/russianredcross.bitrix24site.ru\/crm_form_bmgwp\/\">demande de recherche<\/a>, appeler le <a href=\"mailto:+7%20(800)%20234-07-07\">+7 (800) 234-07-07-07<\/a>, poste 4, ou envoyer un courriel \u00e0 <a href=\"mailto:rfl@redcross.ru\">rfl@redcross.ru<\/a>.<\/p>\n\n\n\n<hr class=\"wp-block-separator has-css-opacity\" \/>\n\n\n\n<h3 class=\"wp-block-heading\"><strong><strong>Section de Saint-P\u00e9tersbourg de la Croix-Rouge russe<\/strong><\/strong><\/h3>\n\n\n\n<p>Assistance juridique en mati\u00e8re d&rsquo;asile, d&rsquo;int\u00e9gration et d&rsquo;acc\u00e8s aux droits et aux services.<\/p>\n\n\n\n<p><strong>Adresse :<\/strong> Saint-P\u00e9tersbourg, rue Goncharnaya, 19D<\/p>\n\n\n\n<p><strong>T\u00e9l.:<\/strong> +7 (812) 717-35-34, +7 (812) 717-35-31<\/p>\n\n\n\n<p><strong>Ligne directe : <\/strong>+7 (800) 333-00-16<\/p>\n\n\n\n<p><strong>Courriel :<\/strong> <a href=\"mailto:rcc@spbredcross.org\">rcc@spbredcross.org<\/a><\/p>\n\n\n\n<p><strong>Site web :<\/strong> <a href=\"http:\/\/www.spbredcross.org\/\">www.spbredcross.org<\/a><\/p>\n\n\n\n<p><strong>Les contacts des branches r\u00e9gionales de la Croix-Rouge russe sont disponibles <\/strong><a href=\"https:\/\/www.redcross.ru\/about\/regionalnye-otdeleniya\/\"><strong>ici<\/strong><\/a><strong>.<\/strong><\/p>\n\n\n\n<hr class=\"wp-block-separator has-css-opacity\" \/>\n\n\n\n<h3 class=\"wp-block-heading\"><strong>Organisation caritative publique interr\u00e9gionale Foi, Esp\u00e9rance, Amour<\/strong><\/h3>\n\n\n\n<p>Assistance juridique aux demandeurs d&rsquo;asile, aux r\u00e9fugi\u00e9s et aux apatrides.<\/p>\n\n\n\n<p><strong>Adresse:<\/strong> 11, Myachkovsky Boulevard, Moscou<\/p>\n\n\n\n<p><strong>T\u00e9l.:<\/strong> +7(495) 346-18-01<\/p>\n\n\n\n<p><strong>Courriel :<\/strong> <a href=\"mailto:inf@mobovnl.ru\">inf@mobovnl.ru<\/a><\/p>\n\n\n\n<p><strong>Site web : <\/strong><a href=\"http:\/\/www.vnl-migrant.ru\/\">mobovnl.ru<\/a><\/p>\n\n\n\n<hr class=\"wp-block-separator has-css-opacity\" \/>\n\n\n\n<h3 class=\"wp-block-heading\"><strong>Organisation autonome \u00e0 but non lucratif<\/strong> <strong>Institut pour les droits de l&rsquo;homme<\/strong><\/h3>\n\n\n\n<p>Assistance juridique aux demandeurs d&rsquo;asile et aux r\u00e9fugi\u00e9s menac\u00e9s d&rsquo;expulsion par le HCR et d&rsquo;autres partenaires.<\/p>\n\n\n\n<p><strong>Site web :<\/strong> <a href=\"http:\/\/hrights.ru\/right-to-asylum\">hrights.ru\/right-to-asylum<\/a><\/p>\n","protected":false},"excerpt":{"rendered":"<p>Nous vous rappelons que le HCR et ses partenaires fournissent tous leurs services gratuitement. Si vous avez connaissance de cas d&rsquo;extorsion d&rsquo;argent pour des services fournis, veuillez nous en informer \u00e0 l&rsquo;adresse \u00e9lectronique suivante : rusmo@unhcr.org. Comit\u00e9 d&rsquo;Assistance Civique Conseils sur l&rsquo;asile, l&rsquo;int\u00e9gration et l&rsquo;acc\u00e8s aux droits et aux services. Adresse : Moscou, Olimpiysky Avenue, [&hellip;]<\/p>\n","protected":false},"author":150,"featured_media":0,"parent":790,"menu_order":1,"comment_status":"closed","ping_status":"closed","template":"","meta":{"_acf_changed":false,"footnotes":""},"class_list":["post-814","page","type-page","status-publish","hentry"],"acf":[],"_links":{"self":[{"href":"https:\/\/help.unhcr.org\/russia\/fr\/wp-json\/wp\/v2\/pages\/814","targetHints":{"allow":["GET"]}}],"collection":[{"href":"https:\/\/help.unhcr.org\/russia\/fr\/wp-json\/wp\/v2\/pages"}],"about":[{"href":"https:\/\/help.unhcr.org\/russia\/fr\/wp-json\/wp\/v2\/types\/page"}],"author":[{"embeddable":true,"href":"https:\/\/help.unhcr.org\/russia\/fr\/wp-json\/wp\/v2\/users\/150"}],"replies":[{"embeddable":true,"href":"https:\/\/help.unhcr.org\/russia\/fr\/wp-json\/wp\/v2\/comments?post=814"}],"version-history":[{"count":26,"href":"https:\/\/help.unhcr.org\/russia\/fr\/wp-json\/wp\/v2\/pages\/814\/revisions"}],"predecessor-version":[{"id":1874,"href":"https:\/\/help.unhcr.org\/russia\/fr\/wp-json\/wp\/v2\/pages\/814\/revisions\/1874"}],"up":[{"embeddable":true,"href":"https:\/\/help.unhcr.org\/russia\/fr\/wp-json\/wp\/v2\/pages\/790"}],"wp:attachment":[{"href":"https:\/\/help.unhcr.org\/russia\/fr\/wp-json\/wp\/v2\/media?parent=814"}],"curies":[{"name":"wp","href":"https:\/\/api.w.org\/{rel}","templated":true}]}}