{"id":807,"date":"2020-07-09T13:36:56","date_gmt":"2020-07-09T13:36:56","guid":{"rendered":"https:\/\/help.unhcr.org\/russia\/outrouver\/unhcr-russia\/"},"modified":"2025-12-29T13:49:59","modified_gmt":"2025-12-29T13:49:59","slug":"unhcr-russia","status":"publish","type":"page","link":"https:\/\/help.unhcr.org\/russia\/fr\/outrouver\/unhcr-russia\/","title":{"rendered":"HCR Russie"},"content":{"rendered":"\n<p class=\"has-text-align-center has-background\" style=\"background-color:#fae800\"><strong>En cas d&rsquo;urgence, vous pouvez contacter le HCR via la hotline directe<em>:<\/em> <\/strong><br><strong>+7 (903) 792-22-79 [<mark style=\"background-color:#faeb00\" class=\"has-inline-color\"><strong>WhatsApp, Telegram<\/strong><\/mark>]<\/strong><\/p>\n\n\n\n<div class=\"wp-block-group\"><div class=\"wp-block-group__inner-container is-layout-flow wp-block-group-is-layout-flow\">\n<h3 class=\"wp-block-heading\"><strong><strong>Bureau de repr\u00e9sentation du HCR dans la F\u00e9d\u00e9ration de Russie<\/strong><\/strong><\/h3>\n\n\n\n<p><strong>Adresse<\/strong>: 9, Leontievsky Pereulok, Moscou, Russie<strong><br>T\u00e9l.<\/strong>: +7 (495) 660-09-01 <strong><br>Courriel<\/strong>: <a href=\"mailto:RUSMO@unhcr.org\">RUSMO@unhcr.org<\/a><br><strong>Site web<\/strong>: <a href=\"http:\/\/www.unhcr.ru\/\">www.UNHCR.ru<\/a><\/p>\n\n\n\n<p><\/p>\n<\/div><\/div>\n\n\n\n<h3 class=\"wp-block-heading\"><strong>R\u00f4le du HCR dans la F\u00e9d\u00e9ration de Russie<\/strong><\/h3>\n\n\n\n<p>Le HCR aide le gouvernement \u00e0 r\u00e9soudre les probl\u00e8mes des demandeurs d&rsquo;asile, des r\u00e9fugi\u00e9s et des apatrides par le biais d&rsquo;un soutien sp\u00e9cialis\u00e9, de programmes de formation et du financement d&rsquo;un certain nombre de projets de partenariat visant \u00e0 aider les personnes relevant de la comp\u00e9tence du HCR, en particulier le conseil juridique et l&rsquo;aide sociale pour les personnes ayant des besoins particuliers. <\/p>\n\n\n\n<p><a href=\"https:\/\/help.unhcr.org\/russia\/fr\/outrouver\/unhcr-russia\/\">View Page<\/a><\/p>\n\n\n\n<p>Le HCR et ses partenaires facilitent \u00e9galement l&rsquo;int\u00e9gration sur place des r\u00e9fugi\u00e9s reconnus et des personnes b\u00e9n\u00e9ficiant d&rsquo;un asile temporaire sur le territoire de la F\u00e9d\u00e9ration de Russie. Le HCR aide les demandeurs d&rsquo;asile et les r\u00e9fugi\u00e9s \u00e0 retourner dans leur pays d&rsquo;origine s&rsquo;ils le souhaitent, \u00e0 condition que le retour se fasse dans la s\u00e9curit\u00e9 et la dignit\u00e9.<\/p>\n\n\n\n<div class=\"wp-block-group\"><div class=\"wp-block-group__inner-container is-layout-flow wp-block-group-is-layout-flow\">\n<p class=\"has-text-align-center has-text-color has-background\" style=\"color:#ffffff;background-color:#0072bc\"><strong>Tous les services fournis par le HCR et ses organisations partenaires sont GRATUITS. <br> Toute personne ou organisation offrant l&rsquo;acc\u00e8s aux services du HCR et des organisations partenaires du HCR contre une r\u00e9mun\u00e9ration mon\u00e9taire ou autre doit \u00eatre imm\u00e9diatement signal\u00e9e au HCR.<\/strong> <\/p>\n<\/div><\/div>\n\n\n\n<p>Lorsqu&rsquo;ils s&rsquo;adressent au HCR ou \u00e0 des organisations partenaires, les demandeurs d&rsquo;asile re\u00e7oivent des informations g\u00e9n\u00e9rales sur la proc\u00e9dure d&rsquo;asile dans la F\u00e9d\u00e9ration de Russie. Les demandeurs peuvent \u00e9galement recevoir des informations suppl\u00e9mentaires et une assistance juridique de la part des partenaires du HCR sur d&rsquo;autres questions li\u00e9es \u00e0 l&rsquo;asile dans la F\u00e9d\u00e9ration de Russie. Les personnes appartenant \u00e0 des cat\u00e9gories socialement vuln\u00e9rables peuvent b\u00e9n\u00e9ficier d&rsquo;un soutien social suppl\u00e9mentaire.<\/p>\n\n\n\n<p>Dans quels cas faut-il contacter le HCR ou une organisation partenaire?<\/p>\n\n\n\n<ul class=\"wp-block-list\">\n<li>En cas de refus d&rsquo;acc\u00e8s \u00e0 la proc\u00e9dure d&rsquo;asile \u00e0 la subdivision de migration du service territorial du&nbsp;Minist\u00e8re de l\u2019Int\u00e9rieur de la Russie;<\/li>\n\n\n\n<li>En cas de refus d&rsquo;accorder le statut de r\u00e9fugi\u00e9 ou l&rsquo;asile temporaire;<\/li>\n\n\n\n<li>Si vous craignez d&rsquo;\u00eatre renvoy\u00e9 dans votre pays d&rsquo;origine avant que votre demande n&rsquo;ait \u00e9t\u00e9 trait\u00e9e ou que le r\u00e9sultat final d&rsquo;un recours de la d\u00e9cision de refus n&rsquo;ait \u00e9t\u00e9 re\u00e7u;<\/li>\n\n\n\n<li>Si vous b\u00e9n\u00e9ficiez de l&rsquo;asile temporaire ou du statut de r\u00e9fugi\u00e9, si vous \u00eates en train de demander le statut de r\u00e9fugi\u00e9 ou l&rsquo;asile temporaire ou si vous avez \u00e9puis\u00e9 la proc\u00e9dure d&rsquo;asile, mais vous souhaitez retourner dans votre pays d&rsquo;origine;<\/li>\n\n\n\n<li>Si vous avez obtenu le statut de r\u00e9fugi\u00e9 ou l&rsquo;asile temporaire et que vous avez besoin d&rsquo;aide pour poursuivre votre int\u00e9gration juridique dans la F\u00e9d\u00e9ration de Russie (demande de permis de s\u00e9jour temporaire, de carte de r\u00e9sident et de citoyennet\u00e9);<\/li>\n\n\n\n<li>Si vous b\u00e9n\u00e9ficiez de l&rsquo;asile temporaire ou de statut de r\u00e9fugi\u00e9, ou vous \u00eates en cours de demande de statut de r\u00e9fugi\u00e9\/d&rsquo;asile temporaire et rencontrez des difficult\u00e9s pour acc\u00e9der \u00e0 vos droits, y compris le droit \u00e0 l&rsquo;\u00e9ducation, \u00e0 l&#8217;emploi et \u00e0 d&rsquo;autres droits;<\/li>\n\n\n\n<li>B\u00e9n\u00e9ficiant du statut de r\u00e9fugi\u00e9 ou de l&rsquo;asile temporaire, vous souhaitez participer au concours de bourses du programme DAFI visant \u00e0 soutenir l&rsquo;enseignement secondaire professionnel et\/ou sup\u00e9rieur dans la F\u00e9d\u00e9ration de Russie;<\/li>\n\n\n\n<li>Si vous vous trouvez dans une situation d&rsquo;apatridie ou si vous avez du mal \u00e0 d\u00e9terminer votre nationalit\u00e9.<\/li>\n<\/ul>\n\n\n\n<hr class=\"wp-block-separator has-css-opacity\" \/>\n\n\n\n<h3 class=\"wp-block-heading\"><strong>Informations compl\u00e9mentaires<\/strong><\/h3>\n\n\n\n<ul class=\"wp-block-list\">\n<li><a href=\"https:\/\/help.unhcr.org\/russia\/fr\/outrouver\/stateinst\/\">Contacts des organisations gouvernementales<\/a><\/li>\n\n\n\n<li><a href=\"https:\/\/help.unhcr.org\/russia\/fr\/outrouver\/unhcrpartners\/\">Assistance des partenaires du HCR<\/a><\/li>\n\n\n\n<li><a href=\"https:\/\/help.unhcr.org\/russia\/fr\/asyluminrussia\/\">D\u00e9poser une demande d&rsquo;asile<\/a><\/li>\n\n\n\n<li><a href=\"https:\/\/help.unhcr.org\/russia\/fr\/rightsandobl\/\">Droits et obligations<\/a><\/li>\n<\/ul>\n","protected":false},"excerpt":{"rendered":"<p>En cas d&rsquo;urgence, vous pouvez contacter le HCR via la hotline directe: +7 (903) 792-22-79 [WhatsApp, Telegram] Bureau de repr\u00e9sentation du HCR dans la F\u00e9d\u00e9ration de Russie Adresse: 9, Leontievsky Pereulok, Moscou, RussieT\u00e9l.: +7 (495) 660-09-01 Courriel: RUSMO@unhcr.orgSite web: www.UNHCR.ru R\u00f4le du HCR dans la F\u00e9d\u00e9ration de Russie Le HCR aide le gouvernement \u00e0 r\u00e9soudre [&hellip;]<\/p>\n","protected":false},"author":1,"featured_media":0,"parent":790,"menu_order":0,"comment_status":"closed","ping_status":"closed","template":"","meta":{"_acf_changed":false,"footnotes":""},"class_list":["post-807","page","type-page","status-publish","hentry"],"acf":[],"_links":{"self":[{"href":"https:\/\/help.unhcr.org\/russia\/fr\/wp-json\/wp\/v2\/pages\/807","targetHints":{"allow":["GET"]}}],"collection":[{"href":"https:\/\/help.unhcr.org\/russia\/fr\/wp-json\/wp\/v2\/pages"}],"about":[{"href":"https:\/\/help.unhcr.org\/russia\/fr\/wp-json\/wp\/v2\/types\/page"}],"author":[{"embeddable":true,"href":"https:\/\/help.unhcr.org\/russia\/fr\/wp-json\/wp\/v2\/users\/1"}],"replies":[{"embeddable":true,"href":"https:\/\/help.unhcr.org\/russia\/fr\/wp-json\/wp\/v2\/comments?post=807"}],"version-history":[{"count":8,"href":"https:\/\/help.unhcr.org\/russia\/fr\/wp-json\/wp\/v2\/pages\/807\/revisions"}],"predecessor-version":[{"id":1809,"href":"https:\/\/help.unhcr.org\/russia\/fr\/wp-json\/wp\/v2\/pages\/807\/revisions\/1809"}],"up":[{"embeddable":true,"href":"https:\/\/help.unhcr.org\/russia\/fr\/wp-json\/wp\/v2\/pages\/790"}],"wp:attachment":[{"href":"https:\/\/help.unhcr.org\/russia\/fr\/wp-json\/wp\/v2\/media?parent=807"}],"curies":[{"name":"wp","href":"https:\/\/api.w.org\/{rel}","templated":true}]}}