{"id":800,"date":"2021-01-07T05:29:35","date_gmt":"2021-01-07T05:29:35","guid":{"rendered":"https:\/\/help.unhcr.org\/russia\/outrouver\/stateinst\/"},"modified":"2023-10-09T11:26:28","modified_gmt":"2023-10-09T11:26:28","slug":"stateinst","status":"publish","type":"page","link":"https:\/\/help.unhcr.org\/russia\/fr\/outrouver\/stateinst\/","title":{"rendered":"Institutions publiques"},"content":{"rendered":"\n<p>La demande du statut de r\u00e9fugi\u00e9 ou d&rsquo;asile temporaire doit \u00eatre d\u00e9pos\u00e9e en personne aupr\u00e8s de la Direction des migrations (en russe: UVM) du service territorial du&nbsp;Minist\u00e8re de l\u2019Int\u00e9rieur de la Russie (MVD de la Russie) dans la r\u00e9gion o\u00f9 vous s\u00e9journez ou aupr\u00e8s de la subdivision de migration du service territorial au niveau de l&rsquo;arrondissement de votre s\u00e9jour.<\/p>\n\n\n\n<p>Si vous ne pouvez pas d\u00e9poser votre demande en personne, par exemple, vous \u00eates dans un lieu de d\u00e9tention ou pour des raisons de sant\u00e9, vous avez le droit d&rsquo;introduire une demande par l&rsquo;interm\u00e9diaire de l&rsquo;administration de l&rsquo;\u00e9tablissement o\u00f9 vous \u00eates d\u00e9tenu, ou de la d\u00e9poser par l&rsquo;interm\u00e9diaire d&rsquo;un repr\u00e9sentant autoris\u00e9 (par exemple, un avocat).<\/p>\n\n\n\n<p>Liste des subdivisions de migration des <a href=\"https:\/\/bit.ly\/3ewtlgB\">services territoriaux du Minist\u00e8re de l&rsquo;int\u00e9rieur de la Russie<\/a>:<\/p>\n\n\n\n<p><\/p>\n","protected":false},"excerpt":{"rendered":"<p>La demande du statut de r\u00e9fugi\u00e9 ou d&rsquo;asile temporaire doit \u00eatre d\u00e9pos\u00e9e en personne aupr\u00e8s de la Direction des migrations (en russe: UVM) du service territorial du&nbsp;Minist\u00e8re de l\u2019Int\u00e9rieur de la Russie (MVD de la Russie) dans la r\u00e9gion o\u00f9 vous s\u00e9journez ou aupr\u00e8s de la subdivision de migration du service territorial au niveau de [&hellip;]<\/p>\n","protected":false},"author":150,"featured_media":0,"parent":790,"menu_order":1,"comment_status":"closed","ping_status":"closed","template":"page-templates\/sectioned.php","meta":{"_acf_changed":false,"footnotes":""},"class_list":["post-800","page","type-page","status-publish","hentry"],"acf":[],"_links":{"self":[{"href":"https:\/\/help.unhcr.org\/russia\/fr\/wp-json\/wp\/v2\/pages\/800","targetHints":{"allow":["GET"]}}],"collection":[{"href":"https:\/\/help.unhcr.org\/russia\/fr\/wp-json\/wp\/v2\/pages"}],"about":[{"href":"https:\/\/help.unhcr.org\/russia\/fr\/wp-json\/wp\/v2\/types\/page"}],"author":[{"embeddable":true,"href":"https:\/\/help.unhcr.org\/russia\/fr\/wp-json\/wp\/v2\/users\/150"}],"replies":[{"embeddable":true,"href":"https:\/\/help.unhcr.org\/russia\/fr\/wp-json\/wp\/v2\/comments?post=800"}],"version-history":[{"count":4,"href":"https:\/\/help.unhcr.org\/russia\/fr\/wp-json\/wp\/v2\/pages\/800\/revisions"}],"predecessor-version":[{"id":805,"href":"https:\/\/help.unhcr.org\/russia\/fr\/wp-json\/wp\/v2\/pages\/800\/revisions\/805"}],"up":[{"embeddable":true,"href":"https:\/\/help.unhcr.org\/russia\/fr\/wp-json\/wp\/v2\/pages\/790"}],"wp:attachment":[{"href":"https:\/\/help.unhcr.org\/russia\/fr\/wp-json\/wp\/v2\/media?parent=800"}],"curies":[{"name":"wp","href":"https:\/\/api.w.org\/{rel}","templated":true}]}}