{"id":763,"date":"2023-10-09T08:40:39","date_gmt":"2023-10-09T08:40:39","guid":{"rendered":"https:\/\/help.unhcr.org\/russia\/?page_id=763"},"modified":"2025-07-03T12:10:51","modified_gmt":"2025-07-03T12:10:51","slug":"bienvenue","status":"publish","type":"page","link":"https:\/\/help.unhcr.org\/russia\/fr\/","title":{"rendered":"Bienvenue"},"content":{"rendered":"\n<p>Le HCR, L\u2019Agence des Nations Unies pour les r\u00e9fugi\u00e9s, a cr\u00e9\u00e9 cette section pour les r\u00e9fugi\u00e9s et les demandeurs d&rsquo;asile qui se trouvent sur le territoire de la F\u00e9d\u00e9ration de Russie.<\/p>\n\n\n\n<p>Vous trouverez sur ce site des informations actuelles sur l&rsquo;asile et l&rsquo;assistance aux apatrides, notamment des r\u00e9ponses aux questions suivantes :<\/p>\n\n\n\n<ul class=\"wp-block-list\">\n<li><a href=\"https:\/\/help.unhcr.org\/russia\/fr\/refinukr\/\">O\u00f9 demander de l&rsquo;aide pour les personnes arrivant sur le territoire de la F\u00e9d\u00e9ration de Russie dans le cadre du conflit en Ukraine?<\/a><\/li>\n\n\n\n<li><a href=\"https:\/\/help.unhcr.org\/russia\/fr\/asyluminrussia\/\">Qui est un r\u00e9fugi\u00e9?<\/a><\/li>\n\n\n\n<li><a href=\"https:\/\/help.unhcr.org\/russia\/fr\/outrouver\/\">O\u00f9 trouver de l&rsquo;aide en Russie?<\/a><\/li>\n\n\n\n<li><a href=\"https:\/\/help.unhcr.org\/russia\/fr\/asyluminrussia\/reviewprocess\/\">Quelle est la proc\u00e9dure de demande d&rsquo;asile temporaire ou de reconnaissance du statut de r\u00e9fugi\u00e9?<\/a><\/li>\n\n\n\n<li><a href=\"https:\/\/help.unhcr.org\/russia\/fr\/asyluminrussia\/refusal\/\">Comment faire appel d&rsquo;un refus?<\/a><\/li>\n\n\n\n<li><a href=\"https:\/\/help.unhcr.org\/russia\/fr\/rightsandobl\/\">Quels sont vos droits et obligations au cours de la proc\u00e9dure d&rsquo;octroi de la protection internationale?<\/a><\/li>\n\n\n\n<li><a href=\"https:\/\/help.unhcr.org\/russia\/fr\/rightsandobl\/\">Quels sont vos droits et obligations apr\u00e8s avoir obtenu le statut de r\u00e9fugi\u00e9?<\/a><\/li>\n\n\n\n<li><a href=\"https:\/\/help.unhcr.org\/russia\/fr\/stateless\/\">O\u00f9 les apatrides peuvent-ils trouver de l&rsquo;aide?<\/a><\/li>\n\n\n\n<li><a href=\"https:\/\/help.unhcr.org\/russia\/fr\/rightsandobl\/\">Que faire si vous \u00eates arr\u00eat\u00e9 ou d\u00e9tenu par la police?<\/a><\/li>\n\n\n\n<li><a href=\"https:\/\/help.unhcr.org\/russia\/fr\/outrouver\/unhcr-russia\/\">Le r\u00f4le et les activit\u00e9s de l&rsquo;Agence des Nations unies pour les r\u00e9fugi\u00e9s en Russie<\/a><\/li>\n\n\n\n<li><a href=\"https:\/\/mobovnl.ru\/\" target=\"_blank\" rel=\"noreferrer noopener\">D\u00e9pliant pour les employeurs sur la formalisation des relations de travail avec les services de l&rsquo;Agence [RUS]<\/a><\/li>\n<\/ul>\n","protected":false},"excerpt":{"rendered":"<p>Le HCR, L\u2019Agence des Nations Unies pour les r\u00e9fugi\u00e9s, a cr\u00e9\u00e9 cette section pour les r\u00e9fugi\u00e9s et les demandeurs d&rsquo;asile qui se trouvent sur le territoire de la F\u00e9d\u00e9ration de Russie. Vous trouverez sur ce site des informations actuelles sur l&rsquo;asile et l&rsquo;assistance aux apatrides, notamment des r\u00e9ponses aux questions suivantes :<\/p>\n","protected":false},"author":150,"featured_media":0,"parent":0,"menu_order":3,"comment_status":"closed","ping_status":"closed","template":"","meta":{"_acf_changed":false,"footnotes":""},"class_list":["post-763","page","type-page","status-publish","hentry"],"acf":[],"_links":{"self":[{"href":"https:\/\/help.unhcr.org\/russia\/fr\/wp-json\/wp\/v2\/pages\/763","targetHints":{"allow":["GET"]}}],"collection":[{"href":"https:\/\/help.unhcr.org\/russia\/fr\/wp-json\/wp\/v2\/pages"}],"about":[{"href":"https:\/\/help.unhcr.org\/russia\/fr\/wp-json\/wp\/v2\/types\/page"}],"author":[{"embeddable":true,"href":"https:\/\/help.unhcr.org\/russia\/fr\/wp-json\/wp\/v2\/users\/150"}],"replies":[{"embeddable":true,"href":"https:\/\/help.unhcr.org\/russia\/fr\/wp-json\/wp\/v2\/comments?post=763"}],"version-history":[{"count":9,"href":"https:\/\/help.unhcr.org\/russia\/fr\/wp-json\/wp\/v2\/pages\/763\/revisions"}],"predecessor-version":[{"id":1727,"href":"https:\/\/help.unhcr.org\/russia\/fr\/wp-json\/wp\/v2\/pages\/763\/revisions\/1727"}],"wp:attachment":[{"href":"https:\/\/help.unhcr.org\/russia\/fr\/wp-json\/wp\/v2\/media?parent=763"}],"curies":[{"name":"wp","href":"https:\/\/api.w.org\/{rel}","templated":true}]}}