{"id":977,"date":"2021-01-07T04:12:35","date_gmt":"2021-01-07T04:12:35","guid":{"rendered":"https:\/\/help.unhcr.org\/russia\/welcome\/"},"modified":"2024-01-24T14:33:24","modified_gmt":"2024-01-24T14:33:24","slug":"welcome","status":"publish","type":"page","link":"https:\/\/help.unhcr.org\/russia\/es\/","title":{"rendered":"Bienvenido"},"content":{"rendered":"\n<p>La Oficina del Alto Comisionado de las Naciones Unidas para los Refugiados (ACNUR) ha creado esta secci\u00f3n para los refugiados y solicitantes de asilo que se encuentran en el territorio de la Federaci\u00f3n Rusa.<\/p>\n\n\n\n<p>En este sitio puede encontrar informaci\u00f3n actualizada sobre asilo, asistencia a ap\u00e1tridas, incluidas respuestas a las siguientes preguntas:<\/p>\n\n\n\n<ul class=\"wp-block-list\">\n<li><a href=\"https:\/\/help.unhcr.org\/russia\/es\/ukrrefugeesinru\/\">\u00bfD\u00f3nde solicitar asistencia para las personas que llegan al territorio de la Federaci\u00f3n Rusa en relaci\u00f3n con el conflicto en Ucrania?<\/a><\/li>\n\n\n\n<li><a href=\"https:\/\/help.unhcr.org\/russia\/es\/asyluminrussia\/\">\u00bfQui\u00e9n es un refugiado?<\/a><\/li>\n\n\n\n<li><a href=\"https:\/\/help.unhcr.org\/russia\/es\/seekhelp\/\">\u00bfD\u00f3nde buscar ayuda en Rusia?<\/a><\/li>\n\n\n\n<li><a href=\"https:\/\/help.unhcr.org\/russia\/es\/asyluminrussia\/reviewprocess\/\">\u00bfCu\u00e1l es el proceso de solicitud de reconocimiento de la condici\u00f3n de refugiado o de asilo temporal?<\/a><\/li>\n\n\n\n<li><a href=\"https:\/\/help.unhcr.org\/russia\/es\/asyluminrussia\/refusal\/\">\u00bfC\u00f3mo se apela una decisi\u00f3n negativa de asilo?<\/a><\/li>\n\n\n\n<li><a href=\"https:\/\/help.unhcr.org\/russia\/es\/rightsandobl\/\">\u00bfQu\u00e9 derechos y obligaciones tiene durante el procedimiento de concesi\u00f3n de protecci\u00f3n internacional (asilo)?<\/a><\/li>\n\n\n\n<li><a href=\"https:\/\/help.unhcr.org\/russia\/es\/rightsandobl\/\">\u00bfQu\u00e9 derechos y obligaciones tiene tras recibir el estatuto de refugiado?<\/a><\/li>\n\n\n\n<li><a href=\"https:\/\/help.unhcr.org\/russia\/es\/stateless\/\">\u00bfD\u00f3nde pueden buscar ayuda los ap\u00e1tridas?<\/a><\/li>\n\n\n\n<li><a href=\"https:\/\/help.unhcr.org\/russia\/es\/rightsandobl\/\">\u00bfQu\u00e9 hacer si le para o detiene la polic\u00eda?<\/a><\/li>\n\n\n\n<li><a href=\"https:\/\/help.unhcr.org\/russia\/es\/seekhelp\/unhcr-russia\/\">El papel y las actividades de la Agencia de la ONU para los Refugiados en Rusia<\/a><\/li>\n<\/ul>\n","protected":false},"excerpt":{"rendered":"<p>La Oficina del Alto Comisionado de las Naciones Unidas para los Refugiados (ACNUR) ha creado esta secci\u00f3n para los refugiados y solicitantes de asilo que se encuentran en el territorio de la Federaci\u00f3n Rusa. En este sitio puede encontrar informaci\u00f3n actualizada sobre asilo, asistencia a ap\u00e1tridas, incluidas respuestas a las siguientes preguntas:<\/p>\n","protected":false},"author":150,"featured_media":0,"parent":0,"menu_order":3,"comment_status":"closed","ping_status":"closed","template":"","meta":{"_acf_changed":false,"footnotes":""},"class_list":["post-977","page","type-page","status-publish","hentry"],"acf":[],"_links":{"self":[{"href":"https:\/\/help.unhcr.org\/russia\/es\/wp-json\/wp\/v2\/pages\/977","targetHints":{"allow":["GET"]}}],"collection":[{"href":"https:\/\/help.unhcr.org\/russia\/es\/wp-json\/wp\/v2\/pages"}],"about":[{"href":"https:\/\/help.unhcr.org\/russia\/es\/wp-json\/wp\/v2\/types\/page"}],"author":[{"embeddable":true,"href":"https:\/\/help.unhcr.org\/russia\/es\/wp-json\/wp\/v2\/users\/150"}],"replies":[{"embeddable":true,"href":"https:\/\/help.unhcr.org\/russia\/es\/wp-json\/wp\/v2\/comments?post=977"}],"version-history":[{"count":4,"href":"https:\/\/help.unhcr.org\/russia\/es\/wp-json\/wp\/v2\/pages\/977\/revisions"}],"predecessor-version":[{"id":1338,"href":"https:\/\/help.unhcr.org\/russia\/es\/wp-json\/wp\/v2\/pages\/977\/revisions\/1338"}],"wp:attachment":[{"href":"https:\/\/help.unhcr.org\/russia\/es\/wp-json\/wp\/v2\/media?parent=977"}],"curies":[{"name":"wp","href":"https:\/\/api.w.org\/{rel}","templated":true}]}}