{"id":1550,"date":"2024-03-29T10:40:00","date_gmt":"2024-03-29T10:40:00","guid":{"rendered":"https:\/\/help.unhcr.org\/russia\/?page_id=1550"},"modified":"2024-03-29T19:17:21","modified_gmt":"2024-03-29T19:17:21","slug":"report_sea","status":"publish","type":"page","link":"https:\/\/help.unhcr.org\/russia\/es\/report_sea\/","title":{"rendered":"Denunciar explotaci\u00f3n o abusos sexuales"},"content":{"rendered":"\n<p><strong><u>\u00bfC\u00f3mo denunciar explotaci\u00f3n y\/o abusos sexuales cometidos por un miembro del personal del Alto Comisionado de las Naciones Unidas para los Refugiados (ACNUR) o de una Organizaci\u00f3n No Gubernamental (ONG) socia?<\/u><\/strong><br>La explotaci\u00f3n y los abusos sexuales contra solicitantes de asilo, refugiados o ap\u00e1tridas se consideran comportamientos inaceptables. Est\u00e1 prohibida para todos los miembros del personal del ACNUR y de las ONG socias del ACNUR.<\/p>\n\n\n\n<p><strong>\u00bfQu\u00e9 es la explotaci\u00f3n sexual?<\/strong>\u00a0 Es cualquier abuso real o intento de abuso de una posici\u00f3n de vulnerabilidad, poder diferencial o confianza, con fines sexuales. Incluye la trata y la prostituci\u00f3n.<\/p>\n\n\n\n<p><strong>\u00bfQu\u00e9 es el abuso sexual?<\/strong>\u00a0 Es cualquier intrusi\u00f3n f\u00edsica real o amenaza de intrusi\u00f3n f\u00edsica de naturaleza sexual, ya sea por la fuerza o en condiciones desiguales o coercitivas. Incluye la esclavitud sexual, la pornograf\u00eda, el abuso infantil y la agresi\u00f3n sexual.<\/p>\n\n\n\n<p>La explotaci\u00f3n y el abuso sexuales pueden afectar a cualquier persona -hombres, mujeres, ni\u00f1os y ni\u00f1as- a cualquier edad y en cualquier circunstancia.<\/p>\n\n\n\n<p>De acuerdo con las normas de conducta de las Naciones Unidas, los miembros del personal del ACNUR y de las ONG socias no deben:<\/p>\n\n\n\n<ul class=\"wp-block-list\">\n<li>Mantener relaciones sexuales con nadie a cambio de dinero, empleo, trato preferencial, bienes o servicios.<\/li>\n\n\n\n<li>Mantener relaciones sexuales con cualquier persona menor de 18 a\u00f1os (independientemente de la edad local de consentimiento o mayor\u00eda de edad).<\/li>\n\n\n\n<li>Participar en cualquier otra forma de comportamiento sexualmente humillante, degradante o explotador.<\/li>\n<\/ul>\n\n\n\n<p>Si tiene conocimiento o sospechas de un posible caso de explotaci\u00f3n y abuso sexual por parte de un miembro del personal del ACNUR o de una ONG socia del ACNUR, comun\u00edquelo directamente a la Oficina del Inspector General (OIG) en la sede del ACNUR:<\/p>\n\n\n\n<ul class=\"wp-block-list\">\n<li><strong>Correo electr\u00f3nico<\/strong>: inspector@unhcr.org<\/li>\n\n\n\n<li><strong>Fax confidencial<\/strong>: +41 22 739 7380<\/li>\n\n\n\n<li><strong>Correo postal<\/strong>: ACNUR, 94 Rue de Montbrillant, 1202 Ginebra, Suiza<\/li>\n<\/ul>\n\n\n\n<p>En su informe, debe incluir:<\/p>\n\n\n\n<ol class=\"wp-block-list\">\n<li>\u00bf<strong>Qu\u00e9<\/strong> ha ocurrido? Describa detalladamente lo que sabe sobre el incidente o incidentes.<\/li>\n\n\n\n<li>\u00bf<strong>Qui\u00e9n<\/strong> cometi\u00f3 la presunta falta?<\/li>\n\n\n\n<li>\u00bfSabe si estuvo implicada alguna otra persona? Indique los nombres completos, los cargos y la organizaci\u00f3n, si es posible.<\/li>\n\n\n\n<li>\u00bf<strong>Cu\u00e1ndo<\/strong> y <strong>d\u00f3nde<\/strong> se produjeron el incidente o los incidentes?<\/li>\n\n\n\n<li>Por favor, incluya fechas y horas, si es posible.<\/li>\n<\/ol>\n\n\n\n<p>Su informe se tratar\u00e1 con discreci\u00f3n y se mantendr\u00e1 estrictamente confidencial.<\/p>\n","protected":false},"excerpt":{"rendered":"<p>\u00bfC\u00f3mo denunciar explotaci\u00f3n y\/o abusos sexuales cometidos por un miembro del personal del Alto Comisionado de las Naciones Unidas para los Refugiados (ACNUR) o de una Organizaci\u00f3n No Gubernamental (ONG) socia?La explotaci\u00f3n y los abusos sexuales contra solicitantes de asilo, refugiados o ap\u00e1tridas se consideran comportamientos inaceptables. Est\u00e1 prohibida para todos los miembros del personal [&hellip;]<\/p>\n","protected":false},"author":421,"featured_media":0,"parent":0,"menu_order":70,"comment_status":"closed","ping_status":"closed","template":"","meta":{"_acf_changed":false,"footnotes":""},"class_list":["post-1550","page","type-page","status-publish","hentry"],"acf":[],"_links":{"self":[{"href":"https:\/\/help.unhcr.org\/russia\/es\/wp-json\/wp\/v2\/pages\/1550","targetHints":{"allow":["GET"]}}],"collection":[{"href":"https:\/\/help.unhcr.org\/russia\/es\/wp-json\/wp\/v2\/pages"}],"about":[{"href":"https:\/\/help.unhcr.org\/russia\/es\/wp-json\/wp\/v2\/types\/page"}],"author":[{"embeddable":true,"href":"https:\/\/help.unhcr.org\/russia\/es\/wp-json\/wp\/v2\/users\/421"}],"replies":[{"embeddable":true,"href":"https:\/\/help.unhcr.org\/russia\/es\/wp-json\/wp\/v2\/comments?post=1550"}],"version-history":[{"count":1,"href":"https:\/\/help.unhcr.org\/russia\/es\/wp-json\/wp\/v2\/pages\/1550\/revisions"}],"predecessor-version":[{"id":1551,"href":"https:\/\/help.unhcr.org\/russia\/es\/wp-json\/wp\/v2\/pages\/1550\/revisions\/1551"}],"wp:attachment":[{"href":"https:\/\/help.unhcr.org\/russia\/es\/wp-json\/wp\/v2\/media?parent=1550"}],"curies":[{"name":"wp","href":"https:\/\/api.w.org\/{rel}","templated":true}]}}