{"id":1536,"date":"2024-03-28T16:34:03","date_gmt":"2024-03-28T16:34:03","guid":{"rendered":"https:\/\/help.unhcr.org\/russia\/?page_id=1536"},"modified":"2024-03-29T16:38:23","modified_gmt":"2024-03-29T16:38:23","slug":"children","status":"publish","type":"page","link":"https:\/\/help.unhcr.org\/russia\/es\/children\/","title":{"rendered":"Informaci\u00f3n para ni\u00f1os refugiados"},"content":{"rendered":"\n<div class=\"wp-block-media-text is-stacked-on-mobile\" style=\"grid-template-columns:41% auto\"><figure class=\"wp-block-media-text__media\"><a href=\"https:\/\/help.unhcr.org\/russia\/en\/where-to-find-help\/unhcr-russia\/\" target=\"_blank\" rel=\"noreferrer noopener\"><img loading=\"lazy\" decoding=\"async\" width=\"938\" height=\"938\" src=\"https:\/\/help.unhcr.org\/russia\/wp-content\/uploads\/sites\/64\/2024\/01\/5.-Contact-UNHCR_draft3b-01.png\" alt=\"\" class=\"wp-image-1366 size-full\" srcset=\"https:\/\/help.unhcr.org\/russia\/wp-content\/uploads\/sites\/64\/2024\/01\/5.-Contact-UNHCR_draft3b-01.png 938w, https:\/\/help.unhcr.org\/russia\/wp-content\/uploads\/sites\/64\/2024\/01\/5.-Contact-UNHCR_draft3b-01-300x300.png 300w, https:\/\/help.unhcr.org\/russia\/wp-content\/uploads\/sites\/64\/2024\/01\/5.-Contact-UNHCR_draft3b-01-150x150.png 150w, https:\/\/help.unhcr.org\/russia\/wp-content\/uploads\/sites\/64\/2024\/01\/5.-Contact-UNHCR_draft3b-01-768x768.png 768w\" sizes=\"auto, (max-width: 938px) 100vw, 938px\" \/><\/a><\/figure><div class=\"wp-block-media-text__content\">\n<p class=\"has-background\" style=\"background-color:#faeb00\"><strong>Ni\u00f1as y ni\u00f1os, \u00a1hola!<\/strong><br><br>Aqu\u00ed tienes algunas preguntas que se hacen muchos ni\u00f1os y algunas respuestas que pueden ayudarte a estar seguro y a conocer tus derechos. <br><br>Como ni\u00f1o, tienes derechos especiales a permanecer con tu familia, ir a la escuela, jugar y recibir ayuda si te han hecho da\u00f1o.<br><br>Tus ideas y sentimientos importan!<\/p>\n<\/div><\/div>\n\n\n\n<p class=\"has-vivid-cyan-blue-color has-text-color has-link-color wp-elements-bba7be48faf6c1ee58ca6f16b3d709c9\" style=\"font-size:28px\"><strong>\u00bfQui\u00e9n es un refugiado?<\/strong><\/p>\n\n\n\n<p><strong>Los refugiados <\/strong>son personas que se enfrentan a riesgos en su pa\u00eds de origen debido a conflictos o persecuciones. <strong>Los refugiado<\/strong>s no han tenido m\u00e1s remedio que huir y ya no est\u00e1n en su propio pa\u00eds.<\/p>\n\n\n\n<div class=\"wp-block-media-text has-media-on-the-right is-stacked-on-mobile\" style=\"grid-template-columns:auto 52%\"><div class=\"wp-block-media-text__content\">\n<p>Si regresan a su pa\u00eds, el conflicto en curso puede ponerlos en peligro o pueden sufrir da\u00f1os debido a su nacionalidad, raza, religi\u00f3n, opini\u00f3n pol\u00edtica o por estar asociados a un grupo social determinado.<br><br>Existen leyes internacionales que obligan a los pa\u00edses <strong>a proteger a los refugiados<\/strong>, lo que incluye no devolverlos a sus pa\u00edses si ello les pone en peligro.<br><br><strong>El ACNUR <\/strong>es responsable de dirigir y coordinar los esfuerzos internacionales para proteger y ayudar a los refugiados, as\u00ed como de apoyar la respuesta en los pa\u00edses donde se encuentran los refugiados.<\/p>\n<\/div><figure class=\"wp-block-media-text__media\"><img loading=\"lazy\" decoding=\"async\" width=\"1024\" height=\"950\" src=\"https:\/\/help.unhcr.org\/russia\/wp-content\/uploads\/sites\/64\/2024\/02\/ID-1024x950-1.png\" alt=\"\" class=\"wp-image-1450 size-full\" srcset=\"https:\/\/help.unhcr.org\/russia\/wp-content\/uploads\/sites\/64\/2024\/02\/ID-1024x950-1.png 1024w, https:\/\/help.unhcr.org\/russia\/wp-content\/uploads\/sites\/64\/2024\/02\/ID-1024x950-1-300x278.png 300w, https:\/\/help.unhcr.org\/russia\/wp-content\/uploads\/sites\/64\/2024\/02\/ID-1024x950-1-768x713.png 768w\" sizes=\"auto, (max-width: 1024px) 100vw, 1024px\" \/><\/figure><\/div>\n\n\n\n<p class=\"has-vivid-cyan-blue-color has-text-color has-link-color wp-elements-f4b66bccc0ce11bbaa39e1a170e87218\" style=\"font-size:28px\"><strong>\u00bfQu\u00e9 es importante que sepas?<\/strong><\/p>\n\n\n\n<p><strong>Guarda bien tus documentos:<\/strong> Es muy importante que guardes todos tus documentos de identidad (como el certificado de nacimiento, el DNI o el pasaporte) en un lugar seguro. Si puedes, haz copias. No dejes que nadie se lleve tus documentos, aunque te ofrezcan ayuda para encontrar alojamiento o transporte.<\/p>\n\n\n\n<p><strong>La ayuda es gratuita para todas las personas<\/strong>: Nadie puede obligarte a trabajar ni pedirte favores sexuales o de otro tipo a cambio de ayuda. Si alguien lo hace, puedes denunciarlo a la polic\u00eda (n\u00famero <strong>102<\/strong>) o ponerte en contacto con el ACNUR y pedir ayuda enviando un mensaje a <a href=\"mailto:rusmo@unhcr.org\">rusmo@unhcr.org<\/a>, o llamando al n\u00famero de atenci\u00f3n telef\u00f3nica del ACNUR <strong>+79037922279<\/strong>.<\/p>\n\n\n\n<p><strong>Pide a los adultos de confianza que te ayuden a mantenerte a salvo<\/strong>: Si un desconocido se ofrece a llevarte lejos de tu familia para darte algo, di &#8220;no&#8221; y d\u00edselo a un adulto en quien conf\u00edes. Nunca aceptes encontrarte con un desconocido sin hablar antes con un adulto de tu confianza. Si te encuentras en una situaci\u00f3n que te hace sentir inc\u00f3modo o inseguro, d\u00edselo a alguien de confianza y pide ayuda.<br><br><strong>RECUERDA: no es culpa tuya, y t\u00fa no tienes la culpa si caes en una situaci\u00f3n inc\u00f3moda.<\/strong><\/p>\n\n\n\n<p class=\"has-vivid-cyan-blue-color has-text-color has-link-color wp-elements-23a9296a191765b3cfbb3747fa0ab702\" style=\"font-size:28px\"><strong>Estoy en Rusia con mi familia. \u00bfC\u00f3mo puedo asegurarme de que estamos juntos y a salvo?<\/strong> <\/p>\n\n\n\n<p>Es importante que hagas todo lo posible por permanecer junto a tus padres o familiares.<\/p>\n\n\n\n<div class=\"wp-block-media-text is-stacked-on-mobile\"><figure class=\"wp-block-media-text__media\"><img loading=\"lazy\" decoding=\"async\" width=\"1024\" height=\"950\" src=\"https:\/\/help.unhcr.org\/russia\/wp-content\/uploads\/sites\/64\/2024\/01\/ChildFriendlyServices-1024x950_123-1.png\" alt=\"\" class=\"wp-image-1408 size-full\" srcset=\"https:\/\/help.unhcr.org\/russia\/wp-content\/uploads\/sites\/64\/2024\/01\/ChildFriendlyServices-1024x950_123-1.png 1024w, https:\/\/help.unhcr.org\/russia\/wp-content\/uploads\/sites\/64\/2024\/01\/ChildFriendlyServices-1024x950_123-1-300x278.png 300w, https:\/\/help.unhcr.org\/russia\/wp-content\/uploads\/sites\/64\/2024\/01\/ChildFriendlyServices-1024x950_123-1-768x713.png 768w\" sizes=\"auto, (max-width: 1024px) 100vw, 1024px\" \/><\/figure><div class=\"wp-block-media-text__content\">\n<ul class=\"wp-block-list\">\n<li><strong>Si est\u00e1s en un lugar nuevo:<\/strong> primero expl\u00f3ralo junto con tu familia u otras personas de confianza.<\/li>\n\n\n\n<li><strong>Cuando salgas:<\/strong> avisa primero a uno de tus padres o a alguien de tu confianza (un adulto) de que te vas, ad\u00f3nde vas y cu\u00e1ndo vas a volver.<\/li>\n\n\n\n<li><strong>Lleva siempre contigo los n\u00fameros de tel\u00e9fono de tus padres o familiares<\/strong>, pero procura que no te los copien ni te los quiten desconocidos.<\/li>\n\n\n\n<li><strong>Conoce la direcci\u00f3n<\/strong> de donde se alojan t\u00fa y tu familia y comp\u00e1rtela con alguien de confianza.<\/li>\n\n\n\n<li><strong>Planeen juntos con antelacion<\/strong>, qu\u00e9 hacer si llegases a separarte de tu familia.<\/li>\n<\/ul>\n<\/div><\/div>\n\n\n\n<p class=\"has-vivid-cyan-blue-color has-text-color has-link-color wp-elements-a4255c574ed42f68e557c5f512399358\" style=\"font-size:28px\"><strong><strong>Estoy en Rusia sin mis padres. \u00bfQu\u00e9 tipo de ayuda puedo obtener?&nbsp;&nbsp;<\/strong><\/strong><\/p>\n\n\n\n<div class=\"wp-block-media-text has-media-on-the-right is-stacked-on-mobile\" style=\"grid-template-columns:auto 38%\"><div class=\"wp-block-media-text__content\">\n<p><strong>Si no puedes encontrar a tus padres o ponerte en contacto con ellos, d\u00edselo al ACNUR<\/strong> a traves de <a href=\"mailto:rusmo@unhcr.org\">rusmo@unhcr.org<\/a>, o ponte en contacto con el ACNUR a trav\u00e9s de su l\u00ednea directa <strong>+79037922279<\/strong>.&nbsp; Podemos ayudarte a intentar encontrarlos y a ponerte en contacto con ellos. <\/p>\n\n\n\n<p>La Cruz Roja Rusa y el Comit\u00e9 Internacional de la Cruz Roja (CICR) tambi\u00e9n pueden ayudarte. Puedes ponerte en contacto con el <a href=\"https:\/\/crirkk.ru\/en\/\" target=\"_blank\" rel=\"noreferrer noopener\">Centro de Localizaci\u00f3n e Informaci\u00f3n de la Cruz Roja Rusa<\/a> (<strong>+7 (495) 621-71-75<\/strong>). Tambi\u00e9n puede obtener m\u00e1s informaci\u00f3n en el sitio web del <a href=\"https:\/\/familylinks.icrc.org\/\" target=\"_blank\" rel=\"noreferrer noopener\">CICR <\/a>o ponerse en contacto con el CICR por tel\u00e9fono (<strong>8 800-600 92 69<\/strong>).<\/p>\n<\/div><figure class=\"wp-block-media-text__media\"><img loading=\"lazy\" decoding=\"async\" width=\"916\" height=\"911\" src=\"https:\/\/help.unhcr.org\/russia\/wp-content\/uploads\/sites\/64\/2024\/02\/Screenshot-2024-02-05-164657.png\" alt=\"\" class=\"wp-image-1442 size-full\" srcset=\"https:\/\/help.unhcr.org\/russia\/wp-content\/uploads\/sites\/64\/2024\/02\/Screenshot-2024-02-05-164657.png 916w, https:\/\/help.unhcr.org\/russia\/wp-content\/uploads\/sites\/64\/2024\/02\/Screenshot-2024-02-05-164657-300x298.png 300w, https:\/\/help.unhcr.org\/russia\/wp-content\/uploads\/sites\/64\/2024\/02\/Screenshot-2024-02-05-164657-150x150.png 150w, https:\/\/help.unhcr.org\/russia\/wp-content\/uploads\/sites\/64\/2024\/02\/Screenshot-2024-02-05-164657-768x764.png 768w\" sizes=\"auto, (max-width: 916px) 100vw, 916px\" \/><\/figure><\/div>\n\n\n\n<p><strong>Si est\u00e1s en Rusia sin ning\u00fan familiar adulto, tienes derecho a obtener ayuda y un lugar seguro donde quedarte.<\/strong> Debes informar a las autoridades gubernamentales y al ACNUR. Ellos te ayudar\u00e1n a mantenerte a salvo.<\/p>\n\n\n\n<p><strong>Si est\u00e1s con otros familiares, puedes quedarte con ellos.<\/strong> Sigue siendo importante que hables con las autoridades gubernamentales, el ACNUR u otras organizaciones y les digas qui\u00e9nes son tus padres, d\u00f3nde crees que est\u00e1n y cualquier informaci\u00f3n de contacto que tengas.<\/p>\n\n\n\n<p class=\"has-vivid-cyan-blue-color has-text-color has-link-color wp-elements-3650400beb4825493d9ad19f676b41e5\" style=\"font-size:28px\"><strong><strong>Quiero volver a la escuela lo antes posible. \u00bfQu\u00e9 debo hacer?<\/strong>&nbsp;<\/strong><\/p>\n\n\n\n<div class=\"wp-block-media-text is-stacked-on-mobile\" style=\"grid-template-columns:39% auto\"><figure class=\"wp-block-media-text__media\"><img loading=\"lazy\" decoding=\"async\" width=\"735\" height=\"706\" src=\"https:\/\/help.unhcr.org\/russia\/wp-content\/uploads\/sites\/64\/2024\/01\/Pic5.png\" alt=\"\" class=\"wp-image-1279 size-full\" srcset=\"https:\/\/help.unhcr.org\/russia\/wp-content\/uploads\/sites\/64\/2024\/01\/Pic5.png 735w, https:\/\/help.unhcr.org\/russia\/wp-content\/uploads\/sites\/64\/2024\/01\/Pic5-300x288.png 300w\" sizes=\"auto, (max-width: 735px) 100vw, 735px\" \/><\/figure><div class=\"wp-block-media-text__content\">\n<p>Tienes derecho a ir a la escuela en la Federaci\u00f3n Rusa. Si t\u00fa o cualquier otro ni\u00f1o tienes problemas para inscribirte en la escuela, puedes ponerte en contacto con el ACNUR en <a href=\"mailto:rusmo@unhcr.org\">rusmo@unhcr.org<\/a>, o llamando al n\u00famero de la l\u00ednea directa del ACNUR <strong>+79037922279<\/strong>.<\/p>\n<\/div><\/div>\n\n\n\n<p class=\"has-vivid-cyan-blue-color has-text-color has-link-color wp-elements-b1ffb3ef1c24f7948f19c354b2e73921\" style=\"font-size:28px\"><strong>\u00bfC\u00f3mo puedo ponerme en contacto con el ACNUR?<\/strong><\/p>\n\n\n\n<div class=\"wp-block-media-text has-media-on-the-right is-stacked-on-mobile\" style=\"grid-template-columns:auto 49%\"><div class=\"wp-block-media-text__content\">\n<p>ACNUR es la Agencia de las Naciones Unidas responsable de ayudar a los refugiados.<\/p>\n\n\n\n<p>Si necesitas informaci\u00f3n o ayuda del ACNUR, puedes enviarnos un correo electr\u00f3nico a <a href=\"mailto:rusmo@unhcr.org\">rusmo@unhcr.org<\/a>, o ponerte en contacto con el n\u00famero de la l\u00ednea directa del ACNUR <strong>+79037922279<\/strong>. <br><br>Es recomendable que hables primero con tus padres o con un adulto de confianza, pero tambi\u00e9n puedes ponerte en contacto con nosotros por tu cuenta. <\/p>\n<\/div><figure class=\"wp-block-media-text__media\"><img loading=\"lazy\" decoding=\"async\" width=\"842\" height=\"463\" src=\"https:\/\/help.unhcr.org\/russia\/wp-content\/uploads\/sites\/64\/2024\/01\/Picture9.jpg\" alt=\"\" class=\"wp-image-1293 size-full\" srcset=\"https:\/\/help.unhcr.org\/russia\/wp-content\/uploads\/sites\/64\/2024\/01\/Picture9.jpg 842w, https:\/\/help.unhcr.org\/russia\/wp-content\/uploads\/sites\/64\/2024\/01\/Picture9-300x165.jpg 300w, https:\/\/help.unhcr.org\/russia\/wp-content\/uploads\/sites\/64\/2024\/01\/Picture9-768x422.jpg 768w\" sizes=\"auto, (max-width: 842px) 100vw, 842px\" \/><\/figure><\/div>\n\n\n\n<p>Aseg\u00farate de decirnos tu nombre, edad, n\u00famero de tel\u00e9fono\/WhatsApp o direcci\u00f3n de correo electr\u00f3nico, o cualquier otra forma de contactar contigo. Es una buena idea que nos digas los nombres de tus padres si est\u00e1n en Rusia contigo. Si no est\u00e1s con tus padres, tambi\u00e9n debes dec\u00edrnos.<\/p>\n\n\n\n<p><strong>Si utilizas un ordenador compartido para enviar un correo electr\u00f3nico, aseg\u00farate de cerrar la sesi\u00f3n cuando termines.<\/strong><\/p>\n\n\n\n<p class=\"has-vivid-cyan-blue-color has-text-color has-link-color wp-elements-1ba39bfe93f7501f983ff74bdc9c4620\" style=\"font-size:28px\"><strong><strong>Algunos consejos generales para mantenerte seguro y protegido, si no est\u00e1s con los miembros de tu familia:<\/strong><\/strong><\/p>\n\n\n\n<p><strong><strong>Hay se\u00f1ales que puedes buscar para mantenerte a salvo. Por ejemplo, est\u00e9 alerta ante alguien que:<\/strong><\/strong><\/p>\n\n\n\n<ul class=\"wp-block-list\">\n<li>Te pida el pasaporte u otros documentos de identidad (aparte de las autoridades p\u00fablicas, por ejemplo en los puestos fronterizos);<\/li>\n\n\n\n<li>Te pida tu tel\u00e9fono, ordenador port\u00e1til u otro medio de comunicaci\u00f3n;<\/li>\n\n\n\n<li>Quiere alejarte de las personas con las que viajas o vives;<\/li>\n\n\n\n<li>Te ofrece un trabajo que parece demasiado bueno para ser verdad;&nbsp;<\/li>\n\n\n\n<li>Te presiona para que realices un trabajo, prestes servicios o mantengas relaciones sexuales (incluido por el pago de &#8220;deudas&#8221;);<\/li>\n\n\n\n<li>Te promete ayudarte a registrarte, trasladarte o reasentarte en otro pa\u00eds a cambio de una remuneraci\u00f3n;<\/li>\n\n\n\n<li>Te contrata, pero no te paga, no te ofrece condiciones de trabajo decentes o limita tus movimientos, por ejemplo, quit\u00e1ndote la documentaci\u00f3n o cerr\u00e1ndote la puerta con llave.<\/li>\n<\/ul>\n\n\n\n<p class=\"has-vivid-cyan-blue-color has-text-color has-link-color wp-elements-cad9f382c1b56fdefbc8efc96a8e14cb\" style=\"font-size:28px\"><strong><strong>Me siento triste, enfadado, preocupado, asustado o confuso. \u00bfEs normal?<\/strong><\/strong><\/p>\n\n\n\n<p>Es normal sentirse triste despu\u00e9s de lo que has pasado.&nbsp; Puede ser dif\u00edcil dejar de pensar en lo que has visto o vivido. Puede que est\u00e9s separado de tus seres queridos y preocupado por ellos o por lo que pueda pasar.&nbsp; Puedes sentir que nada te resulta familiar. He aqu\u00ed algunas cosas sencillas que pueden ayudarte a afrontar esta dif\u00edcil situaci\u00f3n:<\/p>\n\n\n\n<div class=\"wp-block-media-text has-media-on-the-right is-stacked-on-mobile\" style=\"grid-template-columns:auto 47%\"><div class=\"wp-block-media-text__content\">\n<ul class=\"wp-block-list\">\n<li>Intenta mantener una rutina. Acu\u00e9state y lev\u00e1ntate a la misma hora todos los d\u00edas.<\/li>\n\n\n\n<li>Intenta comer sano con regularidad.<\/li>\n\n\n\n<li>Pasa tiempo con tu familia y amigos y haz cosas que les gusten a todos.<\/li>\n\n\n\n<li>Mueve tu cuerpo: camina o haz ejercicio si puedes.<\/li>\n\n\n\n<li>Mant\u00e9n el contacto con familiares y amigos. Si no puedes ponerte en contacto con ellos ahora, escr\u00edbeles cartas.<\/li>\n\n\n\n<li>Ayuda a otras personas de tu comunidad.<\/li>\n\n\n\n<li>T\u00f3mate un descanso de las noticias y evita fotos o v\u00eddeos que te molesten.<\/li>\n<\/ul>\n<\/div><figure class=\"wp-block-media-text__media\"><img loading=\"lazy\" decoding=\"async\" width=\"883\" height=\"913\" src=\"https:\/\/help.unhcr.org\/russia\/wp-content\/uploads\/sites\/64\/2024\/01\/pic6.png\" alt=\"\" class=\"wp-image-1286 size-full\" srcset=\"https:\/\/help.unhcr.org\/russia\/wp-content\/uploads\/sites\/64\/2024\/01\/pic6.png 883w, https:\/\/help.unhcr.org\/russia\/wp-content\/uploads\/sites\/64\/2024\/01\/pic6-290x300.png 290w, https:\/\/help.unhcr.org\/russia\/wp-content\/uploads\/sites\/64\/2024\/01\/pic6-768x794.png 768w\" sizes=\"auto, (max-width: 883px) 100vw, 883px\" \/><\/figure><\/div>\n\n\n\n<p class=\"has-vivid-cyan-blue-color has-text-color has-link-color wp-elements-88e79414ecd0e9d9857231fb433261f6\" style=\"font-size:28px\"><strong>Si te sientes enfadado o abrumado:<\/strong><\/p>\n\n\n\n<ul class=\"wp-block-list\">\n<li>T\u00f3mate un descanso y conc\u00e9ntrate en respirar lentamente durante unos minutos.<\/li>\n\n\n\n<li>Busca cosas tranquilas o interesantes a tu alrededor, como el cielo, un \u00e1rbol o el sonido de los p\u00e1jaros.<\/li>\n\n\n\n<li>Habla con alguien de confianza sobre c\u00f3mo te sientes.<\/li>\n\n\n\n<li>Si crees que necesitas apoyo adicional para afrontar tu estr\u00e9s, h\u00e1znoslo saber poni\u00e9ndote en contacto con nosotros en <a href=\"mailto:rusmo@unhcr.org\">rusmo@unhcr.org<\/a>, o llamando al n\u00famero de la l\u00ednea directa del ACNUR <strong>+79037922279<\/strong>.&nbsp;<\/li>\n<\/ul>\n\n\n\n<p class=\"has-vivid-cyan-blue-color has-text-color has-link-color wp-elements-f450f04a6fcebe16d183bd4e4c9740dd\" style=\"font-size:28px\"><strong><strong>Alguien me ha hecho da\u00f1o o tengo miedo de que alguien me lo haga. \u00bfQu\u00e9 debo hacer?<\/strong><\/strong><\/p>\n\n\n\n<p><strong>Nadie tiene derecho a abusar, descuidar o maltratar a un ni\u00f1o o a su familia:<\/strong> ni desconocidos, ni los padres, ni los familiares, ni los profesores. Si alguien te ha hecho da\u00f1o, te ha tocado o te ha tratado de una manera que te hace sentir inc\u00f3modo o asustado, o si tienes miedo de que alguien lo haga, hay adultos y organizaciones que pueden ayudarte. <br><br>Si alguien que conoces te ha hecho da\u00f1o, an\u00edmate a buscar ayuda. <\/p>\n\n\n\n<p>Tambi\u00e9n puedes crear y compartir una palabra o frase secreta que puedas utilizar con tu familia y amigos si te sientes en peligro, para que sepan que est\u00e1s en apuros. Si te pones en contacto con el ACNUR, haremos todo lo posible por ayudarte.<\/p>\n\n\n\n<p><strong>RECUERDA: esto no es culpa tuya.<\/strong> No tienes por qu\u00e9 avergonzarte ni tener miedo de pedir ayuda.&nbsp; Si tienes a alguien en quien conf\u00edas, habla con ellos.<\/p>\n\n\n\n<p>Ponte en contacto con <strong>el ACNUR<\/strong> en: <a href=\"mailto:rusmo@unhcr.org\">rusmo@unhcr.org<\/a>, n\u00famero de la l\u00ednea directa del ACNUR <strong>+79037922279<\/strong>.&nbsp;<\/p>\n\n\n\n<p>Tambi\u00e9n puedes contactar con la polic\u00eda llamando al <strong>102<\/strong>.<\/p>\n\n\n\n<p class=\"has-vivid-cyan-blue-color has-text-color has-link-color wp-elements-563a2b7d4ce06642a662dfeadd6fb663\" style=\"font-size:28px\"><strong>Contactos de las organizaciones colaboradoras del ACNUR <\/strong><\/p>\n\n\n\n<div class=\"wp-block-media-text is-stacked-on-mobile\"><figure class=\"wp-block-media-text__media\"><a href=\"https:\/\/help.unhcr.org\/russia\/es\/seekhelp\/unhcrpartners\/\" target=\"_blank\" rel=\"noreferrer noopener\"><img loading=\"lazy\" decoding=\"async\" width=\"1024\" height=\"444\" src=\"https:\/\/help.unhcr.org\/russia\/wp-content\/uploads\/sites\/64\/2024\/01\/4.-Child-Helpline_draft2-01-1-1024x444-1.png\" alt=\"\" class=\"wp-image-1354 size-full\" srcset=\"https:\/\/help.unhcr.org\/russia\/wp-content\/uploads\/sites\/64\/2024\/01\/4.-Child-Helpline_draft2-01-1-1024x444-1.png 1024w, https:\/\/help.unhcr.org\/russia\/wp-content\/uploads\/sites\/64\/2024\/01\/4.-Child-Helpline_draft2-01-1-1024x444-1-300x130.png 300w, https:\/\/help.unhcr.org\/russia\/wp-content\/uploads\/sites\/64\/2024\/01\/4.-Child-Helpline_draft2-01-1-1024x444-1-768x333.png 768w\" sizes=\"auto, (max-width: 1024px) 100vw, 1024px\" \/><\/a><\/figure><div class=\"wp-block-media-text__content\">\n<p>El ACNUR presta asistencia a trav\u00e9s de socios. Haz clic en la imagen para ver informaci\u00f3n sobre nuestros socios. <\/p>\n\n\n\n<p>Los contactos tambi\u00e9n est\u00e1n disponibles <a href=\"https:\/\/help.unhcr.org\/russia\/es\/seekhelp\/unhcrpartners\/\" target=\"_blank\" rel=\"noreferrer noopener\">aqu\u00ed<\/a>.<\/p>\n<\/div><\/div>\n\n\n\n<p><\/p>\n","protected":false},"excerpt":{"rendered":"<p>Ni\u00f1as y ni\u00f1os, \u00a1hola! Aqu\u00ed tienes algunas preguntas que se hacen muchos ni\u00f1os y algunas respuestas que pueden ayudarte a estar seguro y a conocer tus derechos. Como ni\u00f1o, tienes derechos especiales a permanecer con tu familia, ir a la escuela, jugar y recibir ayuda si te han hecho da\u00f1o. Tus ideas y sentimientos importan! [&hellip;]<\/p>\n","protected":false},"author":421,"featured_media":0,"parent":0,"menu_order":40,"comment_status":"closed","ping_status":"closed","template":"","meta":{"_acf_changed":false,"footnotes":""},"class_list":["post-1536","page","type-page","status-publish","hentry"],"acf":[],"_links":{"self":[{"href":"https:\/\/help.unhcr.org\/russia\/es\/wp-json\/wp\/v2\/pages\/1536","targetHints":{"allow":["GET"]}}],"collection":[{"href":"https:\/\/help.unhcr.org\/russia\/es\/wp-json\/wp\/v2\/pages"}],"about":[{"href":"https:\/\/help.unhcr.org\/russia\/es\/wp-json\/wp\/v2\/types\/page"}],"author":[{"embeddable":true,"href":"https:\/\/help.unhcr.org\/russia\/es\/wp-json\/wp\/v2\/users\/421"}],"replies":[{"embeddable":true,"href":"https:\/\/help.unhcr.org\/russia\/es\/wp-json\/wp\/v2\/comments?post=1536"}],"version-history":[{"count":4,"href":"https:\/\/help.unhcr.org\/russia\/es\/wp-json\/wp\/v2\/pages\/1536\/revisions"}],"predecessor-version":[{"id":1578,"href":"https:\/\/help.unhcr.org\/russia\/es\/wp-json\/wp\/v2\/pages\/1536\/revisions\/1578"}],"wp:attachment":[{"href":"https:\/\/help.unhcr.org\/russia\/es\/wp-json\/wp\/v2\/media?parent=1536"}],"curies":[{"name":"wp","href":"https:\/\/api.w.org\/{rel}","templated":true}]}}