{"id":1064,"date":"2021-01-07T10:05:29","date_gmt":"2021-01-07T10:05:29","guid":{"rendered":"https:\/\/help.unhcr.org\/russia\/rightsandobl\/"},"modified":"2023-10-31T13:10:55","modified_gmt":"2023-10-31T13:10:55","slug":"rightsandobl","status":"publish","type":"page","link":"https:\/\/help.unhcr.org\/russia\/es\/rightsandobl\/","title":{"rendered":"Derechos y obligaciones"},"content":{"rendered":"\n<p><strong>Derechos de los solicitantes de asilo<\/strong><\/p>\n\n\n\n<p>Sus derechos y obligaciones se detallan en la Ley Federal &#8220;Sobre Refugiados&#8221; e incluyen, entre otros, el derecho a un int\u00e9rprete profesional y a asistencia m\u00e9dica urgente. Durante el periodo de validez de su Certificado del Estatuto Sustantivo de Refugiado (CS), tiene derecho a una p\u00f3liza del Seguro M\u00e9dico Obligatorio (CMI), que le permite recibir asistencia m\u00e9dica gratuita en las policl\u00ednicas de su lugar de residencia. Para ello, debe dirigirse a las compa\u00f1\u00edas de seguros que operan en el marco del sistema de seguro m\u00e9dico obligatorio.<\/p>\n\n\n\n<p>Adem\u00e1s, si se encuentra en una situaci\u00f3n especialmente vulnerable y solicita el estatuto de refugiado (RS), puede solicitar alojamiento en el Centro de Alojamiento Temporal (TAC) del Ministerio del Interior de Rusia.<\/p>\n\n\n\n<p>Todos los ni\u00f1os tienen derecho a estudiar en la escuela independientemente de su estatus o de la presencia de un registro de migraci\u00f3n (inscripci\u00f3n) en el territorio de la Federaci\u00f3n Rusa.<\/p>\n\n\n\n<p>Su principal obligaci\u00f3n es cumplir las disposiciones de la legislaci\u00f3n de la Federaci\u00f3n de Rusia. Puede obtener informaci\u00f3n m\u00e1s detallada en https:\/\/\u043c\u0432\u0434.\u0440\u0444, durante las consultas con un funcionario de la divisi\u00f3n de migraci\u00f3n de un \u00f3rgano territorial del Ministerio del Interior de Rusia, o llamando al n\u00famero de tel\u00e9fono gratuito 102.<\/p>\n\n\n\n<p><strong>Derechos y obligaciones de las personas a las que se concede el estatuto de refugiado (RS) o asilo temporal (AT)<\/strong><\/p>\n\n\n\n<p>Sus derechos y obligaciones se detallan en la Ley Federal &#8220;Sobre Refugiados&#8221;. Es importante que sepa que tiene derecho a asistencia m\u00e9dica gratuita en un centro m\u00e9dico del lugar de su residencia. Para ello, debe dirigirse a una organizaci\u00f3n m\u00e9dica aseguradora y obtener una p\u00f3liza de seguro m\u00e9dico obligatorio (CMI).<\/p>\n\n\n\n<p>Tambi\u00e9n tiene derecho a trabajar sin autorizaci\u00f3n especial.<\/p>\n\n\n\n<p>&nbsp;Si te encuentras en una situaci\u00f3n especialmente vulnerable, puedes solicitar alojamiento en el Centro de Alojamiento Temporal (CAT) del Ministerio del Interior de Rusia.<\/p>\n\n\n\n<p>Todos los ni\u00f1os tienen <strong>derecho a estudiar en la escuela <\/strong>independientemente de su estatus o de la presencia de un registro de migraci\u00f3n (inscripci\u00f3n) en el territorio de la Federaci\u00f3n Rusa.<\/p>\n\n\n\n<p>El estatuto de refugiado <strong>da derecho a solicitar la ciudadan\u00eda de la Federaci\u00f3n Rusa <\/strong>transcurrido un a\u00f1o desde el momento del reconocimiento como refugiado. El estatuto de asilo temporal da la oportunidad de solicitar un permiso de residencia temporal con un periodo de validez m\u00e1s largo<\/p>\n\n\n\n<p>Usted est\u00e1 obligado a cumplir la legislaci\u00f3n de la Federaci\u00f3n Rusa y necesita registrarse para la migraci\u00f3n en los \u00f3rganos territoriales del Ministerio del Interior de Rusia en el lugar de estancia. En caso de incumplimiento de los requisitos del registro de migraci\u00f3n, puede ser objeto de sanciones administrativas, por ejemplo, una multa. Puede obtener informaci\u00f3n m\u00e1s detallada durante una consulta en el departamento de migraci\u00f3n del \u00f3rgano territorial del Ministerio del Interior de Rusia o en el sitio web oficial.<\/p>\n\n\n\n<p><strong>\u00bfQu\u00e9 hacer si le para o detiene la polic\u00eda?<\/strong><\/p>\n\n\n\n<p><strong>Si te detiene o para la polic\u00eda, no firmes ning\u00fan documento si no entiendes su contenido.<\/strong><\/p>\n\n\n\n<p>Pagar una multa &#8220;in situ&#8221; se considera un soborno y puede dar lugar a acciones penales contra ambas partes.<\/p>\n\n\n\n<p>Pida al agente que se identifique, diga su rango y muestre su documento de identidad. Si es posible, anote el nombre, rango y n\u00famero de departamento. La detenci\u00f3n administrativa no debe exceder de 3 horas, pero puede prolongarse hasta 48 horas si es necesario comprobar documentos de identidad o aclarar las circunstancias de la infracci\u00f3n.<\/p>\n\n\n\n<p>Aseg\u00farese de que el expediente administrativo contiene los datos de la comisar\u00eda, el funcionario de polic\u00eda que se ocupa de su caso y los detalles de la infracci\u00f3n en caso de recurso.<\/p>\n\n\n\n<p>Tiene derecho a la presencia de un abogado y un int\u00e9rprete. Tambi\u00e9n tiene derecho a no firmar el protocolo y otros documentos procesales redactados en contra de su solicitud de presencia de int\u00e9rprete y abogado defensor.<\/p>\n\n\n\n<p>En caso de abuso de autoridad y\/u otras acciones ilegales de los agentes de la ley, debe denunciarse en la comisar\u00eda de polic\u00eda m\u00e1s cercana o llamando a la l\u00ednea directa 102.<\/p>\n\n\n\n<hr class=\"wp-block-separator has-css-opacity\" \/>\n\n\n\n<h3 class=\"wp-block-heading\"><strong>Seguir leyendo<\/strong><\/h3>\n\n\n\n<ul class=\"wp-block-list\" id=\"block-98a00a66-df6a-48b4-889e-efbd6649f929\">\n<li><a href=\"https:\/\/help.unhcr.org\/russia\/es\/asyluminrussia\/\">Presentar una solicitud de reconocimiento de la condici\u00f3n de refugiado<\/a><\/li>\n\n\n\n<li><a href=\"https:\/\/help.unhcr.org\/russia\/es\/seekhelp\/unhcr-russia\/\">ACNUR en Rusia<\/a><\/li>\n\n\n\n<li><a href=\"https:\/\/help.unhcr.org\/russia\/es\/seekhelp\/\">D\u00f3nde pedir ayuda<\/a><\/li>\n<\/ul>\n","protected":false},"excerpt":{"rendered":"<p>Derechos de los solicitantes de asilo Sus derechos y obligaciones se detallan en la Ley Federal &#8220;Sobre Refugiados&#8221; e incluyen, entre otros, el derecho a un int\u00e9rprete profesional y a asistencia m\u00e9dica urgente. Durante el periodo de validez de su Certificado del Estatuto Sustantivo de Refugiado (CS), tiene derecho a una p\u00f3liza del Seguro M\u00e9dico [&hellip;]<\/p>\n","protected":false},"author":150,"featured_media":0,"parent":0,"menu_order":30,"comment_status":"closed","ping_status":"closed","template":"","meta":{"_acf_changed":false,"footnotes":""},"class_list":["post-1064","page","type-page","status-publish","hentry"],"acf":[],"_links":{"self":[{"href":"https:\/\/help.unhcr.org\/russia\/es\/wp-json\/wp\/v2\/pages\/1064","targetHints":{"allow":["GET"]}}],"collection":[{"href":"https:\/\/help.unhcr.org\/russia\/es\/wp-json\/wp\/v2\/pages"}],"about":[{"href":"https:\/\/help.unhcr.org\/russia\/es\/wp-json\/wp\/v2\/types\/page"}],"author":[{"embeddable":true,"href":"https:\/\/help.unhcr.org\/russia\/es\/wp-json\/wp\/v2\/users\/150"}],"replies":[{"embeddable":true,"href":"https:\/\/help.unhcr.org\/russia\/es\/wp-json\/wp\/v2\/comments?post=1064"}],"version-history":[{"count":2,"href":"https:\/\/help.unhcr.org\/russia\/es\/wp-json\/wp\/v2\/pages\/1064\/revisions"}],"predecessor-version":[{"id":1068,"href":"https:\/\/help.unhcr.org\/russia\/es\/wp-json\/wp\/v2\/pages\/1064\/revisions\/1068"}],"wp:attachment":[{"href":"https:\/\/help.unhcr.org\/russia\/es\/wp-json\/wp\/v2\/media?parent=1064"}],"curies":[{"name":"wp","href":"https:\/\/api.w.org\/{rel}","templated":true}]}}