{"id":1060,"date":"2021-02-03T08:11:31","date_gmt":"2021-02-03T08:11:31","guid":{"rendered":"https:\/\/help.unhcr.org\/russia\/stateless\/"},"modified":"2023-10-31T13:07:38","modified_gmt":"2023-10-31T13:07:38","slug":"stateless","status":"publish","type":"page","link":"https:\/\/help.unhcr.org\/russia\/es\/stateless\/","title":{"rendered":"Asistencia a los ap\u00e1tridas"},"content":{"rendered":"\n<p>Un ap\u00e1trida es una persona que no es considerada nacional de un Estado seg\u00fan su legislaci\u00f3n.<\/p>\n\n\n\n<ul class=\"wp-block-list\">\n<li>El proceso de resoluci\u00f3n de la situaci\u00f3n jur\u00eddica de las personas LBG debe comenzar con un procedimiento de identificaci\u00f3n. Para ello, es necesario presentar <a href=\"https:\/\/vnl-migrant.ru\/images\/ukr\/forma-zajavlenija-ob-ust.-lichnosti.pdf\">solicitud<\/a> a una subdivisi\u00f3n del Ministerio del Interior de Rusia por escrito en el lugar de residencia real. Se expide un certificado de aceptaci\u00f3n de la solicitud. La duraci\u00f3n del procedimiento es de 3 meses (prorrogable 3 meses m\u00e1s). Sobre la base de los resultados, se elabora una conclusi\u00f3n sobre la identificaci\u00f3n y se expide una copia de la misma al solicitante que lo solicite.<\/li>\n\n\n\n<li>Documento de identidad temporal de un ap\u00e1trida en la Federaci\u00f3n de Rusia (TIC de un ap\u00e1trida en la Federaci\u00f3n de Rusia) &#8211; documento expedido a un ap\u00e1trida para confirmar su identidad y su estancia temporal en la Federaci\u00f3n de Rusia. <a href=\"https:\/\/vnl-migrant.ru\/images\/ukr\/zajavlenie-na-vydachu-vrem-udost-lichn-lbg.pdf\">La solicitud<\/a> se presenta ante el \u00f3rgano territorial del poder ejecutivo federal en el \u00e1mbito de los asuntos de interior una vez finalizado el procedimiento de identificaci\u00f3n (en el caso de las personas internadas en una instituci\u00f3n especial, a trav\u00e9s de la administraci\u00f3n de la instituci\u00f3n). Junto con la solicitud es necesario presentar una conclusi\u00f3n sobre el establecimiento de la identidad. Plazo de expedici\u00f3n del documento: en el plazo de diez d\u00edas laborables a partir de la fecha de presentaci\u00f3n de la solicitud de expedici\u00f3n. El certificado se expide por 10 a\u00f1os.<\/li>\n\n\n\n<li>La LBG VUL da derecho a realizar actividades laborales sin permiso de trabajo ni patente y a solicitar un permiso de residencia sin recibir una cuota, as\u00ed como a aprovechar las oportunidades de una mayor integraci\u00f3n legal, incluida la obtenci\u00f3n de la ciudadan\u00eda rusa.<\/li>\n<\/ul>\n\n\n\n<p><em>Si no tienes un pasaporte v\u00e1lido y ning\u00fan Estado te reconoce como nacional, las organizaciones socias del ACNUR pueden proporcionarte asesoramiento jur\u00eddico para ayudarte a regularizar tu situaci\u00f3n. Puede ponerse en contacto con una de ellas para obtener asesoramiento jur\u00eddico. Los contactos est\u00e1n disponibles en este <\/em><a href=\"https:\/\/help.unhcr.org\/russia\/seekhelp\/unhcrpartners\/\"><em>enlace<\/em><\/a><em>.<\/em><\/p>\n","protected":false},"excerpt":{"rendered":"<p>Un ap\u00e1trida es una persona que no es considerada nacional de un Estado seg\u00fan su legislaci\u00f3n. Si no tienes un pasaporte v\u00e1lido y ning\u00fan Estado te reconoce como nacional, las organizaciones socias del ACNUR pueden proporcionarte asesoramiento jur\u00eddico para ayudarte a regularizar tu situaci\u00f3n. Puede ponerse en contacto con una de ellas para obtener asesoramiento [&hellip;]<\/p>\n","protected":false},"author":150,"featured_media":0,"parent":0,"menu_order":30,"comment_status":"closed","ping_status":"closed","template":"","meta":{"_acf_changed":false,"footnotes":""},"class_list":["post-1060","page","type-page","status-publish","hentry"],"acf":[],"_links":{"self":[{"href":"https:\/\/help.unhcr.org\/russia\/es\/wp-json\/wp\/v2\/pages\/1060","targetHints":{"allow":["GET"]}}],"collection":[{"href":"https:\/\/help.unhcr.org\/russia\/es\/wp-json\/wp\/v2\/pages"}],"about":[{"href":"https:\/\/help.unhcr.org\/russia\/es\/wp-json\/wp\/v2\/types\/page"}],"author":[{"embeddable":true,"href":"https:\/\/help.unhcr.org\/russia\/es\/wp-json\/wp\/v2\/users\/150"}],"replies":[{"embeddable":true,"href":"https:\/\/help.unhcr.org\/russia\/es\/wp-json\/wp\/v2\/comments?post=1060"}],"version-history":[{"count":1,"href":"https:\/\/help.unhcr.org\/russia\/es\/wp-json\/wp\/v2\/pages\/1060\/revisions"}],"predecessor-version":[{"id":1062,"href":"https:\/\/help.unhcr.org\/russia\/es\/wp-json\/wp\/v2\/pages\/1060\/revisions\/1062"}],"wp:attachment":[{"href":"https:\/\/help.unhcr.org\/russia\/es\/wp-json\/wp\/v2\/media?parent=1060"}],"curies":[{"name":"wp","href":"https:\/\/api.w.org\/{rel}","templated":true}]}}