{"id":1057,"date":"2022-10-27T23:00:22","date_gmt":"2022-10-27T23:00:22","guid":{"rendered":"https:\/\/help.unhcr.org\/russia\/asyluminrussia\/refusal\/"},"modified":"2023-10-31T13:05:58","modified_gmt":"2023-10-31T13:05:58","slug":"refusal","status":"publish","type":"page","link":"https:\/\/help.unhcr.org\/russia\/es\/asyluminrussia\/refusal\/","title":{"rendered":"Procedimiento de recurso contra las decisiones de denegaci\u00f3n"},"content":{"rendered":"\n<p>Si se rechaza su solicitud en cuanto al fondo, se deniega su solicitud de reconocimiento como refugiado o de asilo temporal, se le notificar\u00e1 la decisi\u00f3n. Tambi\u00e9n tiene derecho a recibir una decisi\u00f3n motivada en la que se expongan las razones de la denegaci\u00f3n, que podr\u00e1 recurrir ante una autoridad superior -la Direcci\u00f3n Principal de Asuntos Migratorios del Ministerio del Interior de la Federaci\u00f3n de Rusia (GUVM del Ministerio del Interior de la Federaci\u00f3n de Rusia)- o ante un tribunal en el plazo de un mes a partir de la fecha de recepci\u00f3n de la notificaci\u00f3n. <\/p>\n\n\n\n<p>El certificado de examen de fondo de la solicitud de reconocimiento de la condici\u00f3n de refugiado y el certificado de examen de la solicitud de asilo temporal pueden prorrogarse durante el periodo de recurso. Para prorrogar el certificado o el certificado, deber\u00e1 presentar documentos que confirmen el hecho del recurso. Si no cumple el plazo de recurso, su estancia en el territorio de la Federaci\u00f3n Rusa se considerar\u00e1 ilegal y podr\u00e1 ser objeto de multa, detenci\u00f3n, deportaci\u00f3n o expulsi\u00f3n. Si en cualquier fase del recurso la decisi\u00f3n es favorable a usted, su caso se devolver\u00e1 al \u00f3rgano territorial del Ministerio del Interior de Rusia para que lo reconsidere<\/p>\n","protected":false},"excerpt":{"rendered":"<p>Si se rechaza su solicitud en cuanto al fondo, se deniega su solicitud de reconocimiento como refugiado o de asilo temporal, se le notificar\u00e1 la decisi\u00f3n. Tambi\u00e9n tiene derecho a recibir una decisi\u00f3n motivada en la que se expongan las razones de la denegaci\u00f3n, que podr\u00e1 recurrir ante una autoridad superior -la Direcci\u00f3n Principal de [&hellip;]<\/p>\n","protected":false},"author":150,"featured_media":0,"parent":1021,"menu_order":1,"comment_status":"closed","ping_status":"closed","template":"","meta":{"_acf_changed":false,"footnotes":""},"class_list":["post-1057","page","type-page","status-publish","hentry"],"acf":[],"_links":{"self":[{"href":"https:\/\/help.unhcr.org\/russia\/es\/wp-json\/wp\/v2\/pages\/1057","targetHints":{"allow":["GET"]}}],"collection":[{"href":"https:\/\/help.unhcr.org\/russia\/es\/wp-json\/wp\/v2\/pages"}],"about":[{"href":"https:\/\/help.unhcr.org\/russia\/es\/wp-json\/wp\/v2\/types\/page"}],"author":[{"embeddable":true,"href":"https:\/\/help.unhcr.org\/russia\/es\/wp-json\/wp\/v2\/users\/150"}],"replies":[{"embeddable":true,"href":"https:\/\/help.unhcr.org\/russia\/es\/wp-json\/wp\/v2\/comments?post=1057"}],"version-history":[{"count":1,"href":"https:\/\/help.unhcr.org\/russia\/es\/wp-json\/wp\/v2\/pages\/1057\/revisions"}],"predecessor-version":[{"id":1058,"href":"https:\/\/help.unhcr.org\/russia\/es\/wp-json\/wp\/v2\/pages\/1057\/revisions\/1058"}],"up":[{"embeddable":true,"href":"https:\/\/help.unhcr.org\/russia\/es\/wp-json\/wp\/v2\/pages\/1021"}],"wp:attachment":[{"href":"https:\/\/help.unhcr.org\/russia\/es\/wp-json\/wp\/v2\/media?parent=1057"}],"curies":[{"name":"wp","href":"https:\/\/api.w.org\/{rel}","templated":true}]}}