{"id":1021,"date":"2021-01-07T09:45:58","date_gmt":"2021-01-07T09:45:58","guid":{"rendered":"https:\/\/help.unhcr.org\/russia\/asyluminrussia\/"},"modified":"2023-10-31T12:43:09","modified_gmt":"2023-10-31T12:43:09","slug":"asyluminrussia","status":"publish","type":"page","link":"https:\/\/help.unhcr.org\/russia\/es\/asyluminrussia\/","title":{"rendered":"Santuario en Rusia"},"content":{"rendered":"\n<h3 class=\"wp-block-heading\"><strong><strong>\u00bfQui\u00e9n es un refugiado?<\/strong><\/strong><\/h3>\n\n\n\n<p>Seg\u00fan la legislaci\u00f3n rusa y la Convenci\u00f3n sobre el Estatuto de los Refugiados de 1951, un <strong>refugiado <\/strong>es una persona que se encuentra fuera de su pa\u00eds y teme regresar a \u00e9l debido al riesgo de sufrir persecuci\u00f3n por motivos de raza, religi\u00f3n, nacionalidad, pertenencia a determinado grupo social u opiniones pol\u00edticas.<\/p>\n\n\n\n<p>Si perteneces a la categor\u00eda de estas personas, tienes derecho a solicitar a las autoridades de la Federaci\u00f3n Rusa el reconocimiento de la condici\u00f3n de refugiado en el territorio de la Federaci\u00f3n Rusa. <\/p>\n\n\n\n<p>Si no re\u00fane los requisitos para ser refugiado pero no puede regresar a su pa\u00eds debido a las hostilidades, el miedo a la violencia u otras razones humanitarias, como problemas de salud, puede solicitar <strong>asilo temporal <\/strong>a las autoridades de la Federaci\u00f3n Rusa.<\/p>\n","protected":false},"excerpt":{"rendered":"<p>\u00bfQui\u00e9n es un refugiado? Seg\u00fan la legislaci\u00f3n rusa y la Convenci\u00f3n sobre el Estatuto de los Refugiados de 1951, un refugiado es una persona que se encuentra fuera de su pa\u00eds y teme regresar a \u00e9l debido al riesgo de sufrir persecuci\u00f3n por motivos de raza, religi\u00f3n, nacionalidad, pertenencia a determinado grupo social u opiniones [&hellip;]<\/p>\n","protected":false},"author":150,"featured_media":0,"parent":0,"menu_order":10,"comment_status":"closed","ping_status":"closed","template":"page-templates\/listing_page.php","meta":{"_acf_changed":false,"footnotes":""},"class_list":["post-1021","page","type-page","status-publish","hentry"],"acf":[],"_links":{"self":[{"href":"https:\/\/help.unhcr.org\/russia\/es\/wp-json\/wp\/v2\/pages\/1021","targetHints":{"allow":["GET"]}}],"collection":[{"href":"https:\/\/help.unhcr.org\/russia\/es\/wp-json\/wp\/v2\/pages"}],"about":[{"href":"https:\/\/help.unhcr.org\/russia\/es\/wp-json\/wp\/v2\/types\/page"}],"author":[{"embeddable":true,"href":"https:\/\/help.unhcr.org\/russia\/es\/wp-json\/wp\/v2\/users\/150"}],"replies":[{"embeddable":true,"href":"https:\/\/help.unhcr.org\/russia\/es\/wp-json\/wp\/v2\/comments?post=1021"}],"version-history":[{"count":1,"href":"https:\/\/help.unhcr.org\/russia\/es\/wp-json\/wp\/v2\/pages\/1021\/revisions"}],"predecessor-version":[{"id":1022,"href":"https:\/\/help.unhcr.org\/russia\/es\/wp-json\/wp\/v2\/pages\/1021\/revisions\/1022"}],"wp:attachment":[{"href":"https:\/\/help.unhcr.org\/russia\/es\/wp-json\/wp\/v2\/media?parent=1021"}],"curies":[{"name":"wp","href":"https:\/\/api.w.org\/{rel}","templated":true}]}}