{"id":1011,"date":"2021-01-07T05:55:53","date_gmt":"2021-01-07T05:55:53","guid":{"rendered":"https:\/\/help.unhcr.org\/russia\/seekhelp\/unhcrpartners\/"},"modified":"2026-02-09T15:17:18","modified_gmt":"2026-02-09T15:17:18","slug":"unhcrpartners","status":"publish","type":"page","link":"https:\/\/help.unhcr.org\/russia\/es\/seekhelp\/unhcrpartners\/","title":{"rendered":"Socios del ACNUR"},"content":{"rendered":"\n<h3 class=\"wp-block-heading\"><strong><mark style=\"background-color:#faeb00\" class=\"has-inline-color\">Le recordamos que el ACNUR y sus socios prestan todos los servicios de forma gratuita.<\/mark><\/strong><\/h3>\n\n\n\n<h3 class=\"wp-block-heading\">Si tiene conocimiento de casos de extorsi\u00f3n por los servicios prestados, le rogamos que lo comunique a la siguiente direcci\u00f3n de correo electr\u00f3nico: <a href=\"mailto:rusmo@unhcr.org\">rusmo@unhcr.org<\/a>.<br><br><strong>Comit\u00e9 de Asistencia C\u00edvica<\/strong><\/h3>\n\n\n\n<p>Asesoramiento sobre cuestiones relacionadas con el asilo, la integraci\u00f3n y el acceso a los derechos y servicios.<\/p>\n\n\n\n<p><strong>Direcci\u00f3n:<\/strong> Mosc\u00fa, Prospekt Olimpiyskiy, 22<\/p>\n\n\n\n<p><strong>Horario:<\/strong> lunes, mi\u00e9rcoles y viernes, de 10:00 a 17:00<\/p>\n\n\n\n<p><strong>L\u00ednea directa:<\/strong> +7 (985) 310-08-26<\/p>\n\n\n\n<p><strong>(farsi)<\/strong> +7 (967) 021-34-64<\/p>\n\n\n\n<p><strong>Correo electr\u00f3nico:<\/strong> <a href=\"mailto:info@refugee.ru\">info@refugee.ru<\/a><\/p>\n\n\n\n<p><strong>Sitio web:<\/strong> <a href=\"https:\/\/refugee.ru\/\">refugee.ru<\/a><\/p>\n\n\n\n<hr class=\"wp-block-separator has-alpha-channel-opacity\" \/>\n\n\n\n<p class=\"has-medium-font-size\"><strong>Fundaci\u00f3n Ben\u00e9fica Paz y Progreso<\/strong><\/p>\n\n\n\n<p>Asistencia jur\u00eddica a solicitantes de asilo, refugiados y ap\u00e1tridas.<\/p>\n\n\n\n<p>Para obtener asistencia jur\u00eddica en Mosc\u00fa y asistencia asequible en otras regiones, dir\u00edjase a la siguiente direcci\u00f3n:<\/p>\n\n\n\n<p><strong>Direcci\u00f3n:<\/strong> Mosc\u00fa, Prospekt Olimpiyskiy, 22<\/p>\n\n\n\n<p><strong>Horario de atenci\u00f3n<\/strong>: lunes, mi\u00e9rcoles y viernes de 10:00 a 17:00<\/p>\n\n\n\n<p><strong>L\u00ednea directa:<\/strong> +7 (985) 310-08-26<\/p>\n\n\n\n<hr class=\"wp-block-separator has-css-opacity\" \/>\n\n\n\n<h3 class=\"wp-block-heading\"><strong>Cruz Roja Rusa<\/strong><\/h3>\n\n\n\n<p><strong>Recepci\u00f3n p\u00fablica de la Cruz Roja Rusa<\/strong><\/p>\n\n\n\n<p>Apoyo informativo, jur\u00eddico y psicosocial, ayuda humanitaria primaria, centro educativo para ni\u00f1os refugiados y migrantes.<\/p>\n\n\n\n<p><strong>Direcci\u00f3n:<\/strong> Mosc\u00fa, Prospekt Leninski, 35<\/p>\n\n\n\n<p><strong>Horario:<\/strong> de 10:00 a 18:00 (excepto fines de semana)<\/p>\n\n\n\n<p><strong>Tel.:<\/strong> +7 (499) 126-75-71 ext. 9968<\/p>\n\n\n\n<p><strong>L\u00ednea directa:<\/strong> +7 800 234 07 07<\/p>\n\n\n\n<p><strong>Correo electr\u00f3nico:<\/strong> <a href=\"mailto:help@redcross.ru\">help@redcross.ru<\/a><\/p>\n\n\n\n<p><strong>Sitio web:<\/strong> <a href=\"http:\/\/www.redcross.ru\/\">www.redcross.ru<\/a><\/p>\n\n\n\n<p>Si tiene alguna pregunta sobre la b\u00fasqueda y el restablecimiento de los lazos familiares, puede rellenar el formulario <a href=\"https:\/\/russianredcross.bitrix24site.ru\/crm_form_bmgwp\/\">Solicitud de b\u00fasqueda<\/a>, llamar al n\u00famero <a href=\"mailto:+7%20(800)%20234-07-07\">+7 (800) 234-07-07<\/a>, ext. 4, o enviar un correo electr\u00f3nico a la direcci\u00f3n: <a href=\"mailto:rfl@redcross.ru\">rfl@redcross.ru<\/a><\/p>\n\n\n\n<hr class=\"wp-block-separator has-css-opacity\" \/>\n\n\n\n<h3 class=\"wp-block-heading\"><strong>Filial de San Petersburgo de la Cruz Roja Rusa<\/strong> <\/h3>\n\n\n\n<p>Asistencia jur\u00eddica en materia de asilo, integraci\u00f3n y acceso a derechos y servicios.<\/p>\n\n\n\n<p><strong>Direcci\u00f3n:<\/strong> San Petersburgo, calle Goncharnaya, 19D<\/p>\n\n\n\n<p><strong>Tel.:<\/strong> +7(812) 717-35-34, +7 (812) 717-35-31<\/p>\n\n\n\n<p><strong>L\u00ednea directa: <\/strong>+7 (800) 333-00-16<\/p>\n\n\n\n<p><strong>Correo electr\u00f3nico:<\/strong> <a href=\"mailto:rcc@spbredcross.org\">rcc@spbredcross.org<\/a><\/p>\n\n\n\n<p><strong>Sitio web:<\/strong> <a href=\"http:\/\/www.spbredcross.org\/\">www.spbredcross.org<\/a><\/p>\n\n\n\n<p><strong>Los datos de contacto de las delegaciones regionales de la Cruz Roja Rusa est\u00e1n disponibles en <\/strong><a href=\"https:\/\/www.redcross.ru\/about\/regionalnye-otdeleniya\/\"><strong>este enlace<\/strong><\/a><strong>.<\/strong> <\/p>\n\n\n\n<hr class=\"wp-block-separator has-css-opacity\" \/>\n\n\n\n<h3 class=\"wp-block-heading\"><strong><strong>Organizaci\u00f3n ben\u00e9fica interregional \u00abFe, Esperanza, Amor\u00bb<\/strong><\/strong><\/h3>\n\n\n\n<p>Asistencia jur\u00eddica a solicitantes de asilo, refugiados y ap\u00e1tridas.<\/p>\n\n\n\n<p><strong>Direcci\u00f3n:<\/strong> Mosc\u00fa, bulevar Miachkovsky, 11<\/p>\n\n\n\n<p><strong>Tel.:<\/strong> +7(495) 346-18-01<\/p>\n\n\n\n<p><strong>Correo electr\u00f3nico:<\/strong> <a href=\"mailto:inf@mobovnl.ru\">inf@mobovnl.ru<\/a><\/p>\n\n\n\n<p><strong>Sitio web: <\/strong><a href=\"http:\/\/www.vnl-migrant.ru\/\">mobovnl.ru<\/a><\/p>\n\n\n\n<hr class=\"wp-block-separator has-css-opacity\" \/>\n\n\n\n<h3 class=\"wp-block-heading\"><strong>Instituto de Derechos Humanos<\/strong><\/h3>\n\n\n\n<p>Asistencia jur\u00eddica a solicitantes de asilo y refugiados en situaci\u00f3n de amenaza de expulsi\u00f3n, por encargo del ACNUR y otros socios.<\/p>\n\n\n\n<p><strong>Sitio web:<\/strong> <a href=\"http:\/\/hrights.ru\/right-to-asylum\">hrights.ru\/right-to-asylum<\/a><\/p>\n","protected":false},"excerpt":{"rendered":"<p>Le recordamos que el ACNUR y sus socios prestan todos los servicios de forma gratuita. Si tiene conocimiento de casos de extorsi\u00f3n por los servicios prestados, le rogamos que lo comunique a la siguiente direcci\u00f3n de correo electr\u00f3nico: rusmo@unhcr.org. Comit\u00e9 de Asistencia C\u00edvica Asesoramiento sobre cuestiones relacionadas con el asilo, la integraci\u00f3n y el acceso [&hellip;]<\/p>\n","protected":false},"author":150,"featured_media":0,"parent":997,"menu_order":1,"comment_status":"closed","ping_status":"closed","template":"","meta":{"_acf_changed":false,"footnotes":""},"class_list":["post-1011","page","type-page","status-publish","hentry"],"acf":[],"_links":{"self":[{"href":"https:\/\/help.unhcr.org\/russia\/es\/wp-json\/wp\/v2\/pages\/1011","targetHints":{"allow":["GET"]}}],"collection":[{"href":"https:\/\/help.unhcr.org\/russia\/es\/wp-json\/wp\/v2\/pages"}],"about":[{"href":"https:\/\/help.unhcr.org\/russia\/es\/wp-json\/wp\/v2\/types\/page"}],"author":[{"embeddable":true,"href":"https:\/\/help.unhcr.org\/russia\/es\/wp-json\/wp\/v2\/users\/150"}],"replies":[{"embeddable":true,"href":"https:\/\/help.unhcr.org\/russia\/es\/wp-json\/wp\/v2\/comments?post=1011"}],"version-history":[{"count":20,"href":"https:\/\/help.unhcr.org\/russia\/es\/wp-json\/wp\/v2\/pages\/1011\/revisions"}],"predecessor-version":[{"id":1876,"href":"https:\/\/help.unhcr.org\/russia\/es\/wp-json\/wp\/v2\/pages\/1011\/revisions\/1876"}],"up":[{"embeddable":true,"href":"https:\/\/help.unhcr.org\/russia\/es\/wp-json\/wp\/v2\/pages\/997"}],"wp:attachment":[{"href":"https:\/\/help.unhcr.org\/russia\/es\/wp-json\/wp\/v2\/media?parent=1011"}],"curies":[{"name":"wp","href":"https:\/\/api.w.org\/{rel}","templated":true}]}}