{"id":1005,"date":"2021-01-07T05:29:35","date_gmt":"2021-01-07T05:29:35","guid":{"rendered":"https:\/\/help.unhcr.org\/russia\/seekhelp\/stateinst\/"},"modified":"2023-10-31T12:05:37","modified_gmt":"2023-10-31T12:05:37","slug":"stateinst","status":"publish","type":"page","link":"https:\/\/help.unhcr.org\/russia\/es\/seekhelp\/stateinst\/","title":{"rendered":"Instituciones p\u00fablicas"},"content":{"rendered":"\n<p>La solicitud de reconocimiento de la condici\u00f3n de refugiado o la solicitud de asilo temporal debe presentarse personalmente en el Departamento de Migraci\u00f3n (UVM) del \u00f3rgano territorial del Ministerio del Interior de la Federaci\u00f3n de Rusia (MVD de Rusia) de la regi\u00f3n donde se encuentre o en el departamento de migraci\u00f3n del distrito del lugar de estancia.<\/p>\n\n\n\n<p>Si no puede presentar su solicitud en persona, por ejemplo, si se encuentra en un lugar de detenci\u00f3n o por motivos de salud, tiene derecho a presentar una petici\u00f3n o solicitud a trav\u00e9s de la administraci\u00f3n de la instituci\u00f3n en la que est\u00e1 detenido, o a presentar su solicitud a trav\u00e9s de un representante autorizado (por ejemplo, un abogado). Lista de unidades de migraci\u00f3n de los <a rel=\"noreferrer noopener\" href=\"https:\/\/bit.ly\/3ewtlgB\" target=\"_blank\">\u00f3rganos territoriales del Ministerio del Interior<\/a> de Rusia:<\/p>\n","protected":false},"excerpt":{"rendered":"<p>La solicitud de reconocimiento de la condici\u00f3n de refugiado o la solicitud de asilo temporal debe presentarse personalmente en el Departamento de Migraci\u00f3n (UVM) del \u00f3rgano territorial del Ministerio del Interior de la Federaci\u00f3n de Rusia (MVD de Rusia) de la regi\u00f3n donde se encuentre o en el departamento de migraci\u00f3n del distrito del lugar [&hellip;]<\/p>\n","protected":false},"author":150,"featured_media":0,"parent":997,"menu_order":0,"comment_status":"closed","ping_status":"closed","template":"page-templates\/sectioned.php","meta":{"_acf_changed":false,"footnotes":""},"class_list":["post-1005","page","type-page","status-publish","hentry"],"acf":[],"_links":{"self":[{"href":"https:\/\/help.unhcr.org\/russia\/es\/wp-json\/wp\/v2\/pages\/1005","targetHints":{"allow":["GET"]}}],"collection":[{"href":"https:\/\/help.unhcr.org\/russia\/es\/wp-json\/wp\/v2\/pages"}],"about":[{"href":"https:\/\/help.unhcr.org\/russia\/es\/wp-json\/wp\/v2\/types\/page"}],"author":[{"embeddable":true,"href":"https:\/\/help.unhcr.org\/russia\/es\/wp-json\/wp\/v2\/users\/150"}],"replies":[{"embeddable":true,"href":"https:\/\/help.unhcr.org\/russia\/es\/wp-json\/wp\/v2\/comments?post=1005"}],"version-history":[{"count":2,"href":"https:\/\/help.unhcr.org\/russia\/es\/wp-json\/wp\/v2\/pages\/1005\/revisions"}],"predecessor-version":[{"id":1009,"href":"https:\/\/help.unhcr.org\/russia\/es\/wp-json\/wp\/v2\/pages\/1005\/revisions\/1009"}],"up":[{"embeddable":true,"href":"https:\/\/help.unhcr.org\/russia\/es\/wp-json\/wp\/v2\/pages\/997"}],"wp:attachment":[{"href":"https:\/\/help.unhcr.org\/russia\/es\/wp-json\/wp\/v2\/media?parent=1005"}],"curies":[{"name":"wp","href":"https:\/\/api.w.org\/{rel}","templated":true}]}}