{"id":1000,"date":"2020-07-09T13:36:56","date_gmt":"2020-07-09T13:36:56","guid":{"rendered":"https:\/\/help.unhcr.org\/russia\/seekhelp\/unhcr-russia\/"},"modified":"2025-12-29T13:53:07","modified_gmt":"2025-12-29T13:53:07","slug":"unhcr-russia","status":"publish","type":"page","link":"https:\/\/help.unhcr.org\/russia\/es\/seekhelp\/unhcr-russia\/","title":{"rendered":"ACNUR Rusia"},"content":{"rendered":"\n<p class=\"has-text-align-center has-background\" style=\"background-color:#fae800\">En caso de emergencia, puede ponerse en contacto con ACNUR a trav\u00e9s de su l\u00ednea directa:<br><strong>+7\u00a0(903) 792-22-79 [<mark style=\"background-color:#faeb00\" class=\"has-inline-color\"><strong>WhatsApp, Telegram<\/strong><\/mark>]<\/strong><\/p>\n\n\n\n<div class=\"wp-block-group\"><div class=\"wp-block-group__inner-container is-layout-flow wp-block-group-is-layout-flow\">\n<p><strong><span style=\"text-decoration: underline\">Oficina de Representaci\u00f3n del ACNUR en la Federaci\u00f3n Rusa<\/span><\/strong><\/p>\n\n\n\n<p><strong>Direcci\u00f3n:<\/strong> 9 Leontievsky Pereulok, Mosc\u00fa, Rusia<strong><br>Tel<\/strong>: +7 (495) 660-09-01 <strong><br>Correo electr\u00f3nico<\/strong>: <a href=\"mailto:RUSMO@unhcr.org\">RUSMO@unhcr.org<\/a><br><strong>P\u00e1gina web<\/strong>: <a href=\"http:\/\/www.unhcr.ru\/\">www.UNHCR.ru<\/a><strong><strong><span style=\"text-decoration: underline\"><\/span><\/strong><\/strong><\/p>\n\n\n\n<p><\/p>\n<\/div><\/div>\n\n\n\n<h3 class=\"wp-block-heading\"><strong>El papel del ACNUR en la Federaci\u00f3n Rusa<\/strong><\/h3>\n\n\n\n<p>El ACNUR ayuda al Gobierno a abordar los problemas de los solicitantes de asilo, los refugiados y los ap\u00e1tridas mediante el apoyo de expertos, programas de formaci\u00f3n y la financiaci\u00f3n de una serie de proyectos de asociaci\u00f3n para ayudar a las personas de las que se ocupa el ACNUR, en particular el asesoramiento jur\u00eddico y el apoyo social a las personas con necesidades especiales. <\/p>\n\n\n\n<p>El ACNUR y sus socios tambi\u00e9n facilitan la integraci\u00f3n local de los refugiados reconocidos y de las personas a las que se ha concedido asilo temporal en el territorio de la Federaci\u00f3n Rusa. El ACNUR ayuda a los solicitantes de asilo y a los refugiados a regresar a su pa\u00eds de origen si as\u00ed lo desean, siempre que el retorno se produzca en condiciones de seguridad y dignidad<\/p>\n\n\n\n<div class=\"wp-block-group\"><div class=\"wp-block-group__inner-container is-layout-flow wp-block-group-is-layout-flow\">\n<p class=\"has-text-align-center has-white-color has-vivid-cyan-blue-background-color has-text-color has-background\"><strong>Todos los servicios prestados por el ACNUR y sus organizaciones asociadas son GRATUITOS. Cualquier persona u organizaci\u00f3n que ofrezca acceso a los servicios del ACNUR y de las organizaciones asociadas del ACNUR a cambio de una remuneraci\u00f3n monetaria o de otro tipo debe ser denunciada inmediatamente al ACNUR.<\/strong><\/p>\n<\/div><\/div>\n\n\n\n<p>Cuando presentan una solicitud al ACNUR o a las organizaciones asociadas, los solicitantes de asilo reciben informaci\u00f3n general sobre el procedimiento estatal de asilo en la Federaci\u00f3n Rusa. Los solicitantes tambi\u00e9n pueden recibir informaci\u00f3n adicional y asistencia jur\u00eddica de los socios del ACNUR sobre otras cuestiones relacionadas con el asilo en la Federaci\u00f3n Rusa. Las personas pertenecientes a categor\u00edas socialmente vulnerables pueden recibir apoyo social adicional.<\/p>\n\n\n\n<p>Cu\u00e1ndo ponerse en contacto con el ACNUR o una organizaci\u00f3n asociada:<\/p>\n\n\n\n<ul class=\"wp-block-list\">\n<li>En caso de denegaci\u00f3n del acceso al procedimiento de asilo en la divisi\u00f3n de migraci\u00f3n del \u00f3rgano territorial del Ministerio del Interior de Rusia;<\/li>\n\n\n\n<li>En caso de denegaci\u00f3n del estatuto de refugiado o de asilo temporal;<\/li>\n\n\n\n<li>Si le preocupa que puedan devolverle a su pa\u00eds de origen antes de que se haya tramitado su solicitud (petici\u00f3n) o se haya recibido el resultado final de un recurso contra una decisi\u00f3n de denegaci\u00f3n;<\/li>\n\n\n\n<li>Si tiene asilo temporal o estatuto de refugiado o est\u00e1 en proceso de solicitar el estatuto de refugiado\/asilo temporal o ha agotado el procedimiento de asilo, desea regresar a su pa\u00eds de origen;<\/li>\n\n\n\n<li>Si le han concedido el estatuto de refugiado o asilo temporal y necesita ayuda para seguir integr\u00e1ndose legalmente en la Federaci\u00f3n Rusa (solicitar un permiso de residencia temporal, permiso de residencia y ciudadan\u00eda);<\/li>\n\n\n\n<li>Tener asilo temporal o estatuto de refugiado, o estar en proceso de solicitar el estatuto de refugiado\/asilo temporal y tener dificultades para acceder a los derechos, incluido el derecho a la educaci\u00f3n, al empleo y otros;<\/li>\n\n\n\n<li>Teniendo estatuto de refugiado o asilo temporal, desea participar en el concurso de subvenciones del programa DAFI de apoyo a la formaci\u00f3n profesional secundaria y\/o superior en la Federaci\u00f3n Rusa;<\/li>\n\n\n\n<li>Si se encuentra en situaci\u00f3n de ap\u00e1trida o le resulta dif\u00edcil determinar su nacionalidad.<\/li>\n<\/ul>\n\n\n\n<hr class=\"wp-block-separator has-css-opacity\" \/>\n\n\n\n<h3 class=\"wp-block-heading\"><strong>Informaci\u00f3n complementaria<\/strong><\/h3>\n\n\n\n<ul class=\"wp-block-list\">\n<li>Contactos de organizaciones gubernamentales<\/li>\n\n\n\n<li>Asistencia de los socios del ACNUR<\/li>\n\n\n\n<li>Presentar una solicitud de asilo<\/li>\n\n\n\n<li>Derechos y obligaciones<\/li>\n<\/ul>\n","protected":false},"excerpt":{"rendered":"<p>En caso de emergencia, puede ponerse en contacto con ACNUR a trav\u00e9s de su l\u00ednea directa:+7\u00a0(903) 792-22-79 [WhatsApp, Telegram] Oficina de Representaci\u00f3n del ACNUR en la Federaci\u00f3n Rusa Direcci\u00f3n: 9 Leontievsky Pereulok, Mosc\u00fa, RusiaTel: +7 (495) 660-09-01 Correo electr\u00f3nico: RUSMO@unhcr.orgP\u00e1gina web: www.UNHCR.ru El papel del ACNUR en la Federaci\u00f3n Rusa El ACNUR ayuda al Gobierno [&hellip;]<\/p>\n","protected":false},"author":1,"featured_media":0,"parent":997,"menu_order":0,"comment_status":"closed","ping_status":"closed","template":"","meta":{"_acf_changed":false,"footnotes":""},"class_list":["post-1000","page","type-page","status-publish","hentry"],"acf":[],"_links":{"self":[{"href":"https:\/\/help.unhcr.org\/russia\/es\/wp-json\/wp\/v2\/pages\/1000","targetHints":{"allow":["GET"]}}],"collection":[{"href":"https:\/\/help.unhcr.org\/russia\/es\/wp-json\/wp\/v2\/pages"}],"about":[{"href":"https:\/\/help.unhcr.org\/russia\/es\/wp-json\/wp\/v2\/types\/page"}],"author":[{"embeddable":true,"href":"https:\/\/help.unhcr.org\/russia\/es\/wp-json\/wp\/v2\/users\/1"}],"replies":[{"embeddable":true,"href":"https:\/\/help.unhcr.org\/russia\/es\/wp-json\/wp\/v2\/comments?post=1000"}],"version-history":[{"count":5,"href":"https:\/\/help.unhcr.org\/russia\/es\/wp-json\/wp\/v2\/pages\/1000\/revisions"}],"predecessor-version":[{"id":1812,"href":"https:\/\/help.unhcr.org\/russia\/es\/wp-json\/wp\/v2\/pages\/1000\/revisions\/1812"}],"up":[{"embeddable":true,"href":"https:\/\/help.unhcr.org\/russia\/es\/wp-json\/wp\/v2\/pages\/997"}],"wp:attachment":[{"href":"https:\/\/help.unhcr.org\/russia\/es\/wp-json\/wp\/v2\/media?parent=1000"}],"curies":[{"name":"wp","href":"https:\/\/api.w.org\/{rel}","templated":true}]}}