{"id":95,"date":"2018-04-10T15:32:00","date_gmt":"2018-04-10T15:32:00","guid":{"rendered":"http:\/\/help.unhcr.org\/peru\/?page_id=95"},"modified":"2018-04-26T09:04:37","modified_gmt":"2018-04-26T09:04:37","slug":"obligaciones","status":"publish","type":"page","link":"https:\/\/help.unhcr.org\/peru\/solicitando-la-condicion-de-refugiado\/derechos-y-obligaciones\/obligaciones\/","title":{"rendered":"Obligaciones"},"content":{"rendered":"<h2>Obligaciones de los refugiados y de los solicitantes de la condici\u00f3n de refugiado<\/h2>\n<ul>\n<li>Respetar las leyes nacionales, provinciales y\/o municipales.<\/li>\n<li>Respetar a las personas, entidades, organismos p\u00fablicos y privados.<\/li>\n<li>Renovar el documento provisorio como solicitante de asilo.<\/li>\n<li>Informar su domicilio, tel\u00e9fono y correo electr\u00f3nico y mantenerlos actualizados.<\/li>\n<li>Informar a la secretar\u00eda ejecutiva sobre su intenci\u00f3n de viajar al exterior.<\/li>\n<li>Est\u00e1 prohibido de intervenir en asuntos pol\u00edticos o de otra \u00edndole, en el pa\u00eds o fuera de \u00e9l, que comprometan la seguridad nacional, el orden interno o las relaciones internacionales del Per\u00fa.<\/li>\n<\/ul>\n","protected":false},"excerpt":{"rendered":"<p>Obligaciones de los refugiados y de los solicitantes de la condici\u00f3n de refugiado Respetar las leyes nacionales, provinciales y\/o municipales. Respetar a las personas, entidades, organismos p\u00fablicos y privados. Renovar el documento provisorio como solicitante de asilo. Informar su domicilio, tel\u00e9fono y correo electr\u00f3nico y mantenerlos actualizados. Informar a la secretar\u00eda ejecutiva sobre su intenci\u00f3n [&hellip;]<\/p>\n","protected":false},"author":1,"featured_media":0,"parent":90,"menu_order":1,"comment_status":"closed","ping_status":"closed","template":"","meta":{"_acf_changed":false,"footnotes":""},"class_list":["post-95","page","type-page","status-publish","hentry"],"acf":[],"_links":{"self":[{"href":"https:\/\/help.unhcr.org\/peru\/wp-json\/wp\/v2\/pages\/95","targetHints":{"allow":["GET"]}}],"collection":[{"href":"https:\/\/help.unhcr.org\/peru\/wp-json\/wp\/v2\/pages"}],"about":[{"href":"https:\/\/help.unhcr.org\/peru\/wp-json\/wp\/v2\/types\/page"}],"author":[{"embeddable":true,"href":"https:\/\/help.unhcr.org\/peru\/wp-json\/wp\/v2\/users\/1"}],"replies":[{"embeddable":true,"href":"https:\/\/help.unhcr.org\/peru\/wp-json\/wp\/v2\/comments?post=95"}],"version-history":[{"count":2,"href":"https:\/\/help.unhcr.org\/peru\/wp-json\/wp\/v2\/pages\/95\/revisions"}],"predecessor-version":[{"id":116,"href":"https:\/\/help.unhcr.org\/peru\/wp-json\/wp\/v2\/pages\/95\/revisions\/116"}],"up":[{"embeddable":true,"href":"https:\/\/help.unhcr.org\/peru\/wp-json\/wp\/v2\/pages\/90"}],"wp:attachment":[{"href":"https:\/\/help.unhcr.org\/peru\/wp-json\/wp\/v2\/media?parent=95"}],"curies":[{"name":"wp","href":"https:\/\/api.w.org\/{rel}","templated":true}]}}