{"id":92,"date":"2018-04-10T15:20:23","date_gmt":"2018-04-10T15:20:23","guid":{"rendered":"http:\/\/help.unhcr.org\/peru\/?page_id=92"},"modified":"2024-11-26T22:01:24","modified_gmt":"2024-11-26T22:01:24","slug":"derechos","status":"publish","type":"page","link":"https:\/\/help.unhcr.org\/peru\/solicitando-la-condicion-de-refugiado\/derechos-y-obligaciones\/derechos\/","title":{"rendered":"Derechos"},"content":{"rendered":"<h2>Derechos de los refugiados y de los solicitantes de la condici\u00f3n de refugiado<\/h2>\n<p>El refugiado, as\u00ed reconocido por el Estado Peruano, tiene los mismos derechos y obligaciones que la Constituci\u00f3n y las leyes conceden al extranjero residente, sin perjuicio de lo establecido en la Convenci\u00f3n sobre el Estatuto del Refugiado y la presente Ley.<\/p>\n","protected":false},"excerpt":{"rendered":"<p>Derechos de los refugiados y de los solicitantes de la condici\u00f3n de refugiado El refugiado, as\u00ed reconocido por el Estado Peruano, tiene los mismos derechos y obligaciones que la Constituci\u00f3n y las leyes conceden al extranjero residente, sin perjuicio de lo establecido en la Convenci\u00f3n sobre el Estatuto del Refugiado y la presente Ley.<\/p>\n","protected":false},"author":1,"featured_media":0,"parent":90,"menu_order":0,"comment_status":"closed","ping_status":"closed","template":"page-templates\/sectioned.php","meta":{"_acf_changed":false,"footnotes":""},"class_list":["post-92","page","type-page","status-publish","hentry"],"acf":[],"_links":{"self":[{"href":"https:\/\/help.unhcr.org\/peru\/wp-json\/wp\/v2\/pages\/92","targetHints":{"allow":["GET"]}}],"collection":[{"href":"https:\/\/help.unhcr.org\/peru\/wp-json\/wp\/v2\/pages"}],"about":[{"href":"https:\/\/help.unhcr.org\/peru\/wp-json\/wp\/v2\/types\/page"}],"author":[{"embeddable":true,"href":"https:\/\/help.unhcr.org\/peru\/wp-json\/wp\/v2\/users\/1"}],"replies":[{"embeddable":true,"href":"https:\/\/help.unhcr.org\/peru\/wp-json\/wp\/v2\/comments?post=92"}],"version-history":[{"count":4,"href":"https:\/\/help.unhcr.org\/peru\/wp-json\/wp\/v2\/pages\/92\/revisions"}],"predecessor-version":[{"id":2218,"href":"https:\/\/help.unhcr.org\/peru\/wp-json\/wp\/v2\/pages\/92\/revisions\/2218"}],"up":[{"embeddable":true,"href":"https:\/\/help.unhcr.org\/peru\/wp-json\/wp\/v2\/pages\/90"}],"wp:attachment":[{"href":"https:\/\/help.unhcr.org\/peru\/wp-json\/wp\/v2\/media?parent=92"}],"curies":[{"name":"wp","href":"https:\/\/api.w.org\/{rel}","templated":true}]}}