{"id":90,"date":"2018-04-10T15:17:04","date_gmt":"2018-04-10T15:17:04","guid":{"rendered":"http:\/\/help.unhcr.org\/peru\/?page_id=90"},"modified":"2024-11-26T22:01:02","modified_gmt":"2024-11-26T22:01:02","slug":"derechos-y-obligaciones","status":"publish","type":"page","link":"https:\/\/help.unhcr.org\/peru\/solicitando-la-condicion-de-refugiado\/derechos-y-obligaciones\/","title":{"rendered":"Derechos y obligaciones"},"content":{"rendered":"<p>Aqu\u00ed encontrar\u00e1 informaci\u00f3n acerca de los derechos y deberes de las personas refugiadas y solicitantes de la condici\u00f3n de refugiado en Per\u00fa.<\/p>\n","protected":false},"excerpt":{"rendered":"<p>Aqu\u00ed encontrar\u00e1 informaci\u00f3n acerca de los derechos y deberes de las personas refugiadas y solicitantes de la condici\u00f3n de refugiado en Per\u00fa.<\/p>\n","protected":false},"author":1,"featured_media":0,"parent":81,"menu_order":10,"comment_status":"closed","ping_status":"closed","template":"page-templates\/listing_page.php","meta":{"_acf_changed":false,"footnotes":""},"class_list":["post-90","page","type-page","status-publish","hentry"],"acf":[],"_links":{"self":[{"href":"https:\/\/help.unhcr.org\/peru\/wp-json\/wp\/v2\/pages\/90","targetHints":{"allow":["GET"]}}],"collection":[{"href":"https:\/\/help.unhcr.org\/peru\/wp-json\/wp\/v2\/pages"}],"about":[{"href":"https:\/\/help.unhcr.org\/peru\/wp-json\/wp\/v2\/types\/page"}],"author":[{"embeddable":true,"href":"https:\/\/help.unhcr.org\/peru\/wp-json\/wp\/v2\/users\/1"}],"replies":[{"embeddable":true,"href":"https:\/\/help.unhcr.org\/peru\/wp-json\/wp\/v2\/comments?post=90"}],"version-history":[{"count":8,"href":"https:\/\/help.unhcr.org\/peru\/wp-json\/wp\/v2\/pages\/90\/revisions"}],"predecessor-version":[{"id":2217,"href":"https:\/\/help.unhcr.org\/peru\/wp-json\/wp\/v2\/pages\/90\/revisions\/2217"}],"up":[{"embeddable":true,"href":"https:\/\/help.unhcr.org\/peru\/wp-json\/wp\/v2\/pages\/81"}],"wp:attachment":[{"href":"https:\/\/help.unhcr.org\/peru\/wp-json\/wp\/v2\/media?parent=90"}],"curies":[{"name":"wp","href":"https:\/\/api.w.org\/{rel}","templated":true}]}}