{"id":87,"date":"2018-04-10T15:15:58","date_gmt":"2018-04-10T15:15:58","guid":{"rendered":"http:\/\/help.unhcr.org\/peru\/?page_id=87"},"modified":"2025-04-03T14:40:36","modified_gmt":"2025-04-03T14:40:36","slug":"que-sucede-despues-de-haber-hecho-la-solicitud","status":"publish","type":"page","link":"https:\/\/help.unhcr.org\/peru\/solicitando-la-condicion-de-refugiado\/que-sucede-despues-de-haber-hecho-la-solicitud\/","title":{"rendered":"\u00bfQu\u00e9 sucede despu\u00e9s de haber hecho la solicitud?"},"content":{"rendered":"<p>La solicitud ser\u00e1 analizada por la <a href=\"https:\/\/help.unhcr.org\/peru\/donde-encontrar-ayuda\/instituciones-publicas\/\">Comisi\u00f3n Especial para los Refugiados<\/a> que es el \u00f3rgano encargado de resolver en primera instancia si se reconoce o no la condici\u00f3n de refugiado.<\/p>\n<ul>\n<li>Debes esperar la convocatoria de la entrevista mediante el contacto al tel\u00e9fono y correo electr\u00f3nico registrado en tu solicitud. En caso de inasistencia en la fecha y hora indicadas ser\u00e1s convocado para una segunda oportunidad. En caso de inasistencia en una segunda ocasi\u00f3n, el caso pasar\u00e1 a archivo.<\/li>\n<li>Despu\u00e9s de 60 d\u00edas h\u00e1biles, prorrogables las veces que sean necesarias, recibir\u00e1s la decisi\u00f3n en tu correo electr\u00f3nico<\/li>\n<\/ul>\n<h2>Si se reconoce la condici\u00f3n de refugiado\u2026<\/h2>\n<p>Usted podr\u00e1 tramitar y obtener residencia en el Per\u00fa. Se le otorgar\u00e1 <strong>un carn\u00e9 de extranjer\u00eda<\/strong> y deber\u00e1 renovar anualmente su calidad migratoria de residente mediante una comunicaci\u00f3n que la Secretar\u00eda Ejecutiva de la Comisi\u00f3n remite a la Superintendencia Nacional de Migraciones.<\/p>\n<h2>Si se deniega la condici\u00f3n de refugiado&#8230;<\/h2>\n<ul>\n<li>Podr\u00e1 impugnar dicha decisi\u00f3n ante la propia Comisi\u00f3n Especial mediante un recurso de reconsideraci\u00f3n en el plazo de 15 d\u00edas h\u00e1biles desde la notificaci\u00f3n, en los mismos lugares donde present\u00f3 la solicitud en el primer paso.<\/li>\n<li>Podr\u00e1 interponer recurso de apelaci\u00f3n debidamente fundado ante la Comisi\u00f3n Revisora para Asuntos de Refugiados.<\/li>\n<li>Se renovar\u00e1 su Documento Provisional mientras este pendiente la resoluci\u00f3n de los recursos.<\/li>\n<\/ul>\n","protected":false},"excerpt":{"rendered":"<p>La solicitud ser\u00e1 analizada por la Comisi\u00f3n Especial para los Refugiados que es el \u00f3rgano encargado de resolver en primera instancia si se reconoce o no la condici\u00f3n de refugiado. Debes esperar la convocatoria de la entrevista mediante el contacto al tel\u00e9fono y correo electr\u00f3nico registrado en tu solicitud. En caso de inasistencia en la [&hellip;]<\/p>\n","protected":false},"author":1,"featured_media":0,"parent":81,"menu_order":1,"comment_status":"closed","ping_status":"closed","template":"","meta":{"_acf_changed":false,"footnotes":""},"class_list":["post-87","page","type-page","status-publish","hentry"],"acf":[],"_links":{"self":[{"href":"https:\/\/help.unhcr.org\/peru\/wp-json\/wp\/v2\/pages\/87","targetHints":{"allow":["GET"]}}],"collection":[{"href":"https:\/\/help.unhcr.org\/peru\/wp-json\/wp\/v2\/pages"}],"about":[{"href":"https:\/\/help.unhcr.org\/peru\/wp-json\/wp\/v2\/types\/page"}],"author":[{"embeddable":true,"href":"https:\/\/help.unhcr.org\/peru\/wp-json\/wp\/v2\/users\/1"}],"replies":[{"embeddable":true,"href":"https:\/\/help.unhcr.org\/peru\/wp-json\/wp\/v2\/comments?post=87"}],"version-history":[{"count":7,"href":"https:\/\/help.unhcr.org\/peru\/wp-json\/wp\/v2\/pages\/87\/revisions"}],"predecessor-version":[{"id":2276,"href":"https:\/\/help.unhcr.org\/peru\/wp-json\/wp\/v2\/pages\/87\/revisions\/2276"}],"up":[{"embeddable":true,"href":"https:\/\/help.unhcr.org\/peru\/wp-json\/wp\/v2\/pages\/81"}],"wp:attachment":[{"href":"https:\/\/help.unhcr.org\/peru\/wp-json\/wp\/v2\/media?parent=87"}],"curies":[{"name":"wp","href":"https:\/\/api.w.org\/{rel}","templated":true}]}}