{"id":85,"date":"2018-04-10T15:07:55","date_gmt":"2018-04-10T15:07:55","guid":{"rendered":"http:\/\/help.unhcr.org\/peru\/?page_id=85"},"modified":"2025-11-17T19:08:34","modified_gmt":"2025-11-17T19:08:34","slug":"como-solicitar-la-condicion-de-refugiado","status":"publish","type":"page","link":"https:\/\/help.unhcr.org\/peru\/solicitando-la-condicion-de-refugiado\/como-solicitar-la-condicion-de-refugiado\/","title":{"rendered":"\u00bfC\u00f3mo solicitar la condici\u00f3n de refugiado?"},"content":{"rendered":"<p>Antes de preparar tu solicitud de la condici\u00f3n de refugiado, ten en cuenta lo siguiente:<\/p>\n<ul>\n<li>No es necesario que hayas tenido ingreso regular para solicitar la condici\u00f3n de refugiado.<\/li>\n<li>No es posible solicitar la condici\u00f3n de refugiado ante autoridades peruanas estando fuera de Per\u00fa.<\/li>\n<li>La solicitud debe formularse de forma presencial y escrita en la frontera o dentro del territorio peruano.<\/li>\n<li>En Lima, las solicitudes de refugio deben ser presentadas en los<a href=\"https:\/\/help.unhcr.org\/peru\/donde-encontrar-ayuda\/espacios-de-proteccion\/\"> Espacios de Protecci\u00f3n<\/a> ubicados en los Distritos de Lima Cercado, San Juan de Lurigancho y San Martin de Porres. \u00a0En el territorio nacional puedes acudir a alguna de las <a href=\"https:\/\/www.gob.pe\/institucion\/rree\/sedes\">oficinas desconcentradas (ODE<\/a>). La atenci\u00f3n de la Comisi\u00f3n Especial para los Refugiados (CEPR) en los Espacios de Protecci\u00f3n es por orden de llegada. No requiere sacar cita previa.\u00a0\u00a0<\/li>\n<li>Toda la informaci\u00f3n que se brinde ser\u00e1 confidencial y no ser\u00e1 compartida con las autoridades de su pa\u00eds.<\/li>\n<li>Las autoridades que reciban la solicitud deber\u00e1n remitirlas en el plazo establecido por la ley ante la Comisi\u00f3n Especial para los Refugiados (CEPR).<\/li>\n<li>Las personas que soliciten en frontera la condici\u00f3n de refugiado ser\u00e1n autorizadas a ingresar al territorio, no pudiendo ser rechazadas, devueltas o expulsadas por los funcionarios de frontera.<\/li>\n<\/ul>\n<ol>\n<li><strong>\u00bfC\u00f3mo solicitar la condici\u00f3n de refugiado?<\/strong><\/li>\n<\/ol>\n<p>1) Llenar, imprimir y firmar la <a href=\"https:\/\/www.gob.pe\/institucion\/rree\/informes-publicaciones\/6607219-solicitud-de-refugio-en-peru\">solicitud dirigida a la Comisi\u00f3n Especial para los Refugiados<\/a> donde explicas por qu\u00e9 solicitas la condici\u00f3n de refugiado, con firma manuscrita (es decir no vale firma digital). La solicitud incluye:<\/p>\n<ul>\n<li style=\"list-style-type: none\">\n<ol>\n<li><strong><em>Secci\u00f3n I: Datos personales:<\/em><\/strong> Completa tus apellidos y nombres completos, tu nacionalidad, fecha de nacimiento, g\u00e9nero, n\u00famero de pasaporte y\/o c\u00e9dula de identidad y\/o Acta de nacimiento. (En caso no cuente con ning\u00fan documento de identidad ORIGINAL debe completar y anexar la \u201c<a href=\"https:\/\/www.gob.pe\/institucion\/rree\/informes-publicaciones\/6588140-declaracion-jurada-para-solicitante-de-refugio-indocumentado\">Declaraci\u00f3n jurada para solicitante de refugio indocumentado<\/a>\u201d).<\/li>\n<li><strong><em>Secci\u00f3n II: Datos de contacto:<\/em><\/strong> Direcci\u00f3n domiciliaria, en caso de poseerla, n\u00famero de tel\u00e9fono de contacto y correo personal (es necesario tener una direcci\u00f3n de correo habilitada, de no poseerla se sugiere crear una).<\/li>\n<li><strong><em>Secci\u00f3n III: Petitorio:<\/em><\/strong> Un resumen breve de los motivos por los que abandonaste tu pa\u00eds de origen. Tambi\u00e9n explica la inclusi\u00f3n de familiares en la solicitud.<\/li>\n<li><strong><em>Secci\u00f3n IV: Datos de ingreso al Per\u00fa:<\/em><\/strong> Si no cuentas con tarjeta andina o el sello de ingreso al pa\u00eds debes indicarlo en esta secci\u00f3n.<\/li>\n<li><strong><em>Secci\u00f3n V: Autorizaci\u00f3n para notificaciones:<\/em><\/strong> Escriba nuevamente su direcci\u00f3n de correo electr\u00f3nico, su firma manuscrita y la huella del \u00edndice derecho.<\/li>\n<\/ol>\n<\/li>\n<li>En caso de que tu grupo familiar se encuentre contigo, indica por cada persona los datos personales y de contacto, entre otros que se muestran en la <em>secci\u00f3n VI del formulario<\/em>.<\/li>\n<li>Debes contar con documentos de identidad originales: pasaporte, documento de identidad de pa\u00eds de origen (por ejemplo, c\u00e9dula, carn\u00e9 de identidad u otro equivalente) y\/o acta de nacimiento. Si no cuenta con alguno de estos documentos, debe presentar la denuncia por p\u00e9rdida o robo, adem\u00e1s de una <a href=\"https:\/\/www.gob.pe\/institucion\/rree\/informes-publicaciones\/6588140-declaracion-jurada-para-solicitante-de-refugio-indocumentado\"><u>declaraci\u00f3n jurada para solicitante de refugio indocumentado.<\/u><\/a> En el caso de menores de edad la <a href=\"https:\/\/www.gob.pe\/institucion\/rree\/informes-publicaciones\/6588220-declaracion-jurada-para-solicitante-de-refugio-indocumentado-menor-de-edad\">declaraci\u00f3n jurada para solicitante de refugio indocumentado menor de edad<\/a> es firmada por el titular de la solicitud.<\/li>\n<li>Si el solicitante tiene m\u00e1s de 15 a\u00f1os deber\u00e1 completar y firmar la <a href=\"https:\/\/www.gob.pe\/institucion\/rree\/informes-publicaciones\/6588071-declaracion-jurada-de-antecedentes-policiales-judiciales-penales-y-o-alertas-internacionales\">declaraci\u00f3n jurada de antecedentes policiales, judiciales, penales o alertas internacionales.\u00a0<\/a><\/li>\n<\/ul>\n<p>2) Imprime tu solicitud junto a los documentos y declaraciones se\u00f1aladas en los requisitos, f\u00edrmala, s\u00e1cale una copia que servir\u00e1 como cargo de recepci\u00f3n y ac\u00e9rcate a una de las <a href=\"https:\/\/www.gob.pe\/institucion\/rree\/sedes\">oficinas desconcentradas del Ministerio de Relaciones Exteriores en el territorio nacional<\/a> o a los <a href=\"https:\/\/help.unhcr.org\/peru\/donde-encontrar-ayuda\/organizaciones-socias\/\">Espacios de Protecci\u00f3n<\/a> si estas en la ciudad de Lima. No olvides que todas las personas mayores de edad que se encuentren dentro de la solicitud, deben firmarlas.\u00a0\u00a0<\/p>\n<p>Si deseas saber en qu\u00e9 estado se encuentra tu procedimiento o, si tuvieras alguna duda, puedes escribir al correo <a href=\"mailto:solicitantesrefugio@rree.gob.pe\">solicitantesrefugio@rree.gob.pe<\/a><\/p>\n<ol start=\"2\">\n<li><strong>Documentaci\u00f3n para personas solicitantes de la condici\u00f3n de refugiado y, actualizaci\u00f3n de datos<\/strong><\/li>\n<\/ol>\n<p>Al ser solicitante de la condici\u00f3n de refugiado, el Estado peruano te otorga un documento provisional (art\u00edculo 14 de la Ley del Refugiado), mientras tu caso est\u00e1 a la espera de una respuesta. En ese sentido, se han venido otorgando:<\/p>\n<ul>\n<li><strong>Autorizaci\u00f3n de trabajo<\/strong><\/li>\n<\/ul>\n<p>Es un documento que se genera de manera virtual, despu\u00e9s de haber presentado la solicitud de refugio en l\u00ednea y haber completado el registro con la oficina encargada. Es emitido por la Comisi\u00f3n Especial para los Refugiados (CEPR). Cuenta con un c\u00f3digo \u00fanico por cada solicitante de refugio.<\/p>\n<ul>\n<li><strong>Carn\u00e9 de solicitante de la condici\u00f3n de refugiado<\/strong><\/li>\n<\/ul>\n<p>Es un documento provisional de tr\u00e1mite que acredita que su solicitud se encuentra en proceso de determinaci\u00f3n. Este documento faculta al solicitante a permanecer en el pa\u00eds mientras su solicitud se resuelve de forma definitiva. Tiene una vigencia de 60 d\u00edas pudiendo ser renovado a criterio de la Comisi\u00f3n Especial para los Refugiados (CEPR), que lidera el Ministerio de Relaciones Exteriores. Desde el 2020 se viene extendiendo su vigencia de forma autom\u00e1tica a trav\u00e9s de la p\u00e1gina web del Ministerio de Relaciones Exteriores.<\/p>\n<p>En la actualidad no se viene otorgando m\u00e1s este documento. Sin embargo, en la actualidad, algunos solicitantes de la condici\u00f3n de refugiado gozan de este.<\/p>\n<p><strong>Actualmente, tanto las Autorizaciones Virtuales de Trabajo como los Carn\u00e9s de solicitantes de la condici\u00f3n de refugiados se mantienen vigentes hasta el 31 de diciembre de 2023, o, mientras el caso no haya sido resuelto.<\/strong><\/p>\n<p><strong>Verificaci\u00f3n de la validez y vigencia:<\/strong><\/p>\n<p>Ambos documentos, \u201cCarn\u00e9 de solicitante de refugio\u201d y \u201cAutorizaci\u00f3n de trabajo virtual\u201d se pueden verificar a trav\u00e9s de:<\/p>\n<p><strong>&#8211; C\u00f3digo QR: <\/strong>Mediante un lector QR o a trav\u00e9s de una aplicaci\u00f3n que se puede descargar en cualquier celular.<\/p>\n<p><strong>&#8211; Credenciales de solicitante: <\/strong>A trav\u00e9s del usuario y contrase\u00f1a que cada solicitante de refugio recibe en el correo electr\u00f3nico registrado en su Ficha individual.<\/p>\n<p>En caso seas solicitante de la condici\u00f3n de refugiado, pero, no cuentas con ning\u00fan documento provisional, puedes solicitarlo al correo <a href=\"mailto:solicitantesrefugio@rree.gob.pe\">solicitantesrefugio@rree.gob.pe<\/a><\/p>\n<p>Finalmente, si eres solicitante de la condici\u00f3n de refugiado, <strong>no olvides actualizar tus datos<\/strong>. La Secretar\u00eda Ejecutiva de la Comisi\u00f3n Especial para los Refugiados ha habilitado un acceso al sistema para quienes presentaron su solicitud de refugio <strong>antes del 23 de octubre de 2020<\/strong>, pero que no lograron completar su ficha individual, ya sea porque perdieron la cita presencial o virtual para completar el Registro ante la Oficina o, porque necesitan actualizar datos de contacto tel\u00e9fono, correo electr\u00f3nico o domicilio. Hacerlo te permitir\u00e1:<\/p>\n<ul>\n<li>Avanzar con la tramitaci\u00f3n de su solicitud de refugio.<\/li>\n<li>Generar una Autorizaci\u00f3n de Trabajo Virtual.<\/li>\n<li>Recibir informaci\u00f3n sobre las posibilidades de que se le otorgue la calidad migratoria humanitaria que le dar\u00e1 acceso a un carn\u00e9 de extranjer\u00eda.<\/li>\n<\/ul>\n<p>Para actualizar tus datos, ingresa al siguiente enlace: <a href=\"https:\/\/citasrefugiados.gob.pe\/SolicitanteConsulta\/ActualizarDatos\">https:\/\/citasrefugiados.gob.pe\/SolicitanteConsulta\/ActualizarDatos<\/a><\/p>\n<ol start=\"3\">\n<li><strong>Informaci\u00f3n para personas refugiadas<\/strong><\/li>\n<\/ol>\n<p>Si fuiste reconocida como refugiado\/a, tienes los siguientes derechos:<\/p>\n<ul>\n<li>El otorgamiento de un Carn\u00e9 de Extranjer\u00eda. (art. 23 Ley).<\/li>\n<li>El otorgamiento de facilidades para el ejercicio profesional para quienes tienen t\u00edtulo acad\u00e9mico. (art. 47 Reglamento).<\/li>\n<li>El derecho a la exoneraci\u00f3n de tasas y grav\u00e1menes por conceptos migratorios y de extranjer\u00eda a favor de los refugiados y de los familiares que dependan de \u00e9l econ\u00f3micamente.<\/li>\n<\/ul>\n<p>Ser refugiado\/a te permite reunificar a alg\u00fan familiar tuyo. El art\u00edculo 25 de la Ley del Refugiado establece los siguientes supuestos:<\/p>\n<ul>\n<li>A tu c\u00f3nyuge o persona con la que mantienes una uni\u00f3n de hecho estable.<\/li>\n<li>A tus hijo\/as.<\/li>\n<li>A personas que dependan econ\u00f3micamente y, que est\u00e9 debidamente acreditado<\/li>\n<\/ul>\n<p>La reunificaci\u00f3n familiar se solicita a trav\u00e9s de la Mesa de Partes Virtual del Ministerio de Relaciones Exteriores. Adem\u00e1s, tienes que enviar un correo <a href=\"mailto:refugiados@rree.gob.pe\">refugiados@rree.gob.pe<\/a> indicando que has iniciado este procedimiento.<\/p>\n<p>En caso desees salir del pa\u00eds, recuerda que tienes que solicitar un permiso previo a la Comisi\u00f3n Especial para los Refugiados. Para ello, tienes que escribir al correo <a href=\"mailto:refugiados@rree.gob.pe\">refugiados@rree.gob.pe<\/a>. En la comunicaci\u00f3n, tienes que especificar el motivo del viaje, el pa\u00eds de destino, as\u00ed como especificar los d\u00edas que estar\u00e1s fuera del Per\u00fa. En caso de requerirlo, la CEPR puede tramitarte un documento de viaje. Te recomendamos que lo hagas con la debida anticipaci\u00f3n.<\/p>\n<p>Si tuvieras alguna duda, puedes escribir al correo <a href=\"mailto:refugiados@rree.gob.pe\">refugiados@rree.gob.pe<\/a><\/p>\n\n\n<p><\/p>\n","protected":false},"excerpt":{"rendered":"<p>Antes de preparar tu solicitud de la condici\u00f3n de refugiado, ten en cuenta lo siguiente: No es necesario que hayas tenido ingreso regular para solicitar la condici\u00f3n de refugiado. No es posible solicitar la condici\u00f3n de refugiado ante autoridades peruanas estando fuera de Per\u00fa. La solicitud debe formularse de forma presencial y escrita en la [&hellip;]<\/p>\n","protected":false},"author":1,"featured_media":0,"parent":81,"menu_order":0,"comment_status":"closed","ping_status":"closed","template":"","meta":{"_acf_changed":false,"footnotes":""},"class_list":["post-85","page","type-page","status-publish","hentry"],"acf":[],"_links":{"self":[{"href":"https:\/\/help.unhcr.org\/peru\/wp-json\/wp\/v2\/pages\/85","targetHints":{"allow":["GET"]}}],"collection":[{"href":"https:\/\/help.unhcr.org\/peru\/wp-json\/wp\/v2\/pages"}],"about":[{"href":"https:\/\/help.unhcr.org\/peru\/wp-json\/wp\/v2\/types\/page"}],"author":[{"embeddable":true,"href":"https:\/\/help.unhcr.org\/peru\/wp-json\/wp\/v2\/users\/1"}],"replies":[{"embeddable":true,"href":"https:\/\/help.unhcr.org\/peru\/wp-json\/wp\/v2\/comments?post=85"}],"version-history":[{"count":29,"href":"https:\/\/help.unhcr.org\/peru\/wp-json\/wp\/v2\/pages\/85\/revisions"}],"predecessor-version":[{"id":2405,"href":"https:\/\/help.unhcr.org\/peru\/wp-json\/wp\/v2\/pages\/85\/revisions\/2405"}],"up":[{"embeddable":true,"href":"https:\/\/help.unhcr.org\/peru\/wp-json\/wp\/v2\/pages\/81"}],"wp:attachment":[{"href":"https:\/\/help.unhcr.org\/peru\/wp-json\/wp\/v2\/media?parent=85"}],"curies":[{"name":"wp","href":"https:\/\/api.w.org\/{rel}","templated":true}]}}