{"id":81,"date":"2018-04-10T14:54:04","date_gmt":"2018-04-10T14:54:04","guid":{"rendered":"http:\/\/help.unhcr.org\/peru\/?page_id=81"},"modified":"2026-02-25T15:01:28","modified_gmt":"2026-02-25T15:01:28","slug":"solicitando-la-condicion-de-refugiado","status":"publish","type":"page","link":"https:\/\/help.unhcr.org\/peru\/solicitando-la-condicion-de-refugiado\/","title":{"rendered":"Ser refugiado en Per\u00fa"},"content":{"rendered":"<p>Un refugiado es una persona que debido a fundados temores de ser perseguida por motivos de raza, religi\u00f3n, nacionalidad, pertenencia a un determinado grupo social u opiniones pol\u00edticas (motivos previstos en la Convenci\u00f3n de 1951), violencia generalizada, agresi\u00f3n extranjera, conflictos internos, violaci\u00f3n masiva de los derechos humanos u otras circunstancias que hayan perturbado gravemente el orden p\u00fablico (causas previstas en la Declaraci\u00f3n de Cartagena de 1984), se encuentre fuera del pa\u00eds de su nacionalidad y no pueda o, a causa de dichos temores, no quiera acogerse a la protecci\u00f3n de su pa\u00eds; o que careciendo de nacionalidad y hall\u00e1ndose, a consecuencia de tales acontecimientos fuera del pa\u00eds donde antes tuviera su residencia habitual, no pueda o, a causa de dichos temores no quiera regresar a \u00e9l.<\/p>\n\n\n<p><em><strong>Importante: <\/strong>Les informamos que se ha publicado el Decreto Legislativo 1719, el cual modifica la Ley del Refugiado. Sin embargo, estas modificaciones a\u00fan est\u00e1n pendientes de reglamentaci\u00f3n. En ese sentido, el mecanismo de presentaci\u00f3n de solicitudes de la condici\u00f3n de refugiado continuar\u00e1 funcionando conforme al procedimiento vigente. Oportunamente informaremos cuando las modificaciones entren en vigor y se actualicen los procesos correspondientes<\/em>. <\/p>\n\n\n\n<p><\/p>\n","protected":false},"excerpt":{"rendered":"<p>Un refugiado es una persona que debido a fundados temores de ser perseguida por motivos de raza, religi\u00f3n, nacionalidad, pertenencia a un determinado grupo social u opiniones pol\u00edticas (motivos previstos en la Convenci\u00f3n de 1951), violencia generalizada, agresi\u00f3n extranjera, conflictos internos, violaci\u00f3n masiva de los derechos humanos u otras circunstancias que hayan perturbado gravemente el [&hellip;]<\/p>\n","protected":false},"author":1,"featured_media":0,"parent":0,"menu_order":2,"comment_status":"closed","ping_status":"closed","template":"page-templates\/listing_page.php","meta":{"_acf_changed":false,"footnotes":""},"class_list":["post-81","page","type-page","status-publish","hentry"],"acf":[],"_links":{"self":[{"href":"https:\/\/help.unhcr.org\/peru\/wp-json\/wp\/v2\/pages\/81","targetHints":{"allow":["GET"]}}],"collection":[{"href":"https:\/\/help.unhcr.org\/peru\/wp-json\/wp\/v2\/pages"}],"about":[{"href":"https:\/\/help.unhcr.org\/peru\/wp-json\/wp\/v2\/types\/page"}],"author":[{"embeddable":true,"href":"https:\/\/help.unhcr.org\/peru\/wp-json\/wp\/v2\/users\/1"}],"replies":[{"embeddable":true,"href":"https:\/\/help.unhcr.org\/peru\/wp-json\/wp\/v2\/comments?post=81"}],"version-history":[{"count":4,"href":"https:\/\/help.unhcr.org\/peru\/wp-json\/wp\/v2\/pages\/81\/revisions"}],"predecessor-version":[{"id":2438,"href":"https:\/\/help.unhcr.org\/peru\/wp-json\/wp\/v2\/pages\/81\/revisions\/2438"}],"wp:attachment":[{"href":"https:\/\/help.unhcr.org\/peru\/wp-json\/wp\/v2\/media?parent=81"}],"curies":[{"name":"wp","href":"https:\/\/api.w.org\/{rel}","templated":true}]}}