{"id":79,"date":"2018-04-10T14:52:47","date_gmt":"2018-04-10T14:52:47","guid":{"rendered":"http:\/\/help.unhcr.org\/peru\/?page_id=79"},"modified":"2026-02-17T16:07:59","modified_gmt":"2026-02-17T16:07:59","slug":"organizaciones-socias","status":"publish","type":"page","link":"https:\/\/help.unhcr.org\/peru\/donde-encontrar-ayuda\/organizaciones-socias\/","title":{"rendered":"Organizaciones Socias"},"content":{"rendered":"<p>Nuestros socios son organizaciones de la sociedad civil comprometidas y responsables de implementar un plan de trabajo o proyecto, alineados a nuestra estrategia en ACNUR como operaci\u00f3n, formando as\u00ed parte de los resultados y logros anuales.<\/p>\n<p><span class=\"TextRun SCXW98264207 BCX4\" lang=\"ES-ES\" xml:lang=\"ES-ES\" data-contrast=\"none\"><span class=\"NormalTextRun CommentStart SCXW98264207 BCX4\">Seg\u00fan sea el caso y previa evaluaci\u00f3n, usted puede contar con el apoyo de estas organizaciones para brindarle <\/span><\/span><strong><span class=\"TextRun SCXW98264207 BCX4\" lang=\"ES-ES\" xml:lang=\"ES-ES\" data-contrast=\"none\"><span class=\"NormalTextRun SCXW98264207 BCX4\">asistencia gratuita <\/span><\/span><\/strong><span class=\"TextRun SCXW98264207 BCX4\" lang=\"ES-ES\" xml:lang=\"ES-ES\" data-contrast=\"none\"><span class=\"NormalTextRun SCXW98264207 BCX4\">en diversos temas como: acceso a informaci\u00f3n y orientaci\u00f3n sobre procedimientos de solicitud de la condici\u00f3n de refugiado, vivienda, salud, educaci\u00f3n, documentaci\u00f3n, empleo, emprendimientos, entre otros. <\/span><\/span><\/p>\n<p><span class=\"TextRun SCXW98264207 BCX4\" lang=\"ES-ES\" xml:lang=\"ES-ES\" data-contrast=\"none\"><span class=\"NormalTextRun SCXW98264207 BCX4\">En ACNUR te aconsejamos ponerte en contacto con nuestros socios para conocer m\u00e1s sobre sus servicios y actividades. <\/span><\/span><\/p>\n\n\n<blockquote class=\"wp-block-quote is-layout-flow wp-block-quote-is-layout-flow\">\n<p><\/p>\n<cite>Recuerda todos nuestros servicios son gratuitos.&nbsp;<\/cite><\/blockquote>\n\n\n\n<h2 class=\"wp-block-heading has-white-color has-text-color has-background has-link-color has-medium-font-size wp-elements-6a856ee08f5bfe68b2891cdc7269d24e\" style=\"background-color:#0072bc\"><strong>ENCUENTROS-SJS (Servicio Jesuita de la Solidaridad)<\/strong><\/h2>\n\n\n\n<div class=\"wp-block-media-text has-media-on-the-right is-stacked-on-mobile\" style=\"grid-template-columns:auto 40%\"><div class=\"wp-block-media-text__content\">\n<p><\/p>\n\n\n\n<p>Como agencia socia del ACNUR, tiene el objetivo de fortalecer la protecci\u00f3n y b\u00fasqueda de soluciones duraderas para las personas refugiadas y solicitantes de refugio en Per\u00fa, brindando asistencia humanitaria y trabajando en la promoci\u00f3n de la integraci\u00f3n local de la poblaci\u00f3n de inter\u00e9s del ACNUR.<strong> <\/strong><\/p>\n\n\n\n<p><strong>Servicios que brinda:<\/strong>&nbsp;Orientaci\u00f3n y acompa\u00f1amiento para acceder a servicios del Estado y apoyo a personas que enfrentan situaciones de vulnerabilidad. <\/p>\n<\/div><figure class=\"wp-block-media-text__media\"><img loading=\"lazy\" decoding=\"async\" width=\"320\" height=\"115\" src=\"https:\/\/help.unhcr.org\/peru\/wp-content\/uploads\/sites\/27\/2024\/07\/JPG-logo-Encuentros-2020-Chico.png\" alt=\"\" class=\"wp-image-2028 size-full\" srcset=\"https:\/\/help.unhcr.org\/peru\/wp-content\/uploads\/sites\/27\/2024\/07\/JPG-logo-Encuentros-2020-Chico.png 320w, https:\/\/help.unhcr.org\/peru\/wp-content\/uploads\/sites\/27\/2024\/07\/JPG-logo-Encuentros-2020-Chico-300x108.png 300w\" sizes=\"auto, (max-width: 320px) 100vw, 320px\" \/><\/figure><\/div>\n\n\n\n<p>Para comunicarte con Encuentros, estos <strong>son sus canales oficiales:<\/strong><\/p>\n\n\n\n<ul class=\"wp-block-list\">\n<li><strong>Sitio Web: <\/strong><a href=\"http:\/\/www.encuentros-sjs.org\/\" target=\"_blank\" rel=\"noreferrer noopener\">http:\/\/www.encuentros-sjs.org<\/a>&nbsp;<\/li>\n\n\n\n<li><strong>Asesor\u00eda legal gratuita &#8211; Cl\u00ednica Jur\u00eddica Pedro Arrupe S.J.&nbsp; <\/strong>Son especialistas en tr\u00e1mites migratorios y solicitudes de refugio. Deja tu consulta legal en este <a href=\"https:\/\/docs.google.com\/forms\/d\/e\/1FAIpQLSceiK5kkQKa8aZm3eJnyxDdnZ-CSn1-hQcYjhyvO26OHaUBtA\/viewform\">formulario.<\/a>Todos tus datos son confidenciales y garantizan la protecci\u00f3n de los mismos.&nbsp;<\/li>\n\n\n\n<li><strong>Plataforma Ven Informado<\/strong>, brinda informaci\u00f3n orientada a poblaci\u00f3n refugiada y migrante como tr\u00e1mites migratorios, de refugio, trabajo, salud emocional, entre otros para que inicies tu nueva vida en Per\u00fa. <a href=\"https:\/\/www.veninformado.pe\/\" target=\"_blank\" rel=\"noreferrer noopener\">https:\/\/www.veninformado.pe\/<\/a>&nbsp;&nbsp;<\/li>\n\n\n\n<li><strong>L\u00ednea de Atenci\u00f3n Ven Informado:<\/strong> (51) 981224821 o escr\u00edbeles al correo electr\u00f3nico: <a href=\"mailto:info@veninformado.pe\" target=\"_blank\" rel=\"noreferrer noopener\">info@veninformado.pe<\/a>&nbsp;<\/li>\n<\/ul>\n\n\n\n<h2 class=\"wp-block-heading has-black-color has-text-color has-background has-link-color has-medium-font-size wp-elements-2125503b292f8b88cf7e9cfb9662781f\" style=\"background-color:#cccccc\">Oficinas de Encuentros en <strong>LIMA<\/strong><\/h2>\n\n\n\n<div class=\"wp-block-columns alignfull has-text-color has-background is-layout-flex wp-container-core-columns-is-layout-9d6595d7 wp-block-columns-is-layout-flex\" style=\"color:#000000;background-color:#ffffff\">\n<div class=\"wp-block-column is-layout-flow wp-block-column-is-layout-flow\">\n<h3 class=\"wp-block-heading\" style=\"font-size:24px;line-height:1.3\"><strong>San Mart\u00edn de Porres<\/strong><\/h3>\n\n\n\n<p><strong>Espacio de Protecci\u00f3n &#8211; San Mart\u00edn de Porres<\/strong>: Calle Ca\u00f1ete 7249, Urbanizaci\u00f3n Mesa Redonda (Cruce de Jir\u00f3n Ca\u00f1ete con Jir\u00f3n Progreso)&nbsp;&nbsp;<\/p>\n\n\n\n<h3 class=\"wp-block-heading\" style=\"font-size:24px;line-height:1.3\"><strong>Lima Centro<\/strong><\/h3>\n\n\n\n<p><strong>Espacio de Protecci\u00f3n Cercado de Lima: <\/strong> Jr. Hern\u00e1n Velarde 148, Urbanizaci\u00f3n Santa Beatriz, Lima Cercado. Referencia: Altura del parque Hern\u00e1n Velarde<\/p>\n\n\n\n<h3 class=\"wp-block-heading\" style=\"font-size:24px;line-height:1.3\"><strong>San Juan de Lurigancho<\/strong><\/h3>\n\n\n\n<p><strong>Espacio de Protecci\u00f3n San Juan de Lurigancho \u2013 CAREMI SJL<\/strong>: Centro Pastoral San Jos\u00e9. Las Coralinas Mz LL L7- Urb. Las Flores, San Juan de Lurigancho.&nbsp;Referencia: Altura del paradero 08 de la\u202fAv.\u202fLas\u202fFlores.<\/p>\n<\/div>\n<\/div>\n\n\n\n<ul class=\"wp-block-list\">\n<li><strong>Horarios de atenci\u00f3n: <\/strong>Lunes a viernes de 8:30 a.m a 5:00 p.m.<strong> <\/strong><\/li>\n\n\n\n<li><strong>Importante:<\/strong> La atenci\u00f3n se brinda sin necesidad de cita previa, en cualquiera de nuestras oficinas. El servicio es por orden de llegada. Si no puedes ser atendido\/a el mismo d\u00eda, te ayudaremos a reprogramar una cita con fecha y hora. <\/li>\n<\/ul>\n\n\n\n<ul class=\"wp-block-list\">\n<li><\/li>\n<\/ul>\n\n\n\n\n\n<h2 class=\"wp-block-heading has-black-color has-text-color has-background has-link-color has-medium-font-size wp-elements-cef209eb6a367a08cf1ab44150e19724\" style=\"background-color:#cccccc\">Oficinas de Encuentros en <strong>TACNA<\/strong><\/h2>\n\n\n\n<ul class=\"wp-block-list\">\n<li><strong>Direcci\u00f3n<\/strong>: Prol. Av. Hip\u00f3lito Unanue s\/n (frente al terminal internacional)&nbsp;<\/li>\n\n\n\n<li><strong>Horario<\/strong>: de lunes a viernes de 8:30am a 1:00pm, y de 2:00pm a 4:00pm&nbsp;<\/li>\n\n\n\n<li><strong>Servicios<\/strong>: &nbsp;Orientaci\u00f3n legal y general, asesor\u00eda y asistencia legal y atenci\u00f3n social.<\/li>\n\n\n\n<li><strong>Contacto:<\/strong> Para comunicarte con Encuentros Tacna puedes hacerlo al WhatsApp +51913194490, y visitar su p\u00e1gina web:&nbsp;https:\/\/www.encuentros-sjs.org\/tacna\/&nbsp;Actualmente no cuenta con un correo para atenci\u00f3n al p\u00fablico; sin embargo, reciben sugerencias y recomendaciones al mail: <a href=\"mailto:teescuchamos@encuentros-sjs.org\" target=\"_blank\" rel=\"noreferrer noopener\">teescuchamos@encuentros-sjs.org<\/a>&nbsp;<\/li>\n<\/ul>\n\n\n\n<ul class=\"wp-block-list\">\n<li><\/li>\n<\/ul>\n\n\n\n<h2 class=\"wp-block-heading has-white-color has-text-color has-background has-link-color wp-elements-a3d0d3e4fd6a6885337170806d4471d0\" style=\"background-color:#0072bc\"><strong>C\u00c1RITAS MADRE DE DIOS<\/strong><\/h2>\n\n\n\n<div class=\"wp-block-media-text has-media-on-the-right is-stacked-on-mobile\" style=\"grid-template-columns:auto 42%\"><div class=\"wp-block-media-text__content\">\n<p>Es nuestro socio y como asociaci\u00f3n sin fines de lucro tiene como finalidad generar, promover e incentivar programas a favor de los m\u00e1s vulnerables y menos favorecidos para permitir su desarrollo integral humano, basado en los principios cristianos de justicia social, solidaridad y promoci\u00f3n de la dignidad humana. <strong>Los servicios que brinda son:<\/strong> Orientaci\u00f3n y acompa\u00f1amiento para acceder a servicios del Estado y apoyo a personas que enfrentan situaciones de vulnerabilidad.<\/p>\n<\/div><figure class=\"wp-block-media-text__media\"><img loading=\"lazy\" decoding=\"async\" width=\"1024\" height=\"819\" src=\"https:\/\/help.unhcr.org\/peru\/wp-content\/uploads\/sites\/27\/2024\/07\/Caritas-Madre-de-Dios-Logo-1024x819.png\" alt=\"\" class=\"wp-image-1999 size-full\" srcset=\"https:\/\/help.unhcr.org\/peru\/wp-content\/uploads\/sites\/27\/2024\/07\/Caritas-Madre-de-Dios-Logo-1024x819.png 1024w, https:\/\/help.unhcr.org\/peru\/wp-content\/uploads\/sites\/27\/2024\/07\/Caritas-Madre-de-Dios-Logo-300x240.png 300w, https:\/\/help.unhcr.org\/peru\/wp-content\/uploads\/sites\/27\/2024\/07\/Caritas-Madre-de-Dios-Logo-768x614.png 768w, https:\/\/help.unhcr.org\/peru\/wp-content\/uploads\/sites\/27\/2024\/07\/Caritas-Madre-de-Dios-Logo.png 1500w\" sizes=\"auto, (max-width: 1024px) 100vw, 1024px\" \/><\/figure><\/div>\n\n\n\n<p>Para comunicarte con C\u00e1ritas Madre De Dios, estos <strong>son sus canales oficiales:<\/strong><\/p>\n\n\n\n<ul class=\"wp-block-list\">\n<li><strong>T\u00e9lefono:<\/strong> 082791214<\/li>\n\n\n\n<li><strong>Redes sociales: <\/strong>\n<ul class=\"wp-block-list\">\n<li><strong>Instagram: <\/strong><a href=\"https:\/\/www.instagram.com\/caritasmdd\/\">https:\/\/www.instagram.com\/caritasmdd\/<\/a><\/li>\n\n\n\n<li><strong>Facebook:<\/strong> <a href=\"https:\/\/www.facebook.com\/CaritasMadreDeDios\">https:\/\/www.facebook.com\/CaritasMadreDeDios<\/a><\/li>\n\n\n\n<li><strong>X: <\/strong><a href=\"https:\/\/x.com\/CaritasMDD\">https:\/\/x.com\/CaritasMDD<\/a><\/li>\n<\/ul>\n<\/li>\n<\/ul>\n\n\n\n<h2 class=\"wp-block-heading has-black-color has-text-color has-background has-link-color has-medium-font-size wp-elements-debd31fde024f9a28e2687b11b63d968\" style=\"background-color:#cccccc\">Oficina de C\u00e1ritas en <strong>PUERTO MALDONADO<\/strong><\/h2>\n\n\n\n<ul class=\"wp-block-list\">\n<li><strong>Direcci\u00f3n:<\/strong> Ernesto Rivero cuadra 1, Oficinas Administrativas VAPM Puerto Maldonado \u2013 Madre de Dios.&nbsp;<\/li>\n\n\n\n<li><strong>Horario de atenci\u00f3n:<\/strong> Lunes a viernes de 8:00 a.m. a 1:00 p.m. y de 3:00 p.m. a 6:00 p.m.&nbsp;<\/li>\n\n\n\n<li><strong>Contactos:<\/strong> +51 953876312\/ +51 929036625<\/li>\n<\/ul>\n\n\n\n\n\n<h2 class=\"wp-block-heading has-black-color has-text-color has-background has-link-color has-medium-font-size wp-elements-025b9c55aec1f408659c24498cbeabd2\" style=\"background-color:#cccccc\">Oficina de C\u00e1ritas en<strong> I\u00d1APARI<\/strong><\/h2>\n\n\n\n<ul class=\"wp-block-list\">\n<li><strong>Direcci\u00f3n:<\/strong> Av. Le\u00f3n Velarde N\u00b0151 a unos metros del Puente Integraci\u00f3n en I\u00f1apari. <\/li>\n\n\n\n<li><strong>Horario de atenci\u00f3n:<\/strong> Mi\u00e9rcoles a viernes de 8:00 a.m. a 1:00 p.m. y de 3:00 p.m. a 6:00 p.m.&nbsp;<\/li>\n\n\n\n<li><strong>Contacto: <\/strong>+51 941591304<\/li>\n<\/ul>\n\n\n\n<h2 class=\"wp-block-heading has-white-color has-text-color has-background has-link-color wp-elements-82a99c6fff337f7025ee97aa477d611c\" style=\"background-color:#0072bc\">World Vision<\/h2>\n\n\n<div class=\"wp-block-image is-style-default\">\n<figure class=\"alignright size-large is-resized\"><img loading=\"lazy\" decoding=\"async\" width=\"1024\" height=\"270\" src=\"https:\/\/help.unhcr.org\/peru\/wp-content\/uploads\/sites\/27\/2025\/06\/wv-logo__dark_rgb-002-1024x270.png\" alt=\"\" class=\"wp-image-2302\" style=\"width:299px;height:auto\" srcset=\"https:\/\/help.unhcr.org\/peru\/wp-content\/uploads\/sites\/27\/2025\/06\/wv-logo__dark_rgb-002-1024x270.png 1024w, https:\/\/help.unhcr.org\/peru\/wp-content\/uploads\/sites\/27\/2025\/06\/wv-logo__dark_rgb-002-300x79.png 300w, https:\/\/help.unhcr.org\/peru\/wp-content\/uploads\/sites\/27\/2025\/06\/wv-logo__dark_rgb-002-768x202.png 768w, https:\/\/help.unhcr.org\/peru\/wp-content\/uploads\/sites\/27\/2025\/06\/wv-logo__dark_rgb-002-1536x405.png 1536w, https:\/\/help.unhcr.org\/peru\/wp-content\/uploads\/sites\/27\/2025\/06\/wv-logo__dark_rgb-002.png 2000w\" sizes=\"auto, (max-width: 1024px) 100vw, 1024px\" \/><\/figure><\/div>\n\n\n<p class=\"has-text-align-left\">World Vision es una ONG internacional que trabaja promoviendo el desarrollo y la asistencia humanitaria, con un enfoque en la protecci\u00f3n y bienestares de ni\u00f1as, ni\u00f1os y adolescentes. A trav\u00e9s de programas sostenibles, impulsa la participaci\u00f3n activa como agentes de cambio en las comunidades, priorizando la educaci\u00f3n, la protecci\u00f3n, el emprendimiento y el cuidado del medio ambiente. <\/p>\n\n\n\n<p>Los servicios que brinda incluyen:<\/p>\n\n\n\n<ul class=\"wp-block-list\">\n<li><strong>Formaci\u00f3n t\u00e9cnica:<\/strong> Capacitaci\u00f3n en habilidades blandas, cursos de alta especializaci\u00f3n y jornadas de mentor\u00eda.<\/li>\n\n\n\n<li><strong>Homologaci\u00f3n de t\u00edtulos<\/strong>: Apoyo en la validaci\u00f3n de t\u00edtulos profesionales para mejorar oportunidades laborales.<\/li>\n\n\n\n<li><strong>Relaciones corporativas:<\/strong> Conexi\u00f3n con empresas para facilitar la inserci\u00f3n laboral.<\/li>\n<\/ul>\n\n\n\n<p>Para participar en nuestros proyectos, estos son sus canales oficiales: <\/p>\n\n\n\n<ul class=\"wp-block-list\">\n<li><strong>Contacto: <\/strong>970272672<\/li>\n\n\n\n<li><strong>Correo electr\u00f3nico:<\/strong> empleabilidadWVP@wvi.org<\/li>\n\n\n\n<li><strong>Sitio web<\/strong>: <a href=\"https:\/\/worldvision.pe\/\"> https:\/\/worldvision.pe\/<\/a><\/li>\n<\/ul>\n\n\n\n<p><strong>Redes sociales<\/strong><\/p>\n\n\n\n<ul class=\"wp-block-list\">\n<li>Instagram: https:\/\/www.instagram.com\/worldvisionperu\/<\/li>\n\n\n\n<li>Facebook: https:\/\/www.facebook.com\/WorldVisionPeru<\/li>\n\n\n\n<li>LinkedIn: https:\/\/www.linkedin.com\/company\/worldvisionperu<\/li>\n<\/ul>\n\n\n\n<h2 class=\"wp-block-heading has-black-color has-text-color has-background has-link-color has-medium-font-size wp-elements-8c5b7fed2e1c62abb7cc24aa0de6892c\" style=\"background-color:#cccccc\">Oficina de World Vision en Lima <\/h2>\n\n\n\n<ul class=\"wp-block-list\">\n<li><strong>Horario de atenci\u00f3n:<\/strong> Lunes a viernes de 8:30 a.m. a 6:00 p.m. <\/li>\n\n\n\n<li><strong>Lugar: <\/strong>Las citas se coordinan a trav\u00e9s del n\u00famero oficial de Whatsapp: 970972672<\/li>\n<\/ul>\n\n\n\n<h2 class=\"wp-block-heading has-white-color has-text-color has-background has-link-color wp-elements-d18b82ff571e20eb7575e0e03234bf4e\" style=\"background-color:#0d72ac\">Socios en Salud <\/h2>\n\n\n<div class=\"wp-block-image\">\n<figure class=\"alignright size-full is-resized\"><img loading=\"lazy\" decoding=\"async\" width=\"924\" height=\"507\" src=\"https:\/\/help.unhcr.org\/peru\/wp-content\/uploads\/sites\/27\/2025\/11\/SES-LOGO-NARANJA-1.png\" alt=\"\" class=\"wp-image-2383\" style=\"width:337px;height:auto\" srcset=\"https:\/\/help.unhcr.org\/peru\/wp-content\/uploads\/sites\/27\/2025\/11\/SES-LOGO-NARANJA-1.png 924w, https:\/\/help.unhcr.org\/peru\/wp-content\/uploads\/sites\/27\/2025\/11\/SES-LOGO-NARANJA-1-300x165.png 300w, https:\/\/help.unhcr.org\/peru\/wp-content\/uploads\/sites\/27\/2025\/11\/SES-LOGO-NARANJA-1-768x421.png 768w\" sizes=\"auto, (max-width: 924px) 100vw, 924px\" \/><\/figure><\/div>\n\n\n<p>Socios En Salud (SES) es una organizaci\u00f3n pionera en salud global que, desde hace 30 a\u00f1os, trabaja para escalar soluciones sostenibles en el sistema de salud p\u00fablico del Per\u00fa. Lo hacemos combinando investigaci\u00f3n m\u00e9dica de vanguardia, acompa\u00f1amiento comunitario sostenido y alianzas estrat\u00e9gicas con gobiernos, empresas, universidades y organizaciones sociales. Desarrollamos intervenciones innovadoras en prevenci\u00f3n, diagn\u00f3stico y tratamiento, con un enfoque de equidad y derechos humanos, para contribuir a la mejora de pol\u00edticas p\u00fablicas. <\/p>\n\n\n\n<p><strong>Misi\u00f3n: <\/strong>Nuestra misi\u00f3n es ofrecer cuidado de salud desde la opci\u00f3n preferencial por los pobres. Al establecer relaciones de largo plazo con organizaciones hermanas ubicadas en entornos de pobreza, Partners In Health y Socios En Salud se esfuerzan por lograr dos objetivos generales: llevar los beneficios de la ciencia m\u00e9dica moderna a aquellos que m\u00e1s los necesitan y servir como ant\u00eddoto contra la desesperaci\u00f3n<\/p>\n\n\n\n<p><strong>Direcci\u00f3n:<\/strong> Policl\u00ednico Socios en Salud: Av. Los Constructores 1230, La Molina 15012<\/p>\n\n\n\n<p><strong>Horarios y d\u00edas de atenci\u00f3n: <\/strong>La atenci\u00f3n se brinda en Lima, Tumbes y Tacna. El detalle de los horarios y ubicaciones lo podr\u00e1s encontrar en los siguientes links. <a href=\"https:\/\/help.unhcr.org\/peru\/donde-encontrar-ayuda\/espacios-de-proteccion\/\">Espacios de Protecci\u00f3n<\/a><\/p>\n\n\n\n<h2 class=\"wp-block-heading has-white-color has-text-color has-background has-link-color wp-elements-b3dd48d52b453a091a7da2cb40785c2c\" style=\"background-color:#0d72ac\">KFHI Per\u00fa <\/h2>\n\n\n\n<p><strong>KFHI Per\u00fa<\/strong> es una organizaci\u00f3n que trabaja promoviendo el acceso a derechos y el bienestar de personas refugiadas, migrantes y comunidades de acogida. A trav\u00e9s de acciones de acompa\u00f1amiento y orientaci\u00f3n, impulsa procesos que fortalecen la integraci\u00f3n, la protecci\u00f3n y el acceso a servicios esenciales, <\/p>\n\n\n<div class=\"wp-block-image\">\n<figure class=\"alignright size-large is-resized\"><img loading=\"lazy\" decoding=\"async\" width=\"1024\" height=\"617\" src=\"https:\/\/help.unhcr.org\/peru\/wp-content\/uploads\/sites\/27\/2026\/02\/image-1024x617.png\" alt=\"\" class=\"wp-image-2431\" style=\"width:406px;height:auto\" srcset=\"https:\/\/help.unhcr.org\/peru\/wp-content\/uploads\/sites\/27\/2026\/02\/image-1024x617.png 1024w, https:\/\/help.unhcr.org\/peru\/wp-content\/uploads\/sites\/27\/2026\/02\/image-300x181.png 300w, https:\/\/help.unhcr.org\/peru\/wp-content\/uploads\/sites\/27\/2026\/02\/image-768x463.png 768w, https:\/\/help.unhcr.org\/peru\/wp-content\/uploads\/sites\/27\/2026\/02\/image.png 1315w\" sizes=\"auto, (max-width: 1024px) 100vw, 1024px\" \/><\/figure><\/div>\n\n\n<p>priorizando el derecho a la educaci\u00f3n.<\/p>\n\n\n\n<p>En el marco del proyecto <strong>Aula para Todos<\/strong>, brinda apoyo para que las familias en Lima Metropolitana puedan realizar la matr\u00edcula escolar de ni\u00f1as, ni\u00f1os y adolescentes de manera segura y con informaci\u00f3n actualizada.<\/p>\n\n\n\n<p>Los servicios informativos que brindan incluyen:<\/p>\n\n\n\n<ul class=\"wp-block-list\">\n<li>Informaci\u00f3n sobre la plataforma del Sistema de Matr\u00edcula Digital<\/li>\n\n\n\n<li>Orientaci\u00f3n para el acceso por primera vez a la escuela, traslado y reingreso<\/li>\n\n\n\n<li>Asesor\u00eda sobre requisitos para la matriculaci\u00f3n 2026<\/li>\n<\/ul>\n\n\n\n<p>Para acceder a la orientaci\u00f3n, estos son los canales oficiales de contacto:<\/p>\n\n\n\n<ul class=\"wp-block-list\">\n<li>Villa El Salvador: 982 181 562<\/li>\n\n\n\n<li>Chorrillos: 932 244 292<\/li>\n\n\n\n<li>R\u00edmac \/ El Agustino: 986 935 109<\/li>\n\n\n\n<li>San Mart\u00edn de Porres \/ Los Olivos: 913 043 381 \/ 948 244 202<\/li>\n\n\n\n<li>San Juan de Lurigancho: 943 319 314<\/li>\n\n\n\n<li>Cercado de Lima \/ La Victoria: 941 312 476<\/li>\n\n\n\n<li>Comas \/ Independencia: 978 615 322<\/li>\n<\/ul>\n\n\n\n<p class=\"has-cyan-bluish-gray-background-color has-background\"><strong>Oficina de KHFI Per\u00fa:<\/strong><\/p>\n\n\n\n<ul class=\"wp-block-list\">\n<li><strong>Direcci\u00f3n:<\/strong> Av. Encalada 1090, Santiago de Surco, Lima.<\/li>\n<\/ul>\n\n\n\n<p><strong>Redes sociales:<\/strong><\/p>\n\n\n\n<ul class=\"wp-block-list\">\n<li><strong>Instagram:<\/strong> https:\/\/www.instagram.com\/kfhi_peru\/<\/li>\n\n\n\n<li><strong>Facebook: <\/strong>https:\/\/www.facebook.com\/kfhi.peru?locale=es_LA<\/li>\n\n\n\n<li><strong>LinkedIn:<\/strong> https:\/\/pe.linkedin.com\/company\/kfhi-peru<\/li>\n<\/ul>\n\n\n\n<p><\/p>\n","protected":false},"excerpt":{"rendered":"<p>Nuestros socios son organizaciones de la sociedad civil comprometidas y responsables de implementar un plan de trabajo o proyecto, alineados a nuestra estrategia en ACNUR como operaci\u00f3n, formando as\u00ed parte de los resultados y logros anuales. Seg\u00fan sea el caso y previa evaluaci\u00f3n, usted puede contar con el apoyo de estas organizaciones para brindarle asistencia [&hellip;]<\/p>\n","protected":false},"author":1,"featured_media":0,"parent":73,"menu_order":2,"comment_status":"closed","ping_status":"closed","template":"","meta":{"_acf_changed":false,"footnotes":""},"class_list":["post-79","page","type-page","status-publish","hentry"],"acf":[],"_links":{"self":[{"href":"https:\/\/help.unhcr.org\/peru\/wp-json\/wp\/v2\/pages\/79","targetHints":{"allow":["GET"]}}],"collection":[{"href":"https:\/\/help.unhcr.org\/peru\/wp-json\/wp\/v2\/pages"}],"about":[{"href":"https:\/\/help.unhcr.org\/peru\/wp-json\/wp\/v2\/types\/page"}],"author":[{"embeddable":true,"href":"https:\/\/help.unhcr.org\/peru\/wp-json\/wp\/v2\/users\/1"}],"replies":[{"embeddable":true,"href":"https:\/\/help.unhcr.org\/peru\/wp-json\/wp\/v2\/comments?post=79"}],"version-history":[{"count":102,"href":"https:\/\/help.unhcr.org\/peru\/wp-json\/wp\/v2\/pages\/79\/revisions"}],"predecessor-version":[{"id":2434,"href":"https:\/\/help.unhcr.org\/peru\/wp-json\/wp\/v2\/pages\/79\/revisions\/2434"}],"up":[{"embeddable":true,"href":"https:\/\/help.unhcr.org\/peru\/wp-json\/wp\/v2\/pages\/73"}],"wp:attachment":[{"href":"https:\/\/help.unhcr.org\/peru\/wp-json\/wp\/v2\/media?parent=79"}],"curies":[{"name":"wp","href":"https:\/\/api.w.org\/{rel}","templated":true}]}}