{"id":77,"date":"2018-04-10T14:39:35","date_gmt":"2018-04-10T14:39:35","guid":{"rendered":"http:\/\/help.unhcr.org\/peru\/?page_id=77"},"modified":"2025-11-17T17:57:29","modified_gmt":"2025-11-17T17:57:29","slug":"oficina-del-acnur","status":"publish","type":"page","link":"https:\/\/help.unhcr.org\/peru\/donde-encontrar-ayuda\/oficina-del-acnur\/","title":{"rendered":"Oficinas de ACNUR en Per\u00fa"},"content":{"rendered":"<div class=\"intro__paragraph\">\u00a0<\/div>\n<p><em>ACNUR, la Agencia de la ONU para los Refugiados, trabaja para proteger a las personas que se han visto forzadas a huir de sus hogares debido a violencia, persecuci\u00f3n o vulneraciones de derechos humanos y han encontrado un lugar seguro en el Per\u00fa. En coordinaci\u00f3n con las autoridades nacionales, locales y sociedad civil, ACNUR vela por los derechos de las personas forzadas a huir, brinda asistencia de primera necesidad y promueve la integraci\u00f3n local para que las personas refugiadas puedan construir un futuro mejor junto a sus vecinos peruanos.<\/em><\/p>\n<p><em>El trabajo de ACNUR y sus socios se enfoca en zonas geogr\u00e1ficas donde se han asentado o transitan muchas personas refugiadas, como Lima Metropolitana y las regiones fronterizas de Tumbes, al norte, y Tacna, al sur. A trav\u00e9s de sus socios, ACNUR tambi\u00e9n opera en Ica, Arequipa, la segunda ciudad del pa\u00eds, y en Madre de Dios, en la frontera con Brasil y Bolivia.<\/em><\/p>\n<p><strong>Informaci\u00f3n de contacto:<\/strong><\/p>\n<ul>\n<li><em>E-mail: <a href=\"mailto:perli@unhcr.org\">perli@unhcr.org<\/a><\/em><\/li>\n<li><em>P\u00e1gina web: <a href=\"https:\/\/eur02.safelinks.protection.outlook.com\/?url=https%3A%2F%2Fwww.acnur.org%2Fdonde-trabajamos%2Fpais%2Fperu&amp;data=05%7C02%7Cparrena%40unhcr.org%7C9fdafbbb82d543f6a05508de0aa52120%7Ce5c37981666441348a0c6543d2af80be%7C0%7C0%7C638959901496911325%7CUnknown%7CTWFpbGZsb3d8eyJFbXB0eU1hcGkiOnRydWUsIlYiOiIwLjAuMDAwMCIsIlAiOiJXaW4zMiIsIkFOIjoiTWFpbCIsIldUIjoyfQ%3D%3D%7C0%7C%7C%7C&amp;sdata=WLCcrjm63LnlzoDsA1wGCEHbCOMQWsobT0Z1oaJXvBQ%3D&amp;reserved=0\">https:\/\/www.acnur.org\/donde-trabajamos\/pais\/peru<\/a><\/em><\/li>\n<\/ul>\n<p><strong>Direcciones de oficinas:<\/strong><\/p>\n<ul>\n<li><strong><em>Oficina Nacional de ACNUR Per\u00fa en Lima<\/em><\/strong><em>: Av. <\/em><em>Jos\u00e9 Pardo 1540, Miraflores, Lima.<\/em><\/li>\n<li><strong><em>Unidad de Terreno de ACNUR en Lima:\u00a0<\/em><\/strong><em>\u00a0Jr. General Clovis 745, Pueblo Libre, Lima.<\/em><\/li>\n<li><strong><em>Unidad de Terreno de ACNUR en Tumbes:<\/em><\/strong><em> Jr. Sim\u00f3n Bol\u00edvar 155, Piso 2 (Frente a la Plaza de Armas), Tumbes.<\/em><\/li>\n<li><strong><em>Unidad de Terreno de ACNUR en Tacna:\u00a0<\/em><\/strong><em>Calle Los Nardos No. 51, Urb. Pescasseroli (Alt. Cuadra 17 de la Av. <\/em><em>Bolognesi), Tacna.<\/em><\/li>\n<\/ul>\n\n\n<p><em>Si eres una persona refugiada o solicitante de refugio en el Per\u00fa, puedes llamar gratis al n\u00famero de <strong>InfoACNUR Per\u00fa<\/strong> (0800-719-29) de lunes a viernes, de 8 a.m. a 5 p.m., o contactar a nuestro <a href=\"https:\/\/eur02.safelinks.protection.outlook.com\/?url=https%3A%2F%2Fwa.link%2Fxe3b3b&amp;data=05%7C02%7Cparrena%40unhcr.org%7C9fdafbbb82d543f6a05508de0aa52120%7Ce5c37981666441348a0c6543d2af80be%7C0%7C0%7C638959901496939523%7CUnknown%7CTWFpbGZsb3d8eyJFbXB0eU1hcGkiOnRydWUsIlYiOiIwLjAuMDAwMCIsIlAiOiJXaW4zMiIsIkFOIjoiTWFpbCIsIldUIjoyfQ%3D%3D%7C0%7C%7C%7C&amp;sdata=R8%2B8a%2BDWvEOuY2G1aTX%2B7hzS4%2BTuNU6cAq3CrikTJa8%3D&amp;reserved=0\" target=\"_blank\" rel=\"noreferrer noopener\"><strong>Chatbot de WhatsApp<\/strong><\/a><\/em><strong><em>:<\/em><\/strong><em>\u00a0(+51) (01) 6419396 (disponible 24 horas). Tambi\u00e9n puedes acudir a nuestros <a href=\"https:\/\/help.unhcr.org\/peru\/donde-encontrar-ayuda\/espacios-de-proteccion\/\">Espacios de Protecci\u00f3n &#8211; ACNUR te atiende aqu\u00ed <\/a>o visitar las oficinas de <a href=\"https:\/\/help.unhcr.org\/peru\/donde-encontrar-ayuda\/organizaciones-socias\/\">nuestros socios<\/a>.<\/em><\/p>\n\n\n\n<p><\/p>\n","protected":false},"excerpt":{"rendered":"<p>\u00a0 ACNUR, la Agencia de la ONU para los Refugiados, trabaja para proteger a las personas que se han visto forzadas a huir de sus hogares debido a violencia, persecuci\u00f3n o vulneraciones de derechos humanos y han encontrado un lugar seguro en el Per\u00fa. En coordinaci\u00f3n con las autoridades nacionales, locales y sociedad civil, ACNUR [&hellip;]<\/p>\n","protected":false},"author":1,"featured_media":0,"parent":73,"menu_order":1,"comment_status":"closed","ping_status":"closed","template":"","meta":{"_acf_changed":false,"footnotes":""},"class_list":["post-77","page","type-page","status-publish","hentry"],"acf":[],"_links":{"self":[{"href":"https:\/\/help.unhcr.org\/peru\/wp-json\/wp\/v2\/pages\/77","targetHints":{"allow":["GET"]}}],"collection":[{"href":"https:\/\/help.unhcr.org\/peru\/wp-json\/wp\/v2\/pages"}],"about":[{"href":"https:\/\/help.unhcr.org\/peru\/wp-json\/wp\/v2\/types\/page"}],"author":[{"embeddable":true,"href":"https:\/\/help.unhcr.org\/peru\/wp-json\/wp\/v2\/users\/1"}],"replies":[{"embeddable":true,"href":"https:\/\/help.unhcr.org\/peru\/wp-json\/wp\/v2\/comments?post=77"}],"version-history":[{"count":29,"href":"https:\/\/help.unhcr.org\/peru\/wp-json\/wp\/v2\/pages\/77\/revisions"}],"predecessor-version":[{"id":2404,"href":"https:\/\/help.unhcr.org\/peru\/wp-json\/wp\/v2\/pages\/77\/revisions\/2404"}],"up":[{"embeddable":true,"href":"https:\/\/help.unhcr.org\/peru\/wp-json\/wp\/v2\/pages\/73"}],"wp:attachment":[{"href":"https:\/\/help.unhcr.org\/peru\/wp-json\/wp\/v2\/media?parent=77"}],"curies":[{"name":"wp","href":"https:\/\/api.w.org\/{rel}","templated":true}]}}