{"id":75,"date":"2018-04-10T14:36:12","date_gmt":"2018-04-10T14:36:12","guid":{"rendered":"http:\/\/help.unhcr.org\/peru\/?page_id=75"},"modified":"2024-07-05T22:54:51","modified_gmt":"2024-07-05T22:54:51","slug":"instituciones-publicas","status":"publish","type":"page","link":"https:\/\/help.unhcr.org\/peru\/donde-encontrar-ayuda\/instituciones-publicas\/","title":{"rendered":"Instituciones p\u00fablicas"},"content":{"rendered":"<h2>Comisi\u00f3n Especial de Refugiados del Ministerio de Relaciones Exteriores<\/h2>\n<p>En Per\u00fa, todos los aspectos vinculados a la protecci\u00f3n, asistencia y b\u00fasqueda de soluciones para los refugiados y solicitantes de la condici\u00f3n de refugiado son tratados por la Comisi\u00f3n Especial de Refugiados del Ministerio de Relaciones Exteriores (CEPR), creada por la <a href=\"https:\/\/www.migraciones.gob.pe\/documentos\/normalegal_8.pdf\" target=\"_blank\" rel=\"noopener noreferrer\">Ley N\u00ba 27.891<\/a>.<\/p>\n<p>La CEPR \u00a0es el organismo encargado de recibir las solicitudes de reconocimiento de la condici\u00f3n de refugiado, evaluar los casos y resolverlos. Adem\u00e1s, tiene la responsabilidad de proteger los derechos de los refugiados y solicitantes y contribuir en la b\u00fasqueda de opciones para su integraci\u00f3n local y asistencia.<\/p>\n<p>La CEPR cuenta con una Secretaria T\u00e9cnica responsable de organizar y dirigir los procesos de registro, documentaci\u00f3n, entrevista y evaluaci\u00f3n de cada caso, prepara la documentaci\u00f3n para las sesiones de la Comisi\u00f3n, entre otros.<\/p>\n<p>El reconocimiento de la condici\u00f3n de refugiado puede ser solicitado ante:<\/p>\n<ul>\n<li><strong>La Secretar\u00eda Ejecutiva de la Comisi\u00f3n Especial para los Refugiados<\/strong><\/li>\n<\/ul>\n<p><strong>P\u00e1gina web para solicitar refugio<\/strong>:<a href=\"http:\/\/portal.rree.gob.pe\/refugiados\/SitePages\/Home.aspx\"> portal.rree.gob.pe\/refugiados<\/a><\/p>\n<p><strong>Tel\u00e9fono: <\/strong>(+51 1) 204 3161 \/ 204 3128<br \/>\n<strong>E-mail: <\/strong><a href=\"mailto:refugiados@rree.gob.pe\">refugiados@rree.gob.pe<\/a><\/p>\n<p><strong>Las Oficinas Descentralizadas del Ministerio de Relaciones Exteriores (ODE)<\/strong><\/p>\n<p>El Ministerio de Relacines Exteriores cuenta con nueve ODES a lo largo del territorio nacional. Ub\u00edquelas <a href=\"http:\/\/www.rree.gob.pe\/SitePages\/institucional.aspx#ODES\" target=\"_blank\" rel=\"noopener noreferrer\">aqu\u00ed<\/a>.<\/p>\n<ul>\n<li><strong>Cualquier oficina o delegaci\u00f3n de la Superintendencia Nacional de Migraciones<\/strong><\/li>\n<\/ul>\n<p>Ub\u00edquelas aqu\u00ed: <a href=\"https:\/\/www.migraciones.gob.pe\/index.php\/quienes-somos\/oficinas-a-nivel-nacional\/\" target=\"_blank\" rel=\"noopener noreferrer\">Superintendencia Nacional de Migraciones<\/a>.<\/p>\n<p><strong>P\u00e1gina web:<\/strong> <a href=\"https:\/\/www.migraciones.gob.pe\/\">https:\/\/www.migraciones.gob.pe\/<\/a><\/p>\n<ul>\n<li><strong>En fronteras y aeropuertos ante los puesto de control migratorio, reparticiones policiales o militares<\/strong><\/li>\n<\/ul>\n<p>Para mayor informaci\u00f3n sobre c\u00f3mo solicitar la condici\u00f3n de refugiado, dirigirse a la secci\u00f3n <a href=\"https:\/\/help.unhcr.org\/peru\/solicitando-la-condicion-de-refugiado\/\">Solicitando la condici\u00f3n de refugiado<\/a>.<\/p>\n","protected":false},"excerpt":{"rendered":"<p>Comisi\u00f3n Especial de Refugiados del Ministerio de Relaciones Exteriores En Per\u00fa, todos los aspectos vinculados a la protecci\u00f3n, asistencia y b\u00fasqueda de soluciones para los refugiados y solicitantes de la condici\u00f3n de refugiado son tratados por la Comisi\u00f3n Especial de Refugiados del Ministerio de Relaciones Exteriores (CEPR), creada por la Ley N\u00ba 27.891. La CEPR [&hellip;]<\/p>\n","protected":false},"author":1,"featured_media":0,"parent":73,"menu_order":0,"comment_status":"closed","ping_status":"closed","template":"","meta":{"_acf_changed":false,"footnotes":""},"class_list":["post-75","page","type-page","status-publish","hentry"],"acf":[],"_links":{"self":[{"href":"https:\/\/help.unhcr.org\/peru\/wp-json\/wp\/v2\/pages\/75","targetHints":{"allow":["GET"]}}],"collection":[{"href":"https:\/\/help.unhcr.org\/peru\/wp-json\/wp\/v2\/pages"}],"about":[{"href":"https:\/\/help.unhcr.org\/peru\/wp-json\/wp\/v2\/types\/page"}],"author":[{"embeddable":true,"href":"https:\/\/help.unhcr.org\/peru\/wp-json\/wp\/v2\/users\/1"}],"replies":[{"embeddable":true,"href":"https:\/\/help.unhcr.org\/peru\/wp-json\/wp\/v2\/comments?post=75"}],"version-history":[{"count":9,"href":"https:\/\/help.unhcr.org\/peru\/wp-json\/wp\/v2\/pages\/75\/revisions"}],"predecessor-version":[{"id":2345,"href":"https:\/\/help.unhcr.org\/peru\/wp-json\/wp\/v2\/pages\/75\/revisions\/2345"}],"up":[{"embeddable":true,"href":"https:\/\/help.unhcr.org\/peru\/wp-json\/wp\/v2\/pages\/73"}],"wp:attachment":[{"href":"https:\/\/help.unhcr.org\/peru\/wp-json\/wp\/v2\/media?parent=75"}],"curies":[{"name":"wp","href":"https:\/\/api.w.org\/{rel}","templated":true}]}}