{"id":73,"date":"2018-04-10T14:08:03","date_gmt":"2018-04-10T14:08:03","guid":{"rendered":"http:\/\/help.unhcr.org\/peru\/?page_id=73"},"modified":"2025-10-14T18:59:01","modified_gmt":"2025-10-14T18:59:01","slug":"donde-encontrar-ayuda","status":"publish","type":"page","link":"https:\/\/help.unhcr.org\/peru\/donde-encontrar-ayuda\/","title":{"rendered":"\u00bfD\u00f3nde encontrar ayuda?"},"content":{"rendered":"\n<p><em>Si eres una persona refugiada o solicitante de refugio en el Per\u00fa, puedes llamar gratis al n\u00famero de InfoACNUR Per\u00fa (0800-719-29) de lunes a viernes, de 8 a.m. a 5 p.m., o contactar a nuestro <a href=\"https:\/\/eur02.safelinks.protection.outlook.com\/?url=https%3A%2F%2Fwa.link%2Fxe3b3b&amp;data=05%7C02%7Cparrena%40unhcr.org%7C9fdafbbb82d543f6a05508de0aa52120%7Ce5c37981666441348a0c6543d2af80be%7C0%7C0%7C638959901497026569%7CUnknown%7CTWFpbGZsb3d8eyJFbXB0eU1hcGkiOnRydWUsIlYiOiIwLjAuMDAwMCIsIlAiOiJXaW4zMiIsIkFOIjoiTWFpbCIsIldUIjoyfQ%3D%3D%7C0%7C%7C%7C&amp;sdata=vlwl0bGZgjCf3YAYVqIRHvRhWKTQ6hDwHKxdyGt5iL0%3D&amp;reserved=0\" target=\"_blank\" rel=\"noreferrer noopener\"><strong>Chatbot de WhatsApp<\/strong><\/a><\/em><strong><em>:<\/em><\/strong><em>\u00a0(+51) (01) 6419396 (disponible 24 horas) para obtener informaci\u00f3n. Tambi\u00e9n puedes acudir f\u00edsicamente a alguno de estos lugares en los horarios indicados:<\/em><\/p>\n","protected":false},"excerpt":{"rendered":"<p>Si eres una persona refugiada o solicitante de refugio en el Per\u00fa, puedes llamar gratis al n\u00famero de InfoACNUR Per\u00fa (0800-719-29) de lunes a viernes, de 8 a.m. a 5 p.m., o contactar a nuestro Chatbot de WhatsApp:\u00a0(+51) (01) 6419396 (disponible 24 horas) para obtener informaci\u00f3n. Tambi\u00e9n puedes acudir f\u00edsicamente a alguno de estos lugares [&hellip;]<\/p>\n","protected":false},"author":1,"featured_media":0,"parent":0,"menu_order":13,"comment_status":"closed","ping_status":"closed","template":"page-templates\/listing_page.php","meta":{"_acf_changed":false,"footnotes":""},"class_list":["post-73","page","type-page","status-publish","hentry"],"acf":[],"_links":{"self":[{"href":"https:\/\/help.unhcr.org\/peru\/wp-json\/wp\/v2\/pages\/73","targetHints":{"allow":["GET"]}}],"collection":[{"href":"https:\/\/help.unhcr.org\/peru\/wp-json\/wp\/v2\/pages"}],"about":[{"href":"https:\/\/help.unhcr.org\/peru\/wp-json\/wp\/v2\/types\/page"}],"author":[{"embeddable":true,"href":"https:\/\/help.unhcr.org\/peru\/wp-json\/wp\/v2\/users\/1"}],"replies":[{"embeddable":true,"href":"https:\/\/help.unhcr.org\/peru\/wp-json\/wp\/v2\/comments?post=73"}],"version-history":[{"count":3,"href":"https:\/\/help.unhcr.org\/peru\/wp-json\/wp\/v2\/pages\/73\/revisions"}],"predecessor-version":[{"id":2378,"href":"https:\/\/help.unhcr.org\/peru\/wp-json\/wp\/v2\/pages\/73\/revisions\/2378"}],"wp:attachment":[{"href":"https:\/\/help.unhcr.org\/peru\/wp-json\/wp\/v2\/media?parent=73"}],"curies":[{"name":"wp","href":"https:\/\/api.w.org\/{rel}","templated":true}]}}