{"id":4,"date":"2017-11-23T15:58:06","date_gmt":"2017-11-23T15:58:06","guid":{"rendered":"http:\/\/help.unhcr.org\/peru\/?page_id=4"},"modified":"2025-06-13T19:50:53","modified_gmt":"2025-06-13T19:50:53","slug":"bienvenido-a","status":"publish","type":"page","link":"https:\/\/help.unhcr.org\/peru\/","title":{"rendered":"Bienvenido\/a"},"content":{"rendered":"\n<figure class=\"wp-block-image size-large is-resized is-style-default\"><img loading=\"lazy\" decoding=\"async\" width=\"1024\" height=\"430\" src=\"https:\/\/help.unhcr.org\/peru\/wp-content\/uploads\/sites\/27\/2023\/11\/Portada-HELP-PERU_Mesa-de-trabajo-1-1024x430.png\" alt=\"\" class=\"wp-image-1470\" style=\"width:879px;height:auto\" srcset=\"https:\/\/help.unhcr.org\/peru\/wp-content\/uploads\/sites\/27\/2023\/11\/Portada-HELP-PERU_Mesa-de-trabajo-1-1024x430.png 1024w, https:\/\/help.unhcr.org\/peru\/wp-content\/uploads\/sites\/27\/2023\/11\/Portada-HELP-PERU_Mesa-de-trabajo-1-300x126.png 300w, https:\/\/help.unhcr.org\/peru\/wp-content\/uploads\/sites\/27\/2023\/11\/Portada-HELP-PERU_Mesa-de-trabajo-1-768x323.png 768w, https:\/\/help.unhcr.org\/peru\/wp-content\/uploads\/sites\/27\/2023\/11\/Portada-HELP-PERU_Mesa-de-trabajo-1.png 1500w\" sizes=\"auto, (max-width: 1024px) 100vw, 1024px\" \/><\/figure>\n\n\n\n<div style=\"height:9px\" aria-hidden=\"true\" class=\"wp-block-spacer\"><\/div>\n\n\n<p><span class=\"TextRun SCXW104512625 BCX4\" lang=\"ES-ES\" xml:lang=\"ES-ES\" data-contrast=\"none\"><span class=\"NormalTextRun SCXW104512625 BCX4\"><strong>ACNUR, la Agencia de la ONU para los Refugiados<\/strong> cre\u00f3 e<\/span><span class=\"NormalTextRun SCXW104512625 BCX4\">l<\/span><span class=\"NormalTextRun SCXW104512625 BCX4\"> sitio web<strong> ayuda.acnur.org\/peru<\/strong>\u00a0<\/span><span class=\"NormalTextRun SCXW104512625 BCX4\"> para brindar informaci\u00f3n y orientaci\u00f3n a las personas solicitantes de la condici\u00f3n de refugiado.\u00a0<\/span><\/span><\/p>\n<p>En Ayuda ACNUR Per\u00fa, podr\u00e1 encontrar informaci\u00f3n sobre:<\/p>\n\n<ul class=\"wp-block-page-list\"><li class=\"wp-block-pages-list__item has-child menu-item-home\"><a class=\"wp-block-pages-list__item__link\" href=\"https:\/\/help.unhcr.org\/peru\/\">Bienvenido\/a<\/a><ul class=\"wp-block-navigation__submenu-container\"><li class=\"wp-block-pages-list__item \"><a class=\"wp-block-pages-list__item__link\" href=\"https:\/\/help.unhcr.org\/peru\/bienvenido-a\/acnur-en-peru\/\">ACNUR en Per\u00fa<\/a><\/li><\/ul><\/li><li class=\"wp-block-pages-list__item\"><a class=\"wp-block-pages-list__item__link\" href=\"https:\/\/help.unhcr.org\/peru\/ingreso-a-territorio\/\">Ingreso a territorio<\/a><\/li><li class=\"wp-block-pages-list__item has-child\"><a class=\"wp-block-pages-list__item__link\" href=\"https:\/\/help.unhcr.org\/peru\/solicitando-la-condicion-de-refugiado\/\">Ser refugiado en Per\u00fa<\/a><ul class=\"wp-block-navigation__submenu-container\"><li class=\"wp-block-pages-list__item \"><a class=\"wp-block-pages-list__item__link\" href=\"https:\/\/help.unhcr.org\/peru\/solicitando-la-condicion-de-refugiado\/como-solicitar-la-condicion-de-refugiado\/\">\u00bfC\u00f3mo solicitar la condici\u00f3n de refugiado?<\/a><\/li><li class=\"wp-block-pages-list__item \"><a class=\"wp-block-pages-list__item__link\" href=\"https:\/\/help.unhcr.org\/peru\/solicitando-la-condicion-de-refugiado\/que-sucede-despues-de-haber-hecho-la-solicitud\/\">\u00bfQu\u00e9 sucede despu\u00e9s de haber hecho la solicitud?<\/a><\/li><li class=\"wp-block-pages-list__item has-child \"><a class=\"wp-block-pages-list__item__link\" href=\"https:\/\/help.unhcr.org\/peru\/solicitando-la-condicion-de-refugiado\/derechos-y-obligaciones\/\">Derechos y obligaciones<\/a><ul class=\"wp-block-navigation__submenu-container\"><li class=\"wp-block-pages-list__item \"><a class=\"wp-block-pages-list__item__link\" href=\"https:\/\/help.unhcr.org\/peru\/solicitando-la-condicion-de-refugiado\/derechos-y-obligaciones\/derechos\/\">Derechos<\/a><\/li><li class=\"wp-block-pages-list__item \"><a class=\"wp-block-pages-list__item__link\" href=\"https:\/\/help.unhcr.org\/peru\/solicitando-la-condicion-de-refugiado\/derechos-y-obligaciones\/obligaciones\/\">Obligaciones<\/a><\/li><\/ul><\/li><\/ul><\/li><li class=\"wp-block-pages-list__item\"><a class=\"wp-block-pages-list__item__link\" href=\"https:\/\/help.unhcr.org\/peru\/blog-ayuda-acnur-peru-notas-importantes\/\">Blog Ayuda ACNUR Per\u00fa &#8211; Notas Importantes<\/a><\/li><li class=\"wp-block-pages-list__item\"><a class=\"wp-block-pages-list__item__link\" href=\"https:\/\/help.unhcr.org\/peru\/cmh\/\">Calidad Migratoria Humanitaria<\/a><\/li><li class=\"wp-block-pages-list__item\"><a class=\"wp-block-pages-list__item__link\" href=\"https:\/\/help.unhcr.org\/peru\/programa-movilidad-segura-de-ee-uu\/\">Programa Movilidad Segura de EE. UU<\/a><\/li><li class=\"wp-block-pages-list__item\"><a class=\"wp-block-pages-list__item__link\" href=\"https:\/\/help.unhcr.org\/peru\/programa-de-movilidad-laboral-internacional\/\">Programa de Movilidad Laboral Internacional\u00a0<\/a><\/li><li class=\"wp-block-pages-list__item\"><a class=\"wp-block-pages-list__item__link\" href=\"https:\/\/help.unhcr.org\/peru\/educacion-en-peru\/\">Educaci\u00f3n en Per\u00fa<\/a><\/li><li class=\"wp-block-pages-list__item\"><a class=\"wp-block-pages-list__item__link\" href=\"https:\/\/help.unhcr.org\/peru\/personas-con-discapacidad\/\">Personas con discapacidad<\/a><\/li><li class=\"wp-block-pages-list__item\"><a class=\"wp-block-pages-list__item__link\" href=\"https:\/\/help.unhcr.org\/peru\/denunciando-el-fraude-conductas-inapropiadas-o-el-abuso-sexual\/\">Denunciando el fraude, conductas inapropiadas o el abuso sexual<\/a><\/li><li class=\"wp-block-pages-list__item\"><a class=\"wp-block-pages-list__item__link\" href=\"https:\/\/help.unhcr.org\/peru\/reasentamiento\/\">Reasentamiento<\/a><\/li><li class=\"wp-block-pages-list__item has-child\"><a class=\"wp-block-pages-list__item__link\" href=\"https:\/\/help.unhcr.org\/peru\/donde-encontrar-ayuda\/\">\u00bfD\u00f3nde encontrar ayuda?<\/a><ul class=\"wp-block-navigation__submenu-container\"><li class=\"wp-block-pages-list__item \"><a class=\"wp-block-pages-list__item__link\" href=\"https:\/\/help.unhcr.org\/peru\/donde-encontrar-ayuda\/espacios-de-proteccion\/\">Espacios de Protecci\u00f3n<\/a><\/li><li class=\"wp-block-pages-list__item \"><a class=\"wp-block-pages-list__item__link\" href=\"https:\/\/help.unhcr.org\/peru\/donde-encontrar-ayuda\/instituciones-publicas\/\">Instituciones p\u00fablicas<\/a><\/li><li class=\"wp-block-pages-list__item \"><a class=\"wp-block-pages-list__item__link\" href=\"https:\/\/help.unhcr.org\/peru\/donde-encontrar-ayuda\/oficina-del-acnur\/\">Oficinas de ACNUR en Per\u00fa<\/a><\/li><li class=\"wp-block-pages-list__item \"><a class=\"wp-block-pages-list__item__link\" href=\"https:\/\/help.unhcr.org\/peru\/donde-encontrar-ayuda\/organizaciones-socias\/\">Organizaciones Socias<\/a><\/li><\/ul><\/li><\/ul>","protected":false},"excerpt":{"rendered":"<p>ACNUR, la Agencia de la ONU para los Refugiados cre\u00f3 el sitio web ayuda.acnur.org\/peru\u00a0 para brindar informaci\u00f3n y orientaci\u00f3n a las personas solicitantes de la condici\u00f3n de refugiado.\u00a0 En Ayuda ACNUR Per\u00fa, podr\u00e1 encontrar informaci\u00f3n sobre:<\/p>\n","protected":false},"author":1,"featured_media":0,"parent":0,"menu_order":0,"comment_status":"closed","ping_status":"closed","template":"page-templates\/listing_page.php","meta":{"_acf_changed":false,"footnotes":""},"class_list":["post-4","page","type-page","status-publish","hentry"],"acf":[],"_links":{"self":[{"href":"https:\/\/help.unhcr.org\/peru\/wp-json\/wp\/v2\/pages\/4","targetHints":{"allow":["GET"]}}],"collection":[{"href":"https:\/\/help.unhcr.org\/peru\/wp-json\/wp\/v2\/pages"}],"about":[{"href":"https:\/\/help.unhcr.org\/peru\/wp-json\/wp\/v2\/types\/page"}],"author":[{"embeddable":true,"href":"https:\/\/help.unhcr.org\/peru\/wp-json\/wp\/v2\/users\/1"}],"replies":[{"embeddable":true,"href":"https:\/\/help.unhcr.org\/peru\/wp-json\/wp\/v2\/comments?post=4"}],"version-history":[{"count":40,"href":"https:\/\/help.unhcr.org\/peru\/wp-json\/wp\/v2\/pages\/4\/revisions"}],"predecessor-version":[{"id":2315,"href":"https:\/\/help.unhcr.org\/peru\/wp-json\/wp\/v2\/pages\/4\/revisions\/2315"}],"wp:attachment":[{"href":"https:\/\/help.unhcr.org\/peru\/wp-json\/wp\/v2\/media?parent=4"}],"curies":[{"name":"wp","href":"https:\/\/api.w.org\/{rel}","templated":true}]}}