{"id":265,"date":"2023-03-06T22:28:25","date_gmt":"2023-03-06T22:28:25","guid":{"rendered":"https:\/\/help.unhcr.org\/peru\/?page_id=265"},"modified":"2024-11-26T22:07:44","modified_gmt":"2024-11-26T22:07:44","slug":"personas-con-discapacidad","status":"publish","type":"page","link":"https:\/\/help.unhcr.org\/peru\/personas-con-discapacidad\/","title":{"rendered":"Personas con discapacidad"},"content":{"rendered":"\n<div class=\"wp-block-media-text has-media-on-the-right is-stacked-on-mobile\" style=\"grid-template-columns:auto 40%\"><div class=\"wp-block-media-text__content\">\n<p><\/p>\n\n\n\n<p>Si eres una persona refugiada y migrante con discapacidad viviendo en Per\u00fa, es importante que conozcas las autoridades responsables, los documentos de reconocimiento de dicha condici\u00f3n, junto a&nbsp;los beneficios que traen consigo obtenerlos.&nbsp;<\/p>\n<\/div><figure class=\"wp-block-media-text__media\"><img loading=\"lazy\" decoding=\"async\" width=\"750\" height=\"500\" src=\"https:\/\/help.unhcr.org\/peru\/wp-content\/uploads\/sites\/27\/2024\/01\/Personas-con-Discapacidad-_-Ayuda-ACNUR-Peru.jpg\" alt=\"\" class=\"wp-image-1578 size-full\" srcset=\"https:\/\/help.unhcr.org\/peru\/wp-content\/uploads\/sites\/27\/2024\/01\/Personas-con-Discapacidad-_-Ayuda-ACNUR-Peru.jpg 750w, https:\/\/help.unhcr.org\/peru\/wp-content\/uploads\/sites\/27\/2024\/01\/Personas-con-Discapacidad-_-Ayuda-ACNUR-Peru-300x200.jpg 300w\" sizes=\"auto, (max-width: 750px) 100vw, 750px\" \/><\/figure><\/div>\n\n\n\n<div style=\"height:22px\" aria-hidden=\"true\" class=\"wp-block-spacer\"><\/div>\n\n\n\n<p class=\"has-white-color has-text-color has-background has-link-color wp-elements-8f5263882064f87d6e56ff4b7df17dde\" style=\"background-color:#0072bc\"><strong><strong>\u00bfPor qu\u00e9 es importante ser reconocida como persona con discapacidad en el Per\u00fa?<\/strong>&nbsp;<\/strong><\/p>\n\n\n\n<p>El reconocimiento de la discapacidad contribuye a construir una <strong>sociedad inclusiva <\/strong>al impulsar la necesidad de crear y potenciar pol\u00edticas p\u00fablicas que mejoren los entornos y servicios haci\u00e9ndolos <strong>accesibles para todos.&nbsp;&nbsp;<\/strong><\/p>\n\n\n\n<p>Actualmente, hay una amplia brecha entre el n\u00famero de personas que tienen discapacidad y las que se encuentran registradas ante el <strong>Consejo Nacional para la Integraci\u00f3n de la Persona con Discapacidad (CONADIS), <\/strong>lo que genera que sus necesidades no sean visibilizadas, y por ende sus derechos no sean respetados. Por ello, es importante conocer los medios&nbsp;para ser reconocido como persona con discapacidad, y en esta nota te ayudamos con ello.&nbsp;<\/p>\n\n\n\n<p class=\"has-white-color has-text-color has-background has-link-color wp-elements-dc10137f5d2b3ba0f94ddd5eb1bd6e20\" style=\"background-color:#0072bc\"><strong>\u00bfQu\u00e9 es el CONADIS?<\/strong><\/p>\n\n\n\n<p>El Consejo Nacional para la Integraci\u00f3n de la Persona con Discapacidad (CONADIS) es el ente rector en el Per\u00fa que busca promover los derechos de la persona con discapacidad y que se generen mejoras en su entorno para que ejerzan sus derechos en igual de condiciones que las dem\u00e1s personas.<\/p>\n\n\n\n<p class=\"has-white-color has-text-color has-background has-link-color wp-elements-faa77f21ba36bafa9a5097df7579a883\" style=\"background-color:#0072bc\"><strong>\u00bfQu\u00e9 es el carn\u00e9 del CONADIS?<\/strong><\/p>\n\n\n\n<p>Es un carn\u00e9 otorgado por el CONADIS que te identifica como una persona con discapacidad y te permite acceder a diversos beneficios y programas sociales que ofrece el Estado como:&nbsp;<\/p>\n\n\n\n<ul class=\"wp-block-list\">\n<li>Jubilaci\u00f3n adelantada.<\/li>\n\n\n\n<li>Distintivo vehicular.<\/li>\n\n\n\n<li>Pase libre en el transporte p\u00fablico; terrestre, urbano e interurbano, para discapacidades severas.<\/li>\n\n\n\n<li>Tarifas preferenciales en espect\u00e1culos p\u00fablicos y privados.<\/li>\n<\/ul>\n\n\n\n<p>Para m\u00e1s informaci\u00f3n, mira este <a href=\"https:\/\/youtu.be\/fGPFmYF-VMA\">video.<\/a><\/p>\n\n\n\n<p class=\"has-white-color has-text-color has-background has-link-color wp-elements-f7c09869495bf18e7cf5e2d65101c8c0\" style=\"background-color:#0072bc\"><strong>\u00bfC\u00f3mo obtengo un carn\u00e9 del CONADIS?<\/strong><\/p>\n\n\n\n<p class=\"has-background\" style=\"background-color:#faeb00\"><strong>Recuerda: Para solicitar un carn\u00e9 del CONADIS, necesitas primero conseguir tu &#8220;Certificado de Discapacidad&#8221;.&nbsp;<\/strong><\/p>\n\n\n\n<p class=\"has-white-color has-text-color has-background has-link-color wp-elements-1d35522b8a28356a05043959ecf87b58\" style=\"background-color:#0072bc\"><strong><strong>\u00bfQu\u00e9 es el certificado de discapacidad?<\/strong>&nbsp;&nbsp;<\/strong><\/p>\n\n\n\n<p>Es el documento que acredita la condici\u00f3n de persona con discapacidad. Es entregado en centros m\u00e9dicos y hospitales certificados del Ministerio de Salud (MINSA).<\/p>\n\n\n\n<p class=\"has-white-color has-text-color has-background has-link-color wp-elements-5c8d16b07bb79f1f72cc1193726422f8\" style=\"background-color:#0072bc\"><strong><strong><strong>\u00bfC\u00f3mo obtengo un certificado de discapacidad en el Per\u00fa?<\/strong>&nbsp;<\/strong><\/strong><\/p>\n\n\n\n<p>Consigue tu certificado de discapacidad peruano de forma presencial.<\/p>\n\n\n\n<figure class=\"wp-block-table aligncenter\"><table class=\"has-background\" style=\"background-color:#cce3f2\"><tbody><tr><td><strong>Presencial<\/strong><\/td><\/tr><tr><td>Paso 1: Acude a un centro certificador de discapacidad autorizado por el MINSA. Estos centros certificadores de discapacidad se encuentran a nivel nacional.<br><br><a href=\"https:\/\/www.gob.pe\/institucion\/minsa\/informes-publicaciones\/284180\">Ingresa aqu\u00ed a la &#8220;Relaci\u00f3n de establecimientos certificadores de la discapacidad&#8221;<br><\/a><br>Paso 2: Realiza una evaluaci\u00f3n m\u00e9dica anat\u00f3mica y ex\u00e1menes complementarios de ser necesario. Nota: no requiere contar con SIS, pero algunos ex\u00e1menes podr\u00edan tener costos.<br>&nbsp;<br>Paso 3: Recibe y guarda tu certificado de discapacidad.<\/td><\/tr><\/tbody><\/table><\/figure>\n\n\n\n<p class=\"has-white-color has-text-color has-background has-link-color wp-elements-12d20f10df00561b63256eaf5128acf5\" style=\"background-color:#0072bc\"><strong><strong><strong><strong>\u00bfC\u00f3mo obtengo un carn\u00e9 de CONADIS?<\/strong>&nbsp;<\/strong><\/strong><\/strong><\/p>\n\n\n\n<p>Si ya tienes el certificado de discapacidad, puedes solicitar el carn\u00e9 de discapacidad de CONADIS siguiendo estos pasos:&nbsp;<\/p>\n\n\n\n<ol class=\"wp-block-list\" start=\"1\">\n<li>Ingresa a la\u202fp\u00e1gina web\u202fde CONADIS o tambi\u00e9n llamada <a href=\"https:\/\/www.gob.pe\/institucion\/conadis\/noticias\/569201-tienes-discapacidad-conoce-los-beneficios-del-carne-del-conadis-y-como-obtenerlo\" target=\"_blank\" rel=\"noreferrer noopener\">Plataforma Virtual del Registro Nacional de la Persona con Discapacidad<\/a>&nbsp;y haz clic en el bot\u00f3n \u201cMi registro en todo el Per\u00fa\u201d. <a href=\"https:\/\/sirnpdpide.conadisperu.gob.pe\/\" target=\"_blank\" rel=\"noreferrer noopener\">https:\/\/sirnpdpide.conadisperu.gob.pe\/<\/a> &nbsp;<\/li>\n<\/ol>\n\n\n\n<ol class=\"wp-block-list\" start=\"2\">\n<li>Escoge la opci\u00f3n \u201cInscripci\u00f3n al registro\u201d y llena los campos solicitados con los datos personales, de contacto y de domicilio de la persona con discapacidad.&nbsp;<\/li>\n<\/ol>\n\n\n\n<ol class=\"wp-block-list\" start=\"3\">\n<li>Escanea y adjunta el&nbsp;certificado de discapacidad en formato JPG, JPEG o PNG. El tama\u00f1o m\u00e1ximo es 2MB. Tambi\u00e9n puedes adjuntar una fotograf\u00eda tama\u00f1o carnet o pasaporte de forma opcional.&nbsp;<\/li>\n<\/ol>\n\n\n\n<ol class=\"wp-block-list\" start=\"4\">\n<li>Responde una breve encuesta sobre tu situaci\u00f3n socioecon\u00f3mica y educativa.&nbsp;<\/li>\n<\/ol>\n\n\n\n<ol class=\"wp-block-list\" start=\"5\">\n<li>Finalmente, selecciona la sede u oficina donde deseas recoger tu documento. Puedes elegir entre la sede central de CONADIS en Lima o los centros de coordinaci\u00f3n regional en otras ciudades.&nbsp;<\/li>\n<\/ol>\n\n\n\n<p>Una vez que hayas completado el tr\u00e1mite, recibir\u00e1s un correo electr\u00f3nico con tu carn\u00e9 de discapacidad en formato digital, que tiene la misma validez que el f\u00edsico. &nbsp;<\/p>\n\n\n\n<p><strong>Tambi\u00e9n podr\u00e1s recoger el carn\u00e9 f\u00edsico en la sede u oficina que hayas elegido, previa coordinaci\u00f3n con el personal de CONADIS.&nbsp;<\/strong><\/p>\n\n\n\n<p><\/p>\n\n\n\n<blockquote class=\"wp-block-quote has-text-color has-link-color wp-elements-a98e80c76b6c5f815fc9235f4450db4b is-layout-flow wp-block-quote-is-layout-flow\" style=\"color:#0072bc\">\n<p><\/p>\n<cite>?Si quieres saber m\u00e1s sobre el carn\u00e9 de discapacidad de CONADIS, puedes llamar a la <strong>l\u00ednea gratuita 0800 00151 opci\u00f3n 2,<\/strong> o escribir al <strong>WhatsApp CONADIS Te Informa: 938719827.<\/strong>&nbsp;<\/cite><\/blockquote>\n\n\n\n<p><\/p>\n","protected":false},"excerpt":{"rendered":"<p>Si eres una persona refugiada y migrante con discapacidad viviendo en Per\u00fa, es importante que conozcas las autoridades responsables, los documentos de reconocimiento de dicha condici\u00f3n, junto a&nbsp;los beneficios que traen consigo obtenerlos.&nbsp; \u00bfPor qu\u00e9 es importante ser reconocida como persona con discapacidad en el Per\u00fa?&nbsp; El reconocimiento de la discapacidad contribuye a construir una [&hellip;]<\/p>\n","protected":false},"author":70,"featured_media":0,"parent":0,"menu_order":8,"comment_status":"closed","ping_status":"closed","template":"","meta":{"_acf_changed":false,"footnotes":""},"class_list":["post-265","page","type-page","status-publish","hentry"],"acf":[],"_links":{"self":[{"href":"https:\/\/help.unhcr.org\/peru\/wp-json\/wp\/v2\/pages\/265","targetHints":{"allow":["GET"]}}],"collection":[{"href":"https:\/\/help.unhcr.org\/peru\/wp-json\/wp\/v2\/pages"}],"about":[{"href":"https:\/\/help.unhcr.org\/peru\/wp-json\/wp\/v2\/types\/page"}],"author":[{"embeddable":true,"href":"https:\/\/help.unhcr.org\/peru\/wp-json\/wp\/v2\/users\/70"}],"replies":[{"embeddable":true,"href":"https:\/\/help.unhcr.org\/peru\/wp-json\/wp\/v2\/comments?post=265"}],"version-history":[{"count":38,"href":"https:\/\/help.unhcr.org\/peru\/wp-json\/wp\/v2\/pages\/265\/revisions"}],"predecessor-version":[{"id":2227,"href":"https:\/\/help.unhcr.org\/peru\/wp-json\/wp\/v2\/pages\/265\/revisions\/2227"}],"wp:attachment":[{"href":"https:\/\/help.unhcr.org\/peru\/wp-json\/wp\/v2\/media?parent=265"}],"curies":[{"name":"wp","href":"https:\/\/api.w.org\/{rel}","templated":true}]}}